{"id":720,"date":"2024-12-18T03:25:17","date_gmt":"2024-12-18T03:25:17","guid":{"rendered":"https:\/\/fmp-components.com\/?page_id=8"},"modified":"2024-12-18T03:37:20","modified_gmt":"2024-12-18T03:37:20","slug":"hydraulic-cylinder-for-jack-up-offshore-platform","status":"publish","type":"product","link":"https:\/\/fmp-components.com\/de\/product\/hydraulic-cylinder-for-jack-up-offshore-platform\/","title":{"rendered":"Hydraulikzylinder f\u00fcr Hubinsel"},"content":{"rendered":"<p style=\"text-align: center;\"><span style=\"font-size: 18pt;\">Hydraulikzylinder f\u00fcr Hubinsel<\/span><\/p>\n<p>Der Hydraulikzylinder f\u00fcr Hubinseln ist eine wichtige Komponente, die f\u00fcr zuverl\u00e4ssiges Heben und Senken der St\u00fctzen von Hubinseln im Offshore-Bohr- und Baubereich sorgt. Dieser Zylinder spielt eine entscheidende Rolle f\u00fcr die Stabilit\u00e4t und Sicherheit der Plattform im anspruchsvollen Meeresumfeld.<\/p>\n<p><img loading=\"lazy\" decoding=\"async\" class=\"size-full wp-image-728 aligncenter\" src=\"https:\/\/fmp-components.com\/wp-content\/uploads\/2024\/12\/Jack-up-Offshore-Platform-Bolt-Cylinder-Applications.webp\" alt=\"Jack-up-Offshore-Plattform-Bolzenzylinder\" width=\"1024\" height=\"557\" title=\"\" srcset=\"https:\/\/fmp-components.com\/wp-content\/uploads\/2024\/12\/Jack-up-Offshore-Platform-Bolt-Cylinder-Applications.webp 1024w, https:\/\/fmp-components.com\/wp-content\/uploads\/2024\/12\/Jack-up-Offshore-Platform-Bolt-Cylinder-Applications-980x533.webp 980w, https:\/\/fmp-components.com\/wp-content\/uploads\/2024\/12\/Jack-up-Offshore-Platform-Bolt-Cylinder-Applications-480x261.webp 480w\" sizes=\"(min-width: 0px) and (max-width: 480px) 480px, (min-width: 481px) and (max-width: 980px) 980px, (min-width: 981px) 1024px, 100vw\" \/><\/p>\n<h4>Hauptmerkmale:<\/h4>\n<ul>\n<li><strong>Hohe Kraftabgabe:<\/strong> Dieser Zylinder ist f\u00fcr die Erzeugung einer erheblichen hydraulischen Kraft ausgelegt und erm\u00f6glicht eine effektive Anhebung der Plattform, wodurch schnelle und pr\u00e4zise Anpassungen beim Ausfahren und Einfahren m\u00f6glich sind.<\/li>\n<li><strong>Robuste Konstruktion:<\/strong> Es besteht aus hochfesten Materialien und ist so konzipiert, dass es den rauen Bedingungen und hohen Dr\u00fccken standh\u00e4lt, die f\u00fcr Offshore-Eins\u00e4tze typisch sind. Dadurch ist Langlebigkeit und langfristige Zuverl\u00e4ssigkeit gew\u00e4hrleistet.<\/li>\n<li><strong>Reibungsloser Betrieb:<\/strong> Das fortschrittliche Hydraulikdesign erm\u00f6glicht sanfte und kontrollierte Bewegungen, verbessert die Betriebseffizienz und minimiert Ausfallzeiten bei kritischen Bohraktivit\u00e4ten.<\/li>\n<li><strong>Korrosionsbest\u00e4ndigkeit:<\/strong> Behandelt, um Korrosion durch Salzwasser und andere Meereselemente zu widerstehen und so Langlebigkeit und gleichbleibende Leistung in anspruchsvollen Umgebungen zu gew\u00e4hrleisten.<\/li>\n<li><strong>Vielseitige Anwendungen:<\/strong> Dieser Hydraulikzylinder ist f\u00fcr verschiedene Hubplattformkonfigurationen geeignet und passt sich an unterschiedliche Betriebsanforderungen an, was seinen Nutzen bei Offshore-Projekten erh\u00f6ht.<\/li>\n<\/ul>\n<p>Der Hydraulikzylinder f\u00fcr Offshore-Hubplattformen ist f\u00fcr die Optimierung der Leistung und Sicherheit von Offshore-Bohrvorg\u00e4ngen unverzichtbar und tr\u00e4gt erheblich zur Effektivit\u00e4t maritimer Bau- und Ressourcengewinnungsaktivit\u00e4ten bei.<\/p>\n<h2>Hubzylinder f\u00fcr Offshore-Hubplattformen<\/h2>\n<p>Der Hubzylinder f\u00fcr Offshore-Hubplattformen ist eine wichtige Hydraulikkomponente, die die n\u00f6tige Kraft zum Heben und Senken der St\u00fctzbeine von Hubinseln bei Offshore-Eins\u00e4tzen bereitstellt. Dieser Zylinder erm\u00f6glicht eine pr\u00e4zise Steuerung der Plattformh\u00f6he und gew\u00e4hrleistet Stabilit\u00e4t und Sicherheit bei Arbeiten unter anspruchsvollen Meeresbedingungen. Er besteht aus hochfesten Materialien und ist so konstruiert, dass er den rauen Umgebungen und den hohen Dr\u00fccken standh\u00e4lt, die f\u00fcr Offshore-Anwendungen typisch sind. Dadurch ist er langlebig und zuverl\u00e4ssig. Die sanfte Hydraulikbewegung erm\u00f6glicht effiziente und schnelle Anpassungen und verbessert so die Betriebseffizienz und Sicherheit bei Bohr- und Wartungsarbeiten. Dieser Hubzylinder ist f\u00fcr die Leistungsoptimierung von Offshore-Hubplattformen unerl\u00e4sslich und tr\u00e4gt ma\u00dfgeblich zum Erfolg von Offshore-Bohr- und Produktionsvorg\u00e4ngen bei.<\/p>\n<p><img loading=\"lazy\" decoding=\"async\" class=\"size-full wp-image-727 aligncenter\" src=\"https:\/\/fmp-components.com\/wp-content\/uploads\/2024\/12\/Jack-up-Offshore-Platform-Lifting-Cylinder.webp\" alt=\"Hubzylinder f\u00fcr Offshore-Hubplattformen\" width=\"500\" height=\"200\" title=\"\" srcset=\"https:\/\/fmp-components.com\/wp-content\/uploads\/2024\/12\/Jack-up-Offshore-Platform-Lifting-Cylinder.webp 500w, https:\/\/fmp-components.com\/wp-content\/uploads\/2024\/12\/Jack-up-Offshore-Platform-Lifting-Cylinder-480x192.webp 480w\" sizes=\"(min-width: 0px) and (max-width: 480px) 480px, (min-width: 481px) 500px, 100vw\" \/><\/p>\n<table border=\"1\" cellspacing=\"0\" cellpadding=\"0\">\n<tbody>\n<tr>\n<td>Produktname<\/td>\n<td>Hubzylinder f\u00fcr Offshore-Hubplattformen<\/td>\n<\/tr>\n<tr>\n<td>Merkmale:<\/td>\n<td>Das Heben und Senken der Plattform erfolgt durch Antreiben des Ringbalkens<\/td>\n<\/tr>\n<tr>\n<td>Bohrungsdurchmesser:<\/td>\n<td>Bis zu 700 mm<\/td>\n<\/tr>\n<tr>\n<td>Stangendurchmesser:<\/td>\n<td>Bis zu 420 mm<br \/>\nHub bis zu 2150mm<\/td>\n<\/tr>\n<tr>\n<td>Druck:<\/td>\n<td>bis zu 32 MPa<\/td>\n<\/tr>\n<tr>\n<td>Sensor:<\/td>\n<td>Ein externer Wegsensor kann so konfiguriert werden, dass er die Anforderungen der Wartung und des Austauschs des Sensors erf\u00fcllt, ohne die Zylinder zu zerlegen<\/td>\n<\/tr>\n<tr>\n<td>Anwendungen:<\/td>\n<td>Offshore-Hubinsel<\/td>\n<\/tr>\n<\/tbody>\n<\/table>\n<h2>Bolzenzylinder f\u00fcr Hubplattformen<\/h2>\n<p>Der Bolzenzylinder f\u00fcr Hubinseln ist eine wichtige Hydraulikkomponente, die das sichere Ver- und Entriegeln der Plattformbeine w\u00e4hrend des Betriebs erm\u00f6glicht. Dieser Zylinder liefert die n\u00f6tige Kraft zum Ein- und Ausrasten der Verriegelungsbolzen und gew\u00e4hrleistet so die Stabilit\u00e4t und Sicherheit der Plattform im Einsatz unter verschiedenen Meeresbedingungen. Er besteht aus hochfesten Materialien und ist so konstruiert, dass er den anspruchsvollen Umgebungen und Dr\u00fccken standh\u00e4lt, die f\u00fcr Offshore-Anwendungen typisch sind. So ist eine lange Lebensdauer und Zuverl\u00e4ssigkeit gew\u00e4hrleistet. Die sanfte Hydraulikbewegung erm\u00f6glicht eine pr\u00e4zise Steuerung und erh\u00f6ht so die Betriebseffizienz und Sicherheit w\u00e4hrend des Aus- und Einfahrens. Dieser Bolzenzylinder ist entscheidend f\u00fcr die Leistungsoptimierung von Hubinseln und tr\u00e4gt ma\u00dfgeblich zur Effektivit\u00e4t von Offshore-Bohr- und Wartungsarbeiten bei.<\/p>\n<p><img loading=\"lazy\" decoding=\"async\" class=\"size-full wp-image-726 aligncenter\" src=\"https:\/\/fmp-components.com\/wp-content\/uploads\/2024\/12\/Jack-up-Offshore-Platform-Bolt-Cylinder.webp\" alt=\"Bolzenzylinder f\u00fcr Hubplattformen\" width=\"500\" height=\"200\" title=\"\" srcset=\"https:\/\/fmp-components.com\/wp-content\/uploads\/2024\/12\/Jack-up-Offshore-Platform-Bolt-Cylinder.webp 500w, https:\/\/fmp-components.com\/wp-content\/uploads\/2024\/12\/Jack-up-Offshore-Platform-Bolt-Cylinder-480x192.webp 480w\" sizes=\"(min-width: 0px) and (max-width: 480px) 480px, (min-width: 481px) 500px, 100vw\" \/><\/p>\n<table style=\"width: 100.206%; height: 239px;\" border=\"1\" cellspacing=\"0\" cellpadding=\"0\">\n<tbody>\n<tr style=\"height: 23px;\">\n<td style=\"height: 23px;\">Produktname<\/td>\n<td style=\"height: 23px;\">Bolzenzylinder f\u00fcr Hubplattformen<\/td>\n<\/tr>\n<tr style=\"height: 23px;\">\n<td style=\"height: 23px;\">Merkmale:<\/td>\n<td style=\"height: 23px;\">Den Zylinderstift am Ringbalken einstecken und herausziehen, um die Verriegelung des Ringbalkens zu realisieren<\/td>\n<\/tr>\n<tr style=\"height: 47px;\">\n<td style=\"height: 47px;\">Bohrungsdurchmesser:<\/td>\n<td style=\"height: 47px;\">Bis zu 100 mm<\/td>\n<\/tr>\n<tr style=\"height: 23px;\">\n<td style=\"height: 23px;\">Stangendurchmesser:<\/td>\n<td style=\"height: 23px;\">Bis zu 60 mm<\/td>\n<\/tr>\n<tr style=\"height: 23px;\">\n<td style=\"height: 23px;\">Druck:<\/td>\n<td style=\"height: 23px;\">Bis zu 32 MPa<\/td>\n<\/tr>\n<tr style=\"height: 47px;\">\n<td style=\"height: 47px;\">Sensor:<\/td>\n<td style=\"height: 47px;\">Es kann mit einem eingebauten Wegsensor ausgestattet werden, um die Einbaugr\u00f6\u00dfe der Hydraulikzylinder zu reduzieren<\/td>\n<\/tr>\n<tr style=\"height: 23px;\">\n<td style=\"height: 23px;\">Anwendungen:<\/td>\n<td style=\"height: 23px;\">Offshore-Hubinsel<\/td>\n<\/tr>\n<\/tbody>\n<\/table>\n<h2>Vorteile des Hydraulikzylinders f\u00fcr Hubplattformen<\/h2>\n<ol>\n<li><strong>Hohe Tragf\u00e4higkeit:<\/strong>\n<ul>\n<li>Entwickelt, um erhebliche Lasten zu bew\u00e4ltigen und Stabilit\u00e4t und Sicherheit bei Offshore-Eins\u00e4tzen zu gew\u00e4hrleisten.<\/li>\n<\/ul>\n<\/li>\n<li><strong>Pr\u00e4zisionssteuerung:<\/strong>\n<ul>\n<li>Erm\u00f6glicht eine genaue Positionierung und Einstellung der Plattformbeine und verbessert so die Betriebseffizienz und Sicherheit.<\/li>\n<\/ul>\n<\/li>\n<li><strong>Langlebige Konstruktion:<\/strong>\n<ul>\n<li>Hergestellt aus hochfesten Materialien, die rauen Meeresumgebungen und hohem Druck standhalten und so eine lang anhaltende Leistung gew\u00e4hrleisten.<\/li>\n<\/ul>\n<\/li>\n<li><strong>Korrosionsbest\u00e4ndigkeit:<\/strong>\n<ul>\n<li>Behandelt, um Korrosion durch Meerwasser und andere Meereselemente zu widerstehen und so die Lebensdauer des Zylinders zu verl\u00e4ngern.<\/li>\n<\/ul>\n<\/li>\n<li><strong>Reibungsloser Betrieb:<\/strong>\n<ul>\n<li>Verf\u00fcgt \u00fcber ein fortschrittliches Hydraulikdesign f\u00fcr sanfte und effiziente Bewegungen und reduziert so den Verschlei\u00df des Systems.<\/li>\n<\/ul>\n<\/li>\n<li><strong>Geringer Wartungsaufwand:<\/strong>\n<ul>\n<li>Entwickelt f\u00fcr Zuverl\u00e4ssigkeit mit minimalem Wartungsbedarf, wodurch Ausfallzeiten und Betriebskosten reduziert werden.<\/li>\n<\/ul>\n<\/li>\n<li><strong>Vielseitigkeit:<\/strong>\n<ul>\n<li>Geeignet f\u00fcr verschiedene Hubplattformkonfigurationen und anpassbar an verschiedene Offshore-Anwendungen, was seinen Nutzen erh\u00f6ht.<\/li>\n<\/ul>\n<\/li>\n<li><strong>Verbesserte Sicherheit:<\/strong>\n<ul>\n<li>Verf\u00fcgt \u00fcber integrierte Sicherheitsfunktionen, um eine versehentliche Aktivierung zu verhindern und eine sichere Verriegelung w\u00e4hrend des Betriebs zu gew\u00e4hrleisten.<\/li>\n<\/ul>\n<\/li>\n<li><strong>Schnelle Reaktion:<\/strong>\n<ul>\n<li>Erm\u00f6glicht schnelle Anpassungen und erm\u00f6glicht so ein effizientes Ausfahren und Einfahren der Plattform als Reaktion auf ver\u00e4nderte Bedingungen.<\/li>\n<\/ul>\n<\/li>\n<li><strong>Verbesserte Betriebseffizienz:<\/strong>\n<ul>\n<li>Tr\u00e4gt zu schnelleren Bohr- und Bauprozessen bei und maximiert die Produktivit\u00e4t bei Offshore-Projekten.<\/li>\n<\/ul>\n<\/li>\n<\/ol>\n<p>Diese Vorteile machen den Hydraulikzylinder zu einer wesentlichen Komponente f\u00fcr die Optimierung der Leistung und Zuverl\u00e4ssigkeit von Offshore-Hubinseln bei verschiedenen maritimen Eins\u00e4tzen.<\/p>\n<p><img loading=\"lazy\" decoding=\"async\" class=\"alignnone size-full wp-image-731\" src=\"https:\/\/fmp-components.com\/wp-content\/uploads\/2024\/12\/Jack-up-Offshore-Platform-Lifting-Cylinder-1.webp\" alt=\"Jack-up-Offshore-Plattform-Hubzylinder\" width=\"1000\" height=\"560\" title=\"\" srcset=\"https:\/\/fmp-components.com\/wp-content\/uploads\/2024\/12\/Jack-up-Offshore-Platform-Lifting-Cylinder-1.webp 1000w, https:\/\/fmp-components.com\/wp-content\/uploads\/2024\/12\/Jack-up-Offshore-Platform-Lifting-Cylinder-1-980x549.webp 980w, https:\/\/fmp-components.com\/wp-content\/uploads\/2024\/12\/Jack-up-Offshore-Platform-Lifting-Cylinder-1-480x269.webp 480w\" sizes=\"(min-width: 0px) and (max-width: 480px) 480px, (min-width: 481px) and (max-width: 980px) 980px, (min-width: 981px) 1000px, 100vw\" \/><\/p>\n<h3>\u00dcber FMP<\/h3>\n<p>FMP ist ein spezialisierter Maschinenbauer, der sich auf die Produktion von Hydraulikzylindern spezialisiert hat. Seit seiner Gr\u00fcndung konzentriert sich das Unternehmen auf die Forschung und Fertigung von Hydrauliktechnologie und hat sich erfolgreich von einer vielf\u00e4ltigen Produktpalette, die Ernte- und Baumaschinen umfasste, auf die Spezialisierung auf landwirtschaftliche Traktorkomponenten spezialisiert. Mit \u00fcber einem Jahrzehnt Erfahrung in Fertigung und Management gew\u00e4hrleistet FMP durch fortschrittliche Produktionstechniken qualitativ hochwertige Produkte.<\/p>\n<p>Im Laufe der Entwicklung des Unternehmens wurden umfassende Fertigungslinien f\u00fcr die maschinelle Bearbeitung, Montagelinien und Beschichtungslinien entwickelt. Unser Team besteht aus qualifizierten F\u00fchrungskr\u00e4ften, erfahrenen Maschinenbauern und hochqualifizierten Technikern, die gemeinsam f\u00fcr eine stabile Produktionsqualit\u00e4t sorgen und gleichzeitig die Prozesskontinuit\u00e4t und -effizienz effektiv steuern.<\/p>\n<p>FMP vertritt die Philosophie \u201eTechnologische Innovation treibt Fortschritt voran, Qualit\u00e4t schafft Marken, Handwerkskunst sichert Qualit\u00e4t und baut langfristige Win-Win-Beziehungen auf.\u201c Unser Engagement f\u00fcr die Bereitstellung hochwertiger Produkte und eines hervorragenden Kundendienstes bleibt ein zentrales Ziel, w\u00e4hrend wir weiterhin den sich entwickelnden Anforderungen des Marktes gerecht werden.<\/p>\n<p><img loading=\"lazy\" decoding=\"async\" class=\"alignnone size-full wp-image-426\" src=\"https:\/\/fmp-components.com\/wp-content\/uploads\/2024\/12\/Sanitation-Machinery-Locking-Hydraulic-Cylinder-factory.webp\" sizes=\"(min-width: 0px) and (max-width: 480px) 480px, (min-width: 481px) and (max-width: 980px) 980px, (min-width: 981px) and (max-width: 1280px) 1280px, (min-width: 1281px) 1414px, 100vw\" srcset=\"https:\/\/fmp-components.com\/wp-content\/uploads\/2024\/12\/Sanitation-Machinery-Locking-Hydraulic-Cylinder-factory.webp 1414w, https:\/\/fmp-components.com\/wp-content\/uploads\/2024\/12\/Sanitation-Machinery-Locking-Hydraulic-Cylinder-factory-1280x529.webp 1280w, https:\/\/fmp-components.com\/wp-content\/uploads\/2024\/12\/Sanitation-Machinery-Locking-Hydraulic-Cylinder-factory-980x405.webp 980w, https:\/\/fmp-components.com\/wp-content\/uploads\/2024\/12\/Sanitation-Machinery-Locking-Hydraulic-Cylinder-factory-480x198.webp 480w\" alt=\"Sanit\u00e4r-Maschinen-Verriegelung-Hydraulik-Zylinder-Fabrik\" width=\"1414\" height=\"584\" title=\"\"><\/p>\n<p>Autor: CX<\/p>","protected":false},"excerpt":{"rendered":"<p>Der Hydraulikzylinder f\u00fcr Hubinseln ist eine wichtige Komponente, die die notwendige Hub- und Senkkraft f\u00fcr die Beine von Hubinseln w\u00e4hrend des Einsatzes und der Positionierung in Offshore-Umgebungen bereitstellt. Dieser Zylinder erm\u00f6glicht eine pr\u00e4zise Steuerung der Plattformh\u00f6he und gew\u00e4hrleistet so Stabilit\u00e4t und Sicherheit beim Betrieb unter verschiedenen Seebedingungen. Er besteht aus hochfesten Materialien und ist so konstruiert, dass er der rauen Meeresumgebung und den f\u00fcr Offshore-Operationen typischen hohen Dr\u00fccken standh\u00e4lt und so Langlebigkeit und Zuverl\u00e4ssigkeit gew\u00e4hrleistet. Die sanfte Hydraulikfunktion erm\u00f6glicht effiziente und schnelle Anpassungen und verbessert so die Betriebseffizienz und Sicherheit bei Bohr- und Wartungsarbeiten. Dieser Hydraulikzylinder ist f\u00fcr die Leistungsoptimierung von Hubinseln unerl\u00e4sslich und tr\u00e4gt ma\u00dfgeblich zur Effektivit\u00e4t von Offshore-Bohr- und Produktionsvorg\u00e4ngen bei.<\/p>","protected":false},"featured_media":725,"comment_status":"open","ping_status":"closed","template":"","meta":{"_et_pb_use_builder":"","_et_pb_old_content":"","_et_gb_content_width":""},"product_brand":[],"product_cat":[28],"product_tag":[],"class_list":{"0":"post-720","1":"product","2":"type-product","3":"status-publish","4":"has-post-thumbnail","6":"product_cat-offshore-hydraulic-cylinders","8":"first","9":"instock","10":"shipping-taxable","11":"product-type-simple"},"_links":{"self":[{"href":"https:\/\/fmp-components.com\/de\/wp-json\/wp\/v2\/product\/720","targetHints":{"allow":["GET"]}}],"collection":[{"href":"https:\/\/fmp-components.com\/de\/wp-json\/wp\/v2\/product"}],"about":[{"href":"https:\/\/fmp-components.com\/de\/wp-json\/wp\/v2\/types\/product"}],"replies":[{"embeddable":true,"href":"https:\/\/fmp-components.com\/de\/wp-json\/wp\/v2\/comments?post=720"}],"wp:featuredmedia":[{"embeddable":true,"href":"https:\/\/fmp-components.com\/de\/wp-json\/wp\/v2\/media\/725"}],"wp:attachment":[{"href":"https:\/\/fmp-components.com\/de\/wp-json\/wp\/v2\/media?parent=720"}],"wp:term":[{"taxonomy":"product_brand","embeddable":true,"href":"https:\/\/fmp-components.com\/de\/wp-json\/wp\/v2\/product_brand?post=720"},{"taxonomy":"product_cat","embeddable":true,"href":"https:\/\/fmp-components.com\/de\/wp-json\/wp\/v2\/product_cat?post=720"},{"taxonomy":"product_tag","embeddable":true,"href":"https:\/\/fmp-components.com\/de\/wp-json\/wp\/v2\/product_tag?post=720"}],"curies":[{"name":"wp","href":"https:\/\/api.w.org\/{rel}","templated":true}]}}