{"id":7174,"date":"2025-03-20T02:01:26","date_gmt":"2025-03-20T02:01:26","guid":{"rendered":"https:\/\/fmp-components.com\/?post_type=product&#038;p=7174"},"modified":"2025-03-26T08:51:30","modified_gmt":"2025-03-26T08:51:30","slug":"duplex-worm-gear","status":"publish","type":"product","link":"https:\/\/fmp-components.com\/de\/product\/duplex-worm-gear\/","title":{"rendered":"Duplex-Schneckengetriebe"},"content":{"rendered":"<p>Ein Duplex-Schneckengetriebe ist eine spezielle mechanische Komponente f\u00fcr hochpr\u00e4zise Anwendungen, die in Kraft\u00fcbertragungssystemen f\u00fcr verbesserte Haltbarkeit und Effizienz sorgt. Wir bei FMP Company fertigen mit Stolz ein breites Sortiment an Duplex-Schneckengetrieben. <a href=\"https:\/\/fmp-components.com\/de\/worm-gear-and-worm-shaft-2\/\">Schneckengetriebe<\/a> Wir bieten verschiedene Ausf\u00fchrungen und Spezifikationen f\u00fcr unterschiedliche Branchen an. Dar\u00fcber hinaus entwickeln wir individuelle L\u00f6sungen, die genau auf Ihre Bed\u00fcrfnisse zugeschnitten sind. Sollten Sie das gew\u00fcnschte Modell nicht in unserer Produktliste finden, bedeutet dies lediglich, dass wir es noch nicht hochgeladen haben. Senden Sie uns einfach eine E-Mail mit Ihren gew\u00fcnschten Spezifikationen \u2013 unsere erfahrenen Ingenieure werden sich innerhalb von 24 Stunden bei Ihnen melden.<\/p>\n<p><img loading=\"lazy\" decoding=\"async\" class=\"size-full wp-image-7180 aligncenter\" src=\"https:\/\/fmp-components.com\/wp-content\/uploads\/2025\/03\/duplex-worm-gear-1.webp\" alt=\"Duplex-Schneckengetriebe\" width=\"620\" height=\"420\" title=\"\" srcset=\"https:\/\/fmp-components.com\/wp-content\/uploads\/2025\/03\/duplex-worm-gear-1.webp 620w, https:\/\/fmp-components.com\/wp-content\/uploads\/2025\/03\/duplex-worm-gear-1-480x325.webp 480w\" sizes=\"(min-width: 0px) and (max-width: 480px) 480px, (min-width: 481px) 620px, 100vw\" \/><\/p>\n<h2>Spezifikation des Duplex-Schneckengetriebes<\/h2>\n<p>Ein Duplex- oder Doppelgewindeschneckengetriebe ist ein Schneckenradsatz, bei dem die beiden Flanken mit leicht unterschiedlichen Modulen und Durchmesserverh\u00e4ltnissen gefertigt sind, was zu variierenden Steigungswinkeln an jedem Zahnprofil f\u00fchrt. Diese Konstruktion bewirkt, dass die Zahndicke entlang der Schneckenl\u00e4nge stufenweise zunimmt, w\u00e4hrend sich der Gewindesteigungsgrad verringert, wodurch eine pr\u00e4zise Steuerung des Zahnflankenspiels erm\u00f6glicht wird.<\/p>\n<p>Beim Schneckenrad f\u00fchren diese unterschiedlichen Moduln zu einzigartigen Kopfkreismodifikationskoeffizienten und W\u00e4lzkreisdurchmessern an jeder Flanke, wodurch sich vorne und hinten unterschiedliche Profile ergeben. Die Zahndicke und die Zahnl\u00fccken bleiben jedoch \u00fcber den gesamten Umfang des Rades gleichm\u00e4\u00dfig.<\/p>\n<p>Zur Einstellung des Zahnflankenspiels wird die Schnecke axial verschoben, bis der Abschnitt mit der passenden Zahndicke f\u00fcr den Eingriff in das Zahnrad ausgerichtet ist und das gew\u00fcnschte Zahnflankenspiel erreicht ist (siehe Abb. 1). Dieses Verfahren erm\u00f6glicht eine einfache Einstellung des Zahnflankenspiels auf jeden gew\u00fcnschten Wert w\u00e4hrend der Zahnradmontage. Selbst verschlissene Zahnr\u00e4der lassen sich fein und stufenlos einstellen, ohne den Zahneingriff zu ver\u00e4ndern oder Eingriffsprobleme zu verursachen.<\/p>\n<p>Neben dem beschriebenen Duplex-Ansatz gibt es weitere Methoden zur Regulierung des Schneckenspiels: die Anpassung des Achsabstands durch Drehen einer Exzenternabe, die die Schneckenwelle und das Schneckenrad tr\u00e4gt; die axiale Verschiebung einer konischen Schnecke (Abb. 2a); die Aufteilung der Schnecke in zwei Teile (Abb. 2b), die relativ zueinander gedreht oder verschoben werden k\u00f6nnen (Ott-System); oder die Aufteilung des Schneckenrads in zwei Scheiben (Abb. 2c), die enger zusammengebracht werden k\u00f6nnen.<\/p>\n<table style=\"width: 100%; height: 28px;\" border=\"1\" width=\"100%\" cellspacing=\"0\" cellpadding=\"0\">\n<tbody>\n<tr style=\"height: 14.40pt;\">\n<td style=\"height: 14px; width: 49.8pt;\" width=\"83\" height=\"24\">\u00a0<img loading=\"lazy\" decoding=\"async\" class=\"alignnone size-full wp-image-7176\" src=\"https:\/\/fmp-components.com\/wp-content\/uploads\/2025\/03\/Duplex-Worms-1.webp\" alt=\"Doppelwurm\" width=\"450\" height=\"450\" title=\"\" srcset=\"https:\/\/fmp-components.com\/wp-content\/uploads\/2025\/03\/Duplex-Worms-1.webp 450w, https:\/\/fmp-components.com\/wp-content\/uploads\/2025\/03\/Duplex-Worms-1-300x300.webp 300w, https:\/\/fmp-components.com\/wp-content\/uploads\/2025\/03\/Duplex-Worms-1-150x150.webp 150w, https:\/\/fmp-components.com\/wp-content\/uploads\/2025\/03\/Duplex-Worms-1-12x12.webp 12w, https:\/\/fmp-components.com\/wp-content\/uploads\/2025\/03\/Duplex-Worms-1-100x100.webp 100w\" sizes=\"(max-width: 450px) 100vw, 450px\" \/><\/td>\n<td style=\"width: 48pt; height: 14px;\" align=\"right\" width=\"80\"><img loading=\"lazy\" decoding=\"async\" class=\"alignnone size-full wp-image-7175\" src=\"https:\/\/fmp-components.com\/wp-content\/uploads\/2025\/03\/Duplex-Worms-2.webp\" alt=\"Doppelwurm\" width=\"450\" height=\"450\" title=\"\" srcset=\"https:\/\/fmp-components.com\/wp-content\/uploads\/2025\/03\/Duplex-Worms-2.webp 450w, https:\/\/fmp-components.com\/wp-content\/uploads\/2025\/03\/Duplex-Worms-2-300x300.webp 300w, https:\/\/fmp-components.com\/wp-content\/uploads\/2025\/03\/Duplex-Worms-2-150x150.webp 150w, https:\/\/fmp-components.com\/wp-content\/uploads\/2025\/03\/Duplex-Worms-2-12x12.webp 12w, https:\/\/fmp-components.com\/wp-content\/uploads\/2025\/03\/Duplex-Worms-2-100x100.webp 100w\" sizes=\"(max-width: 450px) 100vw, 450px\" \/><\/td>\n<\/tr>\n<tr style=\"height: 14.40pt;\">\n<td style=\"height: 14px; text-align: center;\" height=\"24\"><strong>Abb. 1<\/strong><\/td>\n<td style=\"height: 14px; text-align: center;\" align=\"right\"><strong>Abb. 2<\/strong><\/td>\n<\/tr>\n<\/tbody>\n<\/table>\n<div>\n<h3 class=\"break-words\">Montagehinweis<\/h3>\n<p class=\"break-words\">Duplex-Schneckengetriebe weisen unterschiedliche Modulwerte auf ihren rechten und linken Zahnfl\u00e4chen auf, weshalb die korrekte Ausrichtung von Schnecke und Schneckenrad unerl\u00e4sslich ist. Bitte \u00fcberpr\u00fcfen Sie vor der Montage die folgenden beiden Punkte sorgf\u00e4ltig.<\/p>\n<ol class=\"marker:text-secondary\">\n<li class=\"break-words\">Best\u00e4tigung der Montageausrichtung<br \/>\nSowohl die Duplex-Schnecke als auch das Schneckenrad sind mit einem Pfeil markiert, der die korrekte Montagerichtung angibt. Richten Sie Schnecke und Schneckenrad bei der Montage so aus, dass die Pfeilrichtung auf der Schnecke mit der Pfeilrichtung auf dem Schneckenrad \u00fcbereinstimmt (von vorne sichtbar). Bei falscher Ausrichtung \u00fcberschreitet der Achsabstand \u201ea\u201c den Standardwert, was zu Montageproblemen und schlechtem Zahneingriff f\u00fchrt. (Siehe Abb. 3)<\/li>\n<\/ol>\n<p><img loading=\"lazy\" decoding=\"async\" class=\"alignnone size-full wp-image-7179\" src=\"https:\/\/fmp-components.com\/wp-content\/uploads\/2025\/03\/Duplex-Worms-3.webp\" alt=\"Doppelwurm\" width=\"900\" height=\"500\" title=\"\" srcset=\"https:\/\/fmp-components.com\/wp-content\/uploads\/2025\/03\/Duplex-Worms-3.webp 900w, https:\/\/fmp-components.com\/wp-content\/uploads\/2025\/03\/Duplex-Worms-3-480x267.webp 480w\" sizes=\"(min-width: 0px) and (max-width: 480px) 480px, (min-width: 481px) 900px, 100vw\" \/><\/p>\n<p style=\"text-align: center;\"><strong>Abb. 3<\/strong><\/p>\n<p>Abb. 3: Der Pfeil markiert die korrekte Ausrichtung der beiden Zahnr\u00e4der im zusammengebauten Zustand. Wie dargestellt, m\u00fcssen die beiden Pfeile in dieselbe Richtung zeigen.<\/p>\n<p class=\"adj\"><span class=\"bold\">2. \u00dcberpr\u00fcfung der Referenzposition<\/span><br \/>\nEine V-f\u00f6rmige Nut (60\u00b0, 0,3 mm tiefe Linie) am Umfang der Spitze des Doppelschneckenzahns markiert den Bezugszahn. Das Zahnradpaar ist so ausgelegt, dass es ein Zahnflankenspiel von nahezu null (\u00b1 0,045) aufweist, wenn der Bezugszahn mit dem Drehpunkt des Schneckenrads fluchtet und der Achsabstand auf den Wert \u201ea\u201c eingestellt ist. (Abb. 4)<\/p>\n<p><img loading=\"lazy\" decoding=\"async\" class=\"alignnone size-full wp-image-7178\" src=\"https:\/\/fmp-components.com\/wp-content\/uploads\/2025\/03\/Duplex-Worms-4.webp\" alt=\"Doppelwurm\" width=\"900\" height=\"400\" title=\"\" srcset=\"https:\/\/fmp-components.com\/wp-content\/uploads\/2025\/03\/Duplex-Worms-4.webp 900w, https:\/\/fmp-components.com\/wp-content\/uploads\/2025\/03\/Duplex-Worms-4-480x213.webp 480w\" sizes=\"(min-width: 0px) and (max-width: 480px) 480px, (min-width: 481px) 900px, 100vw\" \/><\/p>\n<p style=\"text-align: center;\"><strong>Abb. 4<\/strong><\/p>\n<h3>Anwendungsbeispiel<\/h3>\n<p><img loading=\"lazy\" decoding=\"async\" class=\"alignnone size-full wp-image-7187\" src=\"https:\/\/fmp-components.com\/wp-content\/uploads\/2025\/03\/Duplex-Worm-gear-application.webp\" alt=\"Duplex-Schneckengetriebe-Anwendung\" width=\"1240\" height=\"391\" title=\"\" srcset=\"https:\/\/fmp-components.com\/wp-content\/uploads\/2025\/03\/Duplex-Worm-gear-application.webp 1240w, https:\/\/fmp-components.com\/wp-content\/uploads\/2025\/03\/Duplex-Worm-gear-application-980x309.webp 980w, https:\/\/fmp-components.com\/wp-content\/uploads\/2025\/03\/Duplex-Worm-gear-application-480x151.webp 480w\" sizes=\"(min-width: 0px) and (max-width: 480px) 480px, (min-width: 481px) and (max-width: 980px) 980px, (min-width: 981px) 1240px, 100vw\" \/><\/p>\n<p>Die obigen Abbildungen sind lediglich Designbeispiele und stellen keine Konstruktionszeichnungen tats\u00e4chlicher Maschinen oder Ger\u00e4te dar.<\/p>\n<h3>Verwandtes Produkt<\/h3>\n<p>Dies ist nur ein Teil unseres Produktsortiments. Bitte kontaktieren Sie uns f\u00fcr weitere Produkte.<\/p>\n<p><img loading=\"lazy\" decoding=\"async\" class=\"size-full wp-image-7190 aligncenter\" src=\"https:\/\/fmp-components.com\/wp-content\/uploads\/2025\/03\/duplex-worm-gear-product-2.webp\" alt=\"Duplex-Schneckengetriebe\" width=\"1000\" height=\"700\" title=\"\" srcset=\"https:\/\/fmp-components.com\/wp-content\/uploads\/2025\/03\/duplex-worm-gear-product-2.webp 1000w, https:\/\/fmp-components.com\/wp-content\/uploads\/2025\/03\/duplex-worm-gear-product-2-980x686.webp 980w, https:\/\/fmp-components.com\/wp-content\/uploads\/2025\/03\/duplex-worm-gear-product-2-480x336.webp 480w\" sizes=\"(min-width: 0px) and (max-width: 480px) 480px, (min-width: 481px) and (max-width: 980px) 980px, (min-width: 981px) 1000px, 100vw\" \/><\/p>\n<\/div>","protected":false},"excerpt":{"rendered":"<p>Ein Duplex-Schneckengetriebe ist eine spezielle mechanische Komponente f\u00fcr hochpr\u00e4zise Anwendungen, die in Kraft\u00fcbertragungssystemen f\u00fcr erh\u00f6hte Langlebigkeit und Effizienz sorgt. Wir von FMP Company fertigen mit Stolz ein breites Sortiment an Duplex-Schneckengetrieben in verschiedenen Ausf\u00fchrungen und Spezifikationen, um den vielf\u00e4ltigen Anforderungen unterschiedlicher Branchen gerecht zu werden. Dar\u00fcber hinaus bieten wir kundenspezifische L\u00f6sungen, die genau auf Ihre individuellen Bed\u00fcrfnisse zugeschnitten sind. [\u2026]<\/p>","protected":false},"featured_media":7188,"comment_status":"open","ping_status":"closed","template":"","meta":{"_et_pb_use_builder":"","_et_pb_old_content":"","_et_gb_content_width":""},"product_brand":[],"product_cat":[107],"product_tag":[],"class_list":{"0":"post-7174","1":"product","2":"type-product","3":"status-publish","4":"has-post-thumbnail","6":"product_cat-worm-gear","8":"first","9":"instock","10":"shipping-taxable","11":"product-type-simple"},"_links":{"self":[{"href":"https:\/\/fmp-components.com\/de\/wp-json\/wp\/v2\/product\/7174","targetHints":{"allow":["GET"]}}],"collection":[{"href":"https:\/\/fmp-components.com\/de\/wp-json\/wp\/v2\/product"}],"about":[{"href":"https:\/\/fmp-components.com\/de\/wp-json\/wp\/v2\/types\/product"}],"replies":[{"embeddable":true,"href":"https:\/\/fmp-components.com\/de\/wp-json\/wp\/v2\/comments?post=7174"}],"wp:featuredmedia":[{"embeddable":true,"href":"https:\/\/fmp-components.com\/de\/wp-json\/wp\/v2\/media\/7188"}],"wp:attachment":[{"href":"https:\/\/fmp-components.com\/de\/wp-json\/wp\/v2\/media?parent=7174"}],"wp:term":[{"taxonomy":"product_brand","embeddable":true,"href":"https:\/\/fmp-components.com\/de\/wp-json\/wp\/v2\/product_brand?post=7174"},{"taxonomy":"product_cat","embeddable":true,"href":"https:\/\/fmp-components.com\/de\/wp-json\/wp\/v2\/product_cat?post=7174"},{"taxonomy":"product_tag","embeddable":true,"href":"https:\/\/fmp-components.com\/de\/wp-json\/wp\/v2\/product_tag?post=7174"}],"curies":[{"name":"wp","href":"https:\/\/api.w.org\/{rel}","templated":true}]}}