{"id":7168,"date":"2025-03-20T01:19:21","date_gmt":"2025-03-20T01:19:21","guid":{"rendered":"https:\/\/fmp-components.com\/?post_type=product&#038;p=7168"},"modified":"2025-03-26T08:52:09","modified_gmt":"2025-03-26T08:52:09","slug":"stainless-steel-worm-gear-for-cnc-machinery","status":"publish","type":"product","link":"https:\/\/fmp-components.com\/de\/product\/stainless-steel-worm-gear-for-cnc-machinery\/","title":{"rendered":"Schneckengetriebe aus Edelstahl f\u00fcr CNC-Maschinen"},"content":{"rendered":"<p>Wir von FMP Company sind auf die Herstellung einer breiten Palette von Edelstahlprodukten spezialisiert. <a href=\"https:\/\/fmp-components.com\/de\/worm-gear-and-worm-shaft-2\/\">Schneckengetriebe<\/a> Unsere Produkte sind f\u00fcr vielf\u00e4ltige industrielle Anforderungen konzipiert. Neben unserem umfangreichen Katalog bieten wir auch ma\u00dfgeschneiderte L\u00f6sungen an, die genau auf Ihre Bed\u00fcrfnisse zugeschnitten sind. Sollten Sie das gew\u00fcnschte Modell nicht in unserer Produktliste finden, haben wir diese wahrscheinlich noch nicht aktualisiert. Senden Sie uns einfach eine E-Mail mit den Details des ben\u00f6tigten Modells. Unsere Ingenieure werden sich innerhalb von 24 Stunden bei Ihnen melden.<\/p>\n<p><img loading=\"lazy\" decoding=\"async\" class=\"size-full wp-image-7172 aligncenter\" src=\"https:\/\/fmp-components.com\/wp-content\/uploads\/2025\/03\/Stainless-Steel-Worm-Gear-for-CNC-Machinery-4.webp\" alt=\"Edelstahl-Schneckengetriebe f\u00fcr CNC-Maschinen\" width=\"500\" height=\"600\" title=\"\" srcset=\"https:\/\/fmp-components.com\/wp-content\/uploads\/2025\/03\/Stainless-Steel-Worm-Gear-for-CNC-Machinery-4.webp 500w, https:\/\/fmp-components.com\/wp-content\/uploads\/2025\/03\/Stainless-Steel-Worm-Gear-for-CNC-Machinery-4-480x576.webp 480w\" sizes=\"(min-width: 0px) and (max-width: 480px) 480px, (min-width: 481px) 500px, 100vw\" \/><\/p>\n<h2>Produktparameter<\/h2>\n<div class=\"rich-text-table\">\n<table border=\"1\">\n<colgroup>\n<col \/>\n<col \/><\/colgroup>\n<tbody>\n<tr>\n<td>Produktname<\/td>\n<td>Schneckengetriebe und Schneckenrad<\/td>\n<\/tr>\n<tr>\n<td>Verf\u00fcgbare Materialien<\/td>\n<td>Edelstahl, Kohlenstoffstahl, Messing, Bronze, Eisen, Aluminiumlegierung, Kupfer, Kunststoff, Nylon, PA66, MC, PEER, MSM, POM, Derlin usw.<\/td>\n<\/tr>\n<tr>\n<td>W\u00e4rmebehandlung<\/td>\n<td>H\u00e4rten und Anlassen, Aufkohlen und H\u00e4rten, Hochfrequenzh\u00e4rten, Carbonitrieren\u2026<\/td>\n<\/tr>\n<tr>\n<td>Oberfl\u00e4chenbehandlung<\/td>\n<td>Aufkohlen und Abschrecken, Anlassen, Hochtemperaturh\u00e4rten der Zahnoberfl\u00e4che, H\u00e4rten, Anlassen<\/td>\n<\/tr>\n<tr>\n<td>BOHRUNG<\/td>\n<td>Fertigbohrung, Pilotbohrung, Sonderwunsch<\/td>\n<\/tr>\n<tr>\n<td>Verarbeitungsmethode<\/td>\n<td>Formen, Schaben, W\u00e4lzfr\u00e4sen, Bohren, Gewindeschneiden, Reiben, manuelles Anfasen, Schleifen usw.<\/td>\n<\/tr>\n<tr>\n<td>Druckwinkel<\/td>\n<td>20 Grad<\/td>\n<\/tr>\n<tr>\n<td>H\u00e4rte<\/td>\n<td>55-60 HRC<\/td>\n<\/tr>\n<tr>\n<td>Gr\u00f6\u00dfe<\/td>\n<td>Kundenzeichnungen &amp; ISO-Norm<\/td>\n<\/tr>\n<tr>\n<td>Paket<\/td>\n<td>Holzkiste\/Container und Palette oder nach Ma\u00df gefertigt<\/td>\n<\/tr>\n<tr>\n<td>Zertifikat<\/td>\n<td>ISO9001:2008<\/td>\n<\/tr>\n<tr>\n<td>Anwendungen<\/td>\n<td>Elektrische Maschinen, metallurgische Maschinen, Umweltschutzmaschinen, elektronische und elektrische Ger\u00e4te, Stra\u00dfenbaumaschinen, Chemiemaschinen, Lebensmittelmaschinen, Leichtindustriemaschinen, Bergbaumaschinen, Transportmaschinen, Baumaschinen, Baustoffmaschinen, Zementmaschinen, Gummimaschinen, Wasserbaumaschinen und Erd\u00f6lmaschinen<\/td>\n<\/tr>\n<tr>\n<td>Bearbeitungsprozess<\/td>\n<td>Materialvorbereitung, Normalisieren, Schruppdrehen, H\u00e4rten und Anlassen, Feindrehen des Au\u00dfenkreises, Schruppdrehen der Spiralfl\u00e4che, Feindrehen (Feinschleifen) der Innenlochendfl\u00e4che, Keilnut, Feindrehen der Spiralfl\u00e4che, Zange (Rest unvollst\u00e4ndige Z\u00e4hne), Feinschleifen des Au\u00dfenkreises, Feinschleifen der Spiralfl\u00e4che, Schleifen des Mittellochs, Feinschleifen des Au\u00dfenrings, Feinkratzen der spiralf\u00f6rmigen Oberfl\u00e4che, Endproduktpr\u00fcfung.<\/td>\n<\/tr>\n<tr>\n<td>Vorteile<\/td>\n<td>1. Die Abmessungen m\u00fcssen strikt den ANSI- oder DIN-Normen entsprechen.<br \/>\n2. Material: Stahl SCM 415<br \/>\n3. Bohrung: Fertigbohrung<br \/>\n4. Pr\u00e4zisionsgrad: DIN 5 bis DIN 7<br \/>\n5. Oberfl\u00e4chenbehandlung: Aufkohlen und Abschrecken<br \/>\n6. Modul: Von 1 bis 4<br \/>\n7. Zahn: Von Z15 bis Z70<\/td>\n<\/tr>\n<\/tbody>\n<\/table>\n<\/div>\n<h2>Spezifikation:<\/h2>\n<div class=\"rich-text-table\">\n<table border=\"1\">\n<tbody>\n<tr>\n<td colspan=\"2\">Nummer<\/td>\n<td rowspan=\"2\">Anzahl der Z\u00e4hne<\/td>\n<td colspan=\"2\">Wellenbohrungsdurchmesser AH7 (1-mm-Schritte)<\/td>\n<td rowspan=\"2\">Drehrichtung<\/td>\n<td rowspan=\"2\">B<\/td>\n<td rowspan=\"2\">C<\/td>\n<td rowspan=\"2\">D<\/td>\n<td rowspan=\"2\">E<\/td>\n<td rowspan=\"2\">F<\/td>\n<td rowspan=\"2\">G<\/td>\n<\/tr>\n<tr>\n<td>Typ<\/td>\n<td>Modul<\/td>\n<td>Gerade Bohrung Gerade Bohrung + Gewindebohrer<\/td>\n<td>Keilnut + Gewindebohrer<\/td>\n<\/tr>\n<tr>\n<td rowspan=\"22\">Gerade Bohrung<\/p>\n<p>Gerade Bohrung + Gewindeschneiden<\/p>\n<p>Keilnut + Gewindebohrer<\/td>\n<td rowspan=\"5\">1.0<\/td>\n<td>20<\/td>\n<td>6<\/td>\n<td>8<\/td>\n<td rowspan=\"22\">L (Links)<\/p>\n<p>R (Rechts)<\/td>\n<td>17<\/td>\n<td>20<\/td>\n<td>22<\/td>\n<td colspan=\"1\" rowspan=\"5\">8<\/td>\n<td rowspan=\"5\">10<\/td>\n<td rowspan=\"5\">18<\/td>\n<\/tr>\n<tr>\n<td>22~ 28<\/td>\n<td>8<\/td>\n<td>8~13<\/td>\n<td>18~20<\/td>\n<td>22~28<\/td>\n<td>24~30<\/td>\n<\/tr>\n<tr>\n<td>30~48<\/td>\n<td>10<\/td>\n<td>10~17<\/td>\n<td>25~30<\/td>\n<td>30~48<\/td>\n<td>32~50<\/td>\n<\/tr>\n<tr>\n<td>50~70<\/td>\n<td>12<\/td>\n<td>12~17<\/td>\n<td>35~40<\/td>\n<td>50~70<\/td>\n<td colspan=\"1\">52~72<\/td>\n<\/tr>\n<tr>\n<td>80~100<\/td>\n<td>15<\/td>\n<td>15~30<\/td>\n<td>50<\/td>\n<td>80~100<\/td>\n<td colspan=\"1\">82~102<\/td>\n<\/tr>\n<tr>\n<td rowspan=\"4\">1.5<\/td>\n<td>20~26<\/td>\n<td>12<\/td>\n<td>12~17<\/td>\n<td>24~32<\/td>\n<td>30~39<\/td>\n<td colspan=\"1\">33~42<\/td>\n<td colspan=\"1\" rowspan=\"4\">12<\/td>\n<td rowspan=\"4\">12<\/td>\n<td rowspan=\"4\">24<\/td>\n<\/tr>\n<tr>\n<td>28~44<\/td>\n<td>15<\/td>\n<td>15~30<\/td>\n<td>36~50<\/td>\n<td>42~67.5<\/td>\n<td colspan=\"1\">45~70.5<\/td>\n<\/tr>\n<tr>\n<td>45~52<\/td>\n<td>18<\/td>\n<td>18~40<\/td>\n<td>50~60<\/td>\n<td>72~78<\/td>\n<td colspan=\"1\">75~81<\/td>\n<\/tr>\n<tr>\n<td>60~100<\/td>\n<td>20<\/td>\n<td>20-50<\/td>\n<td>60~70<\/td>\n<td>90~150<\/td>\n<td colspan=\"1\">93.153<\/td>\n<\/tr>\n<tr>\n<td rowspan=\"5\">2.0<\/td>\n<td>15~18<\/td>\n<td>12<\/td>\n<td>12~17<\/td>\n<td>24~30<\/td>\n<td>30~36<\/td>\n<td>34~40<\/td>\n<td colspan=\"1\" rowspan=\"5\">16<\/td>\n<td rowspan=\"5\">13<\/td>\n<td rowspan=\"5\">29<\/td>\n<\/tr>\n<tr>\n<td>20~28<\/td>\n<td>15<\/td>\n<td>15.22<\/td>\n<td>32~45<\/td>\n<td>40~56<\/td>\n<td>44~60<\/td>\n<\/tr>\n<tr>\n<td>30~36<\/td>\n<td>18<\/td>\n<td>18~40<\/td>\n<td>50<\/td>\n<td>60~72<\/td>\n<td>64~76<\/td>\n<\/tr>\n<tr>\n<td>40~48<\/td>\n<td>20<\/td>\n<td>20~44<\/td>\n<td>60<\/td>\n<td>80~96<\/td>\n<td>84~100<\/td>\n<\/tr>\n<tr>\n<td>50~100<\/td>\n<td>25<\/td>\n<td>25~60<\/td>\n<td>60~100<\/td>\n<td>100~200<\/td>\n<td>104~204<\/td>\n<\/tr>\n<tr>\n<td rowspan=\"4\">2.5<\/td>\n<td>15~18<\/td>\n<td>15<\/td>\n<td>15~30<\/td>\n<td>30~38<\/td>\n<td>37.5~45<\/td>\n<td>42.5~50<\/td>\n<td colspan=\"1\" rowspan=\"4\">20<\/td>\n<td rowspan=\"4\">14<\/td>\n<td rowspan=\"4\">34<\/td>\n<\/tr>\n<tr>\n<td>20~24<\/td>\n<td>18<\/td>\n<td>18~40<\/td>\n<td>40~48<\/td>\n<td>50~60<\/td>\n<td>55~65<\/td>\n<\/tr>\n<tr>\n<td>25~36<\/td>\n<td>20<\/td>\n<td>20~50<\/td>\n<td>50~70<\/td>\n<td>62.5~90<\/td>\n<td>67.5~95<\/td>\n<\/tr>\n<tr>\n<td>40~60<\/td>\n<td>25<\/td>\n<td>25~70<\/td>\n<td>70~80<\/td>\n<td>90~150<\/td>\n<td>95~155<\/td>\n<\/tr>\n<tr>\n<td rowspan=\"4\">3.0<\/td>\n<td>15~18<\/td>\n<td>18<\/td>\n<td>18~22<\/td>\n<td>36~40<\/td>\n<td>45~54<\/td>\n<td>51~60<\/td>\n<td colspan=\"1\" rowspan=\"4\">25<\/td>\n<td rowspan=\"4\">16<\/td>\n<td rowspan=\"4\">4<\/td>\n<\/tr>\n<\/tbody>\n<\/table>\n<h3>Verwandtes Produkt<\/h3>\n<p><img loading=\"lazy\" decoding=\"async\" class=\"alignnone size-full wp-image-7170\" src=\"https:\/\/fmp-components.com\/wp-content\/uploads\/2025\/03\/Stainless-Steel-Worm-Gear-for-CNC-Machinery-3.webp\" alt=\"Edelstahl-Schneckengetriebe f\u00fcr CNC-Maschinen\" width=\"1000\" height=\"400\" title=\"\" srcset=\"https:\/\/fmp-components.com\/wp-content\/uploads\/2025\/03\/Stainless-Steel-Worm-Gear-for-CNC-Machinery-3.webp 1000w, https:\/\/fmp-components.com\/wp-content\/uploads\/2025\/03\/Stainless-Steel-Worm-Gear-for-CNC-Machinery-3-980x392.webp 980w, https:\/\/fmp-components.com\/wp-content\/uploads\/2025\/03\/Stainless-Steel-Worm-Gear-for-CNC-Machinery-3-480x192.webp 480w\" sizes=\"(min-width: 0px) and (max-width: 480px) 480px, (min-width: 481px) and (max-width: 980px) 980px, (min-width: 981px) 1000px, 100vw\" \/><\/p>\n<p>Wir m\u00f6chten hervorheben, dass die FMP Company auch mit Stolz Edelstahl-Schneckengetriebe herstellt, die speziell f\u00fcr die hohen Anforderungen der Lebensmittelindustrie entwickelt wurden. Diese Getriebe werden mit h\u00f6chster Pr\u00e4zision gefertigt und gew\u00e4hrleisten Langlebigkeit, Korrosionsbest\u00e4ndigkeit und die Einhaltung von Hygienestandards. Damit sind sie die ideale Wahl f\u00fcr Anwendungen in der Lebensmittelverarbeitung. Bei Fragen oder Anforderungen zu unseren Edelstahl-Schneckengetrieben kontaktieren Sie uns bitte. Unser engagiertes Team steht Ihnen gerne zur Verf\u00fcgung und bietet Ihnen ma\u00dfgeschneiderte L\u00f6sungen zur Optimierung Ihrer Betriebsabl\u00e4ufe. Sprechen Sie uns noch heute an!<\/p>\n<p><img loading=\"lazy\" decoding=\"async\" class=\"alignnone size-full wp-image-7173\" src=\"https:\/\/fmp-components.com\/wp-content\/uploads\/2025\/03\/Stainless-Steel-Worm-Gearbox.webp\" alt=\"Edelstahl-Schneckengetriebe\" width=\"1000\" height=\"668\" title=\"\" srcset=\"https:\/\/fmp-components.com\/wp-content\/uploads\/2025\/03\/Stainless-Steel-Worm-Gearbox.webp 1000w, https:\/\/fmp-components.com\/wp-content\/uploads\/2025\/03\/Stainless-Steel-Worm-Gearbox-980x655.webp 980w, https:\/\/fmp-components.com\/wp-content\/uploads\/2025\/03\/Stainless-Steel-Worm-Gearbox-480x321.webp 480w\" sizes=\"(min-width: 0px) and (max-width: 480px) 480px, (min-width: 481px) and (max-width: 980px) 980px, (min-width: 981px) 1000px, 100vw\" \/><\/p>\n<\/div>","protected":false},"excerpt":{"rendered":"<p>At FMP Company, we specialize in manufacturing a wide range of Stainless Steel Worm Gears designed to meet diverse industrial needs. In addition to our extensive catalog, we also offer custom solutions tailored to your specific requirements. If you don\u2019t find the exact model you\u2019re looking for in our product list, it\u2019s likely we haven\u2019t [&hellip;]<\/p>","protected":false},"featured_media":7169,"comment_status":"open","ping_status":"closed","template":"","meta":{"_et_pb_use_builder":"","_et_pb_old_content":"","_et_gb_content_width":""},"product_brand":[],"product_cat":[107],"product_tag":[],"class_list":{"0":"post-7168","1":"product","2":"type-product","3":"status-publish","4":"has-post-thumbnail","6":"product_cat-worm-gear","8":"first","9":"instock","10":"shipping-taxable","11":"product-type-simple"},"_links":{"self":[{"href":"https:\/\/fmp-components.com\/de\/wp-json\/wp\/v2\/product\/7168","targetHints":{"allow":["GET"]}}],"collection":[{"href":"https:\/\/fmp-components.com\/de\/wp-json\/wp\/v2\/product"}],"about":[{"href":"https:\/\/fmp-components.com\/de\/wp-json\/wp\/v2\/types\/product"}],"replies":[{"embeddable":true,"href":"https:\/\/fmp-components.com\/de\/wp-json\/wp\/v2\/comments?post=7168"}],"wp:featuredmedia":[{"embeddable":true,"href":"https:\/\/fmp-components.com\/de\/wp-json\/wp\/v2\/media\/7169"}],"wp:attachment":[{"href":"https:\/\/fmp-components.com\/de\/wp-json\/wp\/v2\/media?parent=7168"}],"wp:term":[{"taxonomy":"product_brand","embeddable":true,"href":"https:\/\/fmp-components.com\/de\/wp-json\/wp\/v2\/product_brand?post=7168"},{"taxonomy":"product_cat","embeddable":true,"href":"https:\/\/fmp-components.com\/de\/wp-json\/wp\/v2\/product_cat?post=7168"},{"taxonomy":"product_tag","embeddable":true,"href":"https:\/\/fmp-components.com\/de\/wp-json\/wp\/v2\/product_tag?post=7168"}],"curies":[{"name":"wp","href":"https:\/\/api.w.org\/{rel}","templated":true}]}}