{"id":7147,"date":"2025-03-19T06:49:31","date_gmt":"2025-03-19T06:49:31","guid":{"rendered":"https:\/\/fmp-components.com\/?post_type=product&#038;p=7147"},"modified":"2025-03-26T08:52:30","modified_gmt":"2025-03-26T08:52:30","slug":"alloy-steel-worm-and-worm-gear-for-auto-parts","status":"publish","type":"product","link":"https:\/\/fmp-components.com\/de\/product\/alloy-steel-worm-and-worm-gear-for-auto-parts\/","title":{"rendered":"Schnecke und Schneckengetriebe aus legiertem Stahl f\u00fcr Autoteile"},"content":{"rendered":"<p>Bei FMP Company sind wir auf die Herstellung einer breiten Palette von Schneckengetrieben aus legiertem Stahl spezialisiert. <a href=\"https:\/\/fmp-components.com\/de\/worm-gear-and-worm-shaft-2\/\">Schneckengetriebe<\/a> Wir bieten Autoteile, die pr\u00e4zise und langlebig auf die unterschiedlichsten Branchenbed\u00fcrfnisse zugeschnitten sind. Dar\u00fcber hinaus bieten wir individuelle Anpassungen an, um sicherzustellen, dass unsere Produkte perfekt auf Ihre spezifischen Anforderungen abgestimmt sind. Sollten Sie das gew\u00fcnschte Modell nicht in unserer Produktliste finden, bedeutet dies lediglich, dass wir es noch nicht hochgeladen haben. Senden Sie uns einfach eine E-Mail mit Ihren gew\u00fcnschten Spezifikationen. Unsere Ingenieure werden sich innerhalb von 24 Stunden bei Ihnen melden.<\/p>\n<p><img loading=\"lazy\" decoding=\"async\" class=\"alignnone size-full wp-image-7148\" src=\"https:\/\/fmp-components.com\/wp-content\/uploads\/2025\/03\/Alloy-Steel-Worm-And-Worm-Gear-for-Auto-Parts-1.png\" alt=\"Schnecke und Schneckengetriebe aus legiertem Stahl f\u00fcr Autoteile\" width=\"1018\" height=\"709\" title=\"\" srcset=\"https:\/\/fmp-components.com\/wp-content\/uploads\/2025\/03\/Alloy-Steel-Worm-And-Worm-Gear-for-Auto-Parts-1.png 1018w, https:\/\/fmp-components.com\/wp-content\/uploads\/2025\/03\/Alloy-Steel-Worm-And-Worm-Gear-for-Auto-Parts-1-980x683.png 980w, https:\/\/fmp-components.com\/wp-content\/uploads\/2025\/03\/Alloy-Steel-Worm-And-Worm-Gear-for-Auto-Parts-1-480x334.png 480w\" sizes=\"(min-width: 0px) and (max-width: 480px) 480px, (min-width: 481px) and (max-width: 980px) 980px, (min-width: 981px) 1018px, 100vw\" \/><\/p>\n<p>Abmessungen: \u03a65mm- \u03a6120mm<br \/>\nModul: M0.2-M2.2<br \/>\nMaterialart: Aluminium, Kupfer, Messing, Edelstahl, Stahl, Eisen, Legierung, Titan usw. nach Kundenwunsch<\/p>\n<div class=\"table-responsive\">\n<table class=\"table\" style=\"height: 602px; width: 99.8413%; border-style: solid; border-color: #0d0b0b;\" border=\"1\">\n<tbody>\n<tr>\n<td style=\"width: 99.2693%;\" colspan=\"2\">\n<p style=\"text-align: center;\">Schnecke und Schneckengetriebe aus legiertem Stahl f\u00fcr Autoteile<\/p>\n<\/td>\n<\/tr>\n<tr>\n<td style=\"width: 15.9708%;\">Dimension<\/td>\n<td style=\"width: 83.2985%;\">\u03a65mm- \u03a6120mm<\/td>\n<\/tr>\n<tr>\n<td style=\"width: 15.9708%;\">Modul<\/td>\n<td style=\"width: 83.2985%;\">M0,2-M2,2<\/td>\n<\/tr>\n<tr>\n<td style=\"width: 15.9708%;\">Materialtyp<\/td>\n<td style=\"width: 83.2985%;\">Aluminium, Kupfer, Messing, Edelstahl, Stahl, Eisen, Legierungen, Titan usw. nach Kundenwunsch<\/td>\n<\/tr>\n<tr>\n<td style=\"width: 15.9708%;\">Oberfl\u00e4chenbehandlung<\/td>\n<td style=\"width: 83.2985%;\">Anodisieren, B\u00fcrsten, Verzinken, Lasergravur, Siebdruck, Polieren, Pulverbeschichtung usw.<\/td>\n<\/tr>\n<tr>\n<td style=\"width: 15.9708%;\">Verarbeitung<\/td>\n<td style=\"width: 83.2985%;\">CNC-Drehen, Fr\u00e4sen, Bohren, W\u00e4lzfr\u00e4sen, Polieren, Buchsen, Oberfl\u00e4chenbehandlung usw.<\/td>\n<\/tr>\n<tr>\n<td style=\"width: 15.9708%;\">Anwendung<\/td>\n<td style=\"width: 83.2985%;\">Automobilindustrie, Medizintechnik, Industrie, Milit\u00e4r, Luftfahrt, Maschinenbau usw.<\/td>\n<\/tr>\n<tr>\n<td style=\"width: 15.9708%;\">Ma\u00dfgeschneidert<\/td>\n<td style=\"width: 83.2985%;\">ODM\/OEM<\/td>\n<\/tr>\n<tr>\n<td style=\"width: 15.9708%;\">Probe<\/td>\n<td style=\"width: 83.2985%;\">Muster verf\u00fcgbar<\/td>\n<\/tr>\n<tr>\n<td style=\"width: 15.9708%;\">Verpackungsarten<\/td>\n<td style=\"width: 83.2985%;\">PE-Beutel innen, Karton au\u00dfen oder nach Kundenwunsch<\/td>\n<\/tr>\n<tr>\n<td style=\"width: 15.9708%;\">Lieferarten<\/td>\n<td style=\"width: 83.2985%;\">DHL &amp; TNT &amp; FedEx &amp; UPS<\/td>\n<\/tr>\n<tr>\n<td style=\"width: 15.9708%;\">Toleranz<\/td>\n<td style=\"width: 83.2985%;\">0,001 mm \u2013 0,01 mm \u2013 0,1 mm<\/td>\n<\/tr>\n<\/tbody>\n<\/table>\n<h2>Merkmale von Schnecken und Schneckengetrieben aus legiertem Stahl<\/h2>\n<div>\n<ul>\n<li class=\"break-words\"><strong>Kompaktes Design<\/strong>Schneckengetriebe und Schneckenrads\u00e4tze z\u00e4hlen zu den platzsparendsten Getriebesystemen. Sie sind so konstruiert, dass sie Bewegungen zwischen sich nicht schneidenden rechtwinkligen Wellen \u00fcbertragen und dabei hohe Untersetzungsverh\u00e4ltnisse bei minimalem Platzbedarf erm\u00f6glichen.<\/li>\n<li class=\"break-words\"><strong>Hohe Festigkeit und Haltbarkeit<\/strong>Die aus legiertem Stahl gefertigte und h\u00e4ufig geh\u00e4rtete oder w\u00e4rmebehandelte Schnecke bietet eine au\u00dfergew\u00f6hnliche Zugfestigkeit und Verschlei\u00dffestigkeit und gew\u00e4hrleistet so eine lange Lebensdauer auch unter anspruchsvollen Bedingungen.<\/li>\n<li class=\"break-words\"><strong>Leiser und reibungsloser Betrieb<\/strong>Diese Getriebekombination bietet den leisesten und gleichm\u00e4\u00dfigsten Lauf aller Getriebearten, dank des pr\u00e4zisen Eingriffs von Schnecke und Schneckenrad aus legiertem Stahl, wodurch Ger\u00e4usche und Vibrationen reduziert werden.<\/li>\n<li class=\"break-words\"><strong>\u00dcberlegene Lastenbew\u00e4ltigung<\/strong>: Schnecken aus legiertem Stahl, kombiniert mit Werkstoffen wie Bronze oder Gusseisen f\u00fcr das Schneckenrad, eignen sich hervorragend zur Bew\u00e4ltigung hoher Lasten und Drehmomente und sind daher ideal f\u00fcr Anwendungen, die eine robuste Kraft\u00fcbertragung erfordern.<\/li>\n<li class=\"break-words\"><strong>Verbesserte Effizienz und Vielseitigkeit<\/strong>Dank der guten Bearbeitbarkeit von legiertem Stahl k\u00f6nnen Schnecken pr\u00e4zisionsgeschliffen werden, um optimale Zahnprofile zu erzielen. Dies verbessert die Effizienz und erm\u00f6glicht kundenspezifische Konstruktionen f\u00fcr verschiedene Anwendungen, wie z. B. Maschinenantriebe oder Aufz\u00fcge.<\/li>\n<\/ul>\n<\/div>\n<table style=\"width: 100%;\" border=\"1\" width=\"100%\" cellspacing=\"0\" cellpadding=\"0\">\n<tbody>\n<tr style=\"height: 14.40pt;\">\n<td style=\"height: 14.40pt; width: 49.80pt;\" width=\"83\" height=\"24\"><img loading=\"lazy\" decoding=\"async\" class=\"alignnone size-full wp-image-7150\" src=\"https:\/\/fmp-components.com\/wp-content\/uploads\/2025\/03\/Alloy-Steel-Worm-And-Worm-Gear-for-Auto-Parts-3.webp\" alt=\"Schnecke und Schneckengetriebe aus legiertem Stahl f\u00fcr Autoteile\" width=\"350\" height=\"350\" title=\"\" srcset=\"https:\/\/fmp-components.com\/wp-content\/uploads\/2025\/03\/Alloy-Steel-Worm-And-Worm-Gear-for-Auto-Parts-3.webp 350w, https:\/\/fmp-components.com\/wp-content\/uploads\/2025\/03\/Alloy-Steel-Worm-And-Worm-Gear-for-Auto-Parts-3-300x300.webp 300w, https:\/\/fmp-components.com\/wp-content\/uploads\/2025\/03\/Alloy-Steel-Worm-And-Worm-Gear-for-Auto-Parts-3-150x150.webp 150w, https:\/\/fmp-components.com\/wp-content\/uploads\/2025\/03\/Alloy-Steel-Worm-And-Worm-Gear-for-Auto-Parts-3-12x12.webp 12w, https:\/\/fmp-components.com\/wp-content\/uploads\/2025\/03\/Alloy-Steel-Worm-And-Worm-Gear-for-Auto-Parts-3-100x100.webp 100w\" sizes=\"(max-width: 350px) 100vw, 350px\" \/><\/td>\n<td style=\"width: 48.00pt;\" align=\"right\" width=\"80\"><img loading=\"lazy\" decoding=\"async\" class=\"alignnone size-full wp-image-7151\" src=\"https:\/\/fmp-components.com\/wp-content\/uploads\/2025\/03\/Alloy-Steel-Worm-And-Worm-Gear-for-Auto-Parts-2.webp\" alt=\"Schnecke und Schneckengetriebe aus legiertem Stahl f\u00fcr Autoteile\" width=\"350\" height=\"350\" title=\"\" srcset=\"https:\/\/fmp-components.com\/wp-content\/uploads\/2025\/03\/Alloy-Steel-Worm-And-Worm-Gear-for-Auto-Parts-2.webp 350w, https:\/\/fmp-components.com\/wp-content\/uploads\/2025\/03\/Alloy-Steel-Worm-And-Worm-Gear-for-Auto-Parts-2-300x300.webp 300w, https:\/\/fmp-components.com\/wp-content\/uploads\/2025\/03\/Alloy-Steel-Worm-And-Worm-Gear-for-Auto-Parts-2-150x150.webp 150w, https:\/\/fmp-components.com\/wp-content\/uploads\/2025\/03\/Alloy-Steel-Worm-And-Worm-Gear-for-Auto-Parts-2-12x12.webp 12w, https:\/\/fmp-components.com\/wp-content\/uploads\/2025\/03\/Alloy-Steel-Worm-And-Worm-Gear-for-Auto-Parts-2-100x100.webp 100w\" sizes=\"(max-width: 350px) 100vw, 350px\" \/><\/td>\n<\/tr>\n<\/tbody>\n<\/table>\n<p>&nbsp;<\/p>\n<p><img loading=\"lazy\" decoding=\"async\" class=\"alignnone size-full wp-image-7149\" src=\"https:\/\/fmp-components.com\/wp-content\/uploads\/2025\/03\/Alloy-Steel-Worm-And-Worm-Gear-for-Auto-Parts-4.webp\" alt=\"Schnecke und Schneckengetriebe aus legiertem Stahl f\u00fcr Autoteile\" width=\"773\" height=\"669\" title=\"\" srcset=\"https:\/\/fmp-components.com\/wp-content\/uploads\/2025\/03\/Alloy-Steel-Worm-And-Worm-Gear-for-Auto-Parts-4.webp 773w, https:\/\/fmp-components.com\/wp-content\/uploads\/2025\/03\/Alloy-Steel-Worm-And-Worm-Gear-for-Auto-Parts-4-480x415.webp 480w\" sizes=\"(min-width: 0px) and (max-width: 480px) 480px, (min-width: 481px) 773px, 100vw\" \/><\/p>\n<\/div>","protected":false},"excerpt":{"rendered":"<p>Wir von FMP Company sind spezialisiert auf die Herstellung eines breiten Sortiments an Schnecken und Schneckengetrieben aus legiertem Stahl f\u00fcr die Automobilindustrie. Unsere Produkte sind pr\u00e4zise und langlebig und erf\u00fcllen vielf\u00e4ltige Branchenanforderungen. Dar\u00fcber hinaus bieten wir kundenspezifische Anpassungen an, um sicherzustellen, dass unsere Produkte perfekt auf Ihre individuellen Bed\u00fcrfnisse zugeschnitten sind. Sollten Sie das gew\u00fcnschte Modell nicht in unserem Sortiment finden, [\u2026]<\/p>","protected":false},"featured_media":7152,"comment_status":"open","ping_status":"closed","template":"","meta":{"_et_pb_use_builder":"","_et_pb_old_content":"","_et_gb_content_width":""},"product_brand":[],"product_cat":[107],"product_tag":[],"class_list":{"0":"post-7147","1":"product","2":"type-product","3":"status-publish","4":"has-post-thumbnail","6":"product_cat-worm-gear","8":"first","9":"instock","10":"shipping-taxable","11":"product-type-simple"},"_links":{"self":[{"href":"https:\/\/fmp-components.com\/de\/wp-json\/wp\/v2\/product\/7147","targetHints":{"allow":["GET"]}}],"collection":[{"href":"https:\/\/fmp-components.com\/de\/wp-json\/wp\/v2\/product"}],"about":[{"href":"https:\/\/fmp-components.com\/de\/wp-json\/wp\/v2\/types\/product"}],"replies":[{"embeddable":true,"href":"https:\/\/fmp-components.com\/de\/wp-json\/wp\/v2\/comments?post=7147"}],"wp:featuredmedia":[{"embeddable":true,"href":"https:\/\/fmp-components.com\/de\/wp-json\/wp\/v2\/media\/7152"}],"wp:attachment":[{"href":"https:\/\/fmp-components.com\/de\/wp-json\/wp\/v2\/media?parent=7147"}],"wp:term":[{"taxonomy":"product_brand","embeddable":true,"href":"https:\/\/fmp-components.com\/de\/wp-json\/wp\/v2\/product_brand?post=7147"},{"taxonomy":"product_cat","embeddable":true,"href":"https:\/\/fmp-components.com\/de\/wp-json\/wp\/v2\/product_cat?post=7147"},{"taxonomy":"product_tag","embeddable":true,"href":"https:\/\/fmp-components.com\/de\/wp-json\/wp\/v2\/product_tag?post=7147"}],"curies":[{"name":"wp","href":"https:\/\/api.w.org\/{rel}","templated":true}]}}