{"id":7105,"date":"2025-03-18T06:43:13","date_gmt":"2025-03-18T06:43:13","guid":{"rendered":"https:\/\/fmp-components.com\/?post_type=product&#038;p=7105"},"modified":"2025-03-27T01:23:53","modified_gmt":"2025-03-27T01:23:53","slug":"spiral-bevel-gears-helical-bevel-gear","status":"publish","type":"product","link":"https:\/\/fmp-components.com\/de\/product\/spiral-bevel-gears-helical-bevel-gear\/","title":{"rendered":"Spiralkegelr\u00e4der (Schr\u00e4gkegelrad)"},"content":{"rendered":"<p><img loading=\"lazy\" decoding=\"async\" class=\"size-full wp-image-7130 aligncenter\" src=\"https:\/\/fmp-components.com\/wp-content\/uploads\/2025\/03\/spiral-bevel-gear-product-1.webp\" alt=\"Spiral-Kegelrad\" width=\"1800\" height=\"1201\" title=\"\" srcset=\"https:\/\/fmp-components.com\/wp-content\/uploads\/2025\/03\/spiral-bevel-gear-product-1.webp 1800w, https:\/\/fmp-components.com\/wp-content\/uploads\/2025\/03\/spiral-bevel-gear-product-1-1280x854.webp 1280w, https:\/\/fmp-components.com\/wp-content\/uploads\/2025\/03\/spiral-bevel-gear-product-1-980x654.webp 980w, https:\/\/fmp-components.com\/wp-content\/uploads\/2025\/03\/spiral-bevel-gear-product-1-480x320.webp 480w\" sizes=\"(min-width: 0px) and (max-width: 480px) 480px, (min-width: 481px) and (max-width: 980px) 980px, (min-width: 981px) and (max-width: 1280px) 1280px, (min-width: 1281px) 1800px, 100vw\" \/><\/p>\n<p>Spiralverzahnte Kegelr\u00e4der sind hochentwickelte Hochleistungszahnr\u00e4der mit gebogenen, spiralf\u00f6rmigen Z\u00e4hnen. Sie gew\u00e4hrleisten einen ruhigeren und leiseren Lauf und \u00fcbertragen die Kraft effizient zwischen sich kreuzenden Wellen. Dadurch eignen sie sich ideal f\u00fcr anspruchsvolle Anwendungen in der Automobil-, Luft- und Raumfahrt- sowie Industriemaschinenbranche. Die FMP Company ist auf die Herstellung eines vielf\u00e4ltigen Sortiments an Spiralverzahnten spezialisiert. <a href=\"https:\/\/fmp-components.com\/de\/bevel-gear-2\/\">Kegelr\u00e4der<\/a> Wir fertigen Kegelr\u00e4der nach verschiedenen Spezifikationen und bieten dar\u00fcber hinaus Sonderanfertigungen nach Ihren individuellen Anforderungen an. Sollte das gew\u00fcnschte Modell nicht in unserem Produktkatalog aufgef\u00fchrt sein, keine Sorge \u2013 es wird wahrscheinlich gerade hochgeladen. Senden Sie uns einfach eine E-Mail mit Ihren gew\u00fcnschten Spezifikationen, und unsere erfahrenen Ingenieure melden sich innerhalb von 24 Stunden mit ma\u00dfgeschneiderten L\u00f6sungen bei Ihnen.<\/p>\n<table style=\"width: 100%; height: 24px;\" border=\"1\" width=\"100%\" cellspacing=\"0\" cellpadding=\"0\">\n<tbody>\n<tr style=\"height: 14.40pt;\">\n<td style=\"height: 10px; width: 49.8pt; text-align: center;\" width=\"83\" height=\"24\"><img loading=\"lazy\" decoding=\"async\" class=\"alignnone wp-image-7109\" src=\"https:\/\/fmp-components.com\/wp-content\/uploads\/2025\/03\/chache.webp\" alt=\"Spiralverzahnung\" width=\"323\" height=\"214\" title=\"\" srcset=\"https:\/\/fmp-components.com\/wp-content\/uploads\/2025\/03\/chache.webp 198w, https:\/\/fmp-components.com\/wp-content\/uploads\/2025\/03\/chache-18x12.webp 18w\" sizes=\"(max-width: 323px) 100vw, 323px\" \/> \u00a0 Spiral-Kegelradgetriebe<\/td>\n<td style=\"width: 48pt; height: 10px;\" align=\"right\" width=\"80\">\n<p style=\"text-align: center;\"><img loading=\"lazy\" decoding=\"async\" class=\"alignnone size-full wp-image-7110\" src=\"https:\/\/fmp-components.com\/wp-content\/uploads\/2025\/03\/JCY300-1.webp\" alt=\"Spiralverzahnung\" width=\"1024\" height=\"674\" title=\"\" srcset=\"https:\/\/fmp-components.com\/wp-content\/uploads\/2025\/03\/JCY300-1.webp 1024w, https:\/\/fmp-components.com\/wp-content\/uploads\/2025\/03\/JCY300-1-980x645.webp 980w, https:\/\/fmp-components.com\/wp-content\/uploads\/2025\/03\/JCY300-1-480x316.webp 480w\" sizes=\"(min-width: 0px) and (max-width: 480px) 480px, (min-width: 481px) and (max-width: 980px) 980px, (min-width: 981px) 1024px, 100vw\" \/>Spiral-Kegelrad-LKWs<\/p>\n<\/td>\n<\/tr>\n<tr style=\"height: 14.40pt;\">\n<td style=\"height: 14px; text-align: center;\" height=\"24\"><img loading=\"lazy\" decoding=\"async\" class=\"alignnone wp-image-7112\" src=\"https:\/\/fmp-components.com\/wp-content\/uploads\/2025\/03\/zhiji.webp\" alt=\"Spiralverzahnung\" width=\"326\" height=\"216\" title=\"\" srcset=\"https:\/\/fmp-components.com\/wp-content\/uploads\/2025\/03\/zhiji.webp 198w, https:\/\/fmp-components.com\/wp-content\/uploads\/2025\/03\/zhiji-18x12.webp 18w\" sizes=\"(max-width: 326px) 100vw, 326px\" \/>Spiral-Kegelradmaschinen<\/td>\n<td style=\"height: 14px; text-align: center;\" align=\"right\"><img loading=\"lazy\" decoding=\"async\" class=\"alignnone size-full wp-image-7111\" src=\"https:\/\/fmp-components.com\/wp-content\/uploads\/2025\/03\/tihua-1.webp\" alt=\"Spiralverzahnung\" width=\"1024\" height=\"676\" title=\"\" srcset=\"https:\/\/fmp-components.com\/wp-content\/uploads\/2025\/03\/tihua-1.webp 1024w, https:\/\/fmp-components.com\/wp-content\/uploads\/2025\/03\/tihua-1-980x647.webp 980w, https:\/\/fmp-components.com\/wp-content\/uploads\/2025\/03\/tihua-1-480x317.webp 480w\" sizes=\"(min-width: 0px) and (max-width: 480px) 480px, (min-width: 481px) and (max-width: 980px) 980px, (min-width: 981px) 1024px, 100vw\" \/>Spiralverzahnte Kegelr\u00e4der Drehzahlreduzierer<\/td>\n<\/tr>\n<\/tbody>\n<\/table>\n<h3>Spiralverzahnung vs. Hypoidverzahnung<\/h3>\n<table style=\"width: 100%;\" border=\"1\" width=\"100%\" cellspacing=\"0\" cellpadding=\"0\">\n<tbody>\n<tr style=\"height: 14.40pt;\">\n<td style=\"height: 14.4pt; width: 49.8pt; text-align: center;\" width=\"83\" height=\"24\"><strong>Spiralverzahnte Kegelr\u00e4der<\/strong><\/td>\n<td style=\"width: 48pt; text-align: center;\" align=\"right\" width=\"80\"><strong>Hypoidgetriebe<\/strong><\/td>\n<\/tr>\n<tr style=\"height: 14.40pt;\">\n<td style=\"height: 14.40pt;\" height=\"24\"><img loading=\"lazy\" decoding=\"async\" class=\"alignnone size-full wp-image-7116\" src=\"https:\/\/fmp-components.com\/wp-content\/uploads\/2025\/03\/Hypoid-Gear-Vs-Spiral-Bevel.webp\" alt=\"Hypoid-Getriebe vs. Spiral-Kegelrad\" width=\"534\" height=\"467\" title=\"\" srcset=\"https:\/\/fmp-components.com\/wp-content\/uploads\/2025\/03\/Hypoid-Gear-Vs-Spiral-Bevel.webp 534w, https:\/\/fmp-components.com\/wp-content\/uploads\/2025\/03\/Hypoid-Gear-Vs-Spiral-Bevel-480x420.webp 480w\" sizes=\"(min-width: 0px) and (max-width: 480px) 480px, (min-width: 481px) 534px, 100vw\" \/><\/td>\n<td align=\"right\"><img loading=\"lazy\" decoding=\"async\" class=\"alignnone size-full wp-image-7131\" src=\"https:\/\/fmp-components.com\/wp-content\/uploads\/2025\/03\/Hypoid-bevel-gearset1-1_1.webp\" alt=\"Hypoid-Kegelradsatz\" width=\"534\" height=\"467\" title=\"\" srcset=\"https:\/\/fmp-components.com\/wp-content\/uploads\/2025\/03\/Hypoid-bevel-gearset1-1_1.webp 534w, https:\/\/fmp-components.com\/wp-content\/uploads\/2025\/03\/Hypoid-bevel-gearset1-1_1-480x420.webp 480w\" sizes=\"(min-width: 0px) and (max-width: 480px) 480px, (min-width: 481px) 534px, 100vw\" \/><\/td>\n<\/tr>\n<\/tbody>\n<\/table>\n<h2>Anwendung von Spiral-Kegelr\u00e4dern<\/h2>\n<p>Kegelr\u00e4der finden in unterschiedlichsten Branchen Anwendung, von der Luft- und Raumfahrt (Hochgeschwindigkeits-Gerad- und Spiralkegelr\u00e4der, Spezialst\u00e4hle, Luftvorw\u00e4rmer usw.) bis hin zum Bergbau (Stapler- und Schaufelantriebe, Radbagger, Saugbagger, F\u00f6rdersysteme, M\u00fchlenantriebe usw.).<\/p>\n<p>Sie finden sich h\u00e4ufig in Sandmischern, Kegelm\u00fchlen, K\u00fchlt\u00fcrmen, Gabelstaplern, Schiffsantrieben und -propellern, pharmazeutischen Verpackungsanlagen, Hochgeschwindigkeits-Offsetdruckmaschinen, Polyethylenplattenherstellung, Automobilkomponenten und Eisenbahngetrieben.<\/p>\n<p>In der Robotik eignen sich Kegelradgetriebe ideal f\u00fcr beengte Platzverh\u00e4ltnisse, w\u00e4hrend sie in der Eisenmetallurgie vertikale Walzwerkskonstruktionen st\u00fctzen.<br \/>\nIn der Lebensmittelverarbeitung sind Kegelr\u00e4der unverzichtbar f\u00fcr die Lebensmittelproduktion, die Verpackung und die Herstellung von Konservendosen.<\/p>\n<p>Bei niedrigen Drehzahlen und geringer Last \u00fcbertragen Kegelr\u00e4der effizient Kraft und Bewegung zwischen zwei Wellen.<br \/>\nHypoid-Kegelr\u00e4der werden in Automobilsystemen, wie beispielsweise in Fahrzeugdifferenzialantrieben, eingesetzt.<br \/>\nKegelr\u00e4der spielen auch im Mechanismus von Handbohrmaschinen eine entscheidende Rolle.<br \/>\nBei N\u00e4hmaschinen sind spiralf\u00f6rmige Kegelr\u00e4der ein wichtiger Bestandteil.<\/p>\n<table style=\"width: 104.127%; height: 626px;\" border=\"1\" width=\"100%\" cellspacing=\"0\" cellpadding=\"0\">\n<tbody>\n<tr style=\"height: 14.40pt;\">\n<td style=\"height: 14.4pt; width: 25.1524%;\" width=\"83\" height=\"24\">\u00a0<img loading=\"lazy\" decoding=\"async\" class=\"size-full wp-image-7119 aligncenter\" src=\"https:\/\/fmp-components.com\/wp-content\/uploads\/2025\/03\/Spiral-Bevel-Gear-Uses-Packaging.webp\" alt=\"Spiral-Kegelrad-Anwendungen-Verpackung\" width=\"800\" height=\"600\" title=\"\" srcset=\"https:\/\/fmp-components.com\/wp-content\/uploads\/2025\/03\/Spiral-Bevel-Gear-Uses-Packaging.webp 800w, https:\/\/fmp-components.com\/wp-content\/uploads\/2025\/03\/Spiral-Bevel-Gear-Uses-Packaging-480x360.webp 480w\" sizes=\"(min-width: 0px) and (max-width: 480px) 480px, (min-width: 481px) 800px, 100vw\" \/><\/td>\n<td style=\"width: 25.3049%;\" align=\"right\" width=\"80\"><img loading=\"lazy\" decoding=\"async\" class=\"size-full wp-image-7124 aligncenter\" src=\"https:\/\/fmp-components.com\/wp-content\/uploads\/2025\/03\/Railways.webp\" alt=\"Eisenbahnen\" width=\"800\" height=\"600\" title=\"\" srcset=\"https:\/\/fmp-components.com\/wp-content\/uploads\/2025\/03\/Railways.webp 800w, https:\/\/fmp-components.com\/wp-content\/uploads\/2025\/03\/Railways-480x360.webp 480w\" sizes=\"(min-width: 0px) and (max-width: 480px) 480px, (min-width: 481px) 800px, 100vw\" \/><\/td>\n<td style=\"width: 24.6952%;\" align=\"right\" width=\"154\"><img loading=\"lazy\" decoding=\"async\" class=\"size-full wp-image-7118 aligncenter\" src=\"https:\/\/fmp-components.com\/wp-content\/uploads\/2025\/03\/Spiral-Bevel-Gear-Uses-Printing.webp\" alt=\"Spiral-Kegelrad-Anwendungen-Druck\" width=\"800\" height=\"600\" title=\"\" srcset=\"https:\/\/fmp-components.com\/wp-content\/uploads\/2025\/03\/Spiral-Bevel-Gear-Uses-Printing.webp 800w, https:\/\/fmp-components.com\/wp-content\/uploads\/2025\/03\/Spiral-Bevel-Gear-Uses-Printing-480x360.webp 480w\" sizes=\"(min-width: 0px) and (max-width: 480px) 480px, (min-width: 481px) 800px, 100vw\" \/><\/td>\n<td style=\"width: 24.5426%;\" width=\"80\"><img loading=\"lazy\" decoding=\"async\" class=\"size-full wp-image-7125 aligncenter\" src=\"https:\/\/fmp-components.com\/wp-content\/uploads\/2025\/03\/milling.webp\" alt=\"Mahlen\" width=\"800\" height=\"600\" title=\"\" srcset=\"https:\/\/fmp-components.com\/wp-content\/uploads\/2025\/03\/milling.webp 800w, https:\/\/fmp-components.com\/wp-content\/uploads\/2025\/03\/milling-480x360.webp 480w\" sizes=\"(min-width: 0px) and (max-width: 480px) 480px, (min-width: 481px) 800px, 100vw\" \/><\/td>\n<\/tr>\n<tr style=\"height: 14.40pt;\">\n<td style=\"height: 14.4pt; width: 25.1524%;\" height=\"24\"><img loading=\"lazy\" decoding=\"async\" class=\"size-full wp-image-7122 aligncenter\" src=\"https:\/\/fmp-components.com\/wp-content\/uploads\/2025\/03\/Spiral-Bevel-Gear-Uses-Packaging-1.webp\" alt=\"Spiral-Bevel-Gear-Uses-Packaging-1\" width=\"800\" height=\"600\" title=\"\" srcset=\"https:\/\/fmp-components.com\/wp-content\/uploads\/2025\/03\/Spiral-Bevel-Gear-Uses-Packaging-1.webp 800w, https:\/\/fmp-components.com\/wp-content\/uploads\/2025\/03\/Spiral-Bevel-Gear-Uses-Packaging-1-480x360.webp 480w\" sizes=\"(min-width: 0px) and (max-width: 480px) 480px, (min-width: 481px) 800px, 100vw\" \/><\/td>\n<td style=\"width: 25.3049%;\" align=\"right\"><img loading=\"lazy\" decoding=\"async\" class=\"size-full wp-image-7120 aligncenter\" src=\"https:\/\/fmp-components.com\/wp-content\/uploads\/2025\/03\/Spiral-Bevel-Gear-Uses-Railways-1.webp\" alt=\"Spiral-Bekel-Gear-Uses-Railways-1\" width=\"800\" height=\"600\" title=\"\" srcset=\"https:\/\/fmp-components.com\/wp-content\/uploads\/2025\/03\/Spiral-Bevel-Gear-Uses-Railways-1.webp 800w, https:\/\/fmp-components.com\/wp-content\/uploads\/2025\/03\/Spiral-Bevel-Gear-Uses-Railways-1-480x360.webp 480w\" sizes=\"(min-width: 0px) and (max-width: 480px) 480px, (min-width: 481px) 800px, 100vw\" \/><\/td>\n<td style=\"width: 24.6952%;\" align=\"right\"><img loading=\"lazy\" decoding=\"async\" class=\"size-full wp-image-7121 aligncenter\" src=\"https:\/\/fmp-components.com\/wp-content\/uploads\/2025\/03\/Spiral-Bevel-Gear-Uses-Printing-1.webp\" alt=\"Spiral-Bevel-Gear-Uses-Printing-1\" width=\"800\" height=\"600\" title=\"\" srcset=\"https:\/\/fmp-components.com\/wp-content\/uploads\/2025\/03\/Spiral-Bevel-Gear-Uses-Printing-1.webp 800w, https:\/\/fmp-components.com\/wp-content\/uploads\/2025\/03\/Spiral-Bevel-Gear-Uses-Printing-1-480x360.webp 480w\" sizes=\"(min-width: 0px) and (max-width: 480px) 480px, (min-width: 481px) 800px, 100vw\" \/><\/td>\n<td style=\"width: 24.5426%;\"><img loading=\"lazy\" decoding=\"async\" class=\"size-full wp-image-7123 aligncenter\" src=\"https:\/\/fmp-components.com\/wp-content\/uploads\/2025\/03\/Spiral-Bevel-Gear-Uses-Mining-2.webp\" alt=\"Spiral-Bekel-Gear-Uses-Bergbau-2\" width=\"800\" height=\"600\" title=\"\" srcset=\"https:\/\/fmp-components.com\/wp-content\/uploads\/2025\/03\/Spiral-Bevel-Gear-Uses-Mining-2.webp 800w, https:\/\/fmp-components.com\/wp-content\/uploads\/2025\/03\/Spiral-Bevel-Gear-Uses-Mining-2-480x360.webp 480w\" sizes=\"(min-width: 0px) and (max-width: 480px) 480px, (min-width: 481px) 800px, 100vw\" \/><\/td>\n<\/tr>\n<tr style=\"height: 14.40pt;\">\n<td style=\"height: 14.4pt; width: 25.1524%;\" height=\"24\">\n<div class=\"ptitle\"><strong>Verpackung und Lebensmittelverarbeitung<\/strong><\/div>\n<ul class=\"myp1\">\n<li>Pharmazeutische Verpackungsmaschinen<\/li>\n<li>Kann Produktionsanlagen<\/li>\n<li>Polyethylenfolienproduktion<\/li>\n<li>Speziell entwickelte Getriebe<\/li>\n<\/ul>\n<\/td>\n<td style=\"width: 25.3049%;\" align=\"right\">\n<div class=\"ptitle\" style=\"text-align: left;\"><strong>Eisenbahnen<\/strong><\/div>\n<ul class=\"myp1\">\n<li style=\"text-align: left;\">Registrierter Lieferant der Indischen Eisenbahn<\/li>\n<li style=\"text-align: left;\">Erfahrung im Bereich General\u00fcberholung\/Wiederaufbau<\/li>\n<li style=\"text-align: left;\">Erfahrung im Reverse Engineering von Endantrieben und sekund\u00e4ren Endantrieben bei Diesellokomotiven.<\/li>\n<\/ul>\n<\/td>\n<td style=\"width: 24.6952%;\" align=\"right\">\n<div class=\"ptitle\" style=\"text-align: left;\"><strong>Drucken<\/strong><\/div>\n<ul class=\"myp1\">\n<li style=\"text-align: left;\">Offset-Hochgeschwindigkeits-Druckzahnr\u00e4der<\/li>\n<\/ul>\n<\/td>\n<td style=\"width: 24.5426%;\">\n<div class=\"ptitle\"><strong>Bergbau:<\/strong><\/div>\n<ul class=\"myp1\">\n<li>Schaufelradbagger<\/li>\n<li>Stapler-\/R\u00fcckgewinnungsantriebe<\/li>\n<li>Baggerantriebe<\/li>\n<li>M\u00fchlenantriebe<\/li>\n<li>F\u00f6rderb\u00e4nder<\/li>\n<\/ul>\n<\/td>\n<\/tr>\n<\/tbody>\n<\/table>\n<div>\n<h2>Der Herstellungsprozess von Spiral-Kegelr\u00e4dern<\/h2>\n<p class=\"break-words\">Die Herstellung von Kegelr\u00e4dern beginnt mit der Vorformung eines Rohlings, entweder mit oder ohne Z\u00e4hne. Anschlie\u00dfend wird, falls es sich um Guss- oder Schmiedestahl handelt, dieser gegl\u00fcht, um ihn f\u00fcr die Weiterverarbeitung weicher zu machen. Danach wird der Rohling auf pr\u00e4zise Abmessungen bearbeitet, wobei die Z\u00e4hne geformt oder bereits vorgeformte Z\u00e4hne nach Bedarf nachbearbeitet werden.<\/p>\n<p class=\"break-words\">Anschlie\u00dfend werden die Z\u00e4hne des Zahnrads je nach Verwendungszweck oberfl\u00e4chen- oder vollgeh\u00e4rtet, um die Haltbarkeit zu erh\u00f6hen. Nach dem H\u00e4rten werden die Z\u00e4hne durch Schleifen oder Schaben nachbearbeitet, um eine glatte Oberfl\u00e4che und Pr\u00e4zision zu gew\u00e4hrleisten.<\/p>\n<p class=\"break-words\">Abschlie\u00dfend wird das fertige Kegelrad sorgf\u00e4ltig gepr\u00fcft, um sicherzustellen, dass es alle Konstruktions- und Leistungsstandards erf\u00fcllt und somit seine Qualit\u00e4t und Zuverl\u00e4ssigkeit f\u00fcr praktische Anwendungen gew\u00e4hrleistet ist.<\/p>\n<table style=\"width: 103.016%; height: 65px;\" border=\"1\" width=\"100%\" cellspacing=\"0\" cellpadding=\"0\">\n<tbody>\n<tr style=\"height: 23px;\">\n<td style=\"width: 50.4762%; text-align: center; height: 23px;\"><strong>Spiral-Kegelradschneiden<\/strong><\/td>\n<td style=\"width: 49.2064%; text-align: center; height: 23px;\" align=\"right\" width=\"80\"><strong>Schleifen von Spiral-Kegelr\u00e4dern<\/strong><\/td>\n<\/tr>\n<tr style=\"height: 14.40pt;\">\n<td style=\"height: 14px; width: 50.4762%;\" height=\"24\"><img loading=\"lazy\" decoding=\"async\" class=\"size-full wp-image-7127 aligncenter\" src=\"https:\/\/fmp-components.com\/wp-content\/uploads\/2025\/03\/Spiral-Bevel-Gear-Cutting.webp\" alt=\"Spiral-Kegelrad-Schneiden\" width=\"500\" height=\"210\" title=\"\" srcset=\"https:\/\/fmp-components.com\/wp-content\/uploads\/2025\/03\/Spiral-Bevel-Gear-Cutting.webp 500w, https:\/\/fmp-components.com\/wp-content\/uploads\/2025\/03\/Spiral-Bevel-Gear-Cutting-480x202.webp 480w\" sizes=\"(min-width: 0px) and (max-width: 480px) 480px, (min-width: 481px) 500px, 100vw\" \/><\/td>\n<td style=\"width: 49.2064%; height: 14px;\" align=\"right\"><img loading=\"lazy\" decoding=\"async\" class=\"size-full wp-image-7126 aligncenter\" src=\"https:\/\/fmp-components.com\/wp-content\/uploads\/2025\/03\/Spiral-Bevel-Gear-Grinding.webp\" alt=\"Spiral-Kegelradschleifen\" width=\"500\" height=\"210\" title=\"\" srcset=\"https:\/\/fmp-components.com\/wp-content\/uploads\/2025\/03\/Spiral-Bevel-Gear-Grinding.webp 500w, https:\/\/fmp-components.com\/wp-content\/uploads\/2025\/03\/Spiral-Bevel-Gear-Grinding-480x202.webp 480w\" sizes=\"(min-width: 0px) and (max-width: 480px) 480px, (min-width: 481px) 500px, 100vw\" \/><\/td>\n<\/tr>\n<tr style=\"height: 14.40pt;\">\n<td style=\"height: 14px; width: 50.4762%; text-align: center;\" height=\"24\"><strong>Spiral-Kegelradfr\u00e4sen<\/strong><\/td>\n<td style=\"width: 49.2064%; text-align: center; height: 14px;\" align=\"right\"><strong>Pr\u00fcfung von Spiral-Kegelr\u00e4dern<\/strong><\/td>\n<\/tr>\n<tr style=\"height: 14.40pt;\">\n<td style=\"height: 14px; width: 50.4762%;\" height=\"24\"><img loading=\"lazy\" decoding=\"async\" class=\"alignnone size-full wp-image-7129\" src=\"https:\/\/fmp-components.com\/wp-content\/uploads\/2025\/03\/Spiral-Bevel-Gear-Milling.webp\" alt=\"Spiral-Kegelradfr\u00e4sen\" width=\"500\" height=\"210\" title=\"\" srcset=\"https:\/\/fmp-components.com\/wp-content\/uploads\/2025\/03\/Spiral-Bevel-Gear-Milling.webp 500w, https:\/\/fmp-components.com\/wp-content\/uploads\/2025\/03\/Spiral-Bevel-Gear-Milling-480x202.webp 480w\" sizes=\"(min-width: 0px) and (max-width: 480px) 480px, (min-width: 481px) 500px, 100vw\" \/><\/td>\n<td style=\"width: 49.2064%; height: 14px;\" align=\"right\"><img loading=\"lazy\" decoding=\"async\" class=\"alignnone size-full wp-image-7128\" src=\"https:\/\/fmp-components.com\/wp-content\/uploads\/2025\/03\/Spiral-Bevel-Gear-Model.webp\" alt=\"Spiral-Kegelrad-Modell\" width=\"500\" height=\"210\" title=\"\" srcset=\"https:\/\/fmp-components.com\/wp-content\/uploads\/2025\/03\/Spiral-Bevel-Gear-Model.webp 500w, https:\/\/fmp-components.com\/wp-content\/uploads\/2025\/03\/Spiral-Bevel-Gear-Model-480x202.webp 480w\" sizes=\"(min-width: 0px) and (max-width: 480px) 480px, (min-width: 481px) 500px, 100vw\" \/><\/td>\n<\/tr>\n<\/tbody>\n<\/table>\n<\/div>","protected":false},"excerpt":{"rendered":"<p>Spiral Bevel Gears (Helical Bevel Gears) are advanced, high-performance gears featuring curved, helical teeth that ensure smoother and quieter operation while efficiently transmitting power between intersecting shafts, making them ideal for demanding applications like automotive, aerospace, and industrial machinery. At FMP Company, we specialize in producing a diverse range of Spiral Bevel Gears (Helical Bevel [&hellip;]<\/p>","protected":false},"featured_media":7114,"comment_status":"open","ping_status":"closed","template":"","meta":{"_et_pb_use_builder":"","_et_pb_old_content":"","_et_gb_content_width":""},"product_brand":[],"product_cat":[106],"product_tag":[],"class_list":{"0":"post-7105","1":"product","2":"type-product","3":"status-publish","4":"has-post-thumbnail","6":"product_cat-bevel-gears","8":"first","9":"instock","10":"shipping-taxable","11":"product-type-simple"},"_links":{"self":[{"href":"https:\/\/fmp-components.com\/de\/wp-json\/wp\/v2\/product\/7105","targetHints":{"allow":["GET"]}}],"collection":[{"href":"https:\/\/fmp-components.com\/de\/wp-json\/wp\/v2\/product"}],"about":[{"href":"https:\/\/fmp-components.com\/de\/wp-json\/wp\/v2\/types\/product"}],"replies":[{"embeddable":true,"href":"https:\/\/fmp-components.com\/de\/wp-json\/wp\/v2\/comments?post=7105"}],"wp:featuredmedia":[{"embeddable":true,"href":"https:\/\/fmp-components.com\/de\/wp-json\/wp\/v2\/media\/7114"}],"wp:attachment":[{"href":"https:\/\/fmp-components.com\/de\/wp-json\/wp\/v2\/media?parent=7105"}],"wp:term":[{"taxonomy":"product_brand","embeddable":true,"href":"https:\/\/fmp-components.com\/de\/wp-json\/wp\/v2\/product_brand?post=7105"},{"taxonomy":"product_cat","embeddable":true,"href":"https:\/\/fmp-components.com\/de\/wp-json\/wp\/v2\/product_cat?post=7105"},{"taxonomy":"product_tag","embeddable":true,"href":"https:\/\/fmp-components.com\/de\/wp-json\/wp\/v2\/product_tag?post=7105"}],"curies":[{"name":"wp","href":"https:\/\/api.w.org\/{rel}","templated":true}]}}