{"id":7035,"date":"2025-03-14T08:21:41","date_gmt":"2025-03-14T08:21:41","guid":{"rendered":"https:\/\/fmp-components.com\/?post_type=product&#038;p=7035"},"modified":"2025-03-27T01:24:36","modified_gmt":"2025-03-27T01:24:36","slug":"miter-gears","status":"publish","type":"product","link":"https:\/\/fmp-components.com\/de\/product\/miter-gears\/","title":{"rendered":"Winkelgetriebe"},"content":{"rendered":"<p>Gehrungszahnr\u00e4der sind eine Art von <a href=\"https:\/\/fmp-components.com\/de\/bevel-gear-2\/\">Kegelradgetriebe<\/a> Kegelradgetriebe sind f\u00fcr die Kraft\u00fcbertragung zwischen sich kreuzenden Wellen, typischerweise im 90\u00b0-Winkel, mit einem \u00dcbersetzungsverh\u00e4ltnis von 1:1 ausgelegt und gew\u00e4hrleisten eine effiziente und pr\u00e4zise Kraft\u00fcbertragung in verschiedenen mechanischen Anwendungen. Die FMP Company fertigt ein breites Sortiment an Kegelradgetrieben und bietet kundenspezifische Anpassungen an. Sollte das von Ihnen ben\u00f6tigte Modell nicht in unserem Produktkatalog aufgef\u00fchrt sein, ist dieser m\u00f6glicherweise noch nicht aktualisiert. Bitte senden Sie uns eine E-Mail mit Ihren gew\u00fcnschten Spezifikationen. Unsere Ingenieure werden Ihnen innerhalb von 24 Stunden antworten.<\/p>\n<div>\n<h3>Produktspezifikationen f\u00fcr Gehrungszahnr\u00e4der<\/h3>\n<p class=\"break-words\">Entdecken Sie unser Sortiment an hochwertigen Kegelr\u00e4dern, die f\u00fcr eine effiziente Kraft\u00fcbertragung bei einem Wellenwinkel von 90\u00b0 und einem \u00dcbersetzungsverh\u00e4ltnis von 1:1 entwickelt wurden. Erh\u00e4ltlich in verschiedenen Werkstoffen, Zahnformen und Modulgr\u00f6\u00dfen, eignen sich diese Kegelr\u00e4der ideal f\u00fcr industrielle Anwendungen, Maschinenbau und kundenspezifische Konstruktionsprojekte.<\/p>\n<div class=\"overflow-x-auto my-2\">\n<table style=\"width: 100%;\" border=\"1\" width=\"100%\" cellspacing=\"0\" cellpadding=\"0\">\n<thead class=\"border-b border-primary\/20\">\n<tr class=\"border-primary\/10\">\n<th class=\"break-words\" style=\"width: 17.3016%;\"><strong>Produktmodell<\/strong><\/th>\n<th class=\"break-words\" style=\"width: 7.46029%;\"><strong>Material<\/strong><\/th>\n<th class=\"break-words\" style=\"width: 7.93651%;\"><strong>Modul<\/strong><\/th>\n<th class=\"break-words\" style=\"width: 12.2222%;\"><strong>Anzahl der Z\u00e4hne<\/strong><\/th>\n<th class=\"break-words\" style=\"width: 13.0158%;\"><strong>Bohrungsdurchmesser (mm)<\/strong><\/th>\n<th class=\"break-words\" style=\"width: 10.9524%;\"><strong>Zahntyp<\/strong><\/th>\n<th class=\"break-words\" style=\"width: 12.381%;\"><strong>Druckwinkel<\/strong><\/th>\n<th class=\"break-words\" style=\"width: 8.88889%;\"><strong>Wellenwinkel<\/strong><\/th>\n<th class=\"break-words\" style=\"width: 9.52381%;\"><strong>Gewicht (kg)<\/strong><\/th>\n<\/tr>\n<\/thead>\n<tbody>\n<tr class=\"border-primary\/10\">\n<td class=\"break-words\" style=\"width: 17.3016%;\">MG-ST-101<\/td>\n<td class=\"break-words\" style=\"width: 7.46029%;\">Stahl<\/td>\n<td class=\"break-words\" style=\"width: 7.93651%;\">1.0<\/td>\n<td class=\"break-words\" style=\"width: 12.2222%;\">20<\/td>\n<td class=\"break-words\" style=\"width: 13.0158%;\">8<\/td>\n<td class=\"break-words\" style=\"width: 10.9524%;\">Gerade<\/td>\n<td class=\"break-words\" style=\"width: 12.381%;\">20\u00b0<\/td>\n<td class=\"break-words\" style=\"width: 8.88889%;\">90\u00b0<\/td>\n<td class=\"break-words\" style=\"width: 9.52381%;\">0.15<\/td>\n<\/tr>\n<tr class=\"border-primary\/10\">\n<td class=\"break-words\" style=\"width: 17.3016%;\">MG-SP-152<\/td>\n<td class=\"break-words\" style=\"width: 7.46029%;\">Edelstahl<\/td>\n<td class=\"break-words\" style=\"width: 7.93651%;\">1.5<\/td>\n<td class=\"break-words\" style=\"width: 12.2222%;\">25<\/td>\n<td class=\"break-words\" style=\"width: 13.0158%;\">10<\/td>\n<td class=\"break-words\" style=\"width: 10.9524%;\">Spiral<\/td>\n<td class=\"break-words\" style=\"width: 12.381%;\">20\u00b0<\/td>\n<td class=\"break-words\" style=\"width: 8.88889%;\">90\u00b0<\/td>\n<td class=\"break-words\" style=\"width: 9.52381%;\">0.25<\/td>\n<\/tr>\n<tr class=\"border-primary\/10\">\n<td class=\"break-words\" style=\"width: 17.3016%;\">MG-PL-203<\/td>\n<td class=\"break-words\" style=\"width: 7.46029%;\">Kunststoff (Nylon)<\/td>\n<td class=\"break-words\" style=\"width: 7.93651%;\">2.0<\/td>\n<td class=\"break-words\" style=\"width: 12.2222%;\">30<\/td>\n<td class=\"break-words\" style=\"width: 13.0158%;\">12<\/td>\n<td class=\"break-words\" style=\"width: 10.9524%;\">Gerade<\/td>\n<td class=\"break-words\" style=\"width: 12.381%;\">20\u00b0<\/td>\n<td class=\"break-words\" style=\"width: 8.88889%;\">90\u00b0<\/td>\n<td class=\"break-words\" style=\"width: 9.52381%;\">0.10<\/td>\n<\/tr>\n<tr class=\"border-primary\/10\">\n<td class=\"break-words\" style=\"width: 17.3016%;\">MG-ST-254<\/td>\n<td class=\"break-words\" style=\"width: 7.46029%;\">Stahl<\/td>\n<td class=\"break-words\" style=\"width: 7.93651%;\">2.5<\/td>\n<td class=\"break-words\" style=\"width: 12.2222%;\">20<\/td>\n<td class=\"break-words\" style=\"width: 13.0158%;\">15<\/td>\n<td class=\"break-words\" style=\"width: 10.9524%;\">Gerade<\/td>\n<td class=\"break-words\" style=\"width: 12.381%;\">20\u00b0<\/td>\n<td class=\"break-words\" style=\"width: 8.88889%;\">90\u00b0<\/td>\n<td class=\"break-words\" style=\"width: 9.52381%;\">0.35<\/td>\n<\/tr>\n<tr class=\"border-primary\/10\">\n<td class=\"break-words\" style=\"width: 17.3016%;\">MG-SP-305<\/td>\n<td class=\"break-words\" style=\"width: 7.46029%;\">Edelstahl<\/td>\n<td class=\"break-words\" style=\"width: 7.93651%;\">3.0<\/td>\n<td class=\"break-words\" style=\"width: 12.2222%;\">25<\/td>\n<td class=\"break-words\" style=\"width: 13.0158%;\">20<\/td>\n<td class=\"break-words\" style=\"width: 10.9524%;\">Spiral<\/td>\n<td class=\"break-words\" style=\"width: 12.381%;\">20\u00b0<\/td>\n<td class=\"break-words\" style=\"width: 8.88889%;\">90\u00b0<\/td>\n<td class=\"break-words\" style=\"width: 9.52381%;\">0.50<\/td>\n<\/tr>\n<tr class=\"border-primary\/10\">\n<td class=\"break-words\" style=\"width: 17.3016%;\">MG-AN-451<\/td>\n<td class=\"break-words\" style=\"width: 7.46029%;\">Aluminium<\/td>\n<td class=\"break-words\" style=\"width: 7.93651%;\">4.0<\/td>\n<td class=\"break-words\" style=\"width: 12.2222%;\">30<\/td>\n<td class=\"break-words\" style=\"width: 13.0158%;\">25<\/td>\n<td class=\"break-words\" style=\"width: 10.9524%;\">Gerade<\/td>\n<td class=\"break-words\" style=\"width: 12.381%;\">20\u00b0<\/td>\n<td class=\"break-words\" style=\"width: 8.88889%;\">45\u00b0<\/td>\n<td class=\"break-words\" style=\"width: 9.52381%;\">0.40<\/td>\n<\/tr>\n<tr class=\"border-primary\/10\">\n<td class=\"break-words\" style=\"width: 17.3016%;\">MG-CH-502<\/td>\n<td class=\"break-words\" style=\"width: 7.46029%;\">Aufgekohlter Stahl<\/td>\n<td class=\"break-words\" style=\"width: 7.93651%;\">5.0<\/td>\n<td class=\"break-words\" style=\"width: 12.2222%;\">20<\/td>\n<td class=\"break-words\" style=\"width: 13.0158%;\">30<\/td>\n<td class=\"break-words\" style=\"width: 10.9524%;\">Spiral<\/td>\n<td class=\"break-words\" style=\"width: 12.381%;\">20\u00b0<\/td>\n<td class=\"break-words\" style=\"width: 8.88889%;\">90\u00b0<\/td>\n<td class=\"break-words\" style=\"width: 9.52381%;\">0.75<\/td>\n<\/tr>\n<\/tbody>\n<\/table>\n<h2>Verwandtes Produkt<\/h2>\n<p><img loading=\"lazy\" decoding=\"async\" class=\"alignnone size-full wp-image-7104\" src=\"https:\/\/fmp-components.com\/wp-content\/uploads\/2025\/03\/miter-gear-product.webp\" alt=\"Gehrungsgetriebeprodukt\" width=\"1000\" height=\"800\" title=\"\" srcset=\"https:\/\/fmp-components.com\/wp-content\/uploads\/2025\/03\/miter-gear-product.webp 1000w, https:\/\/fmp-components.com\/wp-content\/uploads\/2025\/03\/miter-gear-product-980x784.webp 980w, https:\/\/fmp-components.com\/wp-content\/uploads\/2025\/03\/miter-gear-product-480x384.webp 480w\" sizes=\"(min-width: 0px) and (max-width: 480px) 480px, (min-width: 481px) and (max-width: 980px) 980px, (min-width: 981px) 1000px, 100vw\" \/><\/p>\n<\/div>\n<\/div>\n<h2>Merkmale von Gehrungszahnr\u00e4dern<\/h2>\n<div>\n<ul>\n<li class=\"break-words\"><strong>Rechtswinkliges Getriebe<\/strong>: Miter Gears sind speziell daf\u00fcr ausgelegt, Kraft und Bewegung zwischen zwei Wellen zu \u00fcbertragen, die sich in einem 90-Grad-Winkel schneiden, wodurch sie sich ideal f\u00fcr kompakte Bauweisen eignen.<\/li>\n<li class=\"break-words\"><strong>\u00dcbersetzungsverh\u00e4ltnis 1:1<\/strong>Diese Zahnr\u00e4der sorgen f\u00fcr ein gleichm\u00e4\u00dfiges Drehzahlverh\u00e4ltnis zwischen Antriebs- und Abtriebswelle und gew\u00e4hrleisten so eine konstante Drehzahl ohne Beschleunigung oder Reduzierung.<\/li>\n<li class=\"break-words\"><strong>Gerades Zahndesign<\/strong>: Mit ihren geradverzahnten Z\u00e4hnen bieten Gehrungszahnr\u00e4der einen einfachen und dennoch effektiven Eingriff f\u00fcr einen reibungslosen und zuverl\u00e4ssigen Betrieb in verschiedenen Anwendungen.<\/li>\n<li class=\"break-words\"><strong>Vielseitige Einsatzm\u00f6glichkeiten<\/strong>Aufgrund ihrer Bauart werden Winkelgetriebe h\u00e4ufig in Maschinen wie Robotern, Automobilsystemen und Industrieanlagen eingesetzt, die pr\u00e4zise Richtungs\u00e4nderungen erfordern.<\/li>\n<li class=\"break-words\"><strong>Hohe Festigkeit und Haltbarkeit<\/strong>Die aus robusten Materialien gefertigten Miter Gears sind so konstruiert, dass sie erheblichen mechanischen Belastungen standhalten und somit eine lange Lebensdauer und Zuverl\u00e4ssigkeit gew\u00e4hrleisten.<\/li>\n<\/ul>\n<h2>\u00dcber FMP<\/h2>\n<p>FMP ist ein f\u00fchrender italienischer Hersteller von Zahnr\u00e4dern und Zahnstangen und bekannt f\u00fcr seine Expertise in der Fertigung von Standardkomponenten und kundenspezifischen L\u00f6sungen. Neben unserem Sortiment an Standardteilen ist FMP auf die Fertigung von Standard- und Spezialzahnr\u00e4dern nach Zeichnungen oder Mustern unserer Kunden spezialisiert. Unsere Zahnr\u00e4der sind in verschiedenen Materialien erh\u00e4ltlich, darunter Kohlenstoffstahl, Edelstahl, Aluminium, Kupfer, Messing und Kunststoff in Schr\u00e4g- oder Stirnradausf\u00fchrung. Bei Bedarf an kundenspezifischen Zahnradprodukten kontaktieren Sie uns gerne per E-Mail. Das engagierte Team professioneller Ingenieure von FMP beantwortet Ihre Anfrage innerhalb von 24 Stunden.<\/p>\n<p><img loading=\"lazy\" decoding=\"async\" class=\"alignnone size-full wp-image-7010\" src=\"https:\/\/fmp-components.com\/wp-content\/uploads\/2025\/03\/bevel-gear-3.webp\" alt=\"Kegelradgetriebe\" width=\"1076\" height=\"721\" title=\"\" srcset=\"https:\/\/fmp-components.com\/wp-content\/uploads\/2025\/03\/bevel-gear-3.webp 1076w, https:\/\/fmp-components.com\/wp-content\/uploads\/2025\/03\/bevel-gear-3-980x657.webp 980w, https:\/\/fmp-components.com\/wp-content\/uploads\/2025\/03\/bevel-gear-3-480x322.webp 480w\" sizes=\"(min-width: 0px) and (max-width: 480px) 480px, (min-width: 481px) and (max-width: 980px) 980px, (min-width: 981px) 1076px, 100vw\" \/><\/p>\n<\/div>","protected":false},"excerpt":{"rendered":"<p>Miter Gears are a type of bevel gear designed to transmit power between intersecting shafts, typically at a 90-degree angle, with a 1:1 gear ratio, providing efficient and precise motion transfer in various mechanical applications. At FMP Company, we produce a diverse range of Miter Gears and offer customization to meet your specific requirements. If [&hellip;]<\/p>","protected":false},"featured_media":4722,"comment_status":"open","ping_status":"closed","template":"","meta":{"_et_pb_use_builder":"","_et_pb_old_content":"","_et_gb_content_width":""},"product_brand":[],"product_cat":[106],"product_tag":[],"class_list":{"0":"post-7035","1":"product","2":"type-product","3":"status-publish","4":"has-post-thumbnail","6":"product_cat-bevel-gears","8":"first","9":"instock","10":"shipping-taxable","11":"product-type-simple"},"_links":{"self":[{"href":"https:\/\/fmp-components.com\/de\/wp-json\/wp\/v2\/product\/7035","targetHints":{"allow":["GET"]}}],"collection":[{"href":"https:\/\/fmp-components.com\/de\/wp-json\/wp\/v2\/product"}],"about":[{"href":"https:\/\/fmp-components.com\/de\/wp-json\/wp\/v2\/types\/product"}],"replies":[{"embeddable":true,"href":"https:\/\/fmp-components.com\/de\/wp-json\/wp\/v2\/comments?post=7035"}],"wp:featuredmedia":[{"embeddable":true,"href":"https:\/\/fmp-components.com\/de\/wp-json\/wp\/v2\/media\/4722"}],"wp:attachment":[{"href":"https:\/\/fmp-components.com\/de\/wp-json\/wp\/v2\/media?parent=7035"}],"wp:term":[{"taxonomy":"product_brand","embeddable":true,"href":"https:\/\/fmp-components.com\/de\/wp-json\/wp\/v2\/product_brand?post=7035"},{"taxonomy":"product_cat","embeddable":true,"href":"https:\/\/fmp-components.com\/de\/wp-json\/wp\/v2\/product_cat?post=7035"},{"taxonomy":"product_tag","embeddable":true,"href":"https:\/\/fmp-components.com\/de\/wp-json\/wp\/v2\/product_tag?post=7035"}],"curies":[{"name":"wp","href":"https:\/\/api.w.org\/{rel}","templated":true}]}}