{"id":7032,"date":"2025-03-14T08:14:15","date_gmt":"2025-03-14T08:14:15","guid":{"rendered":"https:\/\/fmp-components.com\/?post_type=product&#038;p=7032"},"modified":"2025-03-27T01:24:51","modified_gmt":"2025-03-27T01:24:51","slug":"spiral-miter-gears","status":"publish","type":"product","link":"https:\/\/fmp-components.com\/de\/product\/spiral-miter-gears\/","title":{"rendered":"Spiralkegelr\u00e4der"},"content":{"rendered":"<p>Spiralkegelr\u00e4der sind eine Art von <a href=\"https:\/\/fmp-components.com\/de\/bevel-gear-2\/\">Kegelradgetriebe<\/a> Mit Schr\u00e4gverzahnung f\u00fcr die Kraft\u00fcbertragung zwischen sich im rechten Winkel kreuzenden Wellen. Sie bietet einen ruhigeren Lauf und eine h\u00f6here Tragf\u00e4higkeit im Vergleich zu geraden Winkelgetrieben. FMP Company fertigt eine gro\u00dfe Auswahl an Spiralwinkelgetrieben und bietet auch individuelle Anpassungen an Ihre Bed\u00fcrfnisse an. Sollten Sie das gew\u00fcnschte Modell nicht in unserer Produktliste finden, wurde es m\u00f6glicherweise noch nicht hochgeladen. Senden Sie uns gerne eine E-Mail mit Ihren Anforderungen. Unsere Ingenieure werden Ihnen innerhalb von 24 Stunden antworten.<\/p>\n<div data-scroll-horizontal=\"wrap-body\">\n<h2>Spezifikationen f\u00fcr Spiral-Kegelr\u00e4der<\/h2>\n<table style=\"width: 100%;\" border=\"1\" width=\"100%\" cellspacing=\"0\" cellpadding=\"0\">\n<tbody>\n<tr style=\"height: 43.20pt;\">\n<td class=\"et2\" style=\"height: 43.2pt; width: 13.9447%;\" width=\"83\" height=\"72\">Modell<\/td>\n<td class=\"et2\" style=\"width: 1.25628%;\" width=\"80\">Modul<\/td>\n<td class=\"et2\" style=\"width: 6.03015%;\" width=\"154\">Z\u00e4hne<\/td>\n<td class=\"et2\" style=\"width: 10.6784%;\" width=\"80\">Spiralrichtung<\/td>\n<td class=\"et2\" style=\"width: 8.54269%;\" width=\"153\">Teilkreisdurchmesser (mm)<\/td>\n<td class=\"et2\" style=\"width: 8.54272%;\" width=\"80\">Bohrungsdurchmesser (mm)<\/td>\n<td class=\"et2\" style=\"width: 10.3015%;\" width=\"144\">Gesichtsbreite (mm)<\/td>\n<td class=\"et2\" style=\"width: 13.3166%;\" width=\"192\">Material<\/td>\n<td class=\"et2\" style=\"width: 8.0402%;\" width=\"101\">Druckwinkel<\/td>\n<td class=\"et2\" style=\"width: 6.40699%;\" width=\"181\">Spiralwinkel<\/td>\n<td class=\"et2\" style=\"width: 14.5729%;\" width=\"80\">Anwendung<\/td>\n<\/tr>\n<tr style=\"height: 14.40pt;\">\n<td style=\"height: 14.4pt; width: 13.9447%;\" height=\"24\">SMG-20-2-RH<\/td>\n<td style=\"width: 1.25628%;\" align=\"right\">2<\/td>\n<td style=\"width: 6.03015%;\" align=\"right\">20<\/td>\n<td style=\"width: 10.6784%;\">Rechte Hand<\/td>\n<td style=\"width: 8.54269%;\" align=\"right\">40<\/td>\n<td style=\"width: 8.54272%;\" align=\"right\">12<\/td>\n<td style=\"width: 10.3015%;\" align=\"right\">9<\/td>\n<td style=\"width: 13.3166%;\">Geh\u00e4rteter Stahl<\/td>\n<td style=\"width: 8.0402%;\">20\u00b0<\/td>\n<td style=\"width: 6.40699%;\">35\u00b0<\/td>\n<td style=\"width: 14.5729%;\">Allgemeine Industriemaschinen<\/td>\n<\/tr>\n<tr style=\"height: 14.40pt;\">\n<td style=\"height: 14.4pt; width: 13.9447%;\" height=\"24\">SMG-25-3-LH<\/td>\n<td style=\"width: 1.25628%;\" align=\"right\">3<\/td>\n<td style=\"width: 6.03015%;\" align=\"right\">25<\/td>\n<td style=\"width: 10.6784%;\">Linke Hand<\/td>\n<td style=\"width: 8.54269%;\" align=\"right\">75<\/td>\n<td style=\"width: 8.54272%;\" align=\"right\">20<\/td>\n<td style=\"width: 10.3015%;\" align=\"right\">15<\/td>\n<td style=\"width: 13.3166%;\">Aufgekohlter Stahl<\/td>\n<td style=\"width: 8.0402%;\">20\u00b0<\/td>\n<td style=\"width: 6.40699%;\">35\u00b0<\/td>\n<td style=\"width: 14.5729%;\">Drehmomentstarkes Getriebe<\/td>\n<\/tr>\n<tr style=\"height: 14.40pt;\">\n<td style=\"height: 14.4pt; width: 13.9447%;\" height=\"24\">SMG-15-1.5-RH<\/td>\n<td style=\"width: 1.25628%;\" align=\"right\">1.5<\/td>\n<td style=\"width: 6.03015%;\" align=\"right\">15<\/td>\n<td style=\"width: 10.6784%;\">Rechte Hand<\/td>\n<td style=\"width: 8.54269%;\" align=\"right\">22.5<\/td>\n<td style=\"width: 8.54272%;\" align=\"right\">8<\/td>\n<td style=\"width: 10.3015%;\" align=\"right\">7<\/td>\n<td style=\"width: 13.3166%;\">Edelstahl (SUS303)<\/td>\n<td style=\"width: 8.0402%;\">20\u00b0<\/td>\n<td style=\"width: 6.40699%;\">35\u00b0<\/td>\n<td style=\"width: 14.5729%;\">Lebensmittelverarbeitungsger\u00e4te<\/td>\n<\/tr>\n<tr style=\"height: 14.40pt;\">\n<td style=\"height: 14.4pt; width: 13.9447%;\" height=\"24\">SMG-30-4-LH<\/td>\n<td style=\"width: 1.25628%;\" align=\"right\">4<\/td>\n<td style=\"width: 6.03015%;\" align=\"right\">30<\/td>\n<td style=\"width: 10.6784%;\">Linke Hand<\/td>\n<td style=\"width: 8.54269%;\" align=\"right\">120<\/td>\n<td style=\"width: 8.54272%;\" align=\"right\">25<\/td>\n<td style=\"width: 10.3015%;\" align=\"right\">20<\/td>\n<td style=\"width: 13.3166%;\">Legierter Stahl (SCM415)<\/td>\n<td style=\"width: 8.0402%;\">20\u00b0<\/td>\n<td style=\"width: 6.40699%;\">35\u00b0<\/td>\n<td style=\"width: 14.5729%;\">Schwerlastf\u00f6rderer<\/td>\n<\/tr>\n<tr style=\"height: 14.40pt;\">\n<td style=\"height: 14.4pt; width: 13.9447%;\" height=\"24\">SMG-18-2.5-RH<\/td>\n<td style=\"width: 1.25628%;\" align=\"right\">2.5<\/td>\n<td style=\"width: 6.03015%;\" align=\"right\">18<\/td>\n<td style=\"width: 10.6784%;\">Rechte Hand<\/td>\n<td style=\"width: 8.54269%;\" align=\"right\">45<\/td>\n<td style=\"width: 8.54272%;\" align=\"right\">15<\/td>\n<td style=\"width: 10.3015%;\" align=\"right\">12<\/td>\n<td style=\"width: 13.3166%;\">Geh\u00e4rteter Stahl (Schwarzoxid)<\/td>\n<td style=\"width: 8.0402%;\">20\u00b0<\/td>\n<td style=\"width: 6.40699%;\">35\u00b0<\/td>\n<td style=\"width: 14.5729%;\">Automobilsysteme<\/td>\n<\/tr>\n<tr style=\"height: 14.40pt;\">\n<td style=\"height: 14.4pt; width: 13.9447%;\" height=\"24\">SMG-12-1-RH<\/td>\n<td style=\"width: 1.25628%;\" align=\"right\">1<\/td>\n<td style=\"width: 6.03015%;\" align=\"right\">12<\/td>\n<td style=\"width: 10.6784%;\">Rechte Hand<\/td>\n<td style=\"width: 8.54269%;\" align=\"right\">12<\/td>\n<td style=\"width: 8.54272%;\" align=\"right\">6<\/td>\n<td style=\"width: 10.3015%;\" align=\"right\">5<\/td>\n<td style=\"width: 13.3166%;\">Messing<\/td>\n<td style=\"width: 8.0402%;\">20\u00b0<\/td>\n<td style=\"width: 6.40699%;\">35\u00b0<\/td>\n<td style=\"width: 14.5729%;\">Pr\u00e4zisionsinstrumente<\/td>\n<\/tr>\n<tr style=\"height: 14.40pt;\">\n<td style=\"height: 14.4pt; width: 13.9447%;\" height=\"24\">SMG-35-5-LH<\/td>\n<td style=\"width: 1.25628%;\" align=\"right\">5<\/td>\n<td style=\"width: 6.03015%;\" align=\"right\">35<\/td>\n<td style=\"width: 10.6784%;\">Linke Hand<\/td>\n<td style=\"width: 8.54269%;\" align=\"right\">175<\/td>\n<td style=\"width: 8.54272%;\" align=\"right\">30<\/td>\n<td style=\"width: 10.3015%;\" align=\"right\">25<\/td>\n<td style=\"width: 13.3166%;\">Geh\u00e4rteter Stahl<\/td>\n<td style=\"width: 8.0402%;\">20\u00b0<\/td>\n<td style=\"width: 6.40699%;\">35\u00b0<\/td>\n<td style=\"width: 14.5729%;\">Bergbauausr\u00fcstung<\/td>\n<\/tr>\n<tr style=\"height: 14.40pt;\">\n<td style=\"height: 14.4pt; width: 13.9447%;\" height=\"24\">SMG-16-2-LH<\/td>\n<td style=\"width: 1.25628%;\" align=\"right\">2<\/td>\n<td style=\"width: 6.03015%;\" align=\"right\">16<\/td>\n<td style=\"width: 10.6784%;\">Linke Hand<\/td>\n<td style=\"width: 8.54269%;\" align=\"right\">32<\/td>\n<td style=\"width: 8.54272%;\" align=\"right\">10<\/td>\n<td style=\"width: 10.3015%;\" align=\"right\">8<\/td>\n<td style=\"width: 13.3166%;\">Edelstahl (SUS304)<\/td>\n<td style=\"width: 8.0402%;\">20\u00b0<\/td>\n<td style=\"width: 6.40699%;\">35\u00b0<\/td>\n<td style=\"width: 14.5729%;\">Marineanwendungen<\/td>\n<\/tr>\n<tr style=\"height: 14.40pt;\">\n<td style=\"height: 14.4pt; width: 13.9447%;\" height=\"24\">SMG-22-3-RH<\/td>\n<td style=\"width: 1.25628%;\" align=\"right\">3<\/td>\n<td style=\"width: 6.03015%;\" align=\"right\">22<\/td>\n<td style=\"width: 10.6784%;\">Rechte Hand<\/td>\n<td style=\"width: 8.54269%;\" align=\"right\">66<\/td>\n<td style=\"width: 8.54272%;\" align=\"right\">18<\/td>\n<td style=\"width: 10.3015%;\" align=\"right\">14<\/td>\n<td style=\"width: 13.3166%;\">Legierter Stahl (SCM435)<\/td>\n<td style=\"width: 8.0402%;\">20\u00b0<\/td>\n<td style=\"width: 6.40699%;\">35\u00b0<\/td>\n<td style=\"width: 14.5729%;\">Robotik<\/td>\n<\/tr>\n<tr style=\"height: 14.40pt;\">\n<td style=\"height: 14.4pt; width: 13.9447%;\" height=\"24\">SMG-28-4-RH<\/td>\n<td style=\"width: 1.25628%;\" align=\"right\">4<\/td>\n<td style=\"width: 6.03015%;\" align=\"right\">28<\/td>\n<td style=\"width: 10.6784%;\">Rechte Hand<\/td>\n<td style=\"width: 8.54269%;\" align=\"right\">112<\/td>\n<td style=\"width: 8.54272%;\" align=\"right\">22<\/td>\n<td style=\"width: 10.3015%;\" align=\"right\">18<\/td>\n<td style=\"width: 13.3166%;\">Aufgekohlter Stahl<\/td>\n<td style=\"width: 8.0402%;\">20\u00b0<\/td>\n<td style=\"width: 6.40699%;\">35\u00b0<\/td>\n<td style=\"width: 14.5729%;\">Baumaschinen<\/td>\n<\/tr>\n<\/tbody>\n<\/table>\n<h2>Merkmale von Spiralkegelr\u00e4dern<\/h2>\n<div>\n<ul>\n<li class=\"break-words\"><strong>Schr\u00e4gverzahntes Design<\/strong>: Spiral-Gehrungszahnr\u00e4der verf\u00fcgen \u00fcber gekr\u00fcmmte Schr\u00e4gz\u00e4hne, die im Vergleich zu geradlinig verzahnten Zahnr\u00e4dern ein allm\u00e4hliches Eingreifen, einen sanfteren Betrieb und weniger L\u00e4rm erm\u00f6glichen.<\/li>\n<li class=\"break-words\"><strong>Hohe Tragf\u00e4higkeit<\/strong>: Durch die Spiralzahnanordnung werden die Kr\u00e4fte gleichm\u00e4\u00dfiger auf die Z\u00e4hne des Zahnrads verteilt, sodass diese Zahnr\u00e4der h\u00f6here Drehmomente und schwerere Lasten effektiv bew\u00e4ltigen k\u00f6nnen.<\/li>\n<li class=\"break-words\"><strong>Rechtwinklige Kraft\u00fcbertragung<\/strong>: Diese Zahnr\u00e4der sind f\u00fcr die Kraft\u00fcbertragung zwischen zwei sich in einem 90-Grad-Winkel kreuzenden Wellen ausgelegt und eignen sich daher ideal f\u00fcr kompakte mechanische Systeme.<\/li>\n<li class=\"break-words\"><strong>Verbesserte Effizienz<\/strong>: Das spiralf\u00f6rmige Design minimiert Vibrationen und Spiel, was zu h\u00f6herer Effizienz und Pr\u00e4zision bei Kraft\u00fcbertragungsanwendungen f\u00fchrt.<\/li>\n<li class=\"break-words\"><strong>Haltbarkeit und Langlebigkeit<\/strong>: Spiral-Gehrungszahnr\u00e4der werden aus hochwertigen Materialien hergestellt und f\u00fcr optimalen Zahnkontakt konstruiert. Sie bieten eine verbesserte Verschlei\u00dffestigkeit und eine l\u00e4ngere Lebensdauer.<\/li>\n<\/ul>\n<p><img loading=\"lazy\" decoding=\"async\" class=\"alignnone size-full wp-image-7034\" src=\"https:\/\/fmp-components.com\/wp-content\/uploads\/2025\/03\/Spiral-Miter-Gears-Product.webp\" alt=\"Spiralkegelr\u00e4der Produkt\" width=\"1200\" height=\"1200\" title=\"\" srcset=\"https:\/\/fmp-components.com\/wp-content\/uploads\/2025\/03\/Spiral-Miter-Gears-Product.webp 1200w, https:\/\/fmp-components.com\/wp-content\/uploads\/2025\/03\/Spiral-Miter-Gears-Product-980x980.webp 980w, https:\/\/fmp-components.com\/wp-content\/uploads\/2025\/03\/Spiral-Miter-Gears-Product-480x480.webp 480w\" sizes=\"(min-width: 0px) and (max-width: 480px) 480px, (min-width: 481px) and (max-width: 980px) 980px, (min-width: 981px) 1200px, 100vw\" \/><\/p>\n<\/div>\n<\/div>\n<div data-scroll-horizontal=\"wrap-body\">\n<h2>\u00dcber FMP<\/h2>\n<p>FMP ist ein f\u00fchrender italienischer Hersteller von Zahnr\u00e4dern und Zahnstangen und bekannt f\u00fcr seine Expertise in der Fertigung von Standardkomponenten und kundenspezifischen L\u00f6sungen. Neben unserem Sortiment an Standardteilen ist FMP auf die Fertigung von Standard- und Spezialzahnr\u00e4dern nach Zeichnungen oder Mustern unserer Kunden spezialisiert. Unsere Zahnr\u00e4der sind in verschiedenen Materialien erh\u00e4ltlich, darunter Kohlenstoffstahl, Edelstahl, Aluminium, Kupfer, Messing und Kunststoff in Schr\u00e4g- oder Stirnradausf\u00fchrung. Bei Bedarf an kundenspezifischen Zahnradprodukten kontaktieren Sie uns gerne per E-Mail. Das engagierte Team professioneller Ingenieure von FMP beantwortet Ihre Anfrage innerhalb von 24 Stunden.<\/p>\n<p><img loading=\"lazy\" decoding=\"async\" class=\"alignnone size-full wp-image-7010\" src=\"https:\/\/fmp-components.com\/wp-content\/uploads\/2025\/03\/bevel-gear-3.webp\" alt=\"Kegelradgetriebe\" width=\"1076\" height=\"721\" title=\"\" srcset=\"https:\/\/fmp-components.com\/wp-content\/uploads\/2025\/03\/bevel-gear-3.webp 1076w, https:\/\/fmp-components.com\/wp-content\/uploads\/2025\/03\/bevel-gear-3-980x657.webp 980w, https:\/\/fmp-components.com\/wp-content\/uploads\/2025\/03\/bevel-gear-3-480x322.webp 480w\" sizes=\"(min-width: 0px) and (max-width: 480px) 480px, (min-width: 481px) and (max-width: 980px) 980px, (min-width: 981px) 1076px, 100vw\" \/><\/p>\n<\/div>","protected":false},"excerpt":{"rendered":"<p>Spiral Miter Gears are a type of bevel gear with helical teeth designed to transmit power between intersecting shafts at a right angle, offering smoother operation and higher load capacity compared to straight miter gears. At FMP Company, we manufacture a wide variety of Spiral Miter Gears and also offer customization to meet your specific [&hellip;]<\/p>","protected":false},"featured_media":4344,"comment_status":"open","ping_status":"closed","template":"","meta":{"_et_pb_use_builder":"","_et_pb_old_content":"","_et_gb_content_width":""},"product_brand":[],"product_cat":[15],"product_tag":[],"class_list":{"0":"post-7032","1":"product","2":"type-product","3":"status-publish","4":"has-post-thumbnail","6":"product_cat-uncategorized","8":"first","9":"instock","10":"shipping-taxable","11":"product-type-simple"},"_links":{"self":[{"href":"https:\/\/fmp-components.com\/de\/wp-json\/wp\/v2\/product\/7032","targetHints":{"allow":["GET"]}}],"collection":[{"href":"https:\/\/fmp-components.com\/de\/wp-json\/wp\/v2\/product"}],"about":[{"href":"https:\/\/fmp-components.com\/de\/wp-json\/wp\/v2\/types\/product"}],"replies":[{"embeddable":true,"href":"https:\/\/fmp-components.com\/de\/wp-json\/wp\/v2\/comments?post=7032"}],"wp:featuredmedia":[{"embeddable":true,"href":"https:\/\/fmp-components.com\/de\/wp-json\/wp\/v2\/media\/4344"}],"wp:attachment":[{"href":"https:\/\/fmp-components.com\/de\/wp-json\/wp\/v2\/media?parent=7032"}],"wp:term":[{"taxonomy":"product_brand","embeddable":true,"href":"https:\/\/fmp-components.com\/de\/wp-json\/wp\/v2\/product_brand?post=7032"},{"taxonomy":"product_cat","embeddable":true,"href":"https:\/\/fmp-components.com\/de\/wp-json\/wp\/v2\/product_cat?post=7032"},{"taxonomy":"product_tag","embeddable":true,"href":"https:\/\/fmp-components.com\/de\/wp-json\/wp\/v2\/product_tag?post=7032"}],"curies":[{"name":"wp","href":"https:\/\/api.w.org\/{rel}","templated":true}]}}