{"id":7030,"date":"2025-03-14T07:40:07","date_gmt":"2025-03-14T07:40:07","guid":{"rendered":"https:\/\/fmp-components.com\/?post_type=product&#038;p=7030"},"modified":"2025-03-27T01:25:11","modified_gmt":"2025-03-27T01:25:11","slug":"straight-bevel-gear","status":"publish","type":"product","link":"https:\/\/fmp-components.com\/de\/product\/straight-bevel-gear\/","title":{"rendered":"Geradkegelrad"},"content":{"rendered":"<p>Ein geradverzahntes Kegelrad ist eine Art von <a href=\"https:\/\/fmp-components.com\/de\/bevel-gear-2\/\">Kegelradgetriebe<\/a> Mit geraden, sich verj\u00fcngenden Z\u00e4hnen, die entlang der Kegelfl\u00e4che des Zahnrads verlaufen, \u00fcbertragen sie die Kraft effizient zwischen sich kreuzenden Wellen, typischerweise in einem 90-Grad-Winkel. Sie bieten Einfachheit und Zuverl\u00e4ssigkeit in Anwendungen wie Kfz-Differenzialen und Maschinen. Wir von FMP Company sind stolz darauf, ein breites Sortiment an Kegelr\u00e4dern herzustellen, darunter gerade, spiralf\u00f6rmige und schr\u00e4gverzahnte Ausf\u00fchrungen. Dar\u00fcber hinaus bieten wir kundenspezifische L\u00f6sungen f\u00fcr Ihre individuellen Anforderungen. Sollten Sie das gew\u00fcnschte Modell nicht in unserer Produktliste finden, bedeutet dies lediglich, dass wir diese noch nicht aktualisiert haben. Senden Sie uns einfach eine E-Mail mit Ihren gew\u00fcnschten Spezifikationen. Unsere Ingenieure werden Ihnen innerhalb von 24 Stunden mit einer ma\u00dfgeschneiderten L\u00f6sung antworten.<\/p>\n<h2>Spezifikation<\/h2>\n<table class=\"table\" border=\"1\" width=\"100%\" cellspacing=\"0\" cellpadding=\"0\">\n<tbody>\n<tr class=\"firstRow\">\n<td valign=\"center\" width=\"132\">Modellnummer<\/td>\n<td valign=\"center\" width=\"491\">M3, M4, M5, M8, M12 usw.<\/td>\n<\/tr>\n<tr>\n<td valign=\"center\" width=\"132\">Material<\/td>\n<td valign=\"center\" width=\"491\">Messing, C45-Stahl, Edelstahl, Kupfer, POM, Aluminium, Legierung usw.<\/td>\n<\/tr>\n<tr>\n<td valign=\"center\" width=\"132\">Oberfl\u00e4chenbehandlung<\/td>\n<td valign=\"center\" width=\"491\">Verzinkt, vernickelt, Passivierung, Oxidation, Eloxierung,<br \/>\nGeomet, Dacromet, Schwarzoxid, Phosphatieren, Pulverbeschichten und Elektrophorese<\/td>\n<\/tr>\n<tr>\n<td valign=\"center\" width=\"132\">Standard<\/td>\n<td valign=\"center\" width=\"491\">ISO, DIN, ANSI, JIS, BS und Nicht-Standard.<\/td>\n<\/tr>\n<tr>\n<td valign=\"center\" width=\"132\">Pr\u00e4zision<\/td>\n<td valign=\"center\" width=\"491\">DIN6, DIN7, DIN8, DIN9.<\/td>\n<\/tr>\n<tr>\n<td valign=\"center\" width=\"132\">Zahnbehandlung<\/td>\n<td valign=\"center\" width=\"491\">Geh\u00e4rtet, gefr\u00e4st oder geschliffen<\/td>\n<\/tr>\n<tr>\n<td valign=\"center\" width=\"132\">Toleranz<\/td>\n<td valign=\"center\" width=\"491\">0,001 mm \u2013 0,01 mm \u2013 0,1 mm<\/td>\n<\/tr>\n<tr>\n<td valign=\"center\" width=\"132\">Beenden<\/td>\n<td valign=\"center\" width=\"491\">Kugelstrahlen\/Sandstrahlen, W\u00e4rmebehandlung, Gl\u00fchen, Anlassen, Polieren, Eloxieren, Verzinken<\/td>\n<\/tr>\n<tr>\n<td valign=\"center\" width=\"132\">Artikelverpackung<\/td>\n<td valign=\"center\" width=\"491\">Plastikt\u00fcte + Kartons oder Holzverpackung<\/td>\n<\/tr>\n<tr>\n<td valign=\"center\" width=\"132\">Zahlungsbedingungen<\/td>\n<td valign=\"center\" width=\"491\">T\/T, L\/C<\/td>\n<\/tr>\n<tr>\n<td valign=\"center\" width=\"132\">Produktionsvorlaufzeit<\/td>\n<td valign=\"center\" width=\"491\">20 Werktage f\u00fcr Muster, 25 Tage f\u00fcr die Masse<\/td>\n<\/tr>\n<tr>\n<td valign=\"center\" width=\"132\">Proben<\/td>\n<td valign=\"center\" width=\"491\">Beispielpreisspanne von $2 bis $100.<br \/>\nBeispiel f\u00fcr eine Expressanfrage, die von Kunden bezahlt wird<\/td>\n<\/tr>\n<tr>\n<td valign=\"center\" width=\"132\">Anwendung<\/td>\n<td valign=\"center\" width=\"491\">1. Automatische Steuerungsmaschine<br \/>\n2. Halbleiterindustrie<br \/>\n3. Allgemeine Industriemaschinen<br \/>\n4. Medizinische Ger\u00e4te<br \/>\n5. Solarenergieausr\u00fcstung<br \/>\n6. Werkzeugmaschine<br \/>\n7. Parksystem<br \/>\n8. Hochgeschwindigkeits-Schienen- und Flugtransportausr\u00fcstung usw.<\/td>\n<\/tr>\n<\/tbody>\n<\/table>\n<h2>Merkmale von geraden Kegelr\u00e4dern<\/h2>\n<div>\n<ul>\n<li class=\"break-words\"><strong>Gerades Zahndesign<\/strong>Gerade Kegelr\u00e4der haben Z\u00e4hne, die gerade geschnitten sind und sich entlang der Kegelfl\u00e4che verj\u00fcngen. Dadurch wird eine einfache und effektive Konstruktion zur Kraft\u00fcbertragung zwischen sich schneidenden Wellen erm\u00f6glicht.<\/li>\n<li class=\"break-words\"><strong>Effiziente Kraft\u00fcbertragung<\/strong>Diese Zahnr\u00e4der sind so konstruiert, dass sie Drehmomente gleichm\u00e4\u00dfig und zuverl\u00e4ssig \u00fcbertragen, typischerweise in einem Winkel von 90 Grad, wodurch sie sich f\u00fcr Anwendungen wie Kfz-Differentiale und einfache Maschinen eignen.<\/li>\n<li class=\"break-words\"><strong>Kosteng\u00fcnstige Produktion<\/strong>Die einfache Zahngeometrie erm\u00f6glicht eine leichtere und kosteng\u00fcnstigere Fertigung im Vergleich zu Spiral- oder Schr\u00e4gverzahnungen und bietet somit eine wirtschaftliche Option f\u00fcr viele Systeme.<\/li>\n<li class=\"break-words\"><strong>Mittlere Belastbarkeit<\/strong>Gerade Kegelr\u00e4der sind zwar in der Lage, moderate Lasten zu bew\u00e4ltigen, haben aber eine geringere Zahnkontaktfl\u00e4che als Spiralverzahnungen, weshalb sie sich am besten f\u00fcr Anwendungen mit niedrigeren Drehmoment- oder Drehzahlanforderungen eignen.<\/li>\n<li class=\"break-words\"><strong>Kompakt und vielseitig<\/strong>Ihre konische Form erm\u00f6glicht eine kompakte Integration in mechanische Systeme und bietet somit Flexibilit\u00e4t bei Layouts mit begrenztem Platzangebot, allerdings k\u00f6nnen sie unter Hochgeschwindigkeitsbedingungen mehr L\u00e4rm und Vibrationen verursachen.<\/li>\n<\/ul>\n<p><img loading=\"lazy\" decoding=\"async\" class=\"alignnone size-full wp-image-7031\" src=\"https:\/\/fmp-components.com\/wp-content\/uploads\/2025\/03\/Straight-Bevel-Gear-1.webp\" alt=\"Geradverzahntes Kegelrad\" width=\"969\" height=\"648\" title=\"\" srcset=\"https:\/\/fmp-components.com\/wp-content\/uploads\/2025\/03\/Straight-Bevel-Gear-1.webp 969w, https:\/\/fmp-components.com\/wp-content\/uploads\/2025\/03\/Straight-Bevel-Gear-1-480x321.webp 480w\" sizes=\"(min-width: 0px) and (max-width: 480px) 480px, (min-width: 481px) 969px, 100vw\" \/><\/p>\n<\/div>\n<h2>\u00dcber FMP<\/h2>\n<p>FMP ist ein f\u00fchrender italienischer Hersteller von Zahnr\u00e4dern und Zahnstangen und bekannt f\u00fcr seine Expertise in der Fertigung von Standardkomponenten und kundenspezifischen L\u00f6sungen. Neben unserem Sortiment an Standardteilen ist FMP auf die Fertigung von Standard- und Spezialzahnr\u00e4dern nach Zeichnungen oder Mustern unserer Kunden spezialisiert. Unsere Zahnr\u00e4der sind in verschiedenen Materialien erh\u00e4ltlich, darunter Kohlenstoffstahl, Edelstahl, Aluminium, Kupfer, Messing und Kunststoff in Schr\u00e4g- oder Stirnradausf\u00fchrung. Bei Bedarf an kundenspezifischen Zahnradprodukten kontaktieren Sie uns gerne per E-Mail. Das engagierte Team professioneller Ingenieure von FMP beantwortet Ihre Anfrage innerhalb von 24 Stunden.<\/p>\n<p><img loading=\"lazy\" decoding=\"async\" class=\"alignnone size-full wp-image-7010\" src=\"https:\/\/fmp-components.com\/wp-content\/uploads\/2025\/03\/bevel-gear-3.webp\" alt=\"Kegelradgetriebe\" width=\"1076\" height=\"721\" title=\"\" srcset=\"https:\/\/fmp-components.com\/wp-content\/uploads\/2025\/03\/bevel-gear-3.webp 1076w, https:\/\/fmp-components.com\/wp-content\/uploads\/2025\/03\/bevel-gear-3-980x657.webp 980w, https:\/\/fmp-components.com\/wp-content\/uploads\/2025\/03\/bevel-gear-3-480x322.webp 480w\" sizes=\"(min-width: 0px) and (max-width: 480px) 480px, (min-width: 481px) and (max-width: 980px) 980px, (min-width: 981px) 1076px, 100vw\" \/><\/p>","protected":false},"excerpt":{"rendered":"<p>A straight bevel gear is a type of bevel gear with straight, tapered teeth cut along the gear\u2019s conical surface, designed to transmit power efficiently between intersecting shafts, typically at a 90-degree angle, offering simplicity and reliability in applications like automotive differentials and machinery. At FMP Company, we proudly manufacture a wide range of bevel [&hellip;]<\/p>","protected":false},"featured_media":4345,"comment_status":"open","ping_status":"closed","template":"","meta":{"_et_pb_use_builder":"","_et_pb_old_content":"","_et_gb_content_width":""},"product_brand":[],"product_cat":[106],"product_tag":[],"class_list":{"0":"post-7030","1":"product","2":"type-product","3":"status-publish","4":"has-post-thumbnail","6":"product_cat-bevel-gears","8":"first","9":"instock","10":"shipping-taxable","11":"product-type-simple"},"_links":{"self":[{"href":"https:\/\/fmp-components.com\/de\/wp-json\/wp\/v2\/product\/7030","targetHints":{"allow":["GET"]}}],"collection":[{"href":"https:\/\/fmp-components.com\/de\/wp-json\/wp\/v2\/product"}],"about":[{"href":"https:\/\/fmp-components.com\/de\/wp-json\/wp\/v2\/types\/product"}],"replies":[{"embeddable":true,"href":"https:\/\/fmp-components.com\/de\/wp-json\/wp\/v2\/comments?post=7030"}],"wp:featuredmedia":[{"embeddable":true,"href":"https:\/\/fmp-components.com\/de\/wp-json\/wp\/v2\/media\/4345"}],"wp:attachment":[{"href":"https:\/\/fmp-components.com\/de\/wp-json\/wp\/v2\/media?parent=7030"}],"wp:term":[{"taxonomy":"product_brand","embeddable":true,"href":"https:\/\/fmp-components.com\/de\/wp-json\/wp\/v2\/product_brand?post=7030"},{"taxonomy":"product_cat","embeddable":true,"href":"https:\/\/fmp-components.com\/de\/wp-json\/wp\/v2\/product_cat?post=7030"},{"taxonomy":"product_tag","embeddable":true,"href":"https:\/\/fmp-components.com\/de\/wp-json\/wp\/v2\/product_tag?post=7030"}],"curies":[{"name":"wp","href":"https:\/\/api.w.org\/{rel}","templated":true}]}}