{"id":7026,"date":"2025-03-14T07:30:53","date_gmt":"2025-03-14T07:30:53","guid":{"rendered":"https:\/\/fmp-components.com\/?post_type=product&#038;p=7026"},"modified":"2025-03-27T01:25:36","modified_gmt":"2025-03-27T01:25:36","slug":"helical-bevel-gear","status":"publish","type":"product","link":"https:\/\/fmp-components.com\/de\/product\/helical-bevel-gear\/","title":{"rendered":"Schr\u00e4gverzahntes Kegelrad"},"content":{"rendered":"<table style=\"border-collapse: collapse; width: 99.2%; height: 7px;\" border=\"0\" width=\"163\" cellspacing=\"0\" cellpadding=\"0\">\n<tbody>\n<tr style=\"height: 14.40pt;\">\n<td style=\"height: 14.40pt; width: 49.80pt;\" width=\"83\" height=\"24\"><img loading=\"lazy\" decoding=\"async\" class=\"alignnone size-full wp-image-7027\" src=\"https:\/\/fmp-components.com\/wp-content\/uploads\/2025\/03\/helical-bevel-gear-3.webp\" alt=\"Schr\u00e4gverzahntes Kegelrad\" width=\"850\" height=\"589\" title=\"\" srcset=\"https:\/\/fmp-components.com\/wp-content\/uploads\/2025\/03\/helical-bevel-gear-3.webp 850w, https:\/\/fmp-components.com\/wp-content\/uploads\/2025\/03\/helical-bevel-gear-3-480x333.webp 480w\" sizes=\"(min-width: 0px) and (max-width: 480px) 480px, (min-width: 481px) 850px, 100vw\" \/><\/td>\n<td style=\"width: 48.00pt;\" align=\"right\" width=\"80\"><img loading=\"lazy\" decoding=\"async\" class=\"alignnone size-full wp-image-7028\" src=\"https:\/\/fmp-components.com\/wp-content\/uploads\/2025\/03\/helical-bevel-gear-2.webp\" alt=\"Schr\u00e4gverzahntes Kegelrad\" width=\"835\" height=\"612\" title=\"\" srcset=\"https:\/\/fmp-components.com\/wp-content\/uploads\/2025\/03\/helical-bevel-gear-2.webp 835w, https:\/\/fmp-components.com\/wp-content\/uploads\/2025\/03\/helical-bevel-gear-2-480x352.webp 480w\" sizes=\"(min-width: 0px) and (max-width: 480px) 480px, (min-width: 481px) 835px, 100vw\" \/><\/td>\n<\/tr>\n<\/tbody>\n<\/table>\n<table class=\"table\" border=\"1\" width=\"100%\" cellspacing=\"0\" cellpadding=\"0\">\n<tbody>\n<tr class=\"firstRow\">\n<td valign=\"center\" width=\"132\">Modellnummer<\/td>\n<td valign=\"center\" width=\"491\">M3, M4, M5, M8, M12 usw.<\/td>\n<\/tr>\n<tr>\n<td valign=\"center\" width=\"132\">Material<\/td>\n<td valign=\"center\" width=\"491\">Messing, C45-Stahl, Edelstahl, Kupfer, POM, Aluminium, Legierung usw.<\/td>\n<\/tr>\n<tr>\n<td valign=\"center\" width=\"132\">Oberfl\u00e4chenbehandlung<\/td>\n<td valign=\"center\" width=\"491\">Verzinkt, vernickelt, Passivierung, Oxidation, Eloxierung,<br \/>\nGeomet, Dacromet, Schwarzoxid, Phosphatieren, Pulverbeschichten und Elektrophorese<\/td>\n<\/tr>\n<tr>\n<td valign=\"center\" width=\"132\">Standard<\/td>\n<td valign=\"center\" width=\"491\">ISO, DIN, ANSI, JIS, BS und Nicht-Standard.<\/td>\n<\/tr>\n<tr>\n<td valign=\"center\" width=\"132\">Pr\u00e4zision<\/td>\n<td valign=\"center\" width=\"491\">DIN6, DIN7, DIN8, DIN9.<\/td>\n<\/tr>\n<tr>\n<td valign=\"center\" width=\"132\">Zahnbehandlung<\/td>\n<td valign=\"center\" width=\"491\">Geh\u00e4rtet, gefr\u00e4st oder geschliffen<\/td>\n<\/tr>\n<tr>\n<td valign=\"center\" width=\"132\">Toleranz<\/td>\n<td valign=\"center\" width=\"491\">0,001 mm \u2013 0,01 mm \u2013 0,1 mm<\/td>\n<\/tr>\n<tr>\n<td valign=\"center\" width=\"132\">Beenden<\/td>\n<td valign=\"center\" width=\"491\">Kugelstrahlen\/Sandstrahlen, W\u00e4rmebehandlung, Gl\u00fchen, Anlassen, Polieren, Eloxieren, Verzinken<\/td>\n<\/tr>\n<tr>\n<td valign=\"center\" width=\"132\">Artikelverpackung<\/td>\n<td valign=\"center\" width=\"491\">Plastikt\u00fcte + Kartons oder Holzverpackung<\/td>\n<\/tr>\n<tr>\n<td valign=\"center\" width=\"132\">Zahlungsbedingungen<\/td>\n<td valign=\"center\" width=\"491\">T\/T, L\/C<\/td>\n<\/tr>\n<tr>\n<td valign=\"center\" width=\"132\">Produktionsvorlaufzeit<\/td>\n<td valign=\"center\" width=\"491\">20 Werktage f\u00fcr Muster, 25 Tage f\u00fcr die Masse<\/td>\n<\/tr>\n<tr>\n<td valign=\"center\" width=\"132\">Proben<\/td>\n<td valign=\"center\" width=\"491\">Beispielpreisspanne von $2 bis $100.<br \/>\nBeispiel f\u00fcr eine Expressanfrage, die von Kunden bezahlt wird<\/td>\n<\/tr>\n<tr>\n<td valign=\"center\" width=\"132\">Anwendung<\/td>\n<td valign=\"center\" width=\"491\">1. Automatische Steuerungsmaschine<br \/>\n2. Halbleiterindustrie<br \/>\n3. Allgemeine Industriemaschinen<br \/>\n4. Medizinische Ger\u00e4te<br \/>\n5. Solarenergieausr\u00fcstung<br \/>\n6. Werkzeugmaschine<br \/>\n7. Parksystem<br \/>\n8. Hochgeschwindigkeits-Schienen- und Flugtransportausr\u00fcstung usw.<\/td>\n<\/tr>\n<\/tbody>\n<\/table>\n<h2>Merkmale von Kegelradgetrieben<\/h2>\n<div>\n<ul>\n<li class=\"break-words\"><strong>Spiralzahnkonfiguration<\/strong>Schr\u00e4gverzahnte Kegelr\u00e4der kombinieren die schr\u00e4gen Z\u00e4hne von <a href=\"https:\/\/fmp-components.com\/de\/bevel-gear-2\/\">Kegelr\u00e4der<\/a> mit einer spiralf\u00f6rmigen Verzahnung, bei der die Z\u00e4hne gekr\u00fcmmt und schr\u00e4g angeordnet sind, was im Vergleich zu geraden Kegelr\u00e4dern einen allm\u00e4hlichen Kontakt und einen sanfteren Eingriff erm\u00f6glicht.<\/li>\n<li class=\"break-words\"><strong>Verbesserte Tragf\u00e4higkeit<\/strong>Die spiralf\u00f6rmige Konstruktion verteilt die Kr\u00e4fte beim Eingriff auf mehrere Z\u00e4hne und verbessert so die F\u00e4higkeit des Zahnrads, h\u00f6here Lasten und Drehmomente zu bew\u00e4ltigen. Dadurch eignet es sich f\u00fcr anspruchsvolle Anwendungen im Automobil- und Industriebereich.<\/li>\n<li class=\"break-words\"><strong>Reduzierte Ger\u00e4usche und Vibrationen<\/strong>Durch den spiralf\u00f6rmigen Winkel wird der allm\u00e4hliche Zahneingriff minimiert, wodurch St\u00f6\u00dfe und Gleitvorg\u00e4nge minimiert werden. Dies f\u00fchrt zu einem leiseren Betrieb und geringeren Vibrationen und ist ideal f\u00fcr Pr\u00e4zisionsmaschinen und Fahrzeuggetriebe.<\/li>\n<li class=\"break-words\"><strong>Schr\u00e4ge Kraft\u00fcbertragung<\/strong>Wie andere Kegelr\u00e4der \u00fcbertragen auch schr\u00e4gverzahnte Kegelr\u00e4der die Kraft zwischen sich schneidenden Wellen (typischerweise im 90-Grad-Winkel) und bieten so vielseitige Einsatzm\u00f6glichkeiten in kompakten Bauweisen wie Getrieben und Differenzialsystemen.<\/li>\n<li class=\"break-words\"><strong>Hohe Effizienz und Langlebigkeit<\/strong>: Hergestellt aus robusten Materialien wie geh\u00e4rtetem Stahl und in Verbindung mit der richtigen Schmierung, bieten diese Zahnr\u00e4der eine ausgezeichnete Effizienz und Langzeitbest\u00e4ndigkeit unter anspruchsvollen Bedingungen und bringen Leistung und Verschlei\u00dffestigkeit in Einklang.<\/li>\n<\/ul>\n<\/div>\n<p><img loading=\"lazy\" decoding=\"async\" class=\"alignnone size-full wp-image-7029\" src=\"https:\/\/fmp-components.com\/wp-content\/uploads\/2025\/03\/helical-bevel-gear-1.webp\" alt=\"Schr\u00e4gverzahntes Kegelrad\" width=\"1000\" height=\"1000\" title=\"\" srcset=\"https:\/\/fmp-components.com\/wp-content\/uploads\/2025\/03\/helical-bevel-gear-1.webp 1000w, https:\/\/fmp-components.com\/wp-content\/uploads\/2025\/03\/helical-bevel-gear-1-980x980.webp 980w, https:\/\/fmp-components.com\/wp-content\/uploads\/2025\/03\/helical-bevel-gear-1-480x480.webp 480w\" sizes=\"(min-width: 0px) and (max-width: 480px) 480px, (min-width: 481px) and (max-width: 980px) 980px, (min-width: 981px) 1000px, 100vw\" \/><\/p>\n<h2>\u00dcber FMP<\/h2>\n<p>FMP ist ein f\u00fchrender italienischer Hersteller von Zahnr\u00e4dern und Zahnstangen und bekannt f\u00fcr seine Expertise in der Fertigung von Standardkomponenten und kundenspezifischen L\u00f6sungen. Neben unserem Sortiment an Standardteilen ist FMP auf die Fertigung von Standard- und Spezialzahnr\u00e4dern nach Zeichnungen oder Mustern unserer Kunden spezialisiert. Unsere Zahnr\u00e4der sind in verschiedenen Materialien erh\u00e4ltlich, darunter Kohlenstoffstahl, Edelstahl, Aluminium, Kupfer, Messing und Kunststoff in Schr\u00e4g- oder Stirnradausf\u00fchrung. Bei Bedarf an kundenspezifischen Zahnradprodukten kontaktieren Sie uns gerne per E-Mail. Das engagierte Team professioneller Ingenieure von FMP beantwortet Ihre Anfrage innerhalb von 24 Stunden.<\/p>\n<p><img loading=\"lazy\" decoding=\"async\" class=\"alignnone size-full wp-image-7010\" src=\"https:\/\/fmp-components.com\/wp-content\/uploads\/2025\/03\/bevel-gear-3.webp\" alt=\"Kegelradgetriebe\" width=\"1076\" height=\"721\" title=\"\" srcset=\"https:\/\/fmp-components.com\/wp-content\/uploads\/2025\/03\/bevel-gear-3.webp 1076w, https:\/\/fmp-components.com\/wp-content\/uploads\/2025\/03\/bevel-gear-3-980x657.webp 980w, https:\/\/fmp-components.com\/wp-content\/uploads\/2025\/03\/bevel-gear-3-480x322.webp 480w\" sizes=\"(min-width: 0px) and (max-width: 480px) 480px, (min-width: 481px) and (max-width: 980px) 980px, (min-width: 981px) 1076px, 100vw\" \/><\/p>","protected":false},"excerpt":{"rendered":"<p>Model Number M3,M4,M5,M8,M12 and etc. Material Brass, C45 steel, Stainless steel, Copper, POM, Aluminum, Alloy, and so on Surface treatment Zinc-plated, Nickel plated, Passivation, Oxidation, Anodization, Geomet, Dacromet, Black Oxide, Phosphatizing, Powder Coating, and Electrophoresis Standard ISO, DIN, ANSI, JIS, BS, and Non-standard. Precision DIN6,DIN7,DIN8,DIN9. Teeth treatment Hardened, Milled, or Ground Tolerance 0.001mm-0.01mm-0.1mm Finish shot\/sandblast, [&hellip;]<\/p>","protected":false},"featured_media":4335,"comment_status":"open","ping_status":"closed","template":"","meta":{"_et_pb_use_builder":"","_et_pb_old_content":"","_et_gb_content_width":""},"product_brand":[],"product_cat":[106],"product_tag":[],"class_list":{"0":"post-7026","1":"product","2":"type-product","3":"status-publish","4":"has-post-thumbnail","6":"product_cat-bevel-gears","8":"first","9":"instock","10":"shipping-taxable","11":"product-type-simple"},"_links":{"self":[{"href":"https:\/\/fmp-components.com\/de\/wp-json\/wp\/v2\/product\/7026","targetHints":{"allow":["GET"]}}],"collection":[{"href":"https:\/\/fmp-components.com\/de\/wp-json\/wp\/v2\/product"}],"about":[{"href":"https:\/\/fmp-components.com\/de\/wp-json\/wp\/v2\/types\/product"}],"replies":[{"embeddable":true,"href":"https:\/\/fmp-components.com\/de\/wp-json\/wp\/v2\/comments?post=7026"}],"wp:featuredmedia":[{"embeddable":true,"href":"https:\/\/fmp-components.com\/de\/wp-json\/wp\/v2\/media\/4335"}],"wp:attachment":[{"href":"https:\/\/fmp-components.com\/de\/wp-json\/wp\/v2\/media?parent=7026"}],"wp:term":[{"taxonomy":"product_brand","embeddable":true,"href":"https:\/\/fmp-components.com\/de\/wp-json\/wp\/v2\/product_brand?post=7026"},{"taxonomy":"product_cat","embeddable":true,"href":"https:\/\/fmp-components.com\/de\/wp-json\/wp\/v2\/product_cat?post=7026"},{"taxonomy":"product_tag","embeddable":true,"href":"https:\/\/fmp-components.com\/de\/wp-json\/wp\/v2\/product_tag?post=7026"}],"curies":[{"name":"wp","href":"https:\/\/api.w.org\/{rel}","templated":true}]}}