{"id":7020,"date":"2025-03-14T06:42:58","date_gmt":"2025-03-14T06:42:58","guid":{"rendered":"https:\/\/fmp-components.com\/?post_type=product&#038;p=7020"},"modified":"2025-03-27T01:27:19","modified_gmt":"2025-03-27T01:27:19","slug":"industrial-bevel-gears","status":"publish","type":"product","link":"https:\/\/fmp-components.com\/de\/product\/industrial-bevel-gears\/","title":{"rendered":"Industrielle Kegelr\u00e4der"},"content":{"rendered":"<p><a href=\"https:\/\/fmp-components.com\/de\/bevel-gear-2\/\">Kegelradgetriebe<\/a> M3-M20 Durchmesser bis 1200 mm, gefertigt aus 20CrMo\/20CrMo\/42CrMo f\u00fcr Getriebe\/\u00d6lmaschinen\/Baumaschinen\/LKW\/Landmaschinen<\/p>\n<h2>Produktspezifikation<\/h2>\n<div class=\"table-responsive\">\n<table class=\"table\" style=\"width: 99.8343%; height: 197px;\" border=\"1\">\n<tbody>\n<tr>\n<td style=\"width: 29.443%;\">Anwendung:<\/td>\n<td style=\"width: 75.199%;\">Maschinen, Schiffsmaschinen, Landwirtschaftsmaschinen, \u00d6lmaschinen<\/td>\n<\/tr>\n<tr>\n<td style=\"width: 29.443%;\">H\u00e4rte:<\/td>\n<td style=\"width: 75.199%;\">Geh\u00e4rtete Zahnoberfl\u00e4che<\/td>\n<\/tr>\n<tr>\n<td style=\"width: 29.443%;\">Gangposition:<\/td>\n<td style=\"width: 75.199%;\">Externes Getriebe<\/td>\n<\/tr>\n<tr>\n<td style=\"width: 29.443%;\">Herstellungsverfahren:<\/td>\n<td style=\"width: 75.199%;\">Schleifzahnrad<\/td>\n<\/tr>\n<tr>\n<td style=\"width: 29.443%;\">Form des gezahnten Abschnitts:<\/td>\n<td style=\"width: 75.199%;\">Kegelrad<\/td>\n<\/tr>\n<tr>\n<td style=\"width: 29.443%;\">Material:<\/td>\n<td style=\"width: 75.199%;\">20crmnti<\/td>\n<\/tr>\n<\/tbody>\n<tbody>\n<tr>\n<td>Getriebewellenmodell<\/td>\n<td>Kundenspezifische Ausr\u00fcstung nach Kundenmuster oder Zeichnung<\/td>\n<\/tr>\n<tr>\n<td>Verarbeitungsmaschine<\/td>\n<td>CNC-Maschine<\/td>\n<\/tr>\n<tr>\n<td>Material<\/td>\n<td>20CrMnTi\/ 20CrMnMo\/ 42CrMo\/ 45# Stahl\/ 40Cr\/ 20CrNi2MoA<\/td>\n<\/tr>\n<tr>\n<td>W\u00e4rmebehandlung<\/td>\n<td>Aufkohlen und Abschrecken\/ Anlassen\/ Nitrieren\/ Carbonitrieren\/ Induktionsh\u00e4rten<\/td>\n<\/tr>\n<tr>\n<td>H\u00e4rte<\/td>\n<td>58-62 HRC<\/td>\n<\/tr>\n<tr>\n<td>Qualit\u00e4tsstandard<\/td>\n<td>GB\/ DIN\/ JIS\/ AGMA<\/td>\n<\/tr>\n<tr>\n<td>Genauigkeitsklasse<\/td>\n<td>Klasse 5-8<\/td>\n<\/tr>\n<tr>\n<td>Versand<\/td>\n<td>Seefracht\/ Luftfracht\/ Expressversand<\/td>\n<\/tr>\n<tr>\n<td>Lieferzeit<\/td>\n<td>30 Tage<\/td>\n<\/tr>\n<\/tbody>\n<\/table>\n<h2>\u00dcber FMP<\/h2>\n<p>FMP ist ein f\u00fchrender italienischer Hersteller von Zahnr\u00e4dern und Zahnstangen und bekannt f\u00fcr seine Expertise in der Fertigung von Standardkomponenten und kundenspezifischen L\u00f6sungen. Neben unserem Sortiment an Standardteilen ist FMP auf die Fertigung von Standard- und Spezialzahnr\u00e4dern nach Zeichnungen oder Mustern unserer Kunden spezialisiert. Unsere Zahnr\u00e4der sind in verschiedenen Materialien erh\u00e4ltlich, darunter Kohlenstoffstahl, Edelstahl, Aluminium, Kupfer, Messing und Kunststoff in Schr\u00e4g- oder Stirnradausf\u00fchrung. Bei Bedarf an kundenspezifischen Zahnradprodukten kontaktieren Sie uns gerne per E-Mail. Das engagierte Team professioneller Ingenieure von FMP beantwortet Ihre Anfrage innerhalb von 24 Stunden.<\/p>\n<p><img loading=\"lazy\" decoding=\"async\" class=\"alignnone size-full wp-image-7010\" src=\"https:\/\/fmp-components.com\/wp-content\/uploads\/2025\/03\/bevel-gear-3.webp\" alt=\"Kegelradgetriebe\" width=\"1076\" height=\"721\" title=\"\" srcset=\"https:\/\/fmp-components.com\/wp-content\/uploads\/2025\/03\/bevel-gear-3.webp 1076w, https:\/\/fmp-components.com\/wp-content\/uploads\/2025\/03\/bevel-gear-3-980x657.webp 980w, https:\/\/fmp-components.com\/wp-content\/uploads\/2025\/03\/bevel-gear-3-480x322.webp 480w\" sizes=\"(min-width: 0px) and (max-width: 480px) 480px, (min-width: 481px) and (max-width: 980px) 980px, (min-width: 981px) 1076px, 100vw\" \/><\/p>\n<\/div>","protected":false},"excerpt":{"rendered":"<p>Kegelrad M3-M20 Durchmesser bis 1200 mm aus 20CrMo\/20CrMo\/42CrMo f\u00fcr Getriebe\/\u00d6lmaschinen\/Baumaschinen\/LKW\/Landmaschinen. Produktspezifikation: Anwendung: Maschinenbau, Schiffbau, Landmaschinen, \u00d6lmaschinen. H\u00e4rte: Geh\u00e4rtete Zahnoberfl\u00e4che. Zahnposition: Au\u00dfenverzahnung. Fertigungsverfahren: Schleifen. Zahnform: Kegelrad. Material: 20CrMo. Zahnwellenmodell: Kundenspezifische Fertigung nach Muster.<\/p>","protected":false},"featured_media":4336,"comment_status":"open","ping_status":"closed","template":"","meta":{"_et_pb_use_builder":"","_et_pb_old_content":"","_et_gb_content_width":""},"product_brand":[],"product_cat":[106],"product_tag":[],"class_list":{"0":"post-7020","1":"product","2":"type-product","3":"status-publish","4":"has-post-thumbnail","6":"product_cat-bevel-gears","8":"first","9":"instock","10":"shipping-taxable","11":"product-type-simple"},"_links":{"self":[{"href":"https:\/\/fmp-components.com\/de\/wp-json\/wp\/v2\/product\/7020","targetHints":{"allow":["GET"]}}],"collection":[{"href":"https:\/\/fmp-components.com\/de\/wp-json\/wp\/v2\/product"}],"about":[{"href":"https:\/\/fmp-components.com\/de\/wp-json\/wp\/v2\/types\/product"}],"replies":[{"embeddable":true,"href":"https:\/\/fmp-components.com\/de\/wp-json\/wp\/v2\/comments?post=7020"}],"wp:featuredmedia":[{"embeddable":true,"href":"https:\/\/fmp-components.com\/de\/wp-json\/wp\/v2\/media\/4336"}],"wp:attachment":[{"href":"https:\/\/fmp-components.com\/de\/wp-json\/wp\/v2\/media?parent=7020"}],"wp:term":[{"taxonomy":"product_brand","embeddable":true,"href":"https:\/\/fmp-components.com\/de\/wp-json\/wp\/v2\/product_brand?post=7020"},{"taxonomy":"product_cat","embeddable":true,"href":"https:\/\/fmp-components.com\/de\/wp-json\/wp\/v2\/product_cat?post=7020"},{"taxonomy":"product_tag","embeddable":true,"href":"https:\/\/fmp-components.com\/de\/wp-json\/wp\/v2\/product_tag?post=7020"}],"curies":[{"name":"wp","href":"https:\/\/api.w.org\/{rel}","templated":true}]}}