{"id":7016,"date":"2025-03-14T06:40:35","date_gmt":"2025-03-14T06:40:35","guid":{"rendered":"https:\/\/fmp-components.com\/?post_type=product&#038;p=7016"},"modified":"2025-03-27T01:30:16","modified_gmt":"2025-03-27T01:30:16","slug":"automotive-bevel-gear","status":"publish","type":"product","link":"https:\/\/fmp-components.com\/de\/product\/automotive-bevel-gear\/","title":{"rendered":"Kfz-Kegelrad"},"content":{"rendered":"<p>Abmessungen: \u03a63mm- \u03a6120mm<br \/>\nModul: M2.2<br \/>\nMaterialtyp: Metall nach Kundenwunsch<\/p>\n<h2>Produktspezifikation<\/h2>\n<div class=\"table-responsive\">\n<table class=\"table\" style=\"width: 100.25%; height: 353px;\" border=\"1\">\n<tbody>\n<tr>\n<td colspan=\"2\">Kfz-Kegelrad<\/td>\n<\/tr>\n<tr>\n<td>Dimension<\/td>\n<td>\u03a612mm<\/td>\n<\/tr>\n<tr>\n<td>Modul<\/td>\n<td>M0,15-M2,2<\/td>\n<\/tr>\n<tr>\n<td>Materialtyp<\/td>\n<td>Metall, Bronze, Stahl, Legierung, POM, Zink, Aluminium, Eisen, Edelstahl, Messing, Kupfer<\/td>\n<\/tr>\n<tr>\n<td>Vernetzungsgrad<\/td>\n<td>JGMA 1, JIS 6, AGMA 13, DIN 6,Din5,AGMA12<\/td>\n<\/tr>\n<tr>\n<td>Anwendung<\/td>\n<td>Automobil, Milit\u00e4r, Flugzeuge, Maschinenbau, Industrie, Medizin<\/td>\n<\/tr>\n<tr>\n<td>Ma\u00dfgeschneidert<\/td>\n<td>ODM\/OEM<\/td>\n<\/tr>\n<tr>\n<td>Probe<\/td>\n<td>Muster verf\u00fcgbar<\/td>\n<\/tr>\n<tr>\n<td>Verpackungsarten<\/td>\n<td>Vakuumverpackt mit Kunststoffschale<\/td>\n<\/tr>\n<tr>\n<td>Lieferarten<\/td>\n<td>DHL &amp; UPS<\/td>\n<\/tr>\n<tr>\n<td>Zertifikat<\/td>\n<td>ISO 9001: 2008\/TS16949<\/td>\n<\/tr>\n<\/tbody>\n<\/table>\n<\/div>\n<h2>Merkmale von Kegelr\u00e4dern f\u00fcr Kraftfahrzeuge<\/h2>\n<div>\n<ul>\n<li class=\"break-words\"><strong>Schr\u00e4ge Kraft\u00fcbertragung<\/strong>: <a href=\"https:\/\/fmp-components.com\/de\/bevel-gear-2\/\">Kegelr\u00e4der<\/a> Sie sind so konstruiert, dass sie Kraft zwischen Wellen \u00fcbertragen, die sich in einem Winkel, typischerweise 90 Grad, kreuzen, wodurch sie sich ideal f\u00fcr Anwendungen wie Differentiale in Fahrzeugen eignen, bei denen sich die Drehmomentrichtung \u00e4ndern muss.<\/li>\n<li class=\"break-words\"><strong>Hohe Tragf\u00e4higkeit<\/strong>Diese Zahnr\u00e4der sind so konstruiert, dass sie hohen Drehmomenten und Belastungen standhalten und so Langlebigkeit und Zuverl\u00e4ssigkeit unter den Belastungen des Fahrzeugbetriebs, wie beispielsweise in Hinterrad- oder Allradantriebssystemen, gew\u00e4hrleisten.<\/li>\n<li class=\"break-words\"><strong>Pr\u00e4zisionszahndesign<\/strong>Die Z\u00e4hne von Kegelr\u00e4dern sind schr\u00e4g (gerad, spiralf\u00f6rmig oder hypoid) geschnitten, was ein reibungsloses Ineinandergreifen und eine effiziente Kraft\u00fcbertragung erm\u00f6glicht und gleichzeitig Ger\u00e4usche und Vibrationen im Betrieb reduziert.<\/li>\n<li class=\"break-words\"><strong>Kompakt und vielseitig<\/strong>Kegelr\u00e4der erm\u00f6glichen kompakte Konstruktionen in Automobilsystemen, wie z. B. Achsen und Lenkmechanismen, da sie in enge R\u00e4ume passen und gleichzeitig die Funktionalit\u00e4t \u00fcber verschiedene \u00dcbersetzungsverh\u00e4ltnisse hinweg erhalten bleiben.<\/li>\n<li class=\"break-words\"><strong>Verschlei\u00dffestigkeit<\/strong>Die aus robusten Materialien wie geh\u00e4rtetem Stahl oder Legierungen gefertigten und oft mit Schmiersystemen kombinierten Kegelr\u00e4der f\u00fcr Kraftfahrzeuge sind so konstruiert, dass sie Verschlei\u00df widerstehen und ihre Lebensdauer unter Hochgeschwindigkeits- und Hochdruckbedingungen verl\u00e4ngern.<\/li>\n<\/ul>\n<\/div>\n<div class=\"table-responsive\">\n<h2>\u00dcber FMP<\/h2>\n<p>FMP ist ein f\u00fchrender italienischer Hersteller von Zahnr\u00e4dern und Zahnstangen und bekannt f\u00fcr seine Expertise in der Fertigung von Standardkomponenten und kundenspezifischen L\u00f6sungen. Neben unserem Sortiment an Standardteilen ist FMP auf die Fertigung von Standard- und Spezialzahnr\u00e4dern nach Zeichnungen oder Mustern unserer Kunden spezialisiert. Unsere Zahnr\u00e4der sind in verschiedenen Materialien erh\u00e4ltlich, darunter Kohlenstoffstahl, Edelstahl, Aluminium, Kupfer, Messing und Kunststoff in Schr\u00e4g- oder Stirnradausf\u00fchrung. Bei Bedarf an kundenspezifischen Zahnradprodukten kontaktieren Sie uns gerne per E-Mail. Das engagierte Team professioneller Ingenieure von FMP beantwortet Ihre Anfrage innerhalb von 24 Stunden.<\/p>\n<p><img loading=\"lazy\" decoding=\"async\" class=\"alignnone size-full wp-image-7010\" src=\"https:\/\/fmp-components.com\/wp-content\/uploads\/2025\/03\/bevel-gear-3.webp\" alt=\"Kegelradgetriebe\" width=\"1076\" height=\"721\" title=\"\" srcset=\"https:\/\/fmp-components.com\/wp-content\/uploads\/2025\/03\/bevel-gear-3.webp 1076w, https:\/\/fmp-components.com\/wp-content\/uploads\/2025\/03\/bevel-gear-3-980x657.webp 980w, https:\/\/fmp-components.com\/wp-content\/uploads\/2025\/03\/bevel-gear-3-480x322.webp 480w\" sizes=\"(min-width: 0px) and (max-width: 480px) 480px, (min-width: 481px) and (max-width: 980px) 980px, (min-width: 981px) 1076px, 100vw\" \/><\/p>\n<\/div>","protected":false},"excerpt":{"rendered":"<p>Dimension:\u03a63mm- \u03a6120mm Module: M2.2 Material Type: Metal as customer required Product Specification Automotive Bevel Gear Dimension \u03a612mm Module M0.15-M2.2 Material Type Metal, Bronze, Steel, Alloy, POM, Zinc, Aluminum, Iron, Stainless, Brass, Copper Meshing Grade JGMA 1, JIS 6, AGMA 13, DIN 6,Din5,AGMA12 Application Automotive, Military, Aircraft, Mechanical, industrial, Medical Customized ODM\/OEM Sample Sample available Modes [&hellip;]<\/p>","protected":false},"featured_media":4331,"comment_status":"open","ping_status":"closed","template":"","meta":{"_et_pb_use_builder":"","_et_pb_old_content":"","_et_gb_content_width":""},"product_brand":[],"product_cat":[106],"product_tag":[],"class_list":{"0":"post-7016","1":"product","2":"type-product","3":"status-publish","4":"has-post-thumbnail","6":"product_cat-bevel-gears","8":"first","9":"instock","10":"shipping-taxable","11":"product-type-simple"},"_links":{"self":[{"href":"https:\/\/fmp-components.com\/de\/wp-json\/wp\/v2\/product\/7016","targetHints":{"allow":["GET"]}}],"collection":[{"href":"https:\/\/fmp-components.com\/de\/wp-json\/wp\/v2\/product"}],"about":[{"href":"https:\/\/fmp-components.com\/de\/wp-json\/wp\/v2\/types\/product"}],"replies":[{"embeddable":true,"href":"https:\/\/fmp-components.com\/de\/wp-json\/wp\/v2\/comments?post=7016"}],"wp:featuredmedia":[{"embeddable":true,"href":"https:\/\/fmp-components.com\/de\/wp-json\/wp\/v2\/media\/4331"}],"wp:attachment":[{"href":"https:\/\/fmp-components.com\/de\/wp-json\/wp\/v2\/media?parent=7016"}],"wp:term":[{"taxonomy":"product_brand","embeddable":true,"href":"https:\/\/fmp-components.com\/de\/wp-json\/wp\/v2\/product_brand?post=7016"},{"taxonomy":"product_cat","embeddable":true,"href":"https:\/\/fmp-components.com\/de\/wp-json\/wp\/v2\/product_cat?post=7016"},{"taxonomy":"product_tag","embeddable":true,"href":"https:\/\/fmp-components.com\/de\/wp-json\/wp\/v2\/product_tag?post=7016"}],"curies":[{"name":"wp","href":"https:\/\/api.w.org\/{rel}","templated":true}]}}