{"id":7012,"date":"2025-03-14T06:22:07","date_gmt":"2025-03-14T06:22:07","guid":{"rendered":"https:\/\/fmp-components.com\/?post_type=product&#038;p=7012"},"modified":"2025-03-27T01:30:42","modified_gmt":"2025-03-27T01:30:42","slug":"plastic-bevel-gears","status":"publish","type":"product","link":"https:\/\/fmp-components.com\/de\/product\/plastic-bevel-gears\/","title":{"rendered":"Kunststoff-Kegelr\u00e4der"},"content":{"rendered":"<h2>Beschreibung der Kunststoffkegelr\u00e4der<\/h2>\n<p>Abmessungen: \u03a612<br \/>\nModul: M0.25<br \/>\nMaterialtyp: Kunststoff, POM, Nylon \u2026 je nach Kundenwunsch<br \/>\nVerh\u00e4ltnisse: 1:1, 2:1, 3:1, 4:1, 5:1<br \/>\nBetriebstemperatur: -40\u00b0C bis 80\u00b0C<\/p>\n<table style=\"border-collapse: collapse; width: 102.442%; height: 315px;\" border=\"0\" width=\"163\" cellspacing=\"0\" cellpadding=\"0\">\n<tbody>\n<tr style=\"height: 14.40pt;\">\n<td style=\"height: 14.40pt; width: 49.80pt;\" align=\"right\" width=\"83\" height=\"24\"><img loading=\"lazy\" decoding=\"async\" class=\"alignnone size-full wp-image-7014\" src=\"https:\/\/fmp-components.com\/wp-content\/uploads\/2025\/03\/Plastic-Bevel-Gears-1.webp\" alt=\"Kunststoff-Kegelr\u00e4der\" width=\"520\" height=\"360\" title=\"\" srcset=\"https:\/\/fmp-components.com\/wp-content\/uploads\/2025\/03\/Plastic-Bevel-Gears-1.webp 520w, https:\/\/fmp-components.com\/wp-content\/uploads\/2025\/03\/Plastic-Bevel-Gears-1-480x332.webp 480w\" sizes=\"(min-width: 0px) and (max-width: 480px) 480px, (min-width: 481px) 520px, 100vw\" \/><\/td>\n<td style=\"width: 48.00pt;\" align=\"right\" width=\"80\"><img loading=\"lazy\" decoding=\"async\" class=\"alignnone size-full wp-image-7013\" src=\"https:\/\/fmp-components.com\/wp-content\/uploads\/2025\/03\/Plastic-Bevel-Gears.webp\" alt=\"Kunststoff-Kegelr\u00e4der\" width=\"520\" height=\"360\" title=\"\" srcset=\"https:\/\/fmp-components.com\/wp-content\/uploads\/2025\/03\/Plastic-Bevel-Gears.webp 520w, https:\/\/fmp-components.com\/wp-content\/uploads\/2025\/03\/Plastic-Bevel-Gears-480x332.webp 480w\" sizes=\"(min-width: 0px) and (max-width: 480px) 480px, (min-width: 481px) 520px, 100vw\" \/><\/td>\n<\/tr>\n<\/tbody>\n<\/table>\n<table style=\"width: 101.183%; height: 1072px;\" border=\"1\" cellspacing=\"0\" cellpadding=\"0\">\n<thead>\n<tr>\n<th rowspan=\"2\">Teilenr.<br \/>\n(Link)<\/th>\n<td rowspan=\"2\">Tonh\u00f6he<br \/>\n(mod)<\/td>\n<th rowspan=\"2\">NEIN.<br \/>\nvon<br \/>\nZ\u00e4hne<\/th>\n<th colspan=\"9\" align=\"left\">Alle Ma\u00dfe in mm<\/th>\n<th rowspan=\"2\">Messing<br \/>\nEinf\u00fcgen<br \/>\nUnd<br \/>\nSatz<br \/>\nSchrauben<\/th>\n<\/tr>\n<tr>\n<th>Drau\u00dfen<br \/>\nDurchm.<\/th>\n<th>Tonh\u00f6he<br \/>\nDurchm.<\/th>\n<th>Bohrung<br \/>\nDurchm.<br \/>\n\"B\"<\/th>\n<td>'CD'<\/td>\n<td>Nabe<br \/>\ndia 'C'<\/td>\n<td>Chef<br \/>\nL\u00e4nge 'E'<\/td>\n<td>Zahn<br \/>\nWeite 'F'<\/td>\n<td>L\u00e4nge<br \/>\n'G'<\/td>\n<td>L\u00e4nge<br \/>\n'H'<\/td>\n<\/tr>\n<tr>\n<td colspan=\"13\">Verh\u00e4ltnis 1:1<\/td>\n<\/tr>\n<\/thead>\n<tbody>\n<tr>\n<td>GB05M016<\/td>\n<td>0.5<\/td>\n<td>16<\/td>\n<td>8.7<\/td>\n<td>8.0<\/td>\n<td>3.0<\/td>\n<td>10.5<\/td>\n<td>7.0<\/td>\n<td>6.0<\/td>\n<td>2.0<\/td>\n<td>8.0<\/td>\n<td>8.0<\/td>\n<td><img decoding=\"async\" src=\"https:\/\/www.motionco.co.uk\/image\/data\/motionco\/no_icon_back.png\" alt=\"NEIN\" title=\"\"><\/td>\n<\/tr>\n<tr>\n<td><\/td>\n<td><\/td>\n<td><\/td>\n<td><\/td>\n<td><\/td>\n<td><\/td>\n<td><\/td>\n<td><\/td>\n<td><\/td>\n<td><\/td>\n<td><\/td>\n<td><\/td>\n<td><\/td>\n<\/tr>\n<tr>\n<td>GB1M016<\/td>\n<td>1<\/td>\n<td>16<\/td>\n<td>17.6<\/td>\n<td>16<\/td>\n<td>5.0<\/td>\n<td>18.4<\/td>\n<td>12.0<\/td>\n<td>8.0<\/td>\n<td>4.7<\/td>\n<td>13.6<\/td>\n<td>13.6<\/td>\n<td><img decoding=\"async\" src=\"https:\/\/www.motionco.co.uk\/image\/data\/motionco\/no_icon_back.png\" alt=\"NEIN\" title=\"\"><\/td>\n<\/tr>\n<tr>\n<td><\/td>\n<td><\/td>\n<td><\/td>\n<td><\/td>\n<td><\/td>\n<td><\/td>\n<td><\/td>\n<td><\/td>\n<td><\/td>\n<td><\/td>\n<td><\/td>\n<td><\/td>\n<td><\/td>\n<\/tr>\n<tr>\n<td>GB1M016BS<\/td>\n<td>1<\/td>\n<td>16<\/td>\n<td>17.6<\/td>\n<td>16<\/td>\n<td>5.0<\/td>\n<td>18.4<\/td>\n<td>16.0<\/td>\n<td>8.0<\/td>\n<td>4.7<\/td>\n<td>13.6<\/td>\n<td>13.6<\/td>\n<td><img decoding=\"async\" src=\"https:\/\/www.motionco.co.uk\/image\/data\/motionco\/affirmative.png\" alt=\"Ja\" title=\"\"><\/td>\n<\/tr>\n<\/tbody>\n<thead>\n<tr>\n<td colspan=\"13\">Verh\u00e4ltnis 2:1<\/td>\n<\/tr>\n<\/thead>\n<tbody>\n<tr>\n<td rowspan=\"2\">GB1M215030<\/td>\n<td rowspan=\"2\">1<\/td>\n<td>15<\/td>\n<td>16.8<\/td>\n<td>15.0<\/td>\n<td>5.0<\/td>\n<td>26.4<\/td>\n<td>12.2<\/td>\n<td>10.6<\/td>\n<td>6.6<\/td>\n<td>17.0<\/td>\n<td>17.0<\/td>\n<td><img decoding=\"async\" src=\"https:\/\/www.motionco.co.uk\/image\/data\/motionco\/no_icon_back.png\" alt=\"NEIN\" title=\"\"><\/td>\n<\/tr>\n<tr>\n<td>30<\/td>\n<td>31.1<\/td>\n<td>30.0<\/td>\n<td>8.0<\/td>\n<td>20.9<\/td>\n<td>18.0<\/td>\n<td>9.1<\/td>\n<td>6.6<\/td>\n<td>14.8<\/td>\n<td>16.2<\/td>\n<td><img decoding=\"async\" src=\"https:\/\/www.motionco.co.uk\/image\/data\/motionco\/no_icon_back.png\" alt=\"NEIN\" title=\"\"><\/td>\n<\/tr>\n<tr>\n<td><\/td>\n<td><\/td>\n<td><\/td>\n<td><\/td>\n<td><\/td>\n<td><\/td>\n<td><\/td>\n<td><\/td>\n<td><\/td>\n<td><\/td>\n<td><\/td>\n<td><\/td>\n<td><\/td>\n<\/tr>\n<tr>\n<td rowspan=\"2\">GB1M215030BS<\/td>\n<td rowspan=\"2\">1<\/td>\n<td>15<\/td>\n<td>16.8<\/td>\n<td>15.0<\/td>\n<td>5.0<\/td>\n<td>26.4<\/td>\n<td>16.0<\/td>\n<td>10.6<\/td>\n<td>6.6<\/td>\n<td>17.0<\/td>\n<td>17.0<\/td>\n<td><img decoding=\"async\" src=\"https:\/\/www.motionco.co.uk\/image\/data\/motionco\/affirmative.png\" alt=\"Ja\" title=\"\"><\/td>\n<\/tr>\n<tr>\n<td>30<\/td>\n<td>31.1<\/td>\n<td>30.0<\/td>\n<td>4.0<\/td>\n<td>20.9<\/td>\n<td>18.0<\/td>\n<td>9.1<\/td>\n<td>6.6<\/td>\n<td>14.8<\/td>\n<td>16.2<\/td>\n<td><img decoding=\"async\" src=\"https:\/\/www.motionco.co.uk\/image\/data\/motionco\/affirmative.png\" alt=\"Ja\" title=\"\"><\/td>\n<\/tr>\n<\/tbody>\n<thead>\n<tr>\n<td colspan=\"13\">Verh\u00e4ltnis 3:1<\/td>\n<\/tr>\n<\/thead>\n<tbody>\n<tr>\n<td rowspan=\"2\">GB1M315045<\/td>\n<td rowspan=\"2\">1<\/td>\n<td>15<\/td>\n<td>16.6<\/td>\n<td>15.0<\/td>\n<td>5.0<\/td>\n<td>34.3<\/td>\n<td>12.3<\/td>\n<td>11.0<\/td>\n<td>9.2<\/td>\n<td><\/td>\n<td>20.4<\/td>\n<td><img decoding=\"async\" src=\"https:\/\/www.motionco.co.uk\/image\/data\/motionco\/no_icon_back.png\" alt=\"NEIN\" title=\"\"><\/td>\n<\/tr>\n<tr>\n<td>45<\/td>\n<td>46.1<\/td>\n<td>45.0<\/td>\n<td>10.0<\/td>\n<td>22.7<\/td>\n<td>23.4<\/td>\n<td>9.6<\/td>\n<td>9.2<\/td>\n<td>16.5<\/td>\n<td>18.2<\/td>\n<td><img decoding=\"async\" src=\"https:\/\/www.motionco.co.uk\/image\/data\/motionco\/no_icon_back.png\" alt=\"NEIN\" title=\"\"><\/td>\n<\/tr>\n<tr>\n<td><\/td>\n<td><\/td>\n<td><\/td>\n<td><\/td>\n<td><\/td>\n<td><\/td>\n<td><\/td>\n<td><\/td>\n<td><\/td>\n<td><\/td>\n<td><\/td>\n<td><\/td>\n<td><\/td>\n<\/tr>\n<tr>\n<td rowspan=\"2\">GB1M315045BS<\/td>\n<td rowspan=\"2\">1<\/td>\n<td>15<\/td>\n<td>16.6<\/td>\n<td>15.0<\/td>\n<td>5.0<\/td>\n<td>34.3<\/td>\n<td>16.0<\/td>\n<td>11.0<\/td>\n<td>9.2<\/td>\n<td><\/td>\n<td>20.4<\/td>\n<td><img decoding=\"async\" src=\"https:\/\/www.motionco.co.uk\/image\/data\/motionco\/affirmative.png\" alt=\"Ja\" title=\"\"><\/td>\n<\/tr>\n<tr>\n<td>45<\/td>\n<td>46.1<\/td>\n<td>45.0<\/td>\n<td>6.0<\/td>\n<td>22.7<\/td>\n<td>23.4<\/td>\n<td>9.6<\/td>\n<td>9.2<\/td>\n<td>16.5<\/td>\n<td>18.2<\/td>\n<td><img decoding=\"async\" src=\"https:\/\/www.motionco.co.uk\/image\/data\/motionco\/affirmative.png\" alt=\"Ja\" title=\"\"><\/td>\n<\/tr>\n<\/tbody>\n<thead>\n<tr>\n<td colspan=\"13\">4:1 Verh\u00e4ltnis<\/td>\n<\/tr>\n<\/thead>\n<tbody>\n<tr>\n<td rowspan=\"2\">GB1M410040<\/td>\n<td rowspan=\"2\">1<\/td>\n<td>10<\/td>\n<td>12.0<\/td>\n<td>10.0<\/td>\n<td>4.0<\/td>\n<td>30.1<\/td>\n<td>7.8<\/td>\n<td>9.3<\/td>\n<td>8.2<\/td>\n<td><\/td>\n<td>17.7<\/td>\n<td><img decoding=\"async\" src=\"https:\/\/www.motionco.co.uk\/image\/data\/motionco\/no_icon_back.png\" alt=\"NEIN\" title=\"\"><\/td>\n<\/tr>\n<tr>\n<td>40<\/td>\n<td>40.8<\/td>\n<td>40.0<\/td>\n<td>10.0<\/td>\n<td>20.1<\/td>\n<td>23.4<\/td>\n<td>10.8<\/td>\n<td>8.2<\/td>\n<td>15.7<\/td>\n<td>17.0<\/td>\n<td><img decoding=\"async\" src=\"https:\/\/www.motionco.co.uk\/image\/data\/motionco\/no_icon_back.png\" alt=\"NEIN\" title=\"\"><\/td>\n<\/tr>\n<tr>\n<td><\/td>\n<td><\/td>\n<td><\/td>\n<td><\/td>\n<td><\/td>\n<td><\/td>\n<td><\/td>\n<td><\/td>\n<td><\/td>\n<td><\/td>\n<td><\/td>\n<td><\/td>\n<td><\/td>\n<\/tr>\n<tr>\n<td rowspan=\"2\">GB1M410040BS<\/td>\n<td rowspan=\"2\">1<\/td>\n<td>10<\/td>\n<td>12.0<\/td>\n<td>10.0<\/td>\n<td>4.0<\/td>\n<td>30.1<\/td>\n<td>12.7<\/td>\n<td>9.3<\/td>\n<td>8.2<\/td>\n<td><\/td>\n<td>17.7<\/td>\n<td><img decoding=\"async\" src=\"https:\/\/www.motionco.co.uk\/image\/data\/motionco\/affirmative.png\" alt=\"Ja\" title=\"\"><\/td>\n<\/tr>\n<tr>\n<td>40<\/td>\n<td>40.8<\/td>\n<td>40.0<\/td>\n<td>6.0<\/td>\n<td>20.1<\/td>\n<td>23.4<\/td>\n<td>10.8<\/td>\n<td>8.2<\/td>\n<td>15.7<\/td>\n<td>17.0<\/td>\n<td><img decoding=\"async\" src=\"https:\/\/www.motionco.co.uk\/image\/data\/motionco\/affirmative.png\" alt=\"Ja\" title=\"\"><\/td>\n<\/tr>\n<\/tbody>\n<thead>\n<tr>\n<td colspan=\"13\">Verh\u00e4ltnis 5:1<\/td>\n<\/tr>\n<\/thead>\n<tbody>\n<tr>\n<td rowspan=\"2\">GB1M512060<\/td>\n<td rowspan=\"2\">1<\/td>\n<td>12<\/td>\n<td>13.7<\/td>\n<td>12.0<\/td>\n<td>4.0<\/td>\n<td>40.5<\/td>\n<td>9.5<\/td>\n<td>10.0<\/td>\n<td>9.5<\/td>\n<td><\/td>\n<td>20.3<\/td>\n<td><img decoding=\"async\" src=\"https:\/\/www.motionco.co.uk\/image\/data\/motionco\/no_icon_back.png\" alt=\"NEIN\" title=\"\"><\/td>\n<\/tr>\n<tr>\n<td>60<\/td>\n<td>60.4<\/td>\n<td>60<\/td>\n<td>10.0<\/td>\n<td>21.0<\/td>\n<td>20.5<\/td>\n<td>11.0<\/td>\n<td>9.5<\/td>\n<td>15.5<\/td>\n<td>17.4<\/td>\n<td><img decoding=\"async\" src=\"https:\/\/www.motionco.co.uk\/image\/data\/motionco\/no_icon_back.png\" alt=\"NEIN\" title=\"\"><\/td>\n<\/tr>\n<tr>\n<td><\/td>\n<td><\/td>\n<td><\/td>\n<td><\/td>\n<td><\/td>\n<td><\/td>\n<td><\/td>\n<td><\/td>\n<td><\/td>\n<td><\/td>\n<td><\/td>\n<td><\/td>\n<td><\/td>\n<\/tr>\n<tr>\n<td rowspan=\"2\">GB1M512060BS<\/td>\n<td rowspan=\"2\">1<\/td>\n<td>12<\/td>\n<td>13.7<\/td>\n<td>12.0<\/td>\n<td>4.0<\/td>\n<td>40.5<\/td>\n<td>14.3<\/td>\n<td>10.0<\/td>\n<td>9.5<\/td>\n<td><\/td>\n<td>20.3<\/td>\n<td><img decoding=\"async\" src=\"https:\/\/www.motionco.co.uk\/image\/data\/motionco\/affirmative.png\" alt=\"Ja\" title=\"\"><\/td>\n<\/tr>\n<tr>\n<td>60<\/td>\n<td>60.4<\/td>\n<td>60<\/td>\n<td>6.0<\/td>\n<td>21.0<\/td>\n<td>20.5<\/td>\n<td>11.0<\/td>\n<td>9.5<\/td>\n<td>15.5<\/td>\n<td>17.4<\/td>\n<td><img decoding=\"async\" src=\"https:\/\/www.motionco.co.uk\/image\/data\/motionco\/affirmative.png\" alt=\"Ja\" title=\"\"><\/td>\n<\/tr>\n<tr>\n<td><\/td>\n<td><\/td>\n<td><\/td>\n<td><\/td>\n<td><\/td>\n<td><\/td>\n<td><\/td>\n<td><\/td>\n<td><\/td>\n<td><\/td>\n<td><\/td>\n<td><\/td>\n<td><\/td>\n<\/tr>\n<tr>\n<td>GB1M512*<\/td>\n<td>1<\/td>\n<td>12<\/td>\n<td>13.7<\/td>\n<td>12.0<\/td>\n<td>4.0<\/td>\n<td>40.5<\/td>\n<td>9.5<\/td>\n<td>10.0<\/td>\n<td>9.5<\/td>\n<td><\/td>\n<td>20.3<\/td>\n<td><img decoding=\"async\" src=\"https:\/\/www.motionco.co.uk\/image\/data\/motionco\/no_icon_back.png\" alt=\"NEIN\" title=\"\"><\/td>\n<\/tr>\n<tr>\n<td>GB1M512BS*<\/td>\n<td>1<\/td>\n<td>12<\/td>\n<td>13.7<\/td>\n<td>12.0<\/td>\n<td>4.0<\/td>\n<td>40.5<\/td>\n<td>14.3<\/td>\n<td>10.0<\/td>\n<td>9.5<\/td>\n<td><\/td>\n<td>20.3<\/td>\n<td><img decoding=\"async\" src=\"https:\/\/www.motionco.co.uk\/image\/data\/motionco\/affirmative.png\" alt=\"Ja\" title=\"\"><\/td>\n<\/tr>\n<\/tbody>\n<thead>\n<tr>\n<td colspan=\"13\">*Hinweis: Diese Zahnr\u00e4der passen nur zu 60-Z\u00e4hne-Kegelr\u00e4dern. Ihre Geometrie ist nicht mit anderen Zahnr\u00e4dern kompatibel.<\/td>\n<\/tr>\n<\/thead>\n<\/table>\n<h2>Spezifikation f\u00fcr Kunststoffkegelr\u00e4der<\/h2>\n<div class=\"table-responsive\">\n<table class=\"table\" style=\"width: 102.218%; height: 370px;\" border=\"1\" cellspacing=\"0\" cellpadding=\"0\">\n<tbody>\n<tr>\n<td style=\"width: 99.7543%;\" colspan=\"2\">Kunststoff-Kegelrad<\/td>\n<\/tr>\n<tr>\n<td style=\"width: 21.7445%;\">Dimension<\/td>\n<td style=\"width: 78.0098%;\">\u03a63mm- \u03a6120mm<\/td>\n<\/tr>\n<tr>\n<td style=\"width: 21.7445%;\">Modul<\/td>\n<td style=\"width: 78.0098%;\">M0.15, M0.2, M0.25-M0.8, M0.8<br \/>\nM1.5<\/td>\n<\/tr>\n<tr>\n<td style=\"width: 21.7445%;\">Materialtyp<\/td>\n<td style=\"width: 78.0098%;\">POM, PA, PPA, PBT PEEK als Sonderanfertigung<\/td>\n<\/tr>\n<tr>\n<td style=\"width: 21.7445%;\">Vernetzungsgrad<\/td>\n<td style=\"width: 78.0098%;\">GB 6, ISO 6, JGMA 1, JIS 6, AGMA 13, DIN 6, DIN5<\/td>\n<\/tr>\n<tr>\n<td style=\"width: 21.7445%;\">Anwendung<\/td>\n<td style=\"width: 78.0098%;\">Medizin, Industrie, Automobil, Milit\u00e4r, Flugzeuge, Maschinenbau, Auto<\/td>\n<\/tr>\n<tr>\n<td style=\"width: 21.7445%;\">Ma\u00dfgeschneidert<\/td>\n<td style=\"width: 78.0098%;\">ODM\/OEM<\/td>\n<\/tr>\n<tr>\n<td style=\"width: 21.7445%;\">Probe<\/td>\n<td style=\"width: 78.0098%;\">Muster verf\u00fcgbar<\/td>\n<\/tr>\n<tr>\n<td style=\"width: 21.7445%;\">Verpackungsarten<\/td>\n<td style=\"width: 78.0098%;\">Vakuumverpackt mit Kunststoffschale<\/td>\n<\/tr>\n<tr>\n<td style=\"width: 21.7445%;\">Lieferarten<\/td>\n<td style=\"width: 78.0098%;\">DHL &amp; TNT &amp; FedEx &amp; UPS<\/td>\n<\/tr>\n<tr>\n<td style=\"width: 21.7445%;\">Zertifikat<\/td>\n<td style=\"width: 78.0098%;\">ISO 9001: 2008\/TS16949<\/td>\n<\/tr>\n<\/tbody>\n<\/table>\n<h2>Eigenschaften von Kunststoffkegelr\u00e4dern<\/h2>\n<\/div>\n<div>\n<ul>\n<li class=\"break-words\"><strong>Leichtbau<\/strong>: Plastik <a href=\"https:\/\/fmp-components.com\/de\/bevel-gear-2\/\">Kegelr\u00e4der<\/a> sind durch die Verwendung von Materialien wie Nylon, Acetal oder Polycarbonat deutlich leichter als ihre Gegenst\u00fccke aus Metall. Dies reduziert das Gesamtgewicht der Maschinen und verbessert die Effizienz bei gewichtskritischen Anwendungen.<\/li>\n<li class=\"break-words\"><strong>Korrosionsbest\u00e4ndigkeit<\/strong>: Im Gegensatz zu Metallzahnr\u00e4dern sind Kegelr\u00e4der aus Kunststoff \u00e4u\u00dferst korrosions- und rostbest\u00e4ndig und eignen sich daher ideal f\u00fcr den Einsatz in feuchten, nassen oder chemisch aggressiven Umgebungen, ohne dass zus\u00e4tzliche Schutzbeschichtungen erforderlich sind.<\/li>\n<li class=\"break-words\"><strong>Ger\u00e4uscharmer Betrieb<\/strong>: Die inh\u00e4renten D\u00e4mpfungseigenschaften von Kunststoffen sorgen f\u00fcr einen leiseren Betrieb im Vergleich zu Metallzahnr\u00e4dern. Dadurch eignen sie sich f\u00fcr Anwendungen, bei denen die Ger\u00e4uschreduzierung im Vordergrund steht, wie beispielsweise bei Haushaltsger\u00e4ten oder B\u00fcroger\u00e4ten.<\/li>\n<li class=\"break-words\"><strong>Kosteng\u00fcnstige Produktion<\/strong>: Kegelr\u00e4der aus Kunststoff k\u00f6nnen im Spritzgussverfahren oder mit anderen wirtschaftlichen Herstellungsverfahren in Massenproduktion hergestellt werden, was zu niedrigeren Produktionskosten f\u00fchrt und sie f\u00fcr viele Branchen zu einer erschwinglichen Wahl macht.<\/li>\n<li class=\"break-words\"><strong>Selbstschmierende Eigenschaften<\/strong>: Viele in Kegelr\u00e4dern verwendete Kunststoffmaterialien, wie Nylon oder PTFE-infundierte Kunststoffe, verf\u00fcgen \u00fcber eine nat\u00fcrliche Schmierf\u00e4higkeit, wodurch der Bedarf an externer Schmierung reduziert und der Wartungsaufwand in mechanischen Systemen minimiert wird.<\/li>\n<\/ul>\n<div>\n<h3>Anwendungen von Kunststoffkegelr\u00e4dern<\/h3>\n<p class=\"break-words\">Kunststoffkegelr\u00e4der sind zwar weniger robust als Stahlzahnr\u00e4der, bieten aber Verschlei\u00dffestigkeit und einen leisen Betrieb. Sie eignen sich ideal f\u00fcr:<\/p>\n<ol class=\"marker:text-secondary\">\n<li class=\"break-words\"><strong>B\u00fcroautomatisierungsger\u00e4te<\/strong>: Wird in Druckern und Kopierern f\u00fcr reibungslose, ger\u00e4uschlose Antriebssysteme verwendet.<\/li>\n<li class=\"break-words\"><strong>Elektronische G\u00fcterlader<\/strong>: In DVD-Playern und kleinen Ger\u00e4ten f\u00fcr zuverl\u00e4ssige, leichte Bewegung zu finden.<\/li>\n<li class=\"break-words\"><strong>Spielzeug<\/strong>: H\u00e4ufig in Spielzeugautos und Robotern, wobei Kosten, Haltbarkeit und geringe Ger\u00e4uschentwicklung im Gleichgewicht sind.<\/li>\n<\/ol>\n<p class=\"break-words\">Ihre St\u00e4rken eignen sich f\u00fcr leichtere Anwendungen, bei denen die Effizienz wichtiger ist als die Notwendigkeit hoher Festigkeit.<\/p>\n<table style=\"border-collapse: collapse; width: 102.488%; height: 329px;\" border=\"0\" width=\"163\" cellspacing=\"0\" cellpadding=\"0\">\n<tbody>\n<tr style=\"height: 14.40pt;\">\n<td style=\"height: 14.4pt; width: 49.8775%;\" width=\"83\" height=\"24\"><img loading=\"lazy\" decoding=\"async\" class=\"wp-image-7018 aligncenter\" src=\"https:\/\/fmp-components.com\/wp-content\/uploads\/2025\/03\/Plastic-Bevel-Gears-Applications-1.webp\" alt=\"Kunststoff-Kegelr\u00e4der-Anwendungen\" width=\"413\" height=\"295\" title=\"\"><\/td>\n<td style=\"width: 50%;\" align=\"right\" width=\"80\"><img loading=\"lazy\" decoding=\"async\" class=\"wp-image-7017 aligncenter\" src=\"https:\/\/fmp-components.com\/wp-content\/uploads\/2025\/03\/Plastic-Bevel-Gears-Applications.webp\" alt=\"Kunststoff-Kegelr\u00e4der-Anwendungen\" width=\"405\" height=\"289\" title=\"\"><\/td>\n<\/tr>\n<\/tbody>\n<\/table>\n<h3>Lieferant von Kunststoffkegelr\u00e4dern<\/h3>\n<p>FMP hat alle Kunststoffzahnr\u00e4der, die Sie ben\u00f6tigen. Wir bieten Pr\u00e4zisions-Stirnr\u00e4der, Zahnstangen, Schr\u00e4g- und Kegelr\u00e4der, Schneckenr\u00e4der und Schnecken aus Kunststoff, Kegelr\u00e4der, Zahnr\u00e4der, Ritzel und Zahnstangen aus Kunststoff.<\/p>\n<p>Rufen Sie uns an, wenn Sie Hilfe bei der Suche nach der richtigen Ausr\u00fcstung oder bei der Modifikation eines Standardkatalogartikels oder einer Sonderanfertigung ben\u00f6tigen. Unsere Ingenieure finden die beste L\u00f6sung f\u00fcr Ihre Anwendung.<\/p>\n<p><img loading=\"lazy\" decoding=\"async\" class=\"alignnone size-full wp-image-7019\" src=\"https:\/\/fmp-components.com\/wp-content\/uploads\/2025\/03\/Plastic-Bevel-Gears-Supplier1.webp\" alt=\"Kunststoff-Kegelr\u00e4der-Lieferant\" width=\"1200\" height=\"1000\" title=\"\" srcset=\"https:\/\/fmp-components.com\/wp-content\/uploads\/2025\/03\/Plastic-Bevel-Gears-Supplier1.webp 1200w, https:\/\/fmp-components.com\/wp-content\/uploads\/2025\/03\/Plastic-Bevel-Gears-Supplier1-980x817.webp 980w, https:\/\/fmp-components.com\/wp-content\/uploads\/2025\/03\/Plastic-Bevel-Gears-Supplier1-480x400.webp 480w\" sizes=\"(min-width: 0px) and (max-width: 480px) 480px, (min-width: 481px) and (max-width: 980px) 980px, (min-width: 981px) 1200px, 100vw\" \/><\/p>\n<\/div>\n<\/div>\n<div class=\"table-responsive\">\n<h2>\u00dcber FMP<\/h2>\n<p>FMP ist ein f\u00fchrender italienischer Hersteller von Zahnr\u00e4dern und Zahnstangen und bekannt f\u00fcr seine Expertise in der Fertigung von Standardkomponenten und kundenspezifischen L\u00f6sungen. Neben unserem Sortiment an Standardteilen ist FMP auf die Fertigung von Standard- und Spezialzahnr\u00e4dern nach Zeichnungen oder Mustern unserer Kunden spezialisiert. Unsere Zahnr\u00e4der sind in verschiedenen Materialien erh\u00e4ltlich, darunter Kohlenstoffstahl, Edelstahl, Aluminium, Kupfer, Messing und Kunststoff in Schr\u00e4g- oder Stirnradausf\u00fchrung. Bei Bedarf an kundenspezifischen Zahnradprodukten kontaktieren Sie uns gerne per E-Mail. Das engagierte Team professioneller Ingenieure von FMP beantwortet Ihre Anfrage innerhalb von 24 Stunden.<\/p>\n<p><img loading=\"lazy\" decoding=\"async\" class=\"alignnone size-full wp-image-7010\" src=\"https:\/\/fmp-components.com\/wp-content\/uploads\/2025\/03\/bevel-gear-3.webp\" alt=\"Kegelradgetriebe\" width=\"1076\" height=\"721\" title=\"\" srcset=\"https:\/\/fmp-components.com\/wp-content\/uploads\/2025\/03\/bevel-gear-3.webp 1076w, https:\/\/fmp-components.com\/wp-content\/uploads\/2025\/03\/bevel-gear-3-980x657.webp 980w, https:\/\/fmp-components.com\/wp-content\/uploads\/2025\/03\/bevel-gear-3-480x322.webp 480w\" sizes=\"(min-width: 0px) and (max-width: 480px) 480px, (min-width: 481px) and (max-width: 980px) 980px, (min-width: 981px) 1076px, 100vw\" \/><\/p>\n<\/div>","protected":false},"excerpt":{"rendered":"<p>Plastic Bevel Gears Description Dimension:\u03a612 Module: M0.25 Material Type: Plastic, POM, Nylon\u2026as the customer required Ratios: 1:1, 2:1, 3:1, 4:1, 5:1 Operating temperature: -40\u00b0C to 80\u00b0C Part no (Link) Pitch (mod) No. of Teeth All dimensions in mm Brass Insert and Set Screw Outside Dia. Pitch Dia. Bore Dia. &#8220;B&#8221; &#8216;CD&#8217; Hub dia &#8216;C&#8217; Boss [&hellip;]<\/p>","protected":false},"featured_media":4659,"comment_status":"open","ping_status":"closed","template":"","meta":{"_et_pb_use_builder":"","_et_pb_old_content":"","_et_gb_content_width":""},"product_brand":[],"product_cat":[106],"product_tag":[],"class_list":{"0":"post-7012","1":"product","2":"type-product","3":"status-publish","4":"has-post-thumbnail","6":"product_cat-bevel-gears","8":"first","9":"instock","10":"shipping-taxable","11":"product-type-simple"},"_links":{"self":[{"href":"https:\/\/fmp-components.com\/de\/wp-json\/wp\/v2\/product\/7012","targetHints":{"allow":["GET"]}}],"collection":[{"href":"https:\/\/fmp-components.com\/de\/wp-json\/wp\/v2\/product"}],"about":[{"href":"https:\/\/fmp-components.com\/de\/wp-json\/wp\/v2\/types\/product"}],"replies":[{"embeddable":true,"href":"https:\/\/fmp-components.com\/de\/wp-json\/wp\/v2\/comments?post=7012"}],"wp:featuredmedia":[{"embeddable":true,"href":"https:\/\/fmp-components.com\/de\/wp-json\/wp\/v2\/media\/4659"}],"wp:attachment":[{"href":"https:\/\/fmp-components.com\/de\/wp-json\/wp\/v2\/media?parent=7012"}],"wp:term":[{"taxonomy":"product_brand","embeddable":true,"href":"https:\/\/fmp-components.com\/de\/wp-json\/wp\/v2\/product_brand?post=7012"},{"taxonomy":"product_cat","embeddable":true,"href":"https:\/\/fmp-components.com\/de\/wp-json\/wp\/v2\/product_cat?post=7012"},{"taxonomy":"product_tag","embeddable":true,"href":"https:\/\/fmp-components.com\/de\/wp-json\/wp\/v2\/product_tag?post=7012"}],"curies":[{"name":"wp","href":"https:\/\/api.w.org\/{rel}","templated":true}]}}