{"id":7011,"date":"2025-03-14T06:16:24","date_gmt":"2025-03-14T06:16:24","guid":{"rendered":"https:\/\/fmp-components.com\/?post_type=product&#038;p=7011"},"modified":"2025-03-27T01:30:59","modified_gmt":"2025-03-27T01:30:59","slug":"metal-bevel-gear","status":"publish","type":"product","link":"https:\/\/fmp-components.com\/de\/product\/metal-bevel-gear\/","title":{"rendered":"Kegelrad aus Metall"},"content":{"rendered":"<p>Abmessungen: \u03a63mm- \u03a6120mm<br \/>\nModul: M1.5<br \/>\nMaterialtyp: Metall nach Kundenwunsch<\/p>\n<h2>Produktspezifikation<\/h2>\n<div class=\"table-responsive\">\n<table class=\"table\" style=\"width: 100%; height: 367px;\" border=\"1\">\n<tbody>\n<tr>\n<td colspan=\"2\">Kegelrad aus Metall<\/td>\n<\/tr>\n<tr>\n<td>Dimension<\/td>\n<td>\u03a68mm<\/td>\n<\/tr>\n<tr>\n<td>Modul<\/td>\n<td>M0,15-M2,0<\/td>\n<\/tr>\n<tr>\n<td>Materialtyp<\/td>\n<td>Metall, Bronze, Stahl, Legierung, POM, Zink, Aluminium, Eisen, Edelstahl, Messing, Kupfer<\/td>\n<\/tr>\n<tr>\n<td>Vernetzungsgrad<\/td>\n<td>JGMA 1, JIS 6, AGMA 13, DIN 6,Din5,AGMA12<\/td>\n<\/tr>\n<tr>\n<td>Anwendung<\/td>\n<td>Automobil, Milit\u00e4r, Flugzeuge, Maschinenbau, Industrie, Medizin<\/td>\n<\/tr>\n<tr>\n<td>Ma\u00dfgeschneidert<\/td>\n<td>ODM\/OEM<\/td>\n<\/tr>\n<tr>\n<td>Probe<\/td>\n<td>Muster verf\u00fcgbar<\/td>\n<\/tr>\n<tr>\n<td>Verpackungsarten<\/td>\n<td>Vakuumverpackt mit Kunststoffschale<\/td>\n<\/tr>\n<tr>\n<td>Lieferarten<\/td>\n<td>DHL &amp; UPS<\/td>\n<\/tr>\n<tr>\n<td>Zertifikat<\/td>\n<td>ISO 9001: 2008\/TS16949<\/td>\n<\/tr>\n<\/tbody>\n<\/table>\n<\/div>\n<h2>Merkmale des Metallkegelrads<\/h2>\n<p>Konische Form mit abgewinkelten Z\u00e4hnen: Metall <a href=\"https:\/\/fmp-components.com\/de\/bevel-gear-2\/\">Kegelr\u00e4der<\/a> haben eine konische, kegelf\u00f6rmige Struktur mit schr\u00e4g geschnittenen Z\u00e4hnen, wodurch sie Kraft zwischen sich kreuzenden Wellen \u00fcbertragen k\u00f6nnen, oft in einem 90-Grad-Winkel.<br \/>\nHohe Festigkeit und Haltbarkeit: Sie werden aus robusten Metallen wie Stahl, Aluminium oder Messing hergestellt und sind so konzipiert, dass sie \u00fcber einen l\u00e4ngeren Zeitraum erheblicher mechanischer Belastung, Verschlei\u00df und schwerer Belastung standhalten.<br \/>\nPr\u00e4zisionstechnik: Sie werden mit genauen Toleranzen hergestellt, um ein reibungsloses Ineinandergreifen, eine effiziente Kraft\u00fcbertragung und ein minimales Spiel zu gew\u00e4hrleisten, wodurch sie f\u00fcr Hochleistungsanwendungen geeignet sind.<br \/>\nKorrosionsbest\u00e4ndigkeit: Je nach verwendetem Metall (z. B. Edelstahl oder beschichtete Legierungen) sind sie h\u00e4ufig best\u00e4ndig gegen Rost und Umwelteinfl\u00fcsse, was die Lebensdauer unter rauen Bedingungen verl\u00e4ngert.<br \/>\nAnpassbare Zahnprofile: Erh\u00e4ltlich in verschiedenen Zahndesigns \u2013 beispielsweise gerade, spiralf\u00f6rmig oder Null \u2013 bieten Vielseitigkeit zur Ger\u00e4uschreduzierung, Verbesserung der Lastverteilung und Erf\u00fcllung spezifischer Betriebsanforderungen.<\/p>\n<div class=\"table-responsive\">\n<h2>\u00dcber FMP<\/h2>\n<p>FMP ist ein f\u00fchrender italienischer Hersteller von Zahnr\u00e4dern und Zahnstangen und bekannt f\u00fcr seine Expertise in der Fertigung von Standardkomponenten und kundenspezifischen L\u00f6sungen. Neben unserem Sortiment an Standardteilen ist FMP auf die Fertigung von Standard- und Spezialzahnr\u00e4dern nach Zeichnungen oder Mustern unserer Kunden spezialisiert. Unsere Zahnr\u00e4der sind in verschiedenen Materialien erh\u00e4ltlich, darunter Kohlenstoffstahl, Edelstahl, Aluminium, Kupfer, Messing und Kunststoff in Schr\u00e4g- oder Stirnradausf\u00fchrung. Bei Bedarf an kundenspezifischen Zahnradprodukten kontaktieren Sie uns gerne per E-Mail. Das engagierte Team professioneller Ingenieure von FMP beantwortet Ihre Anfrage innerhalb von 24 Stunden.<\/p>\n<p><img loading=\"lazy\" decoding=\"async\" class=\"alignnone size-full wp-image-7010\" src=\"https:\/\/fmp-components.com\/wp-content\/uploads\/2025\/03\/bevel-gear-3.webp\" alt=\"Kegelradgetriebe\" width=\"1076\" height=\"721\" title=\"\" srcset=\"https:\/\/fmp-components.com\/wp-content\/uploads\/2025\/03\/bevel-gear-3.webp 1076w, https:\/\/fmp-components.com\/wp-content\/uploads\/2025\/03\/bevel-gear-3-980x657.webp 980w, https:\/\/fmp-components.com\/wp-content\/uploads\/2025\/03\/bevel-gear-3-480x322.webp 480w\" sizes=\"(min-width: 0px) and (max-width: 480px) 480px, (min-width: 481px) and (max-width: 980px) 980px, (min-width: 981px) 1076px, 100vw\" \/><\/p>\n<\/div>","protected":false},"excerpt":{"rendered":"<p>Dimension:\u03a63mm- \u03a6120mm Module: M1.5 Material Type: Metal as customer required Product Specification Metal Bevel Gear Dimension \u03a68mm Module M0.15-M2.0 Material Type Metal, Bronze, Steel, Alloy, POM, Zinc, Aluminum, Iron, Stainless, Brass, Copper Meshing Grade JGMA 1, JIS 6, AGMA 13, DIN 6,Din5,AGMA12 Application Automotive, Military, Aircraft, Mechanical, industrial, Medical Customized ODM\/OEM Sample Sample available Modes [&hellip;]<\/p>","protected":false},"featured_media":4337,"comment_status":"open","ping_status":"closed","template":"","meta":{"_et_pb_use_builder":"","_et_pb_old_content":"","_et_gb_content_width":""},"product_brand":[],"product_cat":[106],"product_tag":[],"class_list":{"0":"post-7011","1":"product","2":"type-product","3":"status-publish","4":"has-post-thumbnail","6":"product_cat-bevel-gears","8":"first","9":"instock","10":"shipping-taxable","11":"product-type-simple"},"_links":{"self":[{"href":"https:\/\/fmp-components.com\/de\/wp-json\/wp\/v2\/product\/7011","targetHints":{"allow":["GET"]}}],"collection":[{"href":"https:\/\/fmp-components.com\/de\/wp-json\/wp\/v2\/product"}],"about":[{"href":"https:\/\/fmp-components.com\/de\/wp-json\/wp\/v2\/types\/product"}],"replies":[{"embeddable":true,"href":"https:\/\/fmp-components.com\/de\/wp-json\/wp\/v2\/comments?post=7011"}],"wp:featuredmedia":[{"embeddable":true,"href":"https:\/\/fmp-components.com\/de\/wp-json\/wp\/v2\/media\/4337"}],"wp:attachment":[{"href":"https:\/\/fmp-components.com\/de\/wp-json\/wp\/v2\/media?parent=7011"}],"wp:term":[{"taxonomy":"product_brand","embeddable":true,"href":"https:\/\/fmp-components.com\/de\/wp-json\/wp\/v2\/product_brand?post=7011"},{"taxonomy":"product_cat","embeddable":true,"href":"https:\/\/fmp-components.com\/de\/wp-json\/wp\/v2\/product_cat?post=7011"},{"taxonomy":"product_tag","embeddable":true,"href":"https:\/\/fmp-components.com\/de\/wp-json\/wp\/v2\/product_tag?post=7011"}],"curies":[{"name":"wp","href":"https:\/\/api.w.org\/{rel}","templated":true}]}}