{"id":7006,"date":"2025-03-14T06:03:43","date_gmt":"2025-03-14T06:03:43","guid":{"rendered":"https:\/\/fmp-components.com\/?post_type=product&#038;p=7006"},"modified":"2025-03-27T01:32:14","modified_gmt":"2025-03-27T01:32:14","slug":"aircraft-bevel-gear","status":"publish","type":"product","link":"https:\/\/fmp-components.com\/de\/product\/aircraft-bevel-gear\/","title":{"rendered":"Flugzeugkegelrad"},"content":{"rendered":"<p>Abmessungen: \u03a63mm- \u03a6120mm<br \/>\nModul: M2.0<br \/>\nMaterialtyp: Metall nach Kundenwunsch<\/p>\n<h2>Produktspezifikation<\/h2>\n<div class=\"table-responsive\">\n<table class=\"table\" style=\"width: 99.125%; height: 352px;\" border=\"1\">\n<tbody>\n<tr>\n<td style=\"width: 99.2395%;\" colspan=\"2\">Flugzeugkegelrad<\/td>\n<\/tr>\n<tr>\n<td style=\"width: 18.5044%;\">Dimension<\/td>\n<td style=\"width: 80.7351%;\">\u03a610mm<\/td>\n<\/tr>\n<tr>\n<td style=\"width: 18.5044%;\">Modul<\/td>\n<td style=\"width: 80.7351%;\">M0,15-M2,2<\/td>\n<\/tr>\n<tr>\n<td style=\"width: 18.5044%;\">Materialtyp<\/td>\n<td style=\"width: 80.7351%;\">Metall, Bronze, Stahl, Legierung, POM, Zink, Aluminium, Eisen, Edelstahl, Messing, Kupfer<\/td>\n<\/tr>\n<tr>\n<td style=\"width: 18.5044%;\">Vernetzungsgrad<\/td>\n<td style=\"width: 80.7351%;\">JGMA 1, JIS 6, AGMA 13, DIN 6,Din5,AGMA12<\/td>\n<\/tr>\n<tr>\n<td style=\"width: 18.5044%;\">Anwendung<\/td>\n<td style=\"width: 80.7351%;\">Automobil, Milit\u00e4r, Flugzeuge, Maschinenbau, Industrie, Medizin<\/td>\n<\/tr>\n<tr>\n<td style=\"width: 18.5044%;\">Ma\u00dfgeschneidert<\/td>\n<td style=\"width: 80.7351%;\">ODM\/OEM<\/td>\n<\/tr>\n<tr>\n<td style=\"width: 18.5044%;\">Probe<\/td>\n<td style=\"width: 80.7351%;\">Muster verf\u00fcgbar<\/td>\n<\/tr>\n<tr>\n<td style=\"width: 18.5044%;\">Verpackungsarten<\/td>\n<td style=\"width: 80.7351%;\">Vakuumverpackt mit Kunststoffschale<\/td>\n<\/tr>\n<tr>\n<td style=\"width: 18.5044%;\">Lieferarten<\/td>\n<td style=\"width: 80.7351%;\">DHL &amp; UPS<\/td>\n<\/tr>\n<tr>\n<td style=\"width: 18.5044%;\">Zertifikat<\/td>\n<td style=\"width: 80.7351%;\">ISO 9001: 2008\/TS16949<\/td>\n<\/tr>\n<\/tbody>\n<\/table>\n<h2>Merkmale von Flugzeug-Kegelr\u00e4dern<\/h2>\n<div>\n<ul>\n<li class=\"break-words\"><strong>Schr\u00e4ges Zahndesign<\/strong>: Der <a href=\"https:\/\/fmp-components.com\/de\/bevel-gear-2\/\">Kegelradgetriebe<\/a> besitzt Z\u00e4hne, die in einem Winkel auf einer konischen Oberfl\u00e4che eingeschnitten sind, sodass sie mit einem anderen Zahnrad in Eingriff kommen und so die Kraft zwischen sich kreuzenden Wellen \u00fcbertragen k\u00f6nnen, typischerweise in einem Winkel von 90 Grad.<\/li>\n<li class=\"break-words\"><strong>Hohe Pr\u00e4zision<\/strong>Es wurde mit engen Toleranzen konstruiert, um eine reibungslose, genaue und zuverl\u00e4ssige Kraft\u00fcbertragung zu gew\u00e4hrleisten, die f\u00fcr die Pr\u00e4zisionsanforderungen von Flugzeugsystemen von entscheidender Bedeutung ist.<\/li>\n<li class=\"break-words\"><strong>Kompakt und leicht<\/strong>Das Design ist auf Platzersparnis und geringes Gewicht optimiert, wodurch das Gesamtgewicht des Flugzeugs reduziert und gleichzeitig die strukturelle Integrit\u00e4t in beengten R\u00e4umen erhalten bleibt.<\/li>\n<li class=\"break-words\"><strong>Belastbarkeit<\/strong>Hergestellt aus robusten Materialien wie geh\u00e4rtetem Stahl oder Titan, h\u00e4lt es hohen Drehmomenten und schweren Belastungen stand und gew\u00e4hrleistet so die Leistungsf\u00e4higkeit unter den Belastungen des Flugbetriebs.<\/li>\n<li class=\"break-words\"><strong>Vielseitigkeit<\/strong>Es unterst\u00fctzt verschiedene Konfigurationen (z. B. gerade, spiralf\u00f6rmige oder Null-Z\u00e4hne) und bietet somit Flexibilit\u00e4t f\u00fcr unterschiedliche Flugzeuganwendungen, wie z. B. Triebwerke oder Steuermechanismen, bei minimalen Vibrationen und Ger\u00e4uschen.<\/li>\n<\/ul>\n<p><img loading=\"lazy\" decoding=\"async\" class=\"size-full wp-image-4330 aligncenter\" src=\"https:\/\/fmp-components.com\/wp-content\/uploads\/2025\/01\/Aircraft-Bevel-Gear.webp\" alt=\"Flugzeugkegelrad\" width=\"600\" height=\"600\" title=\"\" srcset=\"https:\/\/fmp-components.com\/wp-content\/uploads\/2025\/01\/Aircraft-Bevel-Gear.webp 600w, https:\/\/fmp-components.com\/wp-content\/uploads\/2025\/01\/Aircraft-Bevel-Gear-480x480.webp 480w\" sizes=\"(min-width: 0px) and (max-width: 480px) 480px, (min-width: 481px) 600px, 100vw\" \/><\/p>\n<\/div>\n<\/div>\n<div class=\"table-responsive\">\n<h2>\u00dcber FMP<\/h2>\n<p>FMP ist ein f\u00fchrender italienischer Hersteller von Zahnr\u00e4dern und Zahnstangen und bekannt f\u00fcr seine Expertise in der Fertigung von Standardkomponenten und kundenspezifischen L\u00f6sungen. Neben unserem Sortiment an Standardteilen ist FMP auf die Fertigung von Standard- und Spezialzahnr\u00e4dern nach Zeichnungen oder Mustern unserer Kunden spezialisiert. Unsere Zahnr\u00e4der sind in verschiedenen Materialien erh\u00e4ltlich, darunter Kohlenstoffstahl, Edelstahl, Aluminium, Kupfer, Messing und Kunststoff in Schr\u00e4g- oder Stirnradausf\u00fchrung. Bei Bedarf an kundenspezifischen Zahnradprodukten kontaktieren Sie uns gerne per E-Mail. Das engagierte Team professioneller Ingenieure von FMP beantwortet Ihre Anfrage innerhalb von 24 Stunden.<\/p>\n<p><img loading=\"lazy\" decoding=\"async\" class=\"alignnone size-full wp-image-7010\" src=\"https:\/\/fmp-components.com\/wp-content\/uploads\/2025\/03\/bevel-gear-3.webp\" alt=\"Kegelradgetriebe\" width=\"1076\" height=\"721\" title=\"\" srcset=\"https:\/\/fmp-components.com\/wp-content\/uploads\/2025\/03\/bevel-gear-3.webp 1076w, https:\/\/fmp-components.com\/wp-content\/uploads\/2025\/03\/bevel-gear-3-980x657.webp 980w, https:\/\/fmp-components.com\/wp-content\/uploads\/2025\/03\/bevel-gear-3-480x322.webp 480w\" sizes=\"(min-width: 0px) and (max-width: 480px) 480px, (min-width: 481px) and (max-width: 980px) 980px, (min-width: 981px) 1076px, 100vw\" \/><\/p>\n<\/div>","protected":false},"excerpt":{"rendered":"<p>Abmessungen: \u03a63 mm \u2013 \u03a6120 mm Modul: M2,0 Material: Metall (kundenspezifisch) Produktspezifikation Flugzeug-Kegelrad Abmessungen: \u03a610 mm Modul: M0,15 \u2013 M2,2 Material: Metall, Bronze, Stahl, Legierung, POM, Zink, Aluminium, Eisen, Edelstahl, Messing, Kupfer Siebg\u00fcte: JGMA 1, JIS 6, AGMA 13, DIN 6, DIN 5, AGMA 12 Anwendung: Automobilindustrie, Milit\u00e4r, Luftfahrt, Maschinenbau, Industrie, Medizintechnik Kundenspezifische ODM\/OEM-Fertigung Muster: Muster verf\u00fcgbar Modelle [\u2026]<\/p>","protected":false},"featured_media":4330,"comment_status":"open","ping_status":"closed","template":"","meta":{"_et_pb_use_builder":"","_et_pb_old_content":"","_et_gb_content_width":""},"product_brand":[],"product_cat":[106],"product_tag":[],"class_list":{"0":"post-7006","1":"product","2":"type-product","3":"status-publish","4":"has-post-thumbnail","6":"product_cat-bevel-gears","8":"first","9":"instock","10":"shipping-taxable","11":"product-type-simple"},"_links":{"self":[{"href":"https:\/\/fmp-components.com\/de\/wp-json\/wp\/v2\/product\/7006","targetHints":{"allow":["GET"]}}],"collection":[{"href":"https:\/\/fmp-components.com\/de\/wp-json\/wp\/v2\/product"}],"about":[{"href":"https:\/\/fmp-components.com\/de\/wp-json\/wp\/v2\/types\/product"}],"replies":[{"embeddable":true,"href":"https:\/\/fmp-components.com\/de\/wp-json\/wp\/v2\/comments?post=7006"}],"wp:featuredmedia":[{"embeddable":true,"href":"https:\/\/fmp-components.com\/de\/wp-json\/wp\/v2\/media\/4330"}],"wp:attachment":[{"href":"https:\/\/fmp-components.com\/de\/wp-json\/wp\/v2\/media?parent=7006"}],"wp:term":[{"taxonomy":"product_brand","embeddable":true,"href":"https:\/\/fmp-components.com\/de\/wp-json\/wp\/v2\/product_brand?post=7006"},{"taxonomy":"product_cat","embeddable":true,"href":"https:\/\/fmp-components.com\/de\/wp-json\/wp\/v2\/product_cat?post=7006"},{"taxonomy":"product_tag","embeddable":true,"href":"https:\/\/fmp-components.com\/de\/wp-json\/wp\/v2\/product_tag?post=7006"}],"curies":[{"name":"wp","href":"https:\/\/api.w.org\/{rel}","templated":true}]}}