{"id":6946,"date":"2025-03-13T03:46:50","date_gmt":"2025-03-13T03:46:50","guid":{"rendered":"https:\/\/fmp-components.com\/?post_type=product&#038;p=6946"},"modified":"2025-03-27T01:34:39","modified_gmt":"2025-03-27T01:34:39","slug":"sintered-metal-bevel-gears","status":"publish","type":"product","link":"https:\/\/fmp-components.com\/de\/product\/sintered-metal-bevel-gears\/","title":{"rendered":"Kegelr\u00e4der aus Sintermetall"},"content":{"rendered":"<div>\n<h3>\u00dcber Sintermetall-Kegelr\u00e4der<\/h3>\n<p class=\"break-words\">Sintermetall <a href=\"https:\/\/fmp-components.com\/de\/bevel-gear-2\/\">Kegelr\u00e4der<\/a> Es handelt sich um pr\u00e4zisionsgefertigte Bauteile, die im Sinterverfahren hergestellt werden. Dabei werden Metallpulver verdichtet und erhitzt, um robuste, langlebige Zahnr\u00e4der mit konischer Form zu formen. Diese Zahnr\u00e4der finden in verschiedenen Branchen breite Anwendung, da sie Bewegung und Kraft zwischen sich kreuzenden Wellen \u00fcbertragen k\u00f6nnen, typischerweise in einem Winkel von 90 Grad. Dank des pulvermetallurgischen Verfahrens bieten sie Vorteile wie hohe Festigkeit, Verschlei\u00dffestigkeit und Wirtschaftlichkeit.<\/p>\n<p class=\"break-words\">Wir von FMP Company sind auf die Herstellung einer breiten Palette von Sintermetall-Kegelr\u00e4dern f\u00fcr unterschiedlichste Anwendungsbereiche spezialisiert. Dar\u00fcber hinaus bieten wir kundenspezifische Anpassungen an, um unsere Produkte exakt auf Ihre Anforderungen abzustimmen. Sollten Sie das gew\u00fcnschte Modell nicht in unserer Produktliste finden, bedeutet dies lediglich, dass wir diese noch nicht aktualisiert haben. Senden Sie uns einfach eine E-Mail mit Ihren gew\u00fcnschten Spezifikationen. Unsere Ingenieure werden sich innerhalb von 24 Stunden mit Ihnen in Verbindung setzen.\u00a0<img loading=\"lazy\" decoding=\"async\" class=\"alignnone size-full wp-image-6952\" src=\"https:\/\/fmp-components.com\/wp-content\/uploads\/2025\/03\/Sintered-Metal-bevel-gear-maintain.webp\" alt=\"Sintermetall-Kegelrad\" width=\"1300\" height=\"946\" title=\"\" srcset=\"https:\/\/fmp-components.com\/wp-content\/uploads\/2025\/03\/Sintered-Metal-bevel-gear-maintain.webp 1300w, https:\/\/fmp-components.com\/wp-content\/uploads\/2025\/03\/Sintered-Metal-bevel-gear-maintain-1280x931.webp 1280w, https:\/\/fmp-components.com\/wp-content\/uploads\/2025\/03\/Sintered-Metal-bevel-gear-maintain-980x713.webp 980w, https:\/\/fmp-components.com\/wp-content\/uploads\/2025\/03\/Sintered-Metal-bevel-gear-maintain-480x349.webp 480w\" sizes=\"(min-width: 0px) and (max-width: 480px) 480px, (min-width: 481px) and (max-width: 980px) 980px, (min-width: 981px) and (max-width: 1280px) 1280px, (min-width: 1281px) 1300px, 100vw\" \/><\/p>\n<h3>Spezifikation<\/h3>\n<\/div>\n<table class=\"table\" border=\"1\" width=\"100%\" cellspacing=\"0\" cellpadding=\"0\">\n<tbody>\n<tr class=\"firstRow\">\n<td valign=\"center\" width=\"132\">Modellnummer<\/td>\n<td valign=\"center\" width=\"491\">M3, M4, M5, M8, M12 usw.<\/td>\n<\/tr>\n<tr>\n<td valign=\"center\" width=\"132\">Material<\/td>\n<td valign=\"center\" width=\"491\">Messing, C45-Stahl, Edelstahl, Kupfer, POM, Aluminium, Legierung usw.<\/td>\n<\/tr>\n<tr>\n<td valign=\"center\" width=\"132\">Oberfl\u00e4chenbehandlung<\/td>\n<td valign=\"center\" width=\"491\">Verzinkt, vernickelt, Passivierung, Oxidation, Eloxierung,<br \/>\nGeomet, Dacromet, Schwarzoxid, Phosphatieren, Pulverbeschichten und Elektrophorese<\/td>\n<\/tr>\n<tr>\n<td valign=\"center\" width=\"132\">Standard<\/td>\n<td valign=\"center\" width=\"491\">ISO, DIN, ANSI, JIS, BS und Nicht-Standard.<\/td>\n<\/tr>\n<tr>\n<td valign=\"center\" width=\"132\">Pr\u00e4zision<\/td>\n<td valign=\"center\" width=\"491\">DIN6, DIN7, DIN8, DIN9.<\/td>\n<\/tr>\n<tr>\n<td valign=\"center\" width=\"132\">Zahnbehandlung<\/td>\n<td valign=\"center\" width=\"491\">Geh\u00e4rtet, gefr\u00e4st oder geschliffen<\/td>\n<\/tr>\n<tr>\n<td valign=\"center\" width=\"132\">Toleranz<\/td>\n<td valign=\"center\" width=\"491\">0,001 mm \u2013 0,01 mm \u2013 0,1 mm<\/td>\n<\/tr>\n<tr>\n<td valign=\"center\" width=\"132\">Beenden<\/td>\n<td valign=\"center\" width=\"491\">Kugelstrahlen\/Sandstrahlen, W\u00e4rmebehandlung, Gl\u00fchen, Anlassen, Polieren, Eloxieren, Verzinken<\/td>\n<\/tr>\n<tr>\n<td valign=\"center\" width=\"132\">Artikelverpackung<\/td>\n<td valign=\"center\" width=\"491\">Plastikt\u00fcte + Kartons oder Holzverpackung<\/td>\n<\/tr>\n<tr>\n<td valign=\"center\" width=\"132\">Zahlungsbedingungen<\/td>\n<td valign=\"center\" width=\"491\">T\/T, L\/C<\/td>\n<\/tr>\n<tr>\n<td valign=\"center\" width=\"132\">Produktionsvorlaufzeit<\/td>\n<td valign=\"center\" width=\"491\">20 Werktage f\u00fcr Muster, 25 Tage f\u00fcr die Masse<\/td>\n<\/tr>\n<tr>\n<td valign=\"center\" width=\"132\">Proben<\/td>\n<td valign=\"center\" width=\"491\">Beispielpreisspanne von $2 bis $100.<br \/>\nBeispiel f\u00fcr eine Expressanfrage, die von Kunden bezahlt wird<\/td>\n<\/tr>\n<tr>\n<td valign=\"center\" width=\"132\">Anwendung<\/td>\n<td valign=\"center\" width=\"491\">1. Automatische Steuerungsmaschine<br \/>\n2. Halbleiterindustrie<br \/>\n3. Allgemeine Industriemaschinen<br \/>\n4. Medizinische Ger\u00e4te<br \/>\n5. Solarenergieausr\u00fcstung<br \/>\n6. Werkzeugmaschine<br \/>\n7. Parksystem<br \/>\n8. Hochgeschwindigkeits-Schienen- und Flugtransportausr\u00fcstung usw.<\/td>\n<\/tr>\n<\/tbody>\n<\/table>\n<p><img loading=\"lazy\" decoding=\"async\" class=\"alignnone wp-image-6953\" src=\"https:\/\/fmp-components.com\/wp-content\/uploads\/2025\/03\/Sintered-Metal-bevel-gear-work.webp\" alt=\"Sintermetall-Kegelrad\" width=\"772\" height=\"587\" title=\"\" srcset=\"https:\/\/fmp-components.com\/wp-content\/uploads\/2025\/03\/Sintered-Metal-bevel-gear-work.webp 772w, https:\/\/fmp-components.com\/wp-content\/uploads\/2025\/03\/Sintered-Metal-bevel-gear-work-480x365.webp 480w\" sizes=\"(min-width: 0px) and (max-width: 480px) 480px, (min-width: 481px) 772px, 100vw\" \/><\/p>","protected":false},"excerpt":{"rendered":"<p>\u00dcber Sintermetall-Kegelr\u00e4der: Sintermetall-Kegelr\u00e4der sind pr\u00e4zisionsgefertigte Bauteile, die im Sinterverfahren hergestellt werden. Dabei werden Metallpulver verdichtet und erhitzt, um robuste, langlebige Zahnr\u00e4der mit konischer Form zu formen. Diese Zahnr\u00e4der finden aufgrund ihrer F\u00e4higkeit, Bewegung und Kraft zwischen sich kreuzenden Wellen zu \u00fcbertragen, breite Anwendung in verschiedenen Branchen. [\u2026]<\/p>","protected":false},"featured_media":6951,"comment_status":"open","ping_status":"closed","template":"","meta":{"_et_pb_use_builder":"","_et_pb_old_content":"","_et_gb_content_width":""},"product_brand":[],"product_cat":[106],"product_tag":[],"class_list":{"0":"post-6946","1":"product","2":"type-product","3":"status-publish","4":"has-post-thumbnail","6":"product_cat-bevel-gears","8":"first","9":"instock","10":"shipping-taxable","11":"product-type-simple"},"_links":{"self":[{"href":"https:\/\/fmp-components.com\/de\/wp-json\/wp\/v2\/product\/6946","targetHints":{"allow":["GET"]}}],"collection":[{"href":"https:\/\/fmp-components.com\/de\/wp-json\/wp\/v2\/product"}],"about":[{"href":"https:\/\/fmp-components.com\/de\/wp-json\/wp\/v2\/types\/product"}],"replies":[{"embeddable":true,"href":"https:\/\/fmp-components.com\/de\/wp-json\/wp\/v2\/comments?post=6946"}],"wp:featuredmedia":[{"embeddable":true,"href":"https:\/\/fmp-components.com\/de\/wp-json\/wp\/v2\/media\/6951"}],"wp:attachment":[{"href":"https:\/\/fmp-components.com\/de\/wp-json\/wp\/v2\/media?parent=6946"}],"wp:term":[{"taxonomy":"product_brand","embeddable":true,"href":"https:\/\/fmp-components.com\/de\/wp-json\/wp\/v2\/product_brand?post=6946"},{"taxonomy":"product_cat","embeddable":true,"href":"https:\/\/fmp-components.com\/de\/wp-json\/wp\/v2\/product_cat?post=6946"},{"taxonomy":"product_tag","embeddable":true,"href":"https:\/\/fmp-components.com\/de\/wp-json\/wp\/v2\/product_tag?post=6946"}],"curies":[{"name":"wp","href":"https:\/\/api.w.org\/{rel}","templated":true}]}}