{"id":6943,"date":"2025-03-13T03:22:40","date_gmt":"2025-03-13T03:22:40","guid":{"rendered":"https:\/\/fmp-components.com\/?post_type=product&#038;p=6943"},"modified":"2025-03-27T01:33:31","modified_gmt":"2025-03-27T01:33:31","slug":"90-degree-bevel-gears","status":"publish","type":"product","link":"https:\/\/fmp-components.com\/de\/product\/90-degree-bevel-gears\/","title":{"rendered":"90-Grad-Kegelr\u00e4der"},"content":{"rendered":"<div>\n<h2>\u00dcber 90-Grad-Kegelr\u00e4der<\/h2>\n<p>90 Grad <a href=\"https:\/\/fmp-components.com\/de\/bevel-gear-2\/\">Kegelr\u00e4der<\/a> Zahnr\u00e4der sind geniale Bauteile, die die Energie\u00fcbertragung zwischen zwei an einem Winkel (90 Grad) verbundenen St\u00e4ben erm\u00f6glichen. Man findet sie in vielen Dingen \u2013 wie Autos, Flugzeugen, gro\u00dfen Maschinen und sogar Robotern \u2013, da sie Energie pr\u00e4zise und mit kleinen Drehungen \u00fcbertragen k\u00f6nnen. Diese Zahnr\u00e4der sind kegelf\u00f6rmig und haben verschiedene Zahnformen: gerade, spiralf\u00f6rmig oder eine spezielle Art namens Zerol. Dadurch eignen sie sich sowohl f\u00fcr einfache, langsame als auch f\u00fcr schnelle, anspruchsvolle Aufgaben und sind somit \u00e4u\u00dferst hilfreich im modernen Maschinenbau.<\/p>\n<p>Bei FMP Company fertigen wir alle Arten von 90\u00b0-Kegelr\u00e4dern, ob geradverzahnt, spiralverzahnt oder als Set in praktischen Boxen \u2013 allesamt robust und hochwertig verarbeitet. Wir fertigen sie auch ganz nach Ihren W\u00fcnschen: mit der perfekten Z\u00e4hnezahl, dem passenden Material (z. B. Metall oder Kunststoff) und der gew\u00fcnschten Gr\u00f6\u00dfe. Sollten Sie das gew\u00fcnschte Kegelrad nicht in unserer Liste finden, kein Problem \u2013 wir haben es einfach noch nicht aufgenommen. Schreiben Sie uns einfach eine E-Mail mit Ihren Anforderungen, und unsere Ingenieure melden sich innerhalb von 24 Stunden mit einer optimalen L\u00f6sung f\u00fcr Ihr Projekt bei Ihnen!<\/p>\n<table style=\"width: 100%;\" border=\"0\" width=\"100%\" cellspacing=\"0\" cellpadding=\"0\">\n<tbody>\n<tr style=\"height: 14.40pt;\">\n<td style=\"height: 14.4pt; width: 50.6281%;\" align=\"right\" width=\"80\" height=\"24\"><img loading=\"lazy\" decoding=\"async\" class=\"alignnone wp-image-6949\" src=\"https:\/\/fmp-components.com\/wp-content\/uploads\/2025\/03\/90-degree-bevel-gears-maintain.webp\" alt=\"90-Grad-Kegelr\u00e4der halten\" width=\"413\" height=\"413\" title=\"\"><\/td>\n<td style=\"width: 49.2462%;\" align=\"right\" width=\"154\"><img loading=\"lazy\" decoding=\"async\" class=\"alignnone wp-image-6950\" src=\"https:\/\/fmp-components.com\/wp-content\/uploads\/2025\/03\/90-degree-bevel-gears-advantages.webp\" alt=\"90-Grad-Kegelr\u00e4der\" width=\"392\" height=\"392\" title=\"\"><\/td>\n<\/tr>\n<\/tbody>\n<\/table>\n<\/div>\n<h3>1. Standard-Geradkegelrad \u2013 Modell A<\/h3>\n<table style=\"width: 100%;\" border=\"1\" width=\"100%\" cellspacing=\"0\" cellpadding=\"0\">\n<tbody>\n<tr style=\"height: 57.60pt;\">\n<td class=\"et2\" style=\"height: 57.60pt; width: 106.80pt;\" width=\"178\" height=\"96\"><strong>Modellname<\/strong><\/td>\n<td class=\"et2\" style=\"width: 49.80pt;\" width=\"83\"><strong>Modul<\/strong><\/td>\n<td class=\"et2\" style=\"width: 48.00pt;\" width=\"80\"><strong>Z\u00e4hnezahl<\/strong><\/td>\n<td class=\"et2\" style=\"width: 92.40pt;\" width=\"154\"><strong>Verh\u00e4ltnis<\/strong><\/td>\n<td class=\"et2\" style=\"width: 48.00pt;\" width=\"80\"><strong>Wellenbohrungsdurchmesser<\/strong><\/td>\n<td class=\"et2\" style=\"width: 91.80pt;\" width=\"153\"><strong>Material<\/strong><\/td>\n<td class=\"et2\" style=\"width: 48.00pt;\" width=\"80\"><strong>Druckwinkel<\/strong><\/td>\n<td class=\"et2\" style=\"width: 86.40pt;\" width=\"144\"><strong>Au\u00dfendurchmesser<\/strong><\/td>\n<td class=\"et2\" style=\"width: 115.20pt;\" width=\"192\"><strong>H\u00e4rte der Zahnoberfl\u00e4che<\/strong><\/td>\n<td class=\"et2\" style=\"width: 60.60pt;\" width=\"101\"><strong>H\u00f6chstgeschwindigkeit<\/strong><\/td>\n<td class=\"et2\" style=\"width: 108.60pt;\" width=\"181\"><strong>Anwendung<\/strong><\/td>\n<\/tr>\n<tr style=\"height: 14.40pt;\">\n<td style=\"height: 14.40pt;\" height=\"24\">Gerades Kegelrad A<\/td>\n<td align=\"right\">1<\/td>\n<td align=\"right\">20<\/td>\n<td>1:1 (Gehrungszahnrad)<\/td>\n<td>10 mm<\/td>\n<td>45# Kohlenstoffstahl<\/td>\n<td>20\u00b0<\/td>\n<td>22 mm<\/td>\n<td>Geh\u00e4rtet (HRC 40-45)<\/td>\n<td>1000 U\/min<\/td>\n<td>Langsamlaufende Maschinen<\/td>\n<\/tr>\n<\/tbody>\n<\/table>\n<h3>2. Standard-Geradkegelrad \u2013 Modell B<\/h3>\n<table style=\"width: 100%;\" border=\"1\" width=\"100%\" cellspacing=\"0\" cellpadding=\"0\">\n<tbody>\n<tr style=\"height: 57.60pt;\">\n<td class=\"et2\" style=\"height: 57.60pt; width: 106.80pt;\" width=\"178\" height=\"96\"><strong>Modellname<\/strong><\/td>\n<td class=\"et2\" style=\"width: 49.80pt;\" width=\"83\"><strong>Modul<\/strong><\/td>\n<td class=\"et2\" style=\"width: 48.00pt;\" width=\"80\"><strong>Z\u00e4hnezahl<\/strong><\/td>\n<td class=\"et2\" style=\"width: 92.40pt;\" width=\"154\"><strong>Verh\u00e4ltnis<\/strong><\/td>\n<td class=\"et2\" style=\"width: 48.00pt;\" width=\"80\"><strong>Wellenbohrungsdurchmesser<\/strong><\/td>\n<td class=\"et2\" style=\"width: 91.80pt;\" width=\"153\"><strong>Material<\/strong><\/td>\n<td class=\"et2\" style=\"width: 48.00pt;\" width=\"80\"><strong>Druckwinkel<\/strong><\/td>\n<td class=\"et2\" style=\"width: 86.40pt;\" width=\"144\"><strong>Au\u00dfendurchmesser<\/strong><\/td>\n<td class=\"et2\" style=\"width: 115.20pt;\" width=\"192\"><strong>H\u00e4rte der Zahnoberfl\u00e4che<\/strong><\/td>\n<td class=\"et2\" style=\"width: 60.60pt;\" width=\"101\"><strong>H\u00f6chstgeschwindigkeit<\/strong><\/td>\n<td class=\"et2\" style=\"width: 108.60pt;\" width=\"181\"><strong>Anwendung<\/strong><\/td>\n<\/tr>\n<tr style=\"height: 14.40pt;\">\n<td style=\"height: 14.40pt;\" height=\"24\">Gerades Kegelrad B<\/td>\n<td align=\"right\">2<\/td>\n<td align=\"right\">30<\/td>\n<td class=\"et3\" align=\"right\">2:01<\/td>\n<td>14 mm<\/td>\n<td>Edelstahl<\/td>\n<td>20\u00b0<\/td>\n<td>64 mm<\/td>\n<td>Geh\u00e4rtet (HRC 45-50)<\/td>\n<td>800 U\/min<\/td>\n<td>Getriebe f\u00fcr mittlere Nutzfahrzeuge<\/td>\n<\/tr>\n<\/tbody>\n<\/table>\n<h3>3. Spiralkegelrad \u2013 Modell C<\/h3>\n<table style=\"width: 100%;\" border=\"1\" width=\"100%\" cellspacing=\"0\" cellpadding=\"0\">\n<thead class=\"border-b border-primary\/20\">\n<tr class=\"border-primary\/10\">\n<th class=\"break-words\">Modellname<\/th>\n<th class=\"break-words\">Modul<\/th>\n<th class=\"break-words\">Z\u00e4hnezahl<\/th>\n<th class=\"break-words\">Verh\u00e4ltnis<\/th>\n<th class=\"break-words\">Wellenbohrungsdurchmesser<\/th>\n<th class=\"break-words\">Material<\/th>\n<th class=\"break-words\">Druckwinkel<\/th>\n<th class=\"break-words\">Au\u00dfendurchmesser<\/th>\n<th class=\"break-words\">H\u00e4rte der Zahnoberfl\u00e4che<\/th>\n<th class=\"break-words\">Gegenreaktion<\/th>\n<th class=\"break-words\">H\u00f6chstgeschwindigkeit<\/th>\n<th class=\"break-words\">Anwendung<\/th>\n<\/tr>\n<\/thead>\n<tbody>\n<tr class=\"border-primary\/10\">\n<td class=\"break-words\">Spiral-Kegelrad C<\/td>\n<td class=\"break-words\">1.5<\/td>\n<td class=\"break-words\">25<\/td>\n<td class=\"break-words\">1:1<\/td>\n<td class=\"break-words\">12 mm<\/td>\n<td class=\"break-words\">Aufgekohlter Stahl<\/td>\n<td class=\"break-words\">20\u00b0<\/td>\n<td class=\"break-words\">40 mm<\/td>\n<td class=\"break-words\">Geh\u00e4rtet (HRC 50-55)<\/td>\n<td class=\"break-words\">5-10 Bogenminuten<\/td>\n<td class=\"break-words\">2000 U\/min<\/td>\n<td class=\"break-words\">Hochgeschwindigkeitsrobotik<\/td>\n<\/tr>\n<\/tbody>\n<\/table>\n<h4>4. Spiralkegelrad \u2013 Modell D<\/h4>\n<table style=\"width: 100%;\" border=\"1\" width=\"100%\" cellspacing=\"0\" cellpadding=\"0\">\n<tbody>\n<tr style=\"height: 57.60pt;\">\n<td class=\"et2\" style=\"height: 57.60pt; width: 106.80pt;\" width=\"178\" height=\"96\"><strong>Modellname<\/strong><\/td>\n<td class=\"et2\" style=\"width: 49.80pt;\" width=\"83\"><strong>Modul<\/strong><\/td>\n<td class=\"et2\" style=\"width: 48.00pt;\" width=\"80\"><strong>Z\u00e4hnezahl<\/strong><\/td>\n<td class=\"et2\" style=\"width: 92.40pt;\" width=\"154\"><strong>Verh\u00e4ltnis<\/strong><\/td>\n<td class=\"et2\" style=\"width: 48.00pt;\" width=\"80\"><strong>Wellenbohrungsdurchmesser<\/strong><\/td>\n<td class=\"et2\" style=\"width: 91.80pt;\" width=\"153\"><strong>Material<\/strong><\/td>\n<td class=\"et2\" style=\"width: 48.00pt;\" width=\"80\"><strong>Druckwinkel<\/strong><\/td>\n<td class=\"et2\" style=\"width: 86.40pt;\" width=\"144\"><strong>Au\u00dfendurchmesser<\/strong><\/td>\n<td class=\"et2\" style=\"width: 115.20pt;\" width=\"192\"><strong>H\u00e4rte der Zahnoberfl\u00e4che<\/strong><\/td>\n<td class=\"et2\" style=\"width: 60.60pt;\" width=\"101\"><strong>Gegenreaktion<\/strong><\/td>\n<td class=\"et2\" style=\"width: 108.60pt;\" width=\"181\"><strong>H\u00f6chstgeschwindigkeit<\/strong><\/td>\n<td class=\"et2\" style=\"width: 48.00pt;\" width=\"80\"><strong>Anwendung<\/strong><\/td>\n<\/tr>\n<tr style=\"height: 14.40pt;\">\n<td style=\"height: 14.40pt;\" height=\"24\">Spiralkegelrad D<\/td>\n<td align=\"right\">3<\/td>\n<td align=\"right\">40<\/td>\n<td>1.5:1<\/td>\n<td>16 mm<\/td>\n<td>Geh\u00e4rteter Stahl<\/td>\n<td>20\u00b0<\/td>\n<td>126 mm<\/td>\n<td>Geh\u00e4rtet (HRC 55-60)<\/td>\n<td>3-8 Bogenminuten<\/td>\n<td>1500 U\/min<\/td>\n<td>Schwere Maschinen<\/td>\n<\/tr>\n<\/tbody>\n<\/table>\n<h3>5. 90-Grad-Kegelradgetriebe \u2013 Modell E (Einzelausgang)<\/h3>\n<table style=\"width: 100%; height: 57px;\" border=\"1\" width=\"100%\" cellspacing=\"0\" cellpadding=\"0\">\n<tbody>\n<tr style=\"height: 43.20pt;\">\n<td class=\"et2\" style=\"height: 43px; width: 106.8pt;\" width=\"178\" height=\"72\"><strong>Modellname<\/strong><\/td>\n<td class=\"et2\" style=\"width: 49.8pt; height: 43px;\" width=\"83\"><strong>Typ<\/strong><\/td>\n<td class=\"et2\" style=\"width: 48pt; height: 43px;\" width=\"80\"><strong>Modul<\/strong><\/td>\n<td class=\"et2\" style=\"width: 92.4pt; height: 43px;\" width=\"154\"><strong>Z\u00e4hnezahl<\/strong><\/td>\n<td class=\"et2\" style=\"width: 48pt; height: 43px;\" width=\"80\"><strong>Verh\u00e4ltnis<\/strong><\/td>\n<td class=\"et2\" style=\"width: 91.8pt; height: 43px;\" width=\"153\"><strong>Wellendurchmesser<\/strong><\/td>\n<td class=\"et2\" style=\"width: 48pt; height: 43px;\" width=\"80\"><strong>Geh\u00e4usematerial<\/strong><\/td>\n<td class=\"et2\" style=\"width: 86.4pt; height: 43px;\" width=\"144\"><strong>Nenndrehmoment<\/strong><\/td>\n<td class=\"et2\" style=\"width: 115.2pt; height: 43px;\" width=\"192\"><strong>H\u00f6chstgeschwindigkeit<\/strong><\/td>\n<td class=\"et2\" style=\"width: 60.6pt; height: 43px;\" width=\"101\"><strong>Schutzklasse<\/strong><\/td>\n<td class=\"et2\" style=\"width: 108.6pt; height: 43px;\" width=\"181\"><strong>Gewicht<\/strong><\/td>\n<td class=\"et2\" style=\"width: 48pt; height: 43px;\" width=\"80\"><strong>Anwendung<\/strong><\/td>\n<\/tr>\n<tr style=\"height: 14.40pt;\">\n<td style=\"height: 14px;\" height=\"24\">Kegelradgetriebe E<\/td>\n<td style=\"height: 14px;\">Einzelne Abtriebswelle<\/td>\n<td style=\"height: 14px;\" align=\"right\">1<\/td>\n<td style=\"height: 14px;\" align=\"right\">20<\/td>\n<td class=\"et3\" style=\"height: 14px;\" align=\"right\">1:01<\/td>\n<td style=\"height: 14px;\">8 mm<\/td>\n<td style=\"height: 14px;\">Aluminiumguss<\/td>\n<td style=\"height: 14px;\">50 Nm<\/td>\n<td style=\"height: 14px;\">1800 U\/min<\/td>\n<td style=\"height: 14px;\">IP65<\/td>\n<td style=\"height: 14px;\">0,8 kg<\/td>\n<td style=\"height: 14px;\">Heimwerkerprojekte im mechanischen Bereich<\/td>\n<\/tr>\n<\/tbody>\n<\/table>\n<h3>6. 90-Grad-Kegelradgetriebe \u2013 Modell F (Doppelausgang)<\/h3>\n<table style=\"width: 100%;\" border=\"1\" width=\"100%\" cellspacing=\"0\" cellpadding=\"0\">\n<thead class=\"border-b border-primary\/20\">\n<tr class=\"border-primary\/10\">\n<th class=\"break-words\">Modellname<\/th>\n<th class=\"break-words\">Typ<\/th>\n<th class=\"break-words\">Modul<\/th>\n<th class=\"break-words\">Z\u00e4hnezahl<\/th>\n<th class=\"break-words\">Verh\u00e4ltnis<\/th>\n<th class=\"break-words\">Wellendurchmesser<\/th>\n<th class=\"break-words\">Geh\u00e4usematerial<\/th>\n<th class=\"break-words\">Nenndrehmoment<\/th>\n<th class=\"break-words\">H\u00f6chstgeschwindigkeit<\/th>\n<th class=\"break-words\">Schutzklasse<\/th>\n<th class=\"break-words\">Gewicht<\/th>\n<th class=\"break-words\">Anwendung<\/th>\n<\/tr>\n<\/thead>\n<tbody>\n<tr class=\"border-primary\/10\">\n<td class=\"break-words\">Kegelradgetriebe F<\/td>\n<td class=\"break-words\">Doppelte Abtriebswelle<\/td>\n<td class=\"break-words\">2<\/td>\n<td class=\"break-words\">30<\/td>\n<td class=\"break-words\">2:1<\/td>\n<td class=\"break-words\">12 mm<\/td>\n<td class=\"break-words\">vernickeltes Aluminium<\/td>\n<td class=\"break-words\">120 Nm<\/td>\n<td class=\"break-words\">1200 U\/min<\/td>\n<td class=\"break-words\">IP67<\/td>\n<td class=\"break-words\">1,5 kg<\/td>\n<td class=\"break-words\">Industrief\u00f6rderb\u00e4nder<\/td>\n<\/tr>\n<\/tbody>\n<\/table>\n<h3>7. Standard-Geradkegelrad \u2013 Modell G<\/h3>\n<table style=\"width: 100%;\" border=\"1\" width=\"100%\" cellspacing=\"0\" cellpadding=\"0\">\n<thead class=\"border-b border-primary\/20\">\n<tr class=\"border-primary\/10\">\n<th class=\"break-words\">Modellname<\/th>\n<th class=\"break-words\">Modul<\/th>\n<th class=\"break-words\">Z\u00e4hnezahl<\/th>\n<th class=\"break-words\">Verh\u00e4ltnis<\/th>\n<th class=\"break-words\">Wellenbohrungsdurchmesser<\/th>\n<th class=\"break-words\">Material<\/th>\n<th class=\"break-words\">Druckwinkel<\/th>\n<th class=\"break-words\">Au\u00dfendurchmesser<\/th>\n<th class=\"break-words\">H\u00e4rte der Zahnoberfl\u00e4che<\/th>\n<th class=\"break-words\">H\u00f6chstgeschwindigkeit<\/th>\n<th class=\"break-words\">Anwendung<\/th>\n<\/tr>\n<\/thead>\n<tbody>\n<tr class=\"border-primary\/10\">\n<td class=\"break-words\">Gerades Kegelrad G<\/td>\n<td class=\"break-words\">2.5<\/td>\n<td class=\"break-words\">16<\/td>\n<td class=\"break-words\">1:1 (Gehrungszahnrad)<\/td>\n<td class=\"break-words\">12 mm<\/td>\n<td class=\"break-words\">Aluminium<\/td>\n<td class=\"break-words\">14,5\u00b0<\/td>\n<td class=\"break-words\">42 mm<\/td>\n<td class=\"break-words\">Nicht geh\u00e4rtet<\/td>\n<td class=\"break-words\">900 U\/min<\/td>\n<td class=\"break-words\">Leichtbausysteme<\/td>\n<\/tr>\n<\/tbody>\n<\/table>\n<h3>8. Spiralkegelrad \u2013 Modell H<\/h3>\n<table style=\"width: 100%;\" border=\"1\" width=\"100%\" cellspacing=\"0\" cellpadding=\"0\">\n<tbody>\n<tr style=\"height: 57.60pt;\">\n<td class=\"et2\" style=\"height: 57.60pt; width: 106.80pt;\" width=\"178\" height=\"96\"><strong>Modellname<\/strong><\/td>\n<td class=\"et2\" style=\"width: 49.80pt;\" width=\"83\"><strong>Modul<\/strong><\/td>\n<td class=\"et2\" style=\"width: 48.00pt;\" width=\"80\"><strong>Z\u00e4hnezahl<\/strong><\/td>\n<td class=\"et2\" style=\"width: 92.40pt;\" width=\"154\"><strong>Verh\u00e4ltnis<\/strong><\/td>\n<td class=\"et2\" style=\"width: 48.00pt;\" width=\"80\"><strong>Wellenbohrungsdurchmesser<\/strong><\/td>\n<td class=\"et2\" style=\"width: 91.80pt;\" width=\"153\"><strong>Material<\/strong><\/td>\n<td class=\"et2\" style=\"width: 48.00pt;\" width=\"80\"><strong>Druckwinkel<\/strong><\/td>\n<td class=\"et2\" style=\"width: 86.40pt;\" width=\"144\"><strong>Au\u00dfendurchmesser<\/strong><\/td>\n<td class=\"et2\" style=\"width: 115.20pt;\" width=\"192\"><strong>H\u00e4rte der Zahnoberfl\u00e4che<\/strong><\/td>\n<td class=\"et2\" style=\"width: 60.60pt;\" width=\"101\"><strong>Gegenreaktion<\/strong><\/td>\n<td class=\"et2\" style=\"width: 108.60pt;\" width=\"181\"><strong>H\u00f6chstgeschwindigkeit<\/strong><\/td>\n<td class=\"et2\" style=\"width: 48.00pt;\" width=\"80\"><strong>Anwendung<\/strong><\/td>\n<\/tr>\n<tr style=\"height: 14.40pt;\">\n<td style=\"height: 14.40pt;\" height=\"24\">Spiral-Kegelrad H<\/td>\n<td align=\"right\">2.5<\/td>\n<td align=\"right\">35<\/td>\n<td class=\"et3\" align=\"right\">2:01<\/td>\n<td>14 mm<\/td>\n<td>Aufgekohlter Stahl<\/td>\n<td>20\u00b0<\/td>\n<td>90 mm<\/td>\n<td>Geh\u00e4rtet (HRC 50-55)<\/td>\n<td>4-12 Bogenminuten<\/td>\n<td>1800 U\/min<\/td>\n<td>Kfz-Differentiale<\/td>\n<\/tr>\n<\/tbody>\n<\/table>\n<div>\n<h3>Merkmale von 90-Grad-Kegelr\u00e4dern<\/h3>\n<p class=\"break-words\">90\u00b0-Kegelr\u00e4der sind spezielle, kegelf\u00f6rmige Zahnr\u00e4der, die die Kraft zwischen zwei Wellen \u00fcbertragen, die sich in einem 90\u00b0-Winkel treffen. Man findet sie in Autos, Flugzeugen und Maschinen. Es gibt zwei Hauptarten: Gerade Kegelr\u00e4der haben einfache, gerade Z\u00e4hne und eignen sich gut f\u00fcr langsamere Anwendungen, wie beispielsweise in Druckmaschinen. Allerdings lassen sie sich nach dem H\u00e4rten durch Hitze nicht mehr polieren. Spiralkegelr\u00e4der hingegen haben geschwungene, sich drehende Z\u00e4hne, wodurch sie leiser laufen und besser f\u00fcr schnelle oder anspruchsvolle Anwendungen geeignet sind, wie beispielsweise in Automotoren. Sie lassen sich hochpr\u00e4zise polieren. Diese Zahnr\u00e4der k\u00f6nnen aus robusten Materialien wie Stahl oder sogar Kunststoff gefertigt werden. Spiralkegelr\u00e4der sind zwar aufwendiger in der Herstellung, aber daf\u00fcr robuster und erfreuen sich aufgrund ihrer hervorragenden Eigenschaften zunehmender Beliebtheit.<\/p>\n<\/div>","protected":false},"excerpt":{"rendered":"<p>About 90 Degree Bevel Gears 90 Degree Bevel Gears are awesome parts that help pass energy between two rods that connect at a corner, making a 90-degree angle. You can find them in lots of things\u2014like cars, planes, huge machines, and even robots\u2014because they\u2019re really good at sending energy in small, careful twists. These gears [&hellip;]<\/p>","protected":false},"featured_media":6944,"comment_status":"open","ping_status":"closed","template":"","meta":{"_et_pb_use_builder":"","_et_pb_old_content":"","_et_gb_content_width":""},"product_brand":[],"product_cat":[91,106],"product_tag":[],"class_list":{"0":"post-6943","1":"product","2":"type-product","3":"status-publish","4":"has-post-thumbnail","6":"product_cat-gear-racks","7":"product_cat-bevel-gears","9":"first","10":"instock","11":"shipping-taxable","12":"product-type-simple"},"_links":{"self":[{"href":"https:\/\/fmp-components.com\/de\/wp-json\/wp\/v2\/product\/6943","targetHints":{"allow":["GET"]}}],"collection":[{"href":"https:\/\/fmp-components.com\/de\/wp-json\/wp\/v2\/product"}],"about":[{"href":"https:\/\/fmp-components.com\/de\/wp-json\/wp\/v2\/types\/product"}],"replies":[{"embeddable":true,"href":"https:\/\/fmp-components.com\/de\/wp-json\/wp\/v2\/comments?post=6943"}],"wp:featuredmedia":[{"embeddable":true,"href":"https:\/\/fmp-components.com\/de\/wp-json\/wp\/v2\/media\/6944"}],"wp:attachment":[{"href":"https:\/\/fmp-components.com\/de\/wp-json\/wp\/v2\/media?parent=6943"}],"wp:term":[{"taxonomy":"product_brand","embeddable":true,"href":"https:\/\/fmp-components.com\/de\/wp-json\/wp\/v2\/product_brand?post=6943"},{"taxonomy":"product_cat","embeddable":true,"href":"https:\/\/fmp-components.com\/de\/wp-json\/wp\/v2\/product_cat?post=6943"},{"taxonomy":"product_tag","embeddable":true,"href":"https:\/\/fmp-components.com\/de\/wp-json\/wp\/v2\/product_tag?post=6943"}],"curies":[{"name":"wp","href":"https:\/\/api.w.org\/{rel}","templated":true}]}}