{"id":6653,"date":"2025-03-11T06:36:21","date_gmt":"2025-03-11T06:36:21","guid":{"rendered":"https:\/\/fmp-components.com\/product\/small-hydraulic-telescopic-cylinder-for-dump-trailer"},"modified":"2025-03-12T08:26:30","modified_gmt":"2025-03-12T08:26:30","slug":"small-hydraulic-telescopic-cylinder-for-dump-trailer","status":"publish","type":"product","link":"https:\/\/fmp-components.com\/de\/product\/small-hydraulic-telescopic-cylinder-for-dump-trailer\/","title":{"rendered":"Kleiner hydraulischer Teleskopzylinder f\u00fcr Kippanh\u00e4nger"},"content":{"rendered":"<h2>Kleiner hydraulischer Teleskopzylinder f\u00fcr Kippanh\u00e4nger<\/h2>\n<p>Wir pr\u00e4sentieren unseren kleinen hydraulischen Teleskopzylinder f\u00fcr Kippanh\u00e4nger. Dieser vielseitige und robuste Zylinder ist f\u00fcr ein breites Anwendungsspektrum in verschiedenen Branchen konzipiert, beispielsweise in Maschinenreparaturwerkst\u00e4tten, der Landwirtschaft, im Energie- und Bergbau, im Maschinenbau und in Maschinenfabriken. Er ist die perfekte L\u00f6sung f\u00fcr alle, die einen zuverl\u00e4ssigen und effizienten Hydraulikzylinder suchen.<\/p>\n<p><img loading=\"lazy\" decoding=\"async\" class=\"alignnone size-full wp-image-6660\" src=\"https:\/\/fmp-components.com\/wp-content\/uploads\/2025\/03\/hydraulic-cylinder-workshop-4.webp\" alt=\"Teleskop-Hydraulikzylinder\" width=\"914\" height=\"733\" title=\"\" srcset=\"https:\/\/fmp-components.com\/wp-content\/uploads\/2025\/03\/hydraulic-cylinder-workshop-4.webp 914w, https:\/\/fmp-components.com\/wp-content\/uploads\/2025\/03\/hydraulic-cylinder-workshop-4-480x385.webp 480w\" sizes=\"(min-width: 0px) and (max-width: 480px) 480px, (min-width: 481px) 914px, 100vw\" \/><\/p>\n<h3>Hauptfunktionen und Vorteile<\/h3>\n<p>Unser hydraulischer Teleskopzylinder verf\u00fcgt \u00fcber eine Reihe von Funktionen und Vorteilen, die ihn von der Konkurrenz abheben:<\/p>\n<ul>\n<li>Ein Jahr Garantie<\/li>\n<li>ISO9001:2000-Zertifizierung<\/li>\n<li>Standardaufbau eines Plungerzylinders<\/li>\n<li>Hydraulikleistung<\/li>\n<li>Geh\u00e4usematerial aus Stahl f\u00fcr maximale Haltbarkeit<\/li>\n<li>Maximale Schubkraft von 3000 und maximale Zugkraft von 20 Tonnen<\/li>\n<li>Mehrstufiger Hydraulikzylinder<\/li>\n<li>Verschiedene Anschlussoptionen: G\/SAE\/NPT\/M<\/li>\n<li>Schwarze Farbe<\/li>\n<\/ul>\n<h3>Technische Spezifikationen<\/h3>\n<p>Die technischen Daten unseres hydraulischen Teleskopzylinders lauten wie folgt:<\/p>\n<table style=\"width: 95.4089%;\" border=\"\">\n<tbody>\n<tr>\n<td style=\"width: 42.9379%;\"><i>Bohrungsgr\u00f6\u00dfe<\/i><\/td>\n<td style=\"width: 450.282%;\">2-6 Zoll<\/td>\n<\/tr>\n<tr>\n<td style=\"width: 42.9379%;\"><i>Stangengr\u00f6\u00dfe<\/i><\/td>\n<td style=\"width: 450.282%;\">1,125-4 Zoll<\/td>\n<\/tr>\n<tr>\n<td style=\"width: 42.9379%;\"><i>Strichgr\u00f6\u00dfe<\/i><\/td>\n<td style=\"width: 450.282%;\">4-100 Zoll<\/td>\n<\/tr>\n<tr>\n<td style=\"width: 42.9379%;\"><i>Pin-Gr\u00f6\u00dfe<\/i><\/td>\n<td style=\"width: 450.282%;\">0,5-2 Zoll<\/td>\n<\/tr>\n<tr>\n<td style=\"width: 42.9379%;\"><i>H\u00e4fen<\/i><\/td>\n<td style=\"width: 450.282%;\">G\/SAE\/NPT\/M<\/td>\n<\/tr>\n<\/tbody>\n<\/table>\n<h2>Funktionsprinzip und Anwendungen<\/h2>\n<p>Der kleine hydraulische Teleskopzylinder nutzt die Hydraulikkraft, um eine mechanische Kraft zu erzeugen. Diese Kraft wird dann f\u00fcr verschiedene Anwendungen genutzt, insbesondere f\u00fcr Schwermaschinen und -ger\u00e4te in Maschinenreparaturwerkst\u00e4tten, landwirtschaftlichen Betrieben, im Energie- und Bergbau, im Maschinenbau und in Maschinenfabriken.<\/p>\n<h2>Hydraulikzylinder und Antriebseinheiten<\/h2>\n<p>Hydraulikzylinder und Antriebsaggregat sind integrale Bestandteile hydraulischer Systeme. Hydraulikzylinder wandeln hydraulische Energie in mechanische Bewegung um, w\u00e4hrend Antriebsaggregate die ben\u00f6tigte Energie und Steuersignale liefern. Ihr synergetische Wirkung erm\u00f6glicht die breite Anwendung der Hydrauliktechnologie im industriellen Bereich und bietet zuverl\u00e4ssige Antriebs- und Steuerungsunterst\u00fctzung f\u00fcr verschiedene technische und mechanische Ger\u00e4te. Wir bieten auch Antriebsaggregate zum Kauf an.<\/p>\n<h3>H\u00e4ufig gestellte Fragen<\/h3>\n<p>F: Sind Sie ein Handelsunternehmen oder ein Hersteller?<br \/>\nA: Wir sind ein Hersteller.<\/p>\n<p>F: Wie lange ist Ihre Lieferzeit?<br \/>\nA: Im Allgemeinen sind es 25\u201335 Tage.<\/p>\n<p>F: Stellen Sie Muster zur Verf\u00fcgung? Ist es kostenlos oder gegen Aufpreis?<br \/>\nA: Ja, wir stellen Muster zur Verf\u00fcgung, aber diese sind nicht kostenlos.<\/p>\n<h3>\u00dcber FMP<\/h3>\n<p>FMP ist ein f\u00fchrender italienischer Hersteller, der f\u00fcr seine Expertise in der Konstruktion, Entwicklung und Produktion hochwertiger Hydraulikzylinder bekannt ist. Dank jahrzehntelanger Branchenerfahrung verbinden wir traditionelle italienische Handwerkskunst nahtlos mit modernster Technologie, um herausragende Hydraulikl\u00f6sungen zu liefern, die auf die vielf\u00e4ltigen Bed\u00fcrfnisse unserer weltweiten Kunden zugeschnitten sind. Mit Sitz in Italien, einem Zentrum der technischen Exzellenz, hat sich FMP als vertrauensw\u00fcrdiger Name in der Hydraulikbranche etabliert und sich der Bereitstellung zuverl\u00e4ssiger, langlebiger und innovativer Produkte verschrieben, die Unternehmen weltweit unterst\u00fctzen.<\/p>\n<p>Unser Unternehmen verbindet modernste Fertigungsverfahren mit einem zukunftsorientierten Ansatz. Dank langj\u00e4hriger Erfahrung im Bereich Hydrauliksysteme hat sich FMP zu einem modernen Unternehmen entwickelt, das sich durch herausragende Leistungen in Forschung, Design und Produktion auszeichnet. Wir bieten eine breite Palette an Hydraulikzylindern, darunter doppeltwirkende Zylinder, Hubzylinder f\u00fcr Kraftfahrzeuge, Zylinder f\u00fcr Landmaschinen sowie ma\u00dfgeschneiderte L\u00f6sungen f\u00fcr verschiedene industrielle Anwendungen. Ob f\u00fcr Bauwesen, Industrieanlagen, Landwirtschaft oder Schwermaschinen \u2013 unsere Hydraulikzylinder sind f\u00fcr den Einsatz unter anspruchsvollsten Bedingungen ausgelegt und gew\u00e4hrleisten Sicherheit, Effizienz und Langlebigkeit.<\/p>\n<p>Bei FMP sind wir stolz auf unsere hochmodernen Produktionsanlagen, die mit Pr\u00e4zisionsmaschinen und fortschrittlichen Pr\u00fcfsystemen ausgestattet sind. Unsere Fertigungsprozesse entsprechen strengen nationalen und internationalen Standards und garantieren, dass jeder produzierte Hydraulikzylinder h\u00f6chste Qualit\u00e4ts- und Zuverl\u00e4ssigkeitsstandards erf\u00fcllt. Mit einem qualifizierten technischen Team und modernster Ausr\u00fcstung gew\u00e4hrleisten wir in jeder Produktionsphase eine strenge Qualit\u00e4tskontrolle \u2013 von der Rohstoffauswahl bis zur Endkontrolle. Dieses Engagement f\u00fcr Spitzenleistungen hat uns Zertifizierungen und Anerkennung von Branchenbeh\u00f6rden eingebracht und unseren Ruf als zuverl\u00e4ssiger Partner gest\u00e4rkt.<\/p>\n<p><img loading=\"lazy\" decoding=\"async\" class=\"alignnone size-full wp-image-6720\" src=\"https:\/\/fmp-components.com\/wp-content\/uploads\/2025\/03\/hydraulic-cylinder-8.webp\" alt=\"Teleskop-Hydraulikzylinder\" width=\"933\" height=\"526\" title=\"\" srcset=\"https:\/\/fmp-components.com\/wp-content\/uploads\/2025\/03\/hydraulic-cylinder-8.webp 933w, https:\/\/fmp-components.com\/wp-content\/uploads\/2025\/03\/hydraulic-cylinder-8-480x271.webp 480w\" sizes=\"(min-width: 0px) and (max-width: 480px) 480px, (min-width: 481px) 933px, 100vw\" \/><\/p>\n<p>Unsere Mission ist klar und ambitioniert: Wir bieten unseren Kunden Hydraulikzylinder, die ihre Erwartungen in Leistung, Haltbarkeit und Wert \u00fcbertreffen. Wir halten uns an die Grundprinzipien Professionalit\u00e4t, Integrit\u00e4t und Kundenorientierung. Durch Innovation und Pr\u00e4zision verbessern wir unsere Produkte kontinuierlich, um im Wettbewerb die Nase vorn zu behalten. Unser umfangreiches Produktsortiment und unsere F\u00e4higkeit, ma\u00dfgeschneiderte L\u00f6sungen anzubieten, machen uns zur bevorzugten Wahl f\u00fcr Unternehmen, die leistungsstarke Hydraulikzylinder suchen.<\/p>\n<p>FMP ist mehr als nur ein Hersteller; wir sind Ihr engagierter Partner f\u00fcr Ihren Erfolg. Wir wissen, dass unsere Kunden auf uns vertrauen, wenn es um Werkzeuge zur Steigerung von Produktivit\u00e4t und Sicherheit geht. Deshalb legen wir nicht nur Wert auf erstklassige Produkte, sondern auch auf au\u00dfergew\u00f6hnlichen Service. Von der Erstberatung bis zum After-Sales-Support arbeiten wir eng mit unseren Kunden zusammen, um sicherzustellen, dass ihre Bed\u00fcrfnisse professionell und sorgf\u00e4ltig erf\u00fcllt werden. Unsere wettbewerbsf\u00e4higen Preise und unser unerm\u00fcdliches Engagement f\u00fcr Qualit\u00e4t machen FMP zur intelligenten Wahl f\u00fcr Unternehmen, die in zuverl\u00e4ssige Hydraulikl\u00f6sungen investieren m\u00f6chten.<\/p>","protected":false},"excerpt":{"rendered":"<p>Small Hydraulic Telescopic Cylinder for Dump Trailer Introducing our Small Hydraulic Telescopic Cylinder for Dump Trailer. This versatile and robust cylinder is designed for a wide range of applications across several industries such as machinery repair shops, farms, energy and mining, machinery manufacturing, and machinery factories. It is the perfect solution for those seeking a [&hellip;]<\/p>","protected":false},"featured_media":6763,"comment_status":"closed","ping_status":"closed","template":"","meta":{"_et_pb_use_builder":"","_et_pb_old_content":"","_et_gb_content_width":""},"product_brand":[],"product_cat":[103],"product_tag":[34,105],"class_list":{"0":"post-6653","1":"product","2":"type-product","3":"status-publish","4":"has-post-thumbnail","6":"product_cat-telescopic-hydraulic-cylinders","7":"product_tag-hydraulic-cylinder","8":"product_tag-telescopic-hydraulic-cylinders","10":"first","11":"instock","12":"product-type-simple"},"_links":{"self":[{"href":"https:\/\/fmp-components.com\/de\/wp-json\/wp\/v2\/product\/6653","targetHints":{"allow":["GET"]}}],"collection":[{"href":"https:\/\/fmp-components.com\/de\/wp-json\/wp\/v2\/product"}],"about":[{"href":"https:\/\/fmp-components.com\/de\/wp-json\/wp\/v2\/types\/product"}],"replies":[{"embeddable":true,"href":"https:\/\/fmp-components.com\/de\/wp-json\/wp\/v2\/comments?post=6653"}],"wp:featuredmedia":[{"embeddable":true,"href":"https:\/\/fmp-components.com\/de\/wp-json\/wp\/v2\/media\/6763"}],"wp:attachment":[{"href":"https:\/\/fmp-components.com\/de\/wp-json\/wp\/v2\/media?parent=6653"}],"wp:term":[{"taxonomy":"product_brand","embeddable":true,"href":"https:\/\/fmp-components.com\/de\/wp-json\/wp\/v2\/product_brand?post=6653"},{"taxonomy":"product_cat","embeddable":true,"href":"https:\/\/fmp-components.com\/de\/wp-json\/wp\/v2\/product_cat?post=6653"},{"taxonomy":"product_tag","embeddable":true,"href":"https:\/\/fmp-components.com\/de\/wp-json\/wp\/v2\/product_tag?post=6653"}],"curies":[{"name":"wp","href":"https:\/\/api.w.org\/{rel}","templated":true}]}}