{"id":6647,"date":"2025-03-11T06:36:21","date_gmt":"2025-03-11T06:36:21","guid":{"rendered":"https:\/\/fmp-components.com\/product\/multi-stage-dump-truck-hydraulic-hoist-cylinder"},"modified":"2025-03-12T07:00:10","modified_gmt":"2025-03-12T07:00:10","slug":"multi-stage-dump-truck-hydraulic-hoist-cylinder","status":"publish","type":"product","link":"https:\/\/fmp-components.com\/de\/product\/multi-stage-dump-truck-hydraulic-hoist-cylinder\/","title":{"rendered":"Mehrstufiger hydraulischer Hubzylinder f\u00fcr Muldenkipper"},"content":{"rendered":"<h2>Mehrstufiger hydraulischer Hubzylinder f\u00fcr Muldenkipper<\/h2>\n<p>Wir stellen unser brandneues Produkt vor: den mehrstufigen hydraulischen Hubzylinder f\u00fcr Muldenkipper. Dieser Hydraulikzylinder ist eine wichtige Komponente f\u00fcr schwere Maschinen und eignet sich perfekt f\u00fcr Maschinenreparaturwerkst\u00e4tten, landwirtschaftliche Betriebe, die Energie- und Bergbauindustrie sowie den Maschinenbau und Fabriken.<\/p>\n<h3>Produktmerkmale und Spezifikationen<\/h3>\n<p>Dieser hochwertige hydraulische Hubzylinder hat eine 1-j\u00e4hrige Garantie und wiegt 120 kg. Auch die Kernkomponenten, darunter Lager und der Hydraulikzylinder selbst, sind durch eine 1-j\u00e4hrige Garantie abgedeckt. Es handelt sich um einen Standard-Kolbenzylinder mit einem Geh\u00e4use aus robustem Stahl. Die maximale Schub- und Zugkraft betr\u00e4gt 3000 bzw. 20 Tonnen. Der Bohrungsdurchmesser variiert zwischen 2 und 6 Zoll, der Stangendurchmesser zwischen 1,125 und 4 Zoll. Der Hub variiert zwischen 4 und 100 Zoll und der Bolzendurchmesser zwischen 0,5 und 2 Zoll. Der hydraulische Hubzylinder ist schwarz.<\/p>\n<h3>Technische Spezifikationen<\/h3>\n<table style=\"width: 95.5642%;\" border=\"\">\n<tbody>\n<tr>\n<td style=\"width: 43.5028%;\"><b>Bohrungsgr\u00f6\u00dfe<\/b><\/td>\n<td style=\"width: 461.582%;\">2-6 Zoll<\/td>\n<\/tr>\n<tr>\n<td style=\"width: 43.5028%;\"><b>Stangengr\u00f6\u00dfe<\/b><\/td>\n<td style=\"width: 461.582%;\">1,125-4 Zoll<\/td>\n<\/tr>\n<tr>\n<td style=\"width: 43.5028%;\"><b>Strichgr\u00f6\u00dfe<\/b><\/td>\n<td style=\"width: 461.582%;\">4-100 Zoll<\/td>\n<\/tr>\n<tr>\n<td style=\"width: 43.5028%;\"><b>Pin-Gr\u00f6\u00dfe<\/b><\/td>\n<td style=\"width: 461.582%;\">0,5-2 Zoll<\/td>\n<\/tr>\n<tr>\n<td style=\"width: 43.5028%;\"><b>H\u00e4fen<\/b><\/td>\n<td style=\"width: 461.582%;\">G\/SAE\/NPT\/M<\/td>\n<\/tr>\n<\/tbody>\n<\/table>\n<h2>Produktvorteile<\/h2>\n<p>Der mehrstufige hydraulische Hubzylinder f\u00fcr Muldenkipper ist energieeffizient, hochwirksam und unglaublich sicher und somit die ideale Wahl f\u00fcr Ihre Branchenanforderungen.<\/p>\n<h3>Hydrauliksystem und Funktionsprinzipien<\/h3>\n<p>Der hydraulische Hubzylinder ist ein Kernst\u00fcck des Hydrauliksystems. Er wandelt hydraulische Energie in mechanische Bewegung um und wandelt Druck in Kraft um. Das Hydraulikaggregat liefert die notwendige Energie und Steuersignale f\u00fcr das Hydrauliksystem und sorgt so f\u00fcr dessen reibungslosen Betrieb.<\/p>\n<p><img loading=\"lazy\" decoding=\"async\" class=\"alignnone  wp-image-6657\" src=\"https:\/\/fmp-components.com\/wp-content\/uploads\/2025\/03\/telescopic-hydraulic-cylinder-3.webp\" alt=\"Teleskop-Hydraulikzylinder\" width=\"952\" height=\"952\" title=\"\" srcset=\"https:\/\/fmp-components.com\/wp-content\/uploads\/2025\/03\/telescopic-hydraulic-cylinder-3.webp 952w, https:\/\/fmp-components.com\/wp-content\/uploads\/2025\/03\/telescopic-hydraulic-cylinder-3-480x480.webp 480w\" sizes=\"(min-width: 0px) and (max-width: 480px) 480px, (min-width: 481px) 952px, 100vw\" \/><\/p>\n<h2>Produktanwendung<\/h2>\n<p>Dieser hydraulische Hubzylinder eignet sich ideal f\u00fcr den Einsatz in Maschinenreparaturwerkst\u00e4tten, landwirtschaftlichen Betrieben, der Energie- und Bergbauindustrie sowie im Maschinenbau und in Fabriken. Er ist f\u00fcr die Handhabung schwerer Lasten und den Betrieb unter rauen Bedingungen ausgelegt.<\/p>\n<h2>Hydraulikzylinder und Antriebseinheiten<\/h2>\n<p>Hydraulikzylinder und Aggregate sind untrennbare Bestandteile des Hydrauliksystems. Ihr kombinierter Betrieb gew\u00e4hrleistet die breite Anwendung der Hydrauliktechnologie im industriellen Bereich und bietet zuverl\u00e4ssige Antriebs- und Steuerungsunterst\u00fctzung f\u00fcr verschiedene technische und mechanische Ger\u00e4te. Bei FMP bieten wir auch Aggregate zum Verkauf an.<\/p>\n<h2>H\u00e4ufig gestellte Fragen<\/h2>\n<p><b>F: Sind Sie ein Handelsunternehmen oder Hersteller?<\/b><br \/>\nA: Wir sind eine Fabrik.<\/p>\n<p><b>F: Wie lange ist Ihre Lieferzeit?<\/b><br \/>\nA: Im Allgemeinen sind es 25\u201335 Tage.<\/p>\n<p><b>F: Stellen Sie Muster zur Verf\u00fcgung? Ist es kostenlos oder extra?<\/b><br \/>\nA: Ja, wir k\u00f6nnten die Probe anbieten, aber sie ist nicht kostenlos.<\/p>\n<h3>\u00dcber FMP<\/h3>\n<p>FMP ist ein f\u00fchrender italienischer Hersteller, der f\u00fcr seine Expertise in der Konstruktion, Entwicklung und Produktion hochwertiger Hydraulikzylinder bekannt ist. Dank jahrzehntelanger Branchenerfahrung verbinden wir traditionelle italienische Handwerkskunst nahtlos mit modernster Technologie, um herausragende Hydraulikl\u00f6sungen zu liefern, die auf die vielf\u00e4ltigen Bed\u00fcrfnisse unserer weltweiten Kunden zugeschnitten sind. Mit Sitz in Italien, einem Zentrum der technischen Exzellenz, hat sich FMP als vertrauensw\u00fcrdiger Name in der Hydraulikbranche etabliert und sich der Bereitstellung zuverl\u00e4ssiger, langlebiger und innovativer Produkte verschrieben, die Unternehmen weltweit unterst\u00fctzen.<\/p>\n<p>Unser Unternehmen verbindet modernste Fertigungsverfahren mit einem zukunftsorientierten Ansatz. Dank langj\u00e4hriger Erfahrung im Bereich Hydrauliksysteme hat sich FMP zu einem modernen Unternehmen entwickelt, das sich durch herausragende Leistungen in Forschung, Design und Produktion auszeichnet. Wir bieten eine breite Palette an Hydraulikzylindern, darunter doppeltwirkende Zylinder, Hubzylinder f\u00fcr Kraftfahrzeuge, Zylinder f\u00fcr Landmaschinen sowie ma\u00dfgeschneiderte L\u00f6sungen f\u00fcr verschiedene industrielle Anwendungen. Ob f\u00fcr Bauwesen, Industrieanlagen, Landwirtschaft oder Schwermaschinen \u2013 unsere Hydraulikzylinder sind f\u00fcr den Einsatz unter anspruchsvollsten Bedingungen ausgelegt und gew\u00e4hrleisten Sicherheit, Effizienz und Langlebigkeit.<\/p>\n<p>Bei FMP sind wir stolz auf unsere hochmodernen Produktionsanlagen, die mit Pr\u00e4zisionsmaschinen und fortschrittlichen Pr\u00fcfsystemen ausgestattet sind. Unsere Fertigungsprozesse entsprechen strengen nationalen und internationalen Standards und garantieren, dass jeder produzierte Hydraulikzylinder h\u00f6chste Qualit\u00e4ts- und Zuverl\u00e4ssigkeitsstandards erf\u00fcllt. Mit einem qualifizierten technischen Team und modernster Ausr\u00fcstung gew\u00e4hrleisten wir in jeder Produktionsphase eine strenge Qualit\u00e4tskontrolle \u2013 von der Rohstoffauswahl bis zur Endkontrolle. Dieses Engagement f\u00fcr Spitzenleistungen hat uns Zertifizierungen und Anerkennung von Branchenbeh\u00f6rden eingebracht und unseren Ruf als zuverl\u00e4ssiger Partner gest\u00e4rkt.<\/p>\n<p><img loading=\"lazy\" decoding=\"async\" class=\"alignnone size-full wp-image-6720\" src=\"https:\/\/fmp-components.com\/wp-content\/uploads\/2025\/03\/hydraulic-cylinder-8.webp\" alt=\"Teleskop-Hydraulikzylinder\" width=\"933\" height=\"526\" title=\"\" srcset=\"https:\/\/fmp-components.com\/wp-content\/uploads\/2025\/03\/hydraulic-cylinder-8.webp 933w, https:\/\/fmp-components.com\/wp-content\/uploads\/2025\/03\/hydraulic-cylinder-8-480x271.webp 480w\" sizes=\"(min-width: 0px) and (max-width: 480px) 480px, (min-width: 481px) 933px, 100vw\" \/><\/p>\n<p>Unsere Mission ist klar und ambitioniert: Wir bieten unseren Kunden Hydraulikzylinder, die ihre Erwartungen in Leistung, Haltbarkeit und Wert \u00fcbertreffen. Wir halten uns an die Grundprinzipien Professionalit\u00e4t, Integrit\u00e4t und Kundenorientierung. Durch Innovation und Pr\u00e4zision verbessern wir unsere Produkte kontinuierlich, um im Wettbewerb die Nase vorn zu behalten. Unser umfangreiches Produktsortiment und unsere F\u00e4higkeit, ma\u00dfgeschneiderte L\u00f6sungen anzubieten, machen uns zur bevorzugten Wahl f\u00fcr Unternehmen, die leistungsstarke Hydraulikzylinder suchen.<\/p>\n<p>FMP ist mehr als nur ein Hersteller; wir sind Ihr engagierter Partner f\u00fcr Ihren Erfolg. Wir wissen, dass unsere Kunden auf uns vertrauen, wenn es um Werkzeuge zur Steigerung von Produktivit\u00e4t und Sicherheit geht. Deshalb legen wir nicht nur Wert auf erstklassige Produkte, sondern auch auf au\u00dfergew\u00f6hnlichen Service. Von der Erstberatung bis zum After-Sales-Support arbeiten wir eng mit unseren Kunden zusammen, um sicherzustellen, dass ihre Bed\u00fcrfnisse professionell und sorgf\u00e4ltig erf\u00fcllt werden. Unsere wettbewerbsf\u00e4higen Preise und unser unerm\u00fcdliches Engagement f\u00fcr Qualit\u00e4t machen FMP zur intelligenten Wahl f\u00fcr Unternehmen, die in zuverl\u00e4ssige Hydraulikl\u00f6sungen investieren m\u00f6chten.<\/p>","protected":false},"excerpt":{"rendered":"<p>Multi Stage Dump Truck Hydraulic Hoist Cylinder Introducing our brand-new product, the Multi Stage Dump Truck Hydraulic Hoist Cylinder. A vital component for heavy machinery, this hydraulic cylinder is perfect for machinery repair shops, farms, energy and mining industries, and machinery manufacturing and factories. Product Features and Specifications This top-quality hydraulic hoist cylinder comes with [&hellip;]<\/p>","protected":false},"featured_media":6757,"comment_status":"closed","ping_status":"closed","template":"","meta":{"_et_pb_use_builder":"","_et_pb_old_content":"","_et_gb_content_width":""},"product_brand":[],"product_cat":[103],"product_tag":[34,105],"class_list":{"0":"post-6647","1":"product","2":"type-product","3":"status-publish","4":"has-post-thumbnail","6":"product_cat-telescopic-hydraulic-cylinders","7":"product_tag-hydraulic-cylinder","8":"product_tag-telescopic-hydraulic-cylinders","10":"first","11":"instock","12":"product-type-simple"},"_links":{"self":[{"href":"https:\/\/fmp-components.com\/de\/wp-json\/wp\/v2\/product\/6647","targetHints":{"allow":["GET"]}}],"collection":[{"href":"https:\/\/fmp-components.com\/de\/wp-json\/wp\/v2\/product"}],"about":[{"href":"https:\/\/fmp-components.com\/de\/wp-json\/wp\/v2\/types\/product"}],"replies":[{"embeddable":true,"href":"https:\/\/fmp-components.com\/de\/wp-json\/wp\/v2\/comments?post=6647"}],"wp:featuredmedia":[{"embeddable":true,"href":"https:\/\/fmp-components.com\/de\/wp-json\/wp\/v2\/media\/6757"}],"wp:attachment":[{"href":"https:\/\/fmp-components.com\/de\/wp-json\/wp\/v2\/media?parent=6647"}],"wp:term":[{"taxonomy":"product_brand","embeddable":true,"href":"https:\/\/fmp-components.com\/de\/wp-json\/wp\/v2\/product_brand?post=6647"},{"taxonomy":"product_cat","embeddable":true,"href":"https:\/\/fmp-components.com\/de\/wp-json\/wp\/v2\/product_cat?post=6647"},{"taxonomy":"product_tag","embeddable":true,"href":"https:\/\/fmp-components.com\/de\/wp-json\/wp\/v2\/product_tag?post=6647"}],"curies":[{"name":"wp","href":"https:\/\/api.w.org\/{rel}","templated":true}]}}