{"id":6645,"date":"2025-03-11T06:35:17","date_gmt":"2025-03-11T06:35:17","guid":{"rendered":"https:\/\/fmp-components.com\/product\/5-stage-hydraulic-hoist-cylinder-dump-truck-hydraulic-cylinder"},"modified":"2025-03-12T08:36:56","modified_gmt":"2025-03-12T08:36:56","slug":"5-stage-hydraulic-hoist-cylinder-dump-truck-hydraulic-cylinder","status":"publish","type":"product","link":"https:\/\/fmp-components.com\/de\/product\/5-stage-hydraulic-hoist-cylinder-dump-truck-hydraulic-cylinder\/","title":{"rendered":"5-stufiger hydraulischer Hubzylinder-Hydraulikzylinder f\u00fcr Muldenkipper"},"content":{"rendered":"<h2>5-stufiger hydraulischer Hubzylinder-Hydraulikzylinder f\u00fcr Muldenkipper<\/h2>\n<p>Der 5-stufige Hydraulikzylinder f\u00fcr Muldenkipper ist ein hochmodernes Produkt, das f\u00fcr h\u00f6chste Effizienz und Leistung entwickelt wurde. Seine zuverl\u00e4ssige und langlebige Konstruktion macht ihn zu einem unverzichtbaren Bestandteil in Maschinenreparaturwerkst\u00e4tten, landwirtschaftlichen Betrieben, im Energie- und Bergbausektor, im Maschinenbau und in Maschinenfabriken.<\/p>\n<p><img loading=\"lazy\" decoding=\"async\" class=\"alignnone  wp-image-6664\" src=\"https:\/\/fmp-components.com\/wp-content\/uploads\/2025\/03\/telescopic-hydraulic-cylinder-8.webp\" alt=\"Teleskop-Hydraulikzylinder\" width=\"861\" height=\"861\" title=\"\" srcset=\"https:\/\/fmp-components.com\/wp-content\/uploads\/2025\/03\/telescopic-hydraulic-cylinder-8.webp 861w, https:\/\/fmp-components.com\/wp-content\/uploads\/2025\/03\/telescopic-hydraulic-cylinder-8-480x480.webp 480w\" sizes=\"(min-width: 0px) and (max-width: 480px) 480px, (min-width: 481px) 861px, 100vw\" \/><\/p>\n<h3>Produktmerkmale und Spezifikationen<\/h3>\n<p>Dieser Hydraulikzylinder hat eine 1-j\u00e4hrige Garantie und wiegt 28 kg. Er verf\u00fcgt \u00fcber eine standardm\u00e4\u00dfige Kolbenzylinderstruktur, die mit Hydraulikenergie betrieben wird und aus hochwertigem Stahl f\u00fcr maximale Haltbarkeit gefertigt ist. Er verf\u00fcgt \u00fcber eine maximale Schubkraft von 3000 und eine maximale Zugkraft von 20 Tonnen. Er ist schwarz und ein mehrstufiger Hydraulikzylinder.<\/p>\n<table style=\"width: 95.1506%; height: 115px;\" border=\"\">\n<tbody>\n<tr style=\"height: 23px;\">\n<th style=\"width: 43.5028%; height: 23px;\">Bohrungsgr\u00f6\u00dfe<\/th>\n<td style=\"width: 459.393%; height: 23px;\">2-6 Zoll<\/td>\n<\/tr>\n<tr style=\"height: 23px;\">\n<th style=\"width: 43.5028%; height: 23px;\">Stangengr\u00f6\u00dfe<\/th>\n<td style=\"width: 459.393%; height: 23px;\">1,125-4 Zoll<\/td>\n<\/tr>\n<tr style=\"height: 23px;\">\n<th style=\"width: 43.5028%; height: 23px;\">Strichgr\u00f6\u00dfe<\/th>\n<td style=\"width: 459.393%; height: 23px;\">4-100 Zoll<\/td>\n<\/tr>\n<tr style=\"height: 23px;\">\n<th style=\"width: 43.5028%; height: 23px;\">Pin-Gr\u00f6\u00dfe<\/th>\n<td style=\"width: 459.393%; height: 23px;\">0,5-2 Zoll<\/td>\n<\/tr>\n<tr style=\"height: 23px;\">\n<th style=\"width: 43.5028%; height: 23px;\">H\u00e4fen<\/th>\n<td style=\"width: 459.393%; height: 23px;\">G\/SAE\/NPT\/M<\/td>\n<\/tr>\n<\/tbody>\n<\/table>\n<h2>Einzigartige Funktionen und Vorteile<\/h2>\n<p>Dieser Hydraulikzylinder wurde mit Fokus auf Energieeffizienz, hohe Leistung und Sicherheit entwickelt und ist damit eine der f\u00fchrenden L\u00f6sungen auf dem Markt. Seine innovativen Funktionen sorgen f\u00fcr Spitzenleistung bei minimaler Umweltbelastung. Durch die optimierte hydraulische Energieumwandlung senkt dieser Zylinder nicht nur die Energiekosten, sondern unterst\u00fctzt auch nachhaltige Praktiken. Dar\u00fcber hinaus sorgen seine robuste Konstruktion und die fortschrittliche Technik f\u00fcr ein sicheres Arbeiten, da er strenge Sicherheitsstandards erf\u00fcllt und auch unter anspruchsvollen Bedingungen zuverl\u00e4ssig funktioniert.<\/p>\n<h3>Hydraulische Systeme und Funktionsprinzipien<\/h3>\n<p>Der Hydraulikzylinder arbeitet nach dem Grundprinzip der Umwandlung hydraulischer Energie in mechanische Bewegung. Dabei wird Druck in Kraft umgewandelt, wodurch der Zylinder verschiedene mechanische Aufgaben pr\u00e4zise ausf\u00fchren kann. Unter Druck stehende Hydraulikfl\u00fcssigkeit dr\u00fcckt gegen einen Kolben im Zylinder und erzeugt so eine lineare Bewegung. Diese effiziente Energieumwandlung macht Hydraulikzylinder zu unverzichtbaren Komponenten in zahlreichen Maschinen- und Maschinenbauanwendungen und erm\u00f6glicht es Bedienern, schwere Lasten m\u00fchelos zu heben, zu schieben oder zu ziehen.<\/p>\n<p><img loading=\"lazy\" decoding=\"async\" class=\"alignnone  wp-image-6665\" src=\"https:\/\/fmp-components.com\/wp-content\/uploads\/2025\/03\/telescopic-hydraulic-cylinder-9.webp\" alt=\"Teleskop-Hydraulikzylinder\" width=\"912\" height=\"912\" title=\"\" srcset=\"https:\/\/fmp-components.com\/wp-content\/uploads\/2025\/03\/telescopic-hydraulic-cylinder-9.webp 912w, https:\/\/fmp-components.com\/wp-content\/uploads\/2025\/03\/telescopic-hydraulic-cylinder-9-480x480.webp 480w\" sizes=\"(min-width: 0px) and (max-width: 480px) 480px, (min-width: 481px) 912px, 100vw\" \/><\/p>\n<h3>Anwendungsszenarien<\/h3>\n<p>Dieser Hydraulikzylinder findet in zahlreichen Bereichen Anwendung, darunter:<\/p>\n<ul>\n<li><strong>Maschinenreparaturwerkst\u00e4tten:<\/strong> In Reparaturumgebungen erleichtern Hydraulikzylinder das Anheben und Positionieren schwerer Maschinenkomponenten, wodurch Wartungsprozesse rationalisiert und die Betriebseffizienz verbessert werden.<\/li>\n<li><strong>Landwirtschaft:<\/strong> In der Landwirtschaft sind diese Zylinder f\u00fcr den Betrieb von Ger\u00e4ten wie Traktoren und Erntemaschinen von entscheidender Bedeutung. Sie unterst\u00fctzen Aufgaben wie das Heben, Pfl\u00fcgen und Transportieren von G\u00fctern und steigern die Produktivit\u00e4t auf landwirtschaftlichen Betrieben erheblich.<\/li>\n<li><strong>Energie und Bergbau:<\/strong> Hydraulikzylinder sind im Energie- und Bergbau unverzichtbar, da sie dort zum Bohren, Ausheben und zur Materialhandhabung eingesetzt werden. Ihre zuverl\u00e4ssige Funktion unter rauen Bedingungen macht sie f\u00fcr die Ausr\u00fcstung dieser Branchen unverzichtbar.<\/li>\n<li><strong>Maschinenbau:<\/strong> In der Fertigung werden Hydraulikzylinder eingesetzt, um Prozesse zu automatisieren, schwere Materialien zu heben und Flie\u00dfb\u00e4nder mit Energie zu versorgen. Ihre Effizienz tr\u00e4gt zu h\u00f6herer Produktivit\u00e4t und Pr\u00e4zision in der Produktion bei.<\/li>\n<li><strong>Maschinenfabriken:<\/strong> Diese Zylinder spielen eine Schl\u00fcsselrolle bei der Montage und dem Betrieb verschiedener Maschinenkomponenten und gew\u00e4hrleisten reibungslose Arbeitsabl\u00e4ufe und eine effektive Materialhandhabung in Fabrikumgebungen.<\/li>\n<\/ul>\n<h2>Hydraulikzylinder und Antriebseinheiten<\/h2>\n<p>Hydraulikzylinder und Antriebseinheiten sind wesentliche Komponenten jedes Hydrauliksystems und sorgen gemeinsam f\u00fcr zuverl\u00e4ssige Leistung und Steuerung. Der Hydraulikzylinder fungiert als Antrieb und wandelt hydraulische Energie in mechanische Bewegung um, w\u00e4hrend die Antriebseinheit den f\u00fcr den Betrieb erforderlichen Hydraulikdruck erzeugt und regelt. Diese symbiotische Beziehung erm\u00f6glicht den umfassenden Einsatz der Hydrauliktechnologie in verschiedenen Branchen und stellt sicher, dass technische und mechanische Ger\u00e4te effektiv und effizient arbeiten. Durch die Integration hochwertiger Hydraulikzylinder mit fortschrittlichen Antriebseinheiten erreichen Unternehmen optimale Leistung und Zuverl\u00e4ssigkeit in ihren Betrieben und f\u00f6rdern so Produktivit\u00e4t und Innovation in ihren jeweiligen Bereichen.<\/p>\n<h2>FAQs<\/h2>\n<p><b>F: Sind Sie ein Handelsunternehmen oder Hersteller?<\/b><br \/>\nA: Wir sind eine Fabrik.<\/p>\n<p><b>F: Wie lange ist Ihre Lieferzeit?<\/b><br \/>\nA: Im Allgemeinen sind es 25\u201335 Tage.<\/p>\n<p><b>F: Stellen Sie Muster zur Verf\u00fcgung? Ist es kostenlos oder extra?<\/b><br \/>\nA: Ja, wir k\u00f6nnten die Probe anbieten, aber sie ist nicht kostenlos.<\/p>\n<h3>\u00dcber FMP<\/h3>\n<p class=\"break-words\">FMP ist ein f\u00fchrender italienischer Hersteller, der sich auf die Konstruktion, Entwicklung und Produktion hochwertiger Hydraulikzylinder spezialisiert hat. Mit unserer langj\u00e4hrigen Erfahrung verbinden wir italienische Handwerkskunst mit modernster Technologie, um au\u00dfergew\u00f6hnliche Hydraulikl\u00f6sungen zu liefern, die auf die vielf\u00e4ltigen Bed\u00fcrfnisse unserer weltweiten Kundschaft zugeschnitten sind. Mit Sitz in Italien, einem Zentrum der Ingenieurskunst, gilt FMP als vertrauensw\u00fcrdiger Name in der Hydraulikbranche und hat sich der Bereitstellung zuverl\u00e4ssiger, langlebiger und innovativer Produkte verschrieben, die Unternehmen weltweit unterst\u00fctzen.<\/p>\n<p class=\"break-words\">Unser Unternehmen verbindet die besten Fertigungstraditionen mit einem zukunftsorientierten Ansatz. Dank langj\u00e4hriger Erfahrung im Bereich Hydrauliksysteme hat sich FMP zu einem modernen Unternehmen entwickelt, das sich durch herausragende Leistungen in Forschung, Design und Produktion auszeichnet. Wir sind spezialisiert auf ein breites Spektrum an Hydraulikzylindern, darunter doppeltwirkende Zylinder, Automobil-Hubzylinder, Landmaschinenzylinder und ma\u00dfgeschneiderte L\u00f6sungen f\u00fcr verschiedene Industrieanwendungen. Ob f\u00fcr Bauwesen, Industrieanlagen, Landwirtschaft oder Schwermaschinen \u2013 unsere Hydraulikzylinder sind f\u00fcr h\u00e4rteste Bedingungen ausgelegt und gew\u00e4hrleisten Sicherheit, Effizienz und Langlebigkeit.<\/p>\n<p><img loading=\"lazy\" decoding=\"async\" class=\"alignnone size-full wp-image-6720\" src=\"https:\/\/fmp-components.com\/wp-content\/uploads\/2025\/03\/hydraulic-cylinder-8.webp\" alt=\"Teleskop-Hydraulikzylinder\" width=\"933\" height=\"526\" title=\"\" srcset=\"https:\/\/fmp-components.com\/wp-content\/uploads\/2025\/03\/hydraulic-cylinder-8.webp 933w, https:\/\/fmp-components.com\/wp-content\/uploads\/2025\/03\/hydraulic-cylinder-8-480x271.webp 480w\" sizes=\"(min-width: 0px) and (max-width: 480px) 480px, (min-width: 481px) 933px, 100vw\" \/><\/p>\n<p class=\"break-words\">Bei FMP sind wir stolz auf unsere hochmodernen Produktionsanlagen, die mit Pr\u00e4zisionsmaschinen und fortschrittlichen Pr\u00fcfsystemen ausgestattet sind. Unsere Fertigungsprozesse entsprechen strengen nationalen und internationalen Standards und gew\u00e4hrleisten, dass jeder Hydraulikzylinder, der unser Werk verl\u00e4sst, von h\u00f6chster Qualit\u00e4t und Zuverl\u00e4ssigkeit ist. Unser qualifiziertes technisches Team und modernste Ausr\u00fcstung erm\u00f6glichen uns eine strenge Qualit\u00e4tskontrolle in jeder Produktionsphase \u2013 von der Rohstoffauswahl bis zur Endkontrolle. Dieses Streben nach Exzellenz hat uns Zertifizierungen und Anerkennungen von Branchenbeh\u00f6rden eingebracht und unseren Ruf als zuverl\u00e4ssiger Partner weiter gefestigt.<\/p>\n<p class=\"break-words\">Unsere Mission ist einfach und doch ehrgeizig: Wir m\u00f6chten unseren Kunden Hydraulikzylinder liefern, die ihre Erwartungen in puncto Leistung, Langlebigkeit und Wert \u00fcbertreffen. Professionalit\u00e4t, Integrit\u00e4t und Kundenorientierung sind unsere Leitprinzipien. Durch Innovation und Pr\u00e4zision entwickeln wir unsere Produkte kontinuierlich weiter, um im Wettbewerb die Nase vorn zu behalten. Unser umfassendes Produktsortiment und unsere F\u00e4higkeit, ma\u00dfgeschneiderte L\u00f6sungen anzubieten, machen uns zur ersten Wahl f\u00fcr Unternehmen, die leistungsstarke Hydraulikzylinder suchen.<\/p>\n<p class=\"break-words\">FMP ist mehr als nur ein Hersteller \u2013 wir sind Ihr Partner f\u00fcr Ihren Erfolg. Wir wissen, dass unsere Kunden auf uns vertrauen, wenn es um Werkzeuge geht, die ihre Produktivit\u00e4t und Sicherheit steigern. Deshalb bieten wir nicht nur erstklassige Produkte, sondern auch hervorragenden Service. Von der ersten Beratung bis zum After-Sales-Support arbeiten wir eng mit unseren Kunden zusammen, um sicherzustellen, dass ihre Bed\u00fcrfnisse professionell und sorgf\u00e4ltig erf\u00fcllt werden. Unsere wettbewerbsf\u00e4higen Preise und unser unerm\u00fcdliches Engagement f\u00fcr Qualit\u00e4t machen FMP zur intelligenten Wahl f\u00fcr Unternehmen, die in zuverl\u00e4ssige Hydraulikl\u00f6sungen investieren m\u00f6chten.<\/p>","protected":false},"excerpt":{"rendered":"<p>5 Stage Hydraulic Hoist Cylinder Dump Truck Hydraulic Cylinder The 5 Stage Hydraulic Hoist Cylinder Dump Truck hydraulic cylinder is a state-of-the-art product designed to provide the highest level of efficiency and power. Its reliable and durable design makes it an essential component in machinery repair shops, farms, energy and mining sectors, machinery manufacturing and [&hellip;]<\/p>","protected":false},"featured_media":6767,"comment_status":"closed","ping_status":"closed","template":"","meta":{"_et_pb_use_builder":"","_et_pb_old_content":"","_et_gb_content_width":""},"product_brand":[],"product_cat":[103],"product_tag":[34,105],"class_list":{"0":"post-6645","1":"product","2":"type-product","3":"status-publish","4":"has-post-thumbnail","6":"product_cat-telescopic-hydraulic-cylinders","7":"product_tag-hydraulic-cylinder","8":"product_tag-telescopic-hydraulic-cylinders","10":"first","11":"instock","12":"product-type-simple"},"_links":{"self":[{"href":"https:\/\/fmp-components.com\/de\/wp-json\/wp\/v2\/product\/6645","targetHints":{"allow":["GET"]}}],"collection":[{"href":"https:\/\/fmp-components.com\/de\/wp-json\/wp\/v2\/product"}],"about":[{"href":"https:\/\/fmp-components.com\/de\/wp-json\/wp\/v2\/types\/product"}],"replies":[{"embeddable":true,"href":"https:\/\/fmp-components.com\/de\/wp-json\/wp\/v2\/comments?post=6645"}],"wp:featuredmedia":[{"embeddable":true,"href":"https:\/\/fmp-components.com\/de\/wp-json\/wp\/v2\/media\/6767"}],"wp:attachment":[{"href":"https:\/\/fmp-components.com\/de\/wp-json\/wp\/v2\/media?parent=6645"}],"wp:term":[{"taxonomy":"product_brand","embeddable":true,"href":"https:\/\/fmp-components.com\/de\/wp-json\/wp\/v2\/product_brand?post=6645"},{"taxonomy":"product_cat","embeddable":true,"href":"https:\/\/fmp-components.com\/de\/wp-json\/wp\/v2\/product_cat?post=6645"},{"taxonomy":"product_tag","embeddable":true,"href":"https:\/\/fmp-components.com\/de\/wp-json\/wp\/v2\/product_tag?post=6645"}],"curies":[{"name":"wp","href":"https:\/\/api.w.org\/{rel}","templated":true}]}}