{"id":6643,"date":"2025-03-11T06:35:17","date_gmt":"2025-03-11T06:35:17","guid":{"rendered":"https:\/\/fmp-components.com\/product\/excellent-quality-3-stage-multistage-double-acting-hydraulic-cylinder"},"modified":"2025-03-18T01:03:20","modified_gmt":"2025-03-18T01:03:20","slug":"excellent-quality-3-stage-multistage-double-acting-hydraulic-cylinder","status":"publish","type":"product","link":"https:\/\/fmp-components.com\/de\/product\/excellent-quality-3-stage-multistage-double-acting-hydraulic-cylinder\/","title":{"rendered":"Ausgezeichnete Qualit\u00e4t 3-stufiger mehrstufiger doppeltwirkender Hydraulikzylinder"},"content":{"rendered":"<h2>Ausgezeichnete Qualit\u00e4t 3-stufiger mehrstufiger doppeltwirkender Hydraulikzylinder<\/h2>\n<p>Erleben Sie die \u00fcberlegene Leistung unseres dreistufigen, mehrstufigen, doppeltwirkenden Hydraulikzylinders. Dieses sorgf\u00e4ltig f\u00fcr verschiedene Branchen gefertigte Produkt vereint Effizienz und Langlebigkeit. Es ist eine Neuheit in unserer hochwertigen Hydraulikzylinder-Kollektion und wurde im Rahmen der Produktreihe 2025 eingef\u00fchrt.<\/p>\n<h3>Hauptfunktionen und Vorteile<\/h3>\n<ul>\n<li><strong>Qualit\u00e4tsmaterial:<\/strong> Die Fertigung aus hochwertigem Stahl gew\u00e4hrleistet Langlebigkeit und Robustheit.<\/li>\n<li><strong>Doppeltwirkend:<\/strong> Bietet einen reibungslosen und effizienten Betrieb sowohl in Druck- als auch in Zugrichtung.<\/li>\n<li><strong>Standardgr\u00f6\u00dfe:<\/strong> Geeignet f\u00fcr Standard-Industrieanwendungen mit Bohrungsgr\u00f6\u00dfe 2\u20136 Zoll und Stangengr\u00f6\u00dfe 1,125\u20134 Zoll.<\/li>\n<li><strong>Hohe Kapazit\u00e4t:<\/strong> Kann einen maximalen Schub von 3000 bew\u00e4ltigen und bis zu 20 Tonnen ziehen.<\/li>\n<li><strong>Garantie:<\/strong> Mit einer 1-j\u00e4hrigen Garantie auf die Kernkomponenten k\u00f6nnen Sie sich beruhigt zur\u00fccklehnen.<\/li>\n<\/ul>\n<h3>Technische Spezifikationen<\/h3>\n<table style=\"width: 96.9706%;\" border=\"\">\n<tbody>\n<tr>\n<td style=\"width: 43.4286%;\"><strong>Bohrungsgr\u00f6\u00dfe<\/strong><\/td>\n<td style=\"width: 402.857%;\">2-6 Zoll<\/td>\n<\/tr>\n<tr>\n<td style=\"width: 43.4286%;\"><strong>Stangengr\u00f6\u00dfe<\/strong><\/td>\n<td style=\"width: 402.857%;\">1,125-4 Zoll<\/td>\n<\/tr>\n<tr>\n<td style=\"width: 43.4286%;\"><strong>Strichgr\u00f6\u00dfe<\/strong><\/td>\n<td style=\"width: 402.857%;\">4-100 Zoll<\/td>\n<\/tr>\n<tr>\n<td style=\"width: 43.4286%;\"><strong>Pin-Gr\u00f6\u00dfe<\/strong><\/td>\n<td style=\"width: 402.857%;\">0,5-2 Zoll<\/td>\n<\/tr>\n<tr>\n<td style=\"width: 43.4286%;\"><strong>H\u00e4fen<\/strong><\/td>\n<td style=\"width: 402.857%;\">G\/SAE\/NPT\/M<\/td>\n<\/tr>\n<\/tbody>\n<\/table>\n<h2>Hydrauliksysteme verstehen<\/h2>\n<p>Hydraulische Systeme, wie unser mehrstufiger Hydraulikzylinder, nutzen Fl\u00fcssigkeit zur Kraft\u00fcbertragung. Die Effizienz und Sicherheit des Systems machen es zur idealen Wahl f\u00fcr verschiedene Branchen, von Maschinenreparaturwerkst\u00e4tten und landwirtschaftlichen Betrieben bis hin zu Energie, Bergbau und Maschinenbau.<\/p>\n<p><img loading=\"lazy\" decoding=\"async\" class=\"alignnone wp-image-6661\" src=\"https:\/\/fmp-components.com\/wp-content\/uploads\/2025\/03\/telescopic-hydraulic-cylinder-10.webp\" alt=\"Teleskop-Hydraulikzylinder\" width=\"904\" height=\"904\" title=\"\" srcset=\"https:\/\/fmp-components.com\/wp-content\/uploads\/2025\/03\/telescopic-hydraulic-cylinder-10.webp 904w, https:\/\/fmp-components.com\/wp-content\/uploads\/2025\/03\/telescopic-hydraulic-cylinder-10-480x480.webp 480w\" sizes=\"(min-width: 0px) and (max-width: 480px) 480px, (min-width: 481px) 904px, 100vw\" \/><\/p>\n<h2>Anwendungen von Hydraulikzylindern<\/h2>\n<p>Unsere Hydraulikzylinder sind vielseitig einsetzbar und finden in zahlreichen Branchen Anwendung. Besonders n\u00fctzlich sind sie in Schwermaschinen und Industrieanlagen, um die n\u00f6tige Kraft und Kontrolle bereitzustellen.<\/p>\n<h2>Hydraulikzylinder und Aggregate<\/h2>\n<p>Hydraulikzylinder und Aggregate sind integrale Bestandteile hydraulischer Systeme. Ihre gemeinsame Funktion gew\u00e4hrleistet die breite Anwendung der Hydrauliktechnologie in der Industrie und bietet zuverl\u00e4ssige Antriebs- und Steuerungsunterst\u00fctzung f\u00fcr verschiedene Maschinenbau- und Maschinenanlagen. Bei FMP bieten wir auch Aggregate zum Verkauf an.<\/p>\n<h2>H\u00e4ufig gestellte Fragen<\/h2>\n<ol>\n<li><strong>F: Sind Sie ein Handelsunternehmen oder Hersteller?<\/strong><br \/>\nA: Wir sind eine Fabrik.<\/li>\n<li><strong>F: Wie lange ist Ihre Lieferzeit?<\/strong><br \/>\nA: Im Allgemeinen sind es 25\u201335 Tage.<\/li>\n<li><strong>F: K\u00f6nnen Sie gem\u00e4\u00df den Mustern produzieren?<\/strong><br \/>\nA: Ja, wir k\u00f6nnen anhand Ihrer Muster oder technischen Zeichnungen produzieren. Wir k\u00f6nnen die Formen und Vorrichtungen bauen.<\/li>\n<\/ol>\n<h3>\u00dcber FMP<\/h3>\n<p class=\"break-words\">FMP ist ein f\u00fchrender italienischer Hersteller, der sich auf die Konstruktion, Entwicklung und Produktion hochwertiger Hydraulikzylinder spezialisiert hat. Mit unserer langj\u00e4hrigen Erfahrung verbinden wir italienische Handwerkskunst mit modernster Technologie, um au\u00dfergew\u00f6hnliche Hydraulikl\u00f6sungen zu liefern, die auf die vielf\u00e4ltigen Bed\u00fcrfnisse unserer weltweiten Kundschaft zugeschnitten sind. Mit Sitz in Italien, einem Zentrum der Ingenieurskunst, gilt FMP als vertrauensw\u00fcrdiger Name in der Hydraulikbranche und hat sich der Bereitstellung zuverl\u00e4ssiger, langlebiger und innovativer Produkte verschrieben, die Unternehmen weltweit unterst\u00fctzen.<\/p>\n<p class=\"break-words\">Unser Unternehmen verbindet die besten Fertigungstraditionen mit einem zukunftsorientierten Ansatz. Dank langj\u00e4hriger Erfahrung im Bereich Hydrauliksysteme hat sich FMP zu einem modernen Unternehmen entwickelt, das sich durch herausragende Leistungen in Forschung, Design und Produktion auszeichnet. Wir sind spezialisiert auf ein breites Spektrum an Hydraulikzylindern, darunter doppeltwirkende Zylinder, Automobil-Hubzylinder, Landmaschinenzylinder und ma\u00dfgeschneiderte L\u00f6sungen f\u00fcr verschiedene Industrieanwendungen. Ob f\u00fcr Bauwesen, Industrieanlagen, Landwirtschaft oder Schwermaschinen \u2013 unsere Hydraulikzylinder sind f\u00fcr h\u00e4rteste Bedingungen ausgelegt und gew\u00e4hrleisten Sicherheit, Effizienz und Langlebigkeit.<\/p>\n<p><img loading=\"lazy\" decoding=\"async\" class=\"alignnone size-full wp-image-6720\" src=\"https:\/\/fmp-components.com\/wp-content\/uploads\/2025\/03\/hydraulic-cylinder-8.webp\" alt=\"Teleskop-Hydraulikzylinder\" width=\"933\" height=\"526\" title=\"\" srcset=\"https:\/\/fmp-components.com\/wp-content\/uploads\/2025\/03\/hydraulic-cylinder-8.webp 933w, https:\/\/fmp-components.com\/wp-content\/uploads\/2025\/03\/hydraulic-cylinder-8-480x271.webp 480w\" sizes=\"(min-width: 0px) and (max-width: 480px) 480px, (min-width: 481px) 933px, 100vw\" \/><\/p>\n<p class=\"break-words\">Bei FMP sind wir stolz auf unsere hochmodernen Produktionsanlagen, die mit Pr\u00e4zisionsmaschinen und fortschrittlichen Pr\u00fcfsystemen ausgestattet sind. Unsere Fertigungsprozesse entsprechen strengen nationalen und internationalen Standards und gew\u00e4hrleisten, dass jeder Hydraulikzylinder, der unser Werk verl\u00e4sst, von h\u00f6chster Qualit\u00e4t und Zuverl\u00e4ssigkeit ist. Unser qualifiziertes technisches Team und modernste Ausr\u00fcstung erm\u00f6glichen uns eine strenge Qualit\u00e4tskontrolle in jeder Produktionsphase \u2013 von der Rohstoffauswahl bis zur Endkontrolle. Dieses Streben nach Exzellenz hat uns Zertifizierungen und Anerkennungen von Branchenbeh\u00f6rden eingebracht und unseren Ruf als zuverl\u00e4ssiger Partner weiter gefestigt.<\/p>\n<p class=\"break-words\">Unsere Mission ist einfach und doch ehrgeizig: Wir m\u00f6chten unseren Kunden Hydraulikzylinder liefern, die ihre Erwartungen in puncto Leistung, Langlebigkeit und Wert \u00fcbertreffen. Professionalit\u00e4t, Integrit\u00e4t und Kundenorientierung sind unsere Leitprinzipien. Durch Innovation und Pr\u00e4zision entwickeln wir unsere Produkte kontinuierlich weiter, um im Wettbewerb die Nase vorn zu behalten. Unser umfassendes Produktsortiment und unsere F\u00e4higkeit, ma\u00dfgeschneiderte L\u00f6sungen anzubieten, machen uns zur ersten Wahl f\u00fcr Unternehmen, die leistungsstarke Hydraulikzylinder suchen.<\/p>\n<p class=\"break-words\">FMP ist mehr als nur ein Hersteller \u2013 wir sind Ihr Partner f\u00fcr Ihren Erfolg. Wir wissen, dass unsere Kunden auf uns vertrauen, wenn es um Werkzeuge geht, die ihre Produktivit\u00e4t und Sicherheit steigern. Deshalb bieten wir nicht nur erstklassige Produkte, sondern auch hervorragenden Service. Von der ersten Beratung bis zum After-Sales-Support arbeiten wir eng mit unseren Kunden zusammen, um sicherzustellen, dass ihre Bed\u00fcrfnisse professionell und sorgf\u00e4ltig erf\u00fcllt werden. Unsere wettbewerbsf\u00e4higen Preise und unser unerm\u00fcdliches Engagement f\u00fcr Qualit\u00e4t machen FMP zur intelligenten Wahl f\u00fcr Unternehmen, die in zuverl\u00e4ssige Hydraulikl\u00f6sungen investieren m\u00f6chten.<\/p>","protected":false},"excerpt":{"rendered":"<p>Excellent Quality 3 Stage Multistage Double Acting Hydraulic Cylinder Experience the superior performance of our 3 Stage Multistage Double Acting hydraulic cylinder. Crafted carefully for a variety of industries, this product is a perfect blend of efficiency and durability. It&#8217;s a new addition to our top-quality hydraulic cylinders collection, launched under the new product 2025 [&hellip;]<\/p>","protected":false},"featured_media":6782,"comment_status":"closed","ping_status":"closed","template":"","meta":{"_et_pb_use_builder":"","_et_pb_old_content":"","_et_gb_content_width":""},"product_brand":[],"product_cat":[103],"product_tag":[34,105],"class_list":{"0":"post-6643","1":"product","2":"type-product","3":"status-publish","4":"has-post-thumbnail","6":"product_cat-telescopic-hydraulic-cylinders","7":"product_tag-hydraulic-cylinder","8":"product_tag-telescopic-hydraulic-cylinders","10":"first","11":"instock","12":"product-type-simple"},"_links":{"self":[{"href":"https:\/\/fmp-components.com\/de\/wp-json\/wp\/v2\/product\/6643","targetHints":{"allow":["GET"]}}],"collection":[{"href":"https:\/\/fmp-components.com\/de\/wp-json\/wp\/v2\/product"}],"about":[{"href":"https:\/\/fmp-components.com\/de\/wp-json\/wp\/v2\/types\/product"}],"replies":[{"embeddable":true,"href":"https:\/\/fmp-components.com\/de\/wp-json\/wp\/v2\/comments?post=6643"}],"wp:featuredmedia":[{"embeddable":true,"href":"https:\/\/fmp-components.com\/de\/wp-json\/wp\/v2\/media\/6782"}],"wp:attachment":[{"href":"https:\/\/fmp-components.com\/de\/wp-json\/wp\/v2\/media?parent=6643"}],"wp:term":[{"taxonomy":"product_brand","embeddable":true,"href":"https:\/\/fmp-components.com\/de\/wp-json\/wp\/v2\/product_brand?post=6643"},{"taxonomy":"product_cat","embeddable":true,"href":"https:\/\/fmp-components.com\/de\/wp-json\/wp\/v2\/product_cat?post=6643"},{"taxonomy":"product_tag","embeddable":true,"href":"https:\/\/fmp-components.com\/de\/wp-json\/wp\/v2\/product_tag?post=6643"}],"curies":[{"name":"wp","href":"https:\/\/api.w.org\/{rel}","templated":true}]}}