{"id":6641,"date":"2025-03-11T06:35:17","date_gmt":"2025-03-11T06:35:17","guid":{"rendered":"https:\/\/fmp-components.com\/product\/2-stage-small-dump-truck-telescopic-hydraulic-cylinder"},"modified":"2025-03-14T00:44:21","modified_gmt":"2025-03-14T00:44:21","slug":"2-stage-small-dump-truck-telescopic-hydraulic-cylinder","status":"publish","type":"product","link":"https:\/\/fmp-components.com\/de\/product\/2-stage-small-dump-truck-telescopic-hydraulic-cylinder\/","title":{"rendered":"2-stufiger Teleskop-Hydraulikzylinder f\u00fcr kleine Muldenkipper"},"content":{"rendered":"<h2>2-stufiger Teleskop-Hydraulikzylinder f\u00fcr kleine Muldenkipper<\/h2>\n<p>Wir pr\u00e4sentieren den 2-stufigen Teleskop-Hydraulikzylinder f\u00fcr kleine Muldenkipper, einen neuen und innovativen Hydraulikzylinder. Dieser kleine Hydraulikzylinder f\u00fcr Muldenkipper wurde f\u00fcr den Einsatz in verschiedenen Branchen wie Maschinenreparaturwerkst\u00e4tten, Landwirtschaft, Energie- und Bergbau, Maschinenbau und Maschinenfabriken entwickelt und ist ein Muss f\u00fcr Ihren Maschinenbedarf.<\/p>\n<h3>Funktion und Bedeutung<\/h3>\n<p>Der zweistufige Teleskop-Hydraulikzylinder f\u00fcr kleine Muldenkipper spielt eine entscheidende Rolle im Maschinenbetrieb. Er dient als wesentliche Komponente, die hydraulische Energie in mechanische Energie umwandelt und so die notwendige Leistung f\u00fcr den Maschinenbetrieb liefert. Seine Effizienz und Zuverl\u00e4ssigkeit machen ihn zu einem unverzichtbaren Bestandteil jeder Maschine.<\/p>\n<h3>Produktspezifikationen<\/h3>\n<p>Unser Hydraulikzylinder zeichnet sich durch folgende technische Spezifikationen aus:<\/p>\n<table style=\"width: 103.292%;\" border=\"\">\n<tbody>\n<tr>\n<td style=\"width: 42.8571%;\"><i>Bohrungsgr\u00f6\u00dfe<\/i><\/td>\n<td style=\"width: 421.714%;\">2-6 Zoll<\/td>\n<\/tr>\n<tr>\n<td style=\"width: 42.8571%;\"><i>Stangengr\u00f6\u00dfe<\/i><\/td>\n<td style=\"width: 421.714%;\">1,125-4 Zoll<\/td>\n<\/tr>\n<tr>\n<td style=\"width: 42.8571%;\"><i>Strichgr\u00f6\u00dfe<\/i><\/td>\n<td style=\"width: 421.714%;\">4-100 Zoll<\/td>\n<\/tr>\n<tr>\n<td style=\"width: 42.8571%;\"><i>Pin-Gr\u00f6\u00dfe<\/i><\/td>\n<td style=\"width: 421.714%;\">0,5-2 Zoll<\/td>\n<\/tr>\n<tr>\n<td style=\"width: 42.8571%;\"><i>H\u00e4fen<\/i><\/td>\n<td style=\"width: 421.714%;\">G\/SAE\/NPT\/M<\/td>\n<\/tr>\n<\/tbody>\n<\/table>\n<h2>Einzigartige Funktionen und Vorteile<\/h2>\n<p>Unser zweistufiger Teleskop-Hydraulikzylinder f\u00fcr kleine Muldenkipper bietet zahlreiche einzigartige Funktionen und Vorteile. Er ist energieeffizient, hocheffektiv und sicher in der Anwendung. Sein mehrstufiges Design und die hohe Schubkraft machen ihn f\u00fcr Schwerlastanwendungen geeignet. Er verf\u00fcgt au\u00dferdem \u00fcber ein robustes Stahlgeh\u00e4use und ist nach ISO 9001:2000 zertifiziert.<\/p>\n<h2>Hydrauliksystem und Funktionsprinzip<\/h2>\n<p>Der Hydraulikzylinder arbeitet nach dem Prinzip des Fl\u00fcssigkeitsdrucks. Wenn Hydraulikfl\u00fcssigkeit in den Zylinder gepresst wird, dr\u00fcckt sie auf den Kolben, der wiederum die Stange bewegt und die Arbeit verrichtet.<\/p>\n<p><img loading=\"lazy\" decoding=\"async\" class=\"alignnone  wp-image-6662\" src=\"https:\/\/fmp-components.com\/wp-content\/uploads\/2025\/03\/telescopic-hydraulic-cylinder-4.webp\" alt=\"Teleskop-Hydraulikzylinder\" width=\"798\" height=\"798\" title=\"\" srcset=\"https:\/\/fmp-components.com\/wp-content\/uploads\/2025\/03\/telescopic-hydraulic-cylinder-4.webp 798w, https:\/\/fmp-components.com\/wp-content\/uploads\/2025\/03\/telescopic-hydraulic-cylinder-4-480x480.webp 480w\" sizes=\"(min-width: 0px) and (max-width: 480px) 480px, (min-width: 481px) 798px, 100vw\" \/><\/p>\n<h2>Hydraulikzylinder und Antriebseinheiten<\/h2>\n<p>Hydraulikzylinder und Aggregat sind integrale Bestandteile jedes Hydrauliksystems. Ihr synergetische Wirkungsweise gew\u00e4hrleistet die breite Anwendung der Hydrauliktechnologie in verschiedenen Industriezweigen und bietet zuverl\u00e4ssige Antriebs- und Steuerungsunterst\u00fctzung f\u00fcr verschiedene technische und mechanische Ger\u00e4te. Der Hydraulikzylinder als Aktuator wandelt hydraulische Energie in mechanische Bewegung um und wandelt Druck in Kraft um. Das Aggregat ist das Herzst\u00fcck, das die vom Hydrauliksystem ben\u00f6tigte Energie und Steuersignale bereitstellt. Ihre Koordination gew\u00e4hrleistet den normalen Betrieb des Hydrauliksystems. Wir (FMP) bieten Aggregate auch zum Verkauf an.<\/p>\n<h2>H\u00e4ufig gestellte Fragen<\/h2>\n<p><b>F: Wie lang ist die Garantiezeit f\u00fcr den Hydraulikzylinder?<\/b><br \/>\nA: Die Garantiezeit f\u00fcr den Hydraulikzylinder betr\u00e4gt 1 Jahr.<\/p>\n<p><b>F: Wie hoch ist die maximale Zugkraft des Hydraulikzylinders?<\/b><br \/>\nA: Die maximale Zugkraft des Hydraulikzylinders betr\u00e4gt 20 Tonnen.<\/p>\n<p><b>F: Kann der <b>Hydraulikzylinder<\/b> an meine Bed\u00fcrfnisse angepasst werden?<\/b><br \/>\nA: Ja, wir bieten individuelle Anpassungen basierend auf Ihren Zeichnungen oder Mustern an.<\/p>\n<h3>\u00dcber FMP<\/h3>\n<p class=\"break-words\">FMP ist ein f\u00fchrender italienischer Hersteller, der sich auf die Konstruktion, Entwicklung und Produktion hochwertiger Hydraulikzylinder spezialisiert hat. Mit unserer langj\u00e4hrigen Erfahrung verbinden wir italienische Handwerkskunst mit modernster Technologie, um au\u00dfergew\u00f6hnliche Hydraulikl\u00f6sungen zu liefern, die auf die vielf\u00e4ltigen Bed\u00fcrfnisse unserer weltweiten Kundschaft zugeschnitten sind. Mit Sitz in Italien, einem Zentrum der Ingenieurskunst, gilt FMP als vertrauensw\u00fcrdiger Name in der Hydraulikbranche und hat sich der Bereitstellung zuverl\u00e4ssiger, langlebiger und innovativer Produkte verschrieben, die Unternehmen weltweit unterst\u00fctzen.<\/p>\n<p class=\"break-words\">Unser Unternehmen verbindet die besten Fertigungstraditionen mit einem zukunftsorientierten Ansatz. Dank langj\u00e4hriger Erfahrung im Bereich Hydrauliksysteme hat sich FMP zu einem modernen Unternehmen entwickelt, das sich durch herausragende Leistungen in Forschung, Design und Produktion auszeichnet. Wir sind spezialisiert auf ein breites Spektrum an Hydraulikzylindern, darunter doppeltwirkende Zylinder, Automobil-Hubzylinder, Landmaschinenzylinder und ma\u00dfgeschneiderte L\u00f6sungen f\u00fcr verschiedene Industrieanwendungen. Ob f\u00fcr Bauwesen, Industrieanlagen, Landwirtschaft oder Schwermaschinen \u2013 unsere Hydraulikzylinder sind f\u00fcr h\u00e4rteste Bedingungen ausgelegt und gew\u00e4hrleisten Sicherheit, Effizienz und Langlebigkeit.<\/p>\n<p><img loading=\"lazy\" decoding=\"async\" class=\"alignnone size-full wp-image-6720\" src=\"https:\/\/fmp-components.com\/wp-content\/uploads\/2025\/03\/hydraulic-cylinder-8.webp\" alt=\"Teleskop-Hydraulikzylinder\" width=\"933\" height=\"526\" title=\"\" srcset=\"https:\/\/fmp-components.com\/wp-content\/uploads\/2025\/03\/hydraulic-cylinder-8.webp 933w, https:\/\/fmp-components.com\/wp-content\/uploads\/2025\/03\/hydraulic-cylinder-8-480x271.webp 480w\" sizes=\"(min-width: 0px) and (max-width: 480px) 480px, (min-width: 481px) 933px, 100vw\" \/><\/p>\n<p class=\"break-words\">Bei FMP sind wir stolz auf unsere hochmodernen Produktionsanlagen, die mit Pr\u00e4zisionsmaschinen und fortschrittlichen Pr\u00fcfsystemen ausgestattet sind. Unsere Fertigungsprozesse entsprechen strengen nationalen und internationalen Standards und gew\u00e4hrleisten, dass jeder Hydraulikzylinder, der unser Werk verl\u00e4sst, von h\u00f6chster Qualit\u00e4t und Zuverl\u00e4ssigkeit ist. Unser qualifiziertes technisches Team und modernste Ausr\u00fcstung erm\u00f6glichen uns eine strenge Qualit\u00e4tskontrolle in jeder Produktionsphase \u2013 von der Rohstoffauswahl bis zur Endkontrolle. Dieses Streben nach Exzellenz hat uns Zertifizierungen und Anerkennungen von Branchenbeh\u00f6rden eingebracht und unseren Ruf als zuverl\u00e4ssiger Partner weiter gefestigt.<\/p>\n<p class=\"break-words\">Unsere Mission ist einfach und doch ehrgeizig: Wir m\u00f6chten unseren Kunden Hydraulikzylinder liefern, die ihre Erwartungen in puncto Leistung, Langlebigkeit und Wert \u00fcbertreffen. Professionalit\u00e4t, Integrit\u00e4t und Kundenorientierung sind unsere Leitprinzipien. Durch Innovation und Pr\u00e4zision entwickeln wir unsere Produkte kontinuierlich weiter, um im Wettbewerb die Nase vorn zu behalten. Unser umfassendes Produktsortiment und unsere F\u00e4higkeit, ma\u00dfgeschneiderte L\u00f6sungen anzubieten, machen uns zur ersten Wahl f\u00fcr Unternehmen, die leistungsstarke Hydraulikzylinder suchen.<\/p>\n<p class=\"break-words\">FMP ist mehr als nur ein Hersteller \u2013 wir sind Ihr Partner f\u00fcr Ihren Erfolg. Wir wissen, dass unsere Kunden auf uns vertrauen, wenn es um Werkzeuge geht, die ihre Produktivit\u00e4t und Sicherheit steigern. Deshalb bieten wir nicht nur erstklassige Produkte, sondern auch hervorragenden Service. Von der ersten Beratung bis zum After-Sales-Support arbeiten wir eng mit unseren Kunden zusammen, um sicherzustellen, dass ihre Bed\u00fcrfnisse professionell und sorgf\u00e4ltig erf\u00fcllt werden. Unsere wettbewerbsf\u00e4higen Preise und unser unerm\u00fcdliches Engagement f\u00fcr Qualit\u00e4t machen FMP zur intelligenten Wahl f\u00fcr Unternehmen, die in zuverl\u00e4ssige Hydraulikl\u00f6sungen investieren m\u00f6chten.<\/p>","protected":false},"excerpt":{"rendered":"<p>2 Stage Small Dump Truck Telescopic Hydraulic Cylinder Introducing the 2 Stage Small Dump Truck Telescopic Hydraulic Cylinder, a new and innovative hydraulic cylinder. Designed for use across various industries such as machinery repair shops, farms, energy &amp; mining, machinery manufacturing, and machinery factories, this small dump truck hydraulic cylinder is a must-have for your [&hellip;]<\/p>","protected":false},"featured_media":6785,"comment_status":"closed","ping_status":"closed","template":"","meta":{"_et_pb_use_builder":"","_et_pb_old_content":"","_et_gb_content_width":""},"product_brand":[],"product_cat":[103],"product_tag":[34,105],"class_list":{"0":"post-6641","1":"product","2":"type-product","3":"status-publish","4":"has-post-thumbnail","6":"product_cat-telescopic-hydraulic-cylinders","7":"product_tag-hydraulic-cylinder","8":"product_tag-telescopic-hydraulic-cylinders","10":"first","11":"instock","12":"product-type-simple"},"_links":{"self":[{"href":"https:\/\/fmp-components.com\/de\/wp-json\/wp\/v2\/product\/6641","targetHints":{"allow":["GET"]}}],"collection":[{"href":"https:\/\/fmp-components.com\/de\/wp-json\/wp\/v2\/product"}],"about":[{"href":"https:\/\/fmp-components.com\/de\/wp-json\/wp\/v2\/types\/product"}],"replies":[{"embeddable":true,"href":"https:\/\/fmp-components.com\/de\/wp-json\/wp\/v2\/comments?post=6641"}],"wp:featuredmedia":[{"embeddable":true,"href":"https:\/\/fmp-components.com\/de\/wp-json\/wp\/v2\/media\/6785"}],"wp:attachment":[{"href":"https:\/\/fmp-components.com\/de\/wp-json\/wp\/v2\/media?parent=6641"}],"wp:term":[{"taxonomy":"product_brand","embeddable":true,"href":"https:\/\/fmp-components.com\/de\/wp-json\/wp\/v2\/product_brand?post=6641"},{"taxonomy":"product_cat","embeddable":true,"href":"https:\/\/fmp-components.com\/de\/wp-json\/wp\/v2\/product_cat?post=6641"},{"taxonomy":"product_tag","embeddable":true,"href":"https:\/\/fmp-components.com\/de\/wp-json\/wp\/v2\/product_tag?post=6641"}],"curies":[{"name":"wp","href":"https:\/\/api.w.org\/{rel}","templated":true}]}}