{"id":6634,"date":"2025-03-11T06:35:17","date_gmt":"2025-03-11T06:35:17","guid":{"rendered":"https:\/\/fmp-components.com\/product\/5-stage-hoist-hydraulic-cylinder-hydraulic-telescopic-cylinder"},"modified":"2025-03-18T01:04:05","modified_gmt":"2025-03-18T01:04:05","slug":"5-stage-hoist-hydraulic-cylinder-hydraulic-telescopic-cylinder","status":"publish","type":"product","link":"https:\/\/fmp-components.com\/de\/product\/5-stage-hoist-hydraulic-cylinder-hydraulic-telescopic-cylinder\/","title":{"rendered":"5-stufiger Hebehydraulikzylinder Hydraulischer Teleskopzylinder"},"content":{"rendered":"<h2>5-stufiger Hebehydraulikzylinder Hydraulischer Teleskopzylinder<\/h2>\n<p>Wir stellen den 5-stufigen hydraulischen Teleskopzylinder vor, eine brandneue Erg\u00e4nzung unserer Produktpalette f\u00fcr 2025. Dieser hochmoderne Hydraulikzylinder ist ein Standard-Kolbenzylinder mit mehrstufiger Konstruktion. Er ist aus hochwertigem Stahl gefertigt und bietet eine maximale Schubkraft von 3000 und eine maximale Zugkraft von 20 Tonnen.<\/p>\n<h3>Funktion und Bedeutung<\/h3>\n<p>Der Hydraulikzylinder ist ein integraler Bestandteil jedes Hydrauliksystems. Er wandelt die hydraulische Kraft in mechanische Bewegung um und sorgt so f\u00fcr die notwendige Bewegung und Kraft f\u00fcr Industriemaschinen. Dies macht unseren 5-stufigen Hydraulikzylinder zu einem unverzichtbaren Bestandteil in verschiedenen Branchen, darunter Maschinenreparaturwerkst\u00e4tten, Landwirtschaft, Energie- und Bergbau, Maschinenbau und Maschinenfabriken.<\/p>\n<h3>Technische Spezifikationen<\/h3>\n<p>Der 5-stufige Hydraulikzylinder f\u00fcr Hebezeuge weist die folgenden Spezifikationen auf:<\/p>\n<table style=\"width: 96.2294%;\" border=\"\">\n<tbody>\n<tr>\n<td style=\"width: 42.8571%;\"><i>Bohrungsgr\u00f6\u00dfe<\/i><\/td>\n<td style=\"width: 389.714%;\">2-6 Zoll<\/td>\n<\/tr>\n<tr>\n<td style=\"width: 42.8571%;\"><i>Stangengr\u00f6\u00dfe<\/i><\/td>\n<td style=\"width: 389.714%;\">1,125-4 Zoll<\/td>\n<\/tr>\n<tr>\n<td style=\"width: 42.8571%;\"><i>Strichgr\u00f6\u00dfe<\/i><\/td>\n<td style=\"width: 389.714%;\">4-100 Zoll<\/td>\n<\/tr>\n<tr>\n<td style=\"width: 42.8571%;\"><i>Pin-Gr\u00f6\u00dfe<\/i><\/td>\n<td style=\"width: 389.714%;\">0,5-2 Zoll<\/td>\n<\/tr>\n<tr>\n<td style=\"width: 42.8571%;\"><i>H\u00e4fen<\/i><\/td>\n<td style=\"width: 389.714%;\">G\/SAE\/NPT\/M<\/td>\n<\/tr>\n<\/tbody>\n<\/table>\n<h3>Einzigartige Funktionen und Vorteile<\/h3>\n<ul>\n<li style=\"list-style-type: none;\">\n<ul>\n<li>Energieeffizient: Arbeitet mit maximaler Effizienz und sorgt so f\u00fcr minimale Energieverschwendung.<\/li>\n<\/ul>\n<\/li>\n<\/ul>\n<ul>\n<li>\u00c4u\u00dferst langlebig: Hergestellt aus hochwertigem Stahl, um starker Beanspruchung standzuhalten.<\/li>\n<li>Sicherheit: Entwickelt nach h\u00f6chsten Sicherheitsstandards, um Unf\u00e4lle zu verhindern und einen reibungslosen Betrieb zu gew\u00e4hrleisten.<\/li>\n<\/ul>\n<h2>Hydrauliksysteme und Funktionsprinzip<\/h2>\n<p>Der Hydraulikzylinder funktioniert nach dem Prinzip der Druckdifferenz. Die Hydraulikfl\u00fcssigkeit wird von der Pumpe gef\u00f6rdert, wodurch im Zylinder eine Druckdifferenz entsteht, die den Kolben bewegt und mechanische Kraft erzeugt.<\/p>\n<p><img loading=\"lazy\" decoding=\"async\" class=\"alignnone wp-image-6657\" src=\"https:\/\/fmp-components.com\/wp-content\/uploads\/2025\/03\/telescopic-hydraulic-cylinder-3.webp\" alt=\"Teleskop-Hydraulikzylinder\" width=\"797\" height=\"797\" title=\"\" srcset=\"https:\/\/fmp-components.com\/wp-content\/uploads\/2025\/03\/telescopic-hydraulic-cylinder-3.webp 797w, https:\/\/fmp-components.com\/wp-content\/uploads\/2025\/03\/telescopic-hydraulic-cylinder-3-480x480.webp 480w\" sizes=\"(min-width: 0px) and (max-width: 480px) 480px, (min-width: 481px) 797px, 100vw\" \/><\/p>\n<h2>Hydraulikzylinder und Antriebseinheiten<\/h2>\n<p>Hydraulikzylinder und Antriebsaggregate sind untrennbare Bestandteile eines Hydrauliksystems. Die Synergie dieser Komponenten gew\u00e4hrleistet die breite Anwendung der Hydrauliktechnologie in der Industrie und sorgt f\u00fcr zuverl\u00e4ssige Antriebs- und Steuerungsunterst\u00fctzung f\u00fcr verschiedene technische Anlagen und Maschinen. Hydraulikzylinder als Antriebselemente wandeln hydraulische Energie in mechanische Bewegung um \u2013 Druck in Kraft. Antriebsaggregate hingegen bilden das Herzst\u00fcck des Hydrauliksystems und liefern die notwendige Energie und Steuersignale. Die Koordination dieser beiden Komponenten ist entscheidend f\u00fcr den reibungslosen Betrieb des Hydrauliksystems.<\/p>\n<h3>\u00dcber FMP<\/h3>\n<p class=\"break-words\">FMP ist ein f\u00fchrender italienischer Hersteller, der sich auf die Konstruktion, Entwicklung und Produktion hochwertiger Hydraulikzylinder spezialisiert hat. Mit unserer langj\u00e4hrigen Erfahrung verbinden wir italienische Handwerkskunst mit modernster Technologie, um au\u00dfergew\u00f6hnliche Hydraulikl\u00f6sungen zu liefern, die auf die vielf\u00e4ltigen Bed\u00fcrfnisse unserer weltweiten Kundschaft zugeschnitten sind. Mit Sitz in Italien, einem Zentrum der Ingenieurskunst, gilt FMP als vertrauensw\u00fcrdiger Name in der Hydraulikbranche und hat sich der Bereitstellung zuverl\u00e4ssiger, langlebiger und innovativer Produkte verschrieben, die Unternehmen weltweit unterst\u00fctzen.<\/p>\n<p class=\"break-words\">Unser Unternehmen verbindet die besten Fertigungstraditionen mit einem zukunftsorientierten Ansatz. Dank langj\u00e4hriger Erfahrung im Bereich Hydrauliksysteme hat sich FMP zu einem modernen Unternehmen entwickelt, das sich durch herausragende Leistungen in Forschung, Design und Produktion auszeichnet. Wir sind spezialisiert auf ein breites Spektrum an Hydraulikzylindern, darunter doppeltwirkende Zylinder, Automobil-Hubzylinder, Landmaschinenzylinder und ma\u00dfgeschneiderte L\u00f6sungen f\u00fcr verschiedene Industrieanwendungen. Ob f\u00fcr Bauwesen, Industrieanlagen, Landwirtschaft oder Schwermaschinen \u2013 unsere Hydraulikzylinder sind f\u00fcr h\u00e4rteste Bedingungen ausgelegt und gew\u00e4hrleisten Sicherheit, Effizienz und Langlebigkeit.<\/p>\n<p><img loading=\"lazy\" decoding=\"async\" class=\"alignnone size-full wp-image-6720\" src=\"https:\/\/fmp-components.com\/wp-content\/uploads\/2025\/03\/hydraulic-cylinder-8.webp\" alt=\"Teleskop-Hydraulikzylinder\" width=\"933\" height=\"526\" title=\"\" srcset=\"https:\/\/fmp-components.com\/wp-content\/uploads\/2025\/03\/hydraulic-cylinder-8.webp 933w, https:\/\/fmp-components.com\/wp-content\/uploads\/2025\/03\/hydraulic-cylinder-8-480x271.webp 480w\" sizes=\"(min-width: 0px) and (max-width: 480px) 480px, (min-width: 481px) 933px, 100vw\" \/><\/p>\n<p class=\"break-words\">Bei FMP sind wir stolz auf unsere hochmodernen Produktionsanlagen, die mit Pr\u00e4zisionsmaschinen und fortschrittlichen Pr\u00fcfsystemen ausgestattet sind. Unsere Fertigungsprozesse entsprechen strengen nationalen und internationalen Standards und gew\u00e4hrleisten, dass jeder Hydraulikzylinder, der unser Werk verl\u00e4sst, von h\u00f6chster Qualit\u00e4t und Zuverl\u00e4ssigkeit ist. Unser qualifiziertes technisches Team und modernste Ausr\u00fcstung erm\u00f6glichen uns eine strenge Qualit\u00e4tskontrolle in jeder Produktionsphase \u2013 von der Rohstoffauswahl bis zur Endkontrolle. Dieses Streben nach Exzellenz hat uns Zertifizierungen und Anerkennungen von Branchenbeh\u00f6rden eingebracht und unseren Ruf als zuverl\u00e4ssiger Partner weiter gefestigt.<\/p>\n<p class=\"break-words\">Unsere Mission ist einfach und doch ehrgeizig: Wir m\u00f6chten unseren Kunden Hydraulikzylinder liefern, die ihre Erwartungen in puncto Leistung, Langlebigkeit und Wert \u00fcbertreffen. Professionalit\u00e4t, Integrit\u00e4t und Kundenorientierung sind unsere Leitprinzipien. Durch Innovation und Pr\u00e4zision entwickeln wir unsere Produkte kontinuierlich weiter, um im Wettbewerb die Nase vorn zu behalten. Unser umfassendes Produktsortiment und unsere F\u00e4higkeit, ma\u00dfgeschneiderte L\u00f6sungen anzubieten, machen uns zur ersten Wahl f\u00fcr Unternehmen, die leistungsstarke Hydraulikzylinder suchen.<\/p>\n<p class=\"break-words\">FMP ist mehr als nur ein Hersteller \u2013 wir sind Ihr Partner f\u00fcr Ihren Erfolg. Wir wissen, dass unsere Kunden auf uns vertrauen, wenn es um Werkzeuge geht, die ihre Produktivit\u00e4t und Sicherheit steigern. Deshalb bieten wir nicht nur erstklassige Produkte, sondern auch hervorragenden Service. Von der ersten Beratung bis zum After-Sales-Support arbeiten wir eng mit unseren Kunden zusammen, um sicherzustellen, dass ihre Bed\u00fcrfnisse professionell und sorgf\u00e4ltig erf\u00fcllt werden. Unsere wettbewerbsf\u00e4higen Preise und unser unerm\u00fcdliches Engagement f\u00fcr Qualit\u00e4t machen FMP zur intelligenten Wahl f\u00fcr Unternehmen, die in zuverl\u00e4ssige Hydraulikl\u00f6sungen investieren m\u00f6chten.<\/p>","protected":false},"excerpt":{"rendered":"<p>5 Stage Hoist Hydraulic Cylinder Hydraulic Telescopic Cylinder Introducing the 5 Stage Hoist Hydraulic Cylinder Hydraulic Telescopic Cylinder, a brand-new addition to our product range for 2025. This cutting-edge hydraulic cylinder is a standard, plunger-type cylinder with a multi-stage design. Engineered with high-grade steel, it is structured to deliver maximum thrust of 3000 and a [&hellip;]<\/p>","protected":false},"featured_media":6773,"comment_status":"closed","ping_status":"closed","template":"","meta":{"_et_pb_use_builder":"","_et_pb_old_content":"","_et_gb_content_width":""},"product_brand":[],"product_cat":[103],"product_tag":[34,105],"class_list":{"0":"post-6634","1":"product","2":"type-product","3":"status-publish","4":"has-post-thumbnail","6":"product_cat-telescopic-hydraulic-cylinders","7":"product_tag-hydraulic-cylinder","8":"product_tag-telescopic-hydraulic-cylinders","10":"first","11":"instock","12":"product-type-simple"},"_links":{"self":[{"href":"https:\/\/fmp-components.com\/de\/wp-json\/wp\/v2\/product\/6634","targetHints":{"allow":["GET"]}}],"collection":[{"href":"https:\/\/fmp-components.com\/de\/wp-json\/wp\/v2\/product"}],"about":[{"href":"https:\/\/fmp-components.com\/de\/wp-json\/wp\/v2\/types\/product"}],"replies":[{"embeddable":true,"href":"https:\/\/fmp-components.com\/de\/wp-json\/wp\/v2\/comments?post=6634"}],"wp:featuredmedia":[{"embeddable":true,"href":"https:\/\/fmp-components.com\/de\/wp-json\/wp\/v2\/media\/6773"}],"wp:attachment":[{"href":"https:\/\/fmp-components.com\/de\/wp-json\/wp\/v2\/media?parent=6634"}],"wp:term":[{"taxonomy":"product_brand","embeddable":true,"href":"https:\/\/fmp-components.com\/de\/wp-json\/wp\/v2\/product_brand?post=6634"},{"taxonomy":"product_cat","embeddable":true,"href":"https:\/\/fmp-components.com\/de\/wp-json\/wp\/v2\/product_cat?post=6634"},{"taxonomy":"product_tag","embeddable":true,"href":"https:\/\/fmp-components.com\/de\/wp-json\/wp\/v2\/product_tag?post=6634"}],"curies":[{"name":"wp","href":"https:\/\/api.w.org\/{rel}","templated":true}]}}