{"id":6633,"date":"2025-03-11T06:35:17","date_gmt":"2025-03-11T06:35:17","guid":{"rendered":"https:\/\/fmp-components.com\/product\/5-stage-hydraulic-telescopic-cylinder-flatbed-tow-truck-hydraulic-cylinder"},"modified":"2025-03-12T08:46:08","modified_gmt":"2025-03-12T08:46:08","slug":"5-stage-hydraulic-telescopic-cylinder-flatbed-tow-truck-hydraulic-cylinder","status":"publish","type":"product","link":"https:\/\/fmp-components.com\/de\/product\/5-stage-hydraulic-telescopic-cylinder-flatbed-tow-truck-hydraulic-cylinder\/","title":{"rendered":"5-stufiger hydraulischer Teleskopzylinder Pritschen-Abschleppwagen-Hydraulikzylinder"},"content":{"rendered":"<h2>5-stufiger hydraulischer Teleskopzylinder Pritschen-Abschleppwagen-Hydraulikzylinder<\/h2>\n<p>Wir pr\u00e4sentieren unseren neuen 5-stufigen hydraulischen Teleskopzylinder f\u00fcr Abschleppwagen mit Pritsche \u2013 ein hochmodernes Produkt, das sich durch \u00fcberragende Leistung und Langlebigkeit auszeichnet. Dieser Hydraulikzylinder ist eine Schl\u00fcsselkomponente in vielen Branchen, darunter Maschinenreparaturwerkst\u00e4tten, Landwirtschaft, Energie- und Bergbau, Maschinenbau und Maschinenbauunternehmen. Dank seiner robusten Bauweise und hohen Hydraulikleistung ist dieses Produkt ein unverzichtbares Werkzeug f\u00fcr Ihren Betrieb.<\/p>\n<h3>Produktspezifikationen<\/h3>\n<p>Unser 5-stufiger hydraulischer Teleskopzylinder ist aus hochwertigem Stahl gefertigt und zeichnet sich durch Langlebigkeit und Zuverl\u00e4ssigkeit aus. Er wird mit einer einj\u00e4hrigen Garantie geliefert und beinhaltet die wichtigsten Komponenten, darunter ein Lager und den Hydraulikzylinder selbst. Das Produkt verf\u00fcgt au\u00dferdem \u00fcber folgende technische Parameter:<\/p>\n<table style=\"width: 92.4062%;\" border=\"\">\n<tbody>\n<tr>\n<td style=\"width: 43.4286%;\"><b>Bohrungsgr\u00f6\u00dfe<\/b><\/td>\n<td style=\"width: 381.714%;\">2-6 Zoll<\/td>\n<\/tr>\n<tr>\n<td style=\"width: 43.4286%;\"><b>Stangengr\u00f6\u00dfe<\/b><\/td>\n<td style=\"width: 381.714%;\">1,125-4 Zoll<\/td>\n<\/tr>\n<tr>\n<td style=\"width: 43.4286%;\"><b>Strichgr\u00f6\u00dfe<\/b><\/td>\n<td style=\"width: 381.714%;\">4-100 Zoll<\/td>\n<\/tr>\n<tr>\n<td style=\"width: 43.4286%;\"><b>Pin-Gr\u00f6\u00dfe<\/b><\/td>\n<td style=\"width: 381.714%;\">0,5-2 Zoll<\/td>\n<\/tr>\n<tr>\n<td style=\"width: 43.4286%;\"><b>H\u00e4fen<\/b><\/td>\n<td style=\"width: 381.714%;\">G\/SAE\/NPT\/M<\/td>\n<\/tr>\n<\/tbody>\n<\/table>\n<p><img loading=\"lazy\" decoding=\"async\" class=\"alignnone  wp-image-6658\" src=\"https:\/\/fmp-components.com\/wp-content\/uploads\/2025\/03\/telescopic-hydraulic-cylinder-6.webp\" alt=\"Teleskop-Hydraulikzylinder\" width=\"777\" height=\"777\" title=\"\" srcset=\"https:\/\/fmp-components.com\/wp-content\/uploads\/2025\/03\/telescopic-hydraulic-cylinder-6.webp 777w, https:\/\/fmp-components.com\/wp-content\/uploads\/2025\/03\/telescopic-hydraulic-cylinder-6-480x480.webp 480w\" sizes=\"(min-width: 0px) and (max-width: 480px) 480px, (min-width: 481px) 777px, 100vw\" \/><\/p>\n<h2>Einzigartige Funktionen und Vorteile<\/h2>\n<ul>\n<li>Energieeffizient: Unser Hydraulikzylinder ist auf optimale Energienutzung und Kostenreduzierung ausgelegt.<\/li>\n<li>Hohe Leistungsf\u00e4higkeit: Mit einem maximalen Schub von 3000 und einer maximalen Zugkraft von 20 Tonnen gew\u00e4hrleistet es einen reibungslosen und effizienten Betrieb.<\/li>\n<li>Sicherheit: Das Produkt entspricht den Normen ISO9001:2000 und gew\u00e4hrleistet somit die Sicherheit und Zuverl\u00e4ssigkeit seiner Verwendung.<\/li>\n<\/ul>\n<h2>Hydrauliksysteme und Funktionsprinzip<\/h2>\n<p>Der Hydraulikzylinder, als integraler Bestandteil von Hydrauliksystemen, wandelt Fl\u00fcssigkeitsdruck in Kraft und Bewegung um. Er ist eine unverzichtbare Komponente in verschiedenen Maschinen und Anlagen und liefert die f\u00fcr einen effizienten Betrieb notwendige Kraft und Steuerung.<\/p>\n<h2>Anwendungsszenarien<\/h2>\n<p>Unser 5-stufiger hydraulischer Teleskopzylinder ist vielseitig einsetzbar und findet Anwendung in einer breiten Palette von Branchen, darunter Maschinenreparaturwerkst\u00e4tten, Landwirtschaftsbetriebe, Energie- und Bergbau, Maschinenbau und Maschinenfabriken.<\/p>\n<h2>Hydraulikzylinder und Aggregate<\/h2>\n<p>Hydraulikzylinder und Hydraulikaggregat sind wesentliche Bestandteile eines Hydrauliksystems. Sie arbeiten zusammen, um die breite Anwendung der Hydrauliktechnik im industriellen Bereich zu gew\u00e4hrleisten und eine zuverl\u00e4ssige Energieversorgung und Steuerung f\u00fcr diverse technische und mechanische Anlagen sicherzustellen. FMP bietet auch Hydraulikaggregate zum Verkauf an.<\/p>\n<h3>H\u00e4ufig gestellte Fragen<\/h3>\n<p><b>F: Wie lange ist die Lieferzeit f\u00fcr den 5-stufigen hydraulischen Teleskopzylinder?<\/b><br \/>\nA: Die allgemeine Lieferzeit betr\u00e4gt 25\u201335 Tage.<\/p>\n<p><b>F: Stellen Sie Muster zur Verf\u00fcgung?<\/b><br \/>\nA: Ja, wir bieten Muster an, diese sind jedoch nicht kostenlos.<\/p>\n<p><b>F: Kann ich den 5-stufigen hydraulischen Teleskopzylinder an meine Bed\u00fcrfnisse anpassen?<\/b><br \/>\nA: Ja, wir k\u00f6nnen das Produkt nach Ihren Mustern oder technischen Zeichnungen anpassen.<\/p>\n<h3>\u00dcber FMP<\/h3>\n<p class=\"break-words\">FMP ist ein f\u00fchrender italienischer Hersteller, der sich auf die Konstruktion, Entwicklung und Produktion hochwertiger Hydraulikzylinder spezialisiert hat. Mit unserer langj\u00e4hrigen Erfahrung verbinden wir italienische Handwerkskunst mit modernster Technologie, um au\u00dfergew\u00f6hnliche Hydraulikl\u00f6sungen zu liefern, die auf die vielf\u00e4ltigen Bed\u00fcrfnisse unserer weltweiten Kundschaft zugeschnitten sind. Mit Sitz in Italien, einem Zentrum der Ingenieurskunst, gilt FMP als vertrauensw\u00fcrdiger Name in der Hydraulikbranche und hat sich der Bereitstellung zuverl\u00e4ssiger, langlebiger und innovativer Produkte verschrieben, die Unternehmen weltweit unterst\u00fctzen.<\/p>\n<p class=\"break-words\">Unser Unternehmen verbindet die besten Fertigungstraditionen mit einem zukunftsorientierten Ansatz. Dank langj\u00e4hriger Erfahrung im Bereich Hydrauliksysteme hat sich FMP zu einem modernen Unternehmen entwickelt, das sich durch herausragende Leistungen in Forschung, Design und Produktion auszeichnet. Wir sind spezialisiert auf ein breites Spektrum an Hydraulikzylindern, darunter doppeltwirkende Zylinder, Automobil-Hubzylinder, Landmaschinenzylinder und ma\u00dfgeschneiderte L\u00f6sungen f\u00fcr verschiedene Industrieanwendungen. Ob f\u00fcr Bauwesen, Industrieanlagen, Landwirtschaft oder Schwermaschinen \u2013 unsere Hydraulikzylinder sind f\u00fcr h\u00e4rteste Bedingungen ausgelegt und gew\u00e4hrleisten Sicherheit, Effizienz und Langlebigkeit.<\/p>\n<p><img loading=\"lazy\" decoding=\"async\" class=\"alignnone size-full wp-image-6720\" src=\"https:\/\/fmp-components.com\/wp-content\/uploads\/2025\/03\/hydraulic-cylinder-8.webp\" alt=\"Teleskop-Hydraulikzylinder\" width=\"933\" height=\"526\" title=\"\" srcset=\"https:\/\/fmp-components.com\/wp-content\/uploads\/2025\/03\/hydraulic-cylinder-8.webp 933w, https:\/\/fmp-components.com\/wp-content\/uploads\/2025\/03\/hydraulic-cylinder-8-480x271.webp 480w\" sizes=\"(min-width: 0px) and (max-width: 480px) 480px, (min-width: 481px) 933px, 100vw\" \/><\/p>\n<p class=\"break-words\">Bei FMP sind wir stolz auf unsere hochmodernen Produktionsanlagen, die mit Pr\u00e4zisionsmaschinen und fortschrittlichen Pr\u00fcfsystemen ausgestattet sind. Unsere Fertigungsprozesse entsprechen strengen nationalen und internationalen Standards und gew\u00e4hrleisten, dass jeder Hydraulikzylinder, der unser Werk verl\u00e4sst, von h\u00f6chster Qualit\u00e4t und Zuverl\u00e4ssigkeit ist. Unser qualifiziertes technisches Team und modernste Ausr\u00fcstung erm\u00f6glichen uns eine strenge Qualit\u00e4tskontrolle in jeder Produktionsphase \u2013 von der Rohstoffauswahl bis zur Endkontrolle. Dieses Streben nach Exzellenz hat uns Zertifizierungen und Anerkennungen von Branchenbeh\u00f6rden eingebracht und unseren Ruf als zuverl\u00e4ssiger Partner weiter gefestigt.<\/p>\n<p class=\"break-words\">Unsere Mission ist einfach und doch ehrgeizig: Wir m\u00f6chten unseren Kunden Hydraulikzylinder liefern, die ihre Erwartungen in puncto Leistung, Langlebigkeit und Wert \u00fcbertreffen. Professionalit\u00e4t, Integrit\u00e4t und Kundenorientierung sind unsere Leitprinzipien. Durch Innovation und Pr\u00e4zision entwickeln wir unsere Produkte kontinuierlich weiter, um im Wettbewerb die Nase vorn zu behalten. Unser umfassendes Produktsortiment und unsere F\u00e4higkeit, ma\u00dfgeschneiderte L\u00f6sungen anzubieten, machen uns zur ersten Wahl f\u00fcr Unternehmen, die leistungsstarke Hydraulikzylinder suchen.<\/p>\n<p class=\"break-words\">FMP ist mehr als nur ein Hersteller \u2013 wir sind Ihr Partner f\u00fcr Ihren Erfolg. Wir wissen, dass unsere Kunden auf uns vertrauen, wenn es um Werkzeuge geht, die ihre Produktivit\u00e4t und Sicherheit steigern. Deshalb bieten wir nicht nur erstklassige Produkte, sondern auch hervorragenden Service. Von der ersten Beratung bis zum After-Sales-Support arbeiten wir eng mit unseren Kunden zusammen, um sicherzustellen, dass ihre Bed\u00fcrfnisse professionell und sorgf\u00e4ltig erf\u00fcllt werden. Unsere wettbewerbsf\u00e4higen Preise und unser unerm\u00fcdliches Engagement f\u00fcr Qualit\u00e4t machen FMP zur intelligenten Wahl f\u00fcr Unternehmen, die in zuverl\u00e4ssige Hydraulikl\u00f6sungen investieren m\u00f6chten.<\/p>","protected":false},"excerpt":{"rendered":"<p>5 Stage Hydraulic Telescopic Cylinder Flatbed Tow Truck Hydraulic Cylinder Introducing our new 5 Stage Hydraulic Telescopic Cylinder for Flatbed Tow Trucks, a state-of-the-art product that offers superior performance and durability. This hydraulic cylinder is a key component in many industries, including machinery repair shops, farms, energy &amp; mining, machinery manufacturing, and machinery factories. With [&hellip;]<\/p>","protected":false},"featured_media":6772,"comment_status":"closed","ping_status":"closed","template":"","meta":{"_et_pb_use_builder":"","_et_pb_old_content":"","_et_gb_content_width":""},"product_brand":[],"product_cat":[103],"product_tag":[34,105],"class_list":{"0":"post-6633","1":"product","2":"type-product","3":"status-publish","4":"has-post-thumbnail","6":"product_cat-telescopic-hydraulic-cylinders","7":"product_tag-hydraulic-cylinder","8":"product_tag-telescopic-hydraulic-cylinders","10":"first","11":"instock","12":"product-type-simple"},"_links":{"self":[{"href":"https:\/\/fmp-components.com\/de\/wp-json\/wp\/v2\/product\/6633","targetHints":{"allow":["GET"]}}],"collection":[{"href":"https:\/\/fmp-components.com\/de\/wp-json\/wp\/v2\/product"}],"about":[{"href":"https:\/\/fmp-components.com\/de\/wp-json\/wp\/v2\/types\/product"}],"replies":[{"embeddable":true,"href":"https:\/\/fmp-components.com\/de\/wp-json\/wp\/v2\/comments?post=6633"}],"wp:featuredmedia":[{"embeddable":true,"href":"https:\/\/fmp-components.com\/de\/wp-json\/wp\/v2\/media\/6772"}],"wp:attachment":[{"href":"https:\/\/fmp-components.com\/de\/wp-json\/wp\/v2\/media?parent=6633"}],"wp:term":[{"taxonomy":"product_brand","embeddable":true,"href":"https:\/\/fmp-components.com\/de\/wp-json\/wp\/v2\/product_brand?post=6633"},{"taxonomy":"product_cat","embeddable":true,"href":"https:\/\/fmp-components.com\/de\/wp-json\/wp\/v2\/product_cat?post=6633"},{"taxonomy":"product_tag","embeddable":true,"href":"https:\/\/fmp-components.com\/de\/wp-json\/wp\/v2\/product_tag?post=6633"}],"curies":[{"name":"wp","href":"https:\/\/api.w.org\/{rel}","templated":true}]}}