{"id":6632,"date":"2025-03-11T06:35:17","date_gmt":"2025-03-11T06:35:17","guid":{"rendered":"https:\/\/fmp-components.com\/product\/small-dump-truck-4-stage-telescopic-hydraulic-cylinder"},"modified":"2025-03-12T08:43:38","modified_gmt":"2025-03-12T08:43:38","slug":"small-dump-truck-4-stage-telescopic-hydraulic-cylinder","status":"publish","type":"product","link":"https:\/\/fmp-components.com\/de\/product\/small-dump-truck-4-stage-telescopic-hydraulic-cylinder\/","title":{"rendered":"Kleiner Muldenkipper, 4-stufiger Teleskop-Hydraulikzylinder"},"content":{"rendered":"<h2>Kleiner Muldenkipper, 4-stufiger Teleskop-Hydraulikzylinder<\/h2>\n<p>Der neuwertige, vierstufige Teleskop-Hydraulikzylinder f\u00fcr kleine Muldenkipper bietet bemerkenswerte Hydraulikleistung f\u00fcr diverse Branchen. Er eignet sich ideal f\u00fcr Maschinenreparaturwerkst\u00e4tten, Landwirtschaft, Energie- und Bergbau, Maschinenbau und Maschinenbauunternehmen. Der mehrstufige Hydraulikzylinder ist aus Stahl gefertigt und erreicht eine maximale Schubkraft von 3000 Nm und eine maximale Zugkraft von 20 Tonnen.<\/p>\n<h3>Produktmerkmale und Spezifikationen<\/h3>\n<p>Unser vierstufiger Teleskop-Hydraulikzylinder f\u00fcr kleine Muldenkipper bietet eine einj\u00e4hrige Garantie auf die Kernkomponenten, einschlie\u00dflich Lager und Hydraulikzylinder. Es handelt sich um ein Standardprodukt mit Kolbenzylinderkonstruktion und hydraulischem Antrieb. Das Geh\u00e4use besteht aus Stahl und gew\u00e4hrleistet so Langlebigkeit und Stabilit\u00e4t.<\/p>\n<p><img loading=\"lazy\" decoding=\"async\" class=\"alignnone  wp-image-6659\" src=\"https:\/\/fmp-components.com\/wp-content\/uploads\/2025\/03\/telescopic-hydraulic-cylinder-12.webp\" alt=\"Teleskop-Hydraulikzylinder\" width=\"791\" height=\"791\" title=\"\" srcset=\"https:\/\/fmp-components.com\/wp-content\/uploads\/2025\/03\/telescopic-hydraulic-cylinder-12.webp 791w, https:\/\/fmp-components.com\/wp-content\/uploads\/2025\/03\/telescopic-hydraulic-cylinder-12-480x480.webp 480w\" sizes=\"(min-width: 0px) and (max-width: 480px) 480px, (min-width: 481px) 791px, 100vw\" \/><\/p>\n<h3>Technische Spezifikationen<\/h3>\n<table style=\"width: 94.8416%;\" border=\"\">\n<tbody>\n<tr>\n<td style=\"width: 42.8571%;\"><i>Bohrungsgr\u00f6\u00dfe<\/i><\/td>\n<td style=\"width: 383.429%;\">2-6 Zoll<\/td>\n<\/tr>\n<tr>\n<td style=\"width: 42.8571%;\"><i>Stangengr\u00f6\u00dfe<\/i><\/td>\n<td style=\"width: 383.429%;\">1,125-4 Zoll<\/td>\n<\/tr>\n<tr>\n<td style=\"width: 42.8571%;\"><i>Strichgr\u00f6\u00dfe<\/i><\/td>\n<td style=\"width: 383.429%;\">4-100 Zoll<\/td>\n<\/tr>\n<tr>\n<td style=\"width: 42.8571%;\"><i>Pin-Gr\u00f6\u00dfe<\/i><\/td>\n<td style=\"width: 383.429%;\">0,5-2 Zoll<\/td>\n<\/tr>\n<tr>\n<td style=\"width: 42.8571%;\"><i>H\u00e4fen<\/i><\/td>\n<td style=\"width: 383.429%;\">G\/SAE\/NPT\/M<\/td>\n<\/tr>\n<\/tbody>\n<\/table>\n<h2>Besondere Merkmale und Vorteile<\/h2>\n<ul>\n<li>Energieeffizient<\/li>\n<li>Hohe Effizienz<\/li>\n<li>Sicherheit<\/li>\n<\/ul>\n<h2>Hydrauliksystem und Funktionsprinzip<\/h2>\n<p>Ein Hydrauliksystem ist eine Technologie, die unter Druck stehende Fl\u00fcssigkeit zur Energieerzeugung nutzt. Es funktioniert, indem eine Kraft auf einen Punkt des Systems ausge\u00fcbt wird, die dann mithilfe einer inkompressiblen Fl\u00fcssigkeit auf einen anderen Punkt \u00fcbertragen wird.<\/p>\n<h2>Anwendung des Hydraulikzylinders<\/h2>\n<p>Hydraulikzylinder werden h\u00e4ufig in Baumaschinen, Bergbaumaschinen, Hebezeugen und anderen mechanischen Ger\u00e4ten eingesetzt, die lineare Schub- oder Zugbewegungen erfordern.<\/p>\n<h2>Hydraulikzylinder und Aggregate<\/h2>\n<p>Hydraulikzylinder und Hydraulikaggregate sind integrale Bestandteile eines Hydrauliksystems. Sie arbeiten zusammen, um die breite Anwendung der Hydrauliktechnik im Industriesektor zu gew\u00e4hrleisten und eine zuverl\u00e4ssige Energie- und Steuerungsunterst\u00fctzung f\u00fcr diverse technische und mechanische Anlagen bereitzustellen. Der Hydraulikzylinder wandelt als Aktor hydraulische Energie in mechanische Bewegung um und transformiert Druck in Kraft. Das Hydraulikaggregat hingegen bildet das Herzst\u00fcck des Systems und liefert die ben\u00f6tigte Energie und Steuersignale. Das koordinierte Zusammenspiel beider Komponenten sichert den reibungslosen Betrieb des Hydrauliksystems. FMP bietet auch Hydraulikaggregate zum Verkauf an.<\/p>\n<p><img loading=\"lazy\" decoding=\"async\" class=\"alignnone size-full wp-image-6660\" src=\"https:\/\/fmp-components.com\/wp-content\/uploads\/2025\/03\/hydraulic-cylinder-workshop-4.webp\" alt=\"Teleskop-Hydraulikzylinder\" width=\"914\" height=\"733\" title=\"\" srcset=\"https:\/\/fmp-components.com\/wp-content\/uploads\/2025\/03\/hydraulic-cylinder-workshop-4.webp 914w, https:\/\/fmp-components.com\/wp-content\/uploads\/2025\/03\/hydraulic-cylinder-workshop-4-480x385.webp 480w\" sizes=\"(min-width: 0px) and (max-width: 480px) 480px, (min-width: 481px) 914px, 100vw\" \/><\/p>\n<h2>H\u00e4ufig gestellte Fragen<\/h2>\n<p>F: Sind Sie ein Handelsunternehmen oder Hersteller?<br \/>\nA: Wir sind eine Fabrik.<\/p>\n<p>F: Wie lange ist Ihre Lieferzeit?<br \/>\nA: Im Allgemeinen sind es 25\u201335 Tage.<\/p>\n<p>F: Stellen Sie Muster zur Verf\u00fcgung? Ist das kostenlos oder extra?<br \/>\nA: Ja, wir k\u00f6nnten die Probe anbieten, aber sie ist nicht kostenlos.<\/p>\n<h3>\u00dcber FMP<\/h3>\n<p class=\"break-words\">FMP ist ein f\u00fchrender italienischer Hersteller, der sich auf die Konstruktion, Entwicklung und Produktion hochwertiger Hydraulikzylinder spezialisiert hat. Mit unserer langj\u00e4hrigen Erfahrung verbinden wir italienische Handwerkskunst mit modernster Technologie, um au\u00dfergew\u00f6hnliche Hydraulikl\u00f6sungen zu liefern, die auf die vielf\u00e4ltigen Bed\u00fcrfnisse unserer weltweiten Kundschaft zugeschnitten sind. Mit Sitz in Italien, einem Zentrum der Ingenieurskunst, gilt FMP als vertrauensw\u00fcrdiger Name in der Hydraulikbranche und hat sich der Bereitstellung zuverl\u00e4ssiger, langlebiger und innovativer Produkte verschrieben, die Unternehmen weltweit unterst\u00fctzen.<\/p>\n<p class=\"break-words\">Unser Unternehmen verbindet die besten Fertigungstraditionen mit einem zukunftsorientierten Ansatz. Dank langj\u00e4hriger Erfahrung im Bereich Hydrauliksysteme hat sich FMP zu einem modernen Unternehmen entwickelt, das sich durch herausragende Leistungen in Forschung, Design und Produktion auszeichnet. Wir sind spezialisiert auf ein breites Spektrum an Hydraulikzylindern, darunter doppeltwirkende Zylinder, Automobil-Hubzylinder, Landmaschinenzylinder und ma\u00dfgeschneiderte L\u00f6sungen f\u00fcr verschiedene Industrieanwendungen. Ob f\u00fcr Bauwesen, Industrieanlagen, Landwirtschaft oder Schwermaschinen \u2013 unsere Hydraulikzylinder sind f\u00fcr h\u00e4rteste Bedingungen ausgelegt und gew\u00e4hrleisten Sicherheit, Effizienz und Langlebigkeit.<\/p>\n<p><img loading=\"lazy\" decoding=\"async\" class=\"alignnone size-full wp-image-6720\" src=\"https:\/\/fmp-components.com\/wp-content\/uploads\/2025\/03\/hydraulic-cylinder-8.webp\" alt=\"Teleskop-Hydraulikzylinder\" width=\"933\" height=\"526\" title=\"\" srcset=\"https:\/\/fmp-components.com\/wp-content\/uploads\/2025\/03\/hydraulic-cylinder-8.webp 933w, https:\/\/fmp-components.com\/wp-content\/uploads\/2025\/03\/hydraulic-cylinder-8-480x271.webp 480w\" sizes=\"(min-width: 0px) and (max-width: 480px) 480px, (min-width: 481px) 933px, 100vw\" \/><\/p>\n<p class=\"break-words\">Bei FMP sind wir stolz auf unsere hochmodernen Produktionsanlagen, die mit Pr\u00e4zisionsmaschinen und fortschrittlichen Pr\u00fcfsystemen ausgestattet sind. Unsere Fertigungsprozesse entsprechen strengen nationalen und internationalen Standards und gew\u00e4hrleisten, dass jeder Hydraulikzylinder, der unser Werk verl\u00e4sst, von h\u00f6chster Qualit\u00e4t und Zuverl\u00e4ssigkeit ist. Unser qualifiziertes technisches Team und modernste Ausr\u00fcstung erm\u00f6glichen uns eine strenge Qualit\u00e4tskontrolle in jeder Produktionsphase \u2013 von der Rohstoffauswahl bis zur Endkontrolle. Dieses Streben nach Exzellenz hat uns Zertifizierungen und Anerkennungen von Branchenbeh\u00f6rden eingebracht und unseren Ruf als zuverl\u00e4ssiger Partner weiter gefestigt.<\/p>\n<p class=\"break-words\">Unsere Mission ist einfach und doch ehrgeizig: Wir m\u00f6chten unseren Kunden Hydraulikzylinder liefern, die ihre Erwartungen in puncto Leistung, Langlebigkeit und Wert \u00fcbertreffen. Professionalit\u00e4t, Integrit\u00e4t und Kundenorientierung sind unsere Leitprinzipien. Durch Innovation und Pr\u00e4zision entwickeln wir unsere Produkte kontinuierlich weiter, um im Wettbewerb die Nase vorn zu behalten. Unser umfassendes Produktsortiment und unsere F\u00e4higkeit, ma\u00dfgeschneiderte L\u00f6sungen anzubieten, machen uns zur ersten Wahl f\u00fcr Unternehmen, die leistungsstarke Hydraulikzylinder suchen.<\/p>\n<p class=\"break-words\">FMP ist mehr als nur ein Hersteller \u2013 wir sind Ihr Partner f\u00fcr Ihren Erfolg. Wir wissen, dass unsere Kunden auf uns vertrauen, wenn es um Werkzeuge geht, die ihre Produktivit\u00e4t und Sicherheit steigern. Deshalb bieten wir nicht nur erstklassige Produkte, sondern auch hervorragenden Service. Von der ersten Beratung bis zum After-Sales-Support arbeiten wir eng mit unseren Kunden zusammen, um sicherzustellen, dass ihre Bed\u00fcrfnisse professionell und sorgf\u00e4ltig erf\u00fcllt werden. Unsere wettbewerbsf\u00e4higen Preise und unser unerm\u00fcdliches Engagement f\u00fcr Qualit\u00e4t machen FMP zur intelligenten Wahl f\u00fcr Unternehmen, die in zuverl\u00e4ssige Hydraulikl\u00f6sungen investieren m\u00f6chten.<\/p>","protected":false},"excerpt":{"rendered":"<p>Small Dump Truck 4 Stage Telescopic Hydraulic Cylinder With a new condition, the Small Dump Truck 4 Stage Telescopic Hydraulic Cylinder offers a remarkable hydraulic power for various industries. This product is perfect for Machinery Repair Shops, Farms, Energy &amp; Mining, Machinery manufacturing, and Machinery Factory. The multistage hydraulic cylinder is made of steel, with [&hellip;]<\/p>","protected":false},"featured_media":6771,"comment_status":"closed","ping_status":"closed","template":"","meta":{"_et_pb_use_builder":"","_et_pb_old_content":"","_et_gb_content_width":""},"product_brand":[],"product_cat":[103],"product_tag":[34,105],"class_list":{"0":"post-6632","1":"product","2":"type-product","3":"status-publish","4":"has-post-thumbnail","6":"product_cat-telescopic-hydraulic-cylinders","7":"product_tag-hydraulic-cylinder","8":"product_tag-telescopic-hydraulic-cylinders","10":"first","11":"instock","12":"product-type-simple"},"_links":{"self":[{"href":"https:\/\/fmp-components.com\/de\/wp-json\/wp\/v2\/product\/6632","targetHints":{"allow":["GET"]}}],"collection":[{"href":"https:\/\/fmp-components.com\/de\/wp-json\/wp\/v2\/product"}],"about":[{"href":"https:\/\/fmp-components.com\/de\/wp-json\/wp\/v2\/types\/product"}],"replies":[{"embeddable":true,"href":"https:\/\/fmp-components.com\/de\/wp-json\/wp\/v2\/comments?post=6632"}],"wp:featuredmedia":[{"embeddable":true,"href":"https:\/\/fmp-components.com\/de\/wp-json\/wp\/v2\/media\/6771"}],"wp:attachment":[{"href":"https:\/\/fmp-components.com\/de\/wp-json\/wp\/v2\/media?parent=6632"}],"wp:term":[{"taxonomy":"product_brand","embeddable":true,"href":"https:\/\/fmp-components.com\/de\/wp-json\/wp\/v2\/product_brand?post=6632"},{"taxonomy":"product_cat","embeddable":true,"href":"https:\/\/fmp-components.com\/de\/wp-json\/wp\/v2\/product_cat?post=6632"},{"taxonomy":"product_tag","embeddable":true,"href":"https:\/\/fmp-components.com\/de\/wp-json\/wp\/v2\/product_tag?post=6632"}],"curies":[{"name":"wp","href":"https:\/\/api.w.org\/{rel}","templated":true}]}}