{"id":6631,"date":"2025-03-11T06:35:17","date_gmt":"2025-03-11T06:35:17","guid":{"rendered":"https:\/\/fmp-components.com\/product\/3-stage-small-dump-truck-hydraulic-cylinder-for-dump-trailer"},"modified":"2025-03-12T08:41:53","modified_gmt":"2025-03-12T08:41:53","slug":"3-stage-small-dump-truck-hydraulic-cylinder-for-dump-trailer","status":"publish","type":"product","link":"https:\/\/fmp-components.com\/de\/product\/3-stage-small-dump-truck-hydraulic-cylinder-for-dump-trailer\/","title":{"rendered":"3-stufiger Hydraulikzylinder f\u00fcr kleine Muldenkipper f\u00fcr Muldenkipper"},"content":{"rendered":"<h2>3-stufiger Hydraulikzylinder f\u00fcr kleine Muldenkipper f\u00fcr Muldenkipper<\/h2>\n<p>Dieser dreistufige Hydraulikzylinder f\u00fcr kleine Muldenkipper ist ein vielseitiges und effizientes Hydrauliksystem f\u00fcr den Einsatz in Kippanh\u00e4ngern. Der Zylinder besteht aus robustem Stahl f\u00fcr Langlebigkeit und Langlebigkeit. Mit einer maximalen Schubkraft von 3000 und einer maximalen Zugkraft von 20 Tonnen bietet dieser Hydraulikzylinder leistungsstarke und zuverl\u00e4ssige Leistung f\u00fcr Ihre anspruchsvollen Aufgaben.<\/p>\n<h3>Funktionen und Features<\/h3>\n<p>Der Hydraulikzylinder ist ein zentrales Element Ihrer Maschine und wandelt hydraulische Kraft in mechanische Bewegung um. Dieser mehrstufige Hydraulikzylinder bietet verschiedene Funktionen, darunter Standard oder Nicht-Standard: Standard, Aufbau: Kolbenzylinder, Leistung: Hydraulisch, Bohrungsdurchmesser: 2\u20136 Zoll, Stangendurchmesser: 1,125\u20134 Zoll, Hub: 4\u2013100 Zoll, Bolzendurchmesser: 0,5\u20132 Zoll. Diese Eigenschaften machen ihn zu einer zuverl\u00e4ssigen und effizienten Option f\u00fcr Ihre Maschine.<\/p>\n<h3>Produktspezifikationen<\/h3>\n<table style=\"width: 95.4718%;\" border=\"\">\n<tbody>\n<tr>\n<td style=\"width: 42.8571%;\"><i>Bohrungsgr\u00f6\u00dfe<\/i><\/td>\n<td style=\"width: 386.286%;\">2-6 Zoll<\/td>\n<\/tr>\n<tr>\n<td style=\"width: 42.8571%;\"><i>Stangengr\u00f6\u00dfe<\/i><\/td>\n<td style=\"width: 386.286%;\">1,125-4 Zoll<\/td>\n<\/tr>\n<tr>\n<td style=\"width: 42.8571%;\"><i>Strichgr\u00f6\u00dfe<\/i><\/td>\n<td style=\"width: 386.286%;\">4-100 Zoll<\/td>\n<\/tr>\n<tr>\n<td style=\"width: 42.8571%;\"><i>Pin-Gr\u00f6\u00dfe<\/i><\/td>\n<td style=\"width: 386.286%;\">0,5-2 Zoll<\/td>\n<\/tr>\n<tr>\n<td style=\"width: 42.8571%;\"><i>H\u00e4fen<\/i><\/td>\n<td style=\"width: 386.286%;\">G\/SAE\/NPT\/M<\/td>\n<\/tr>\n<\/tbody>\n<\/table>\n<h2>Einzigartige Funktionen und Vorteile<\/h2>\n<ul>\n<li>Energieeffizient<\/li>\n<li>Leistungsstark<\/li>\n<li>Sichere Anwendung<\/li>\n<li>Strapazierf\u00e4hig und langlebig<\/li>\n<\/ul>\n<p><img loading=\"lazy\" decoding=\"async\" class=\"alignnone  wp-image-6661\" src=\"https:\/\/fmp-components.com\/wp-content\/uploads\/2025\/03\/telescopic-hydraulic-cylinder-10.webp\" alt=\"Teleskop-Hydraulikzylinder\" width=\"800\" height=\"800\" title=\"\" srcset=\"https:\/\/fmp-components.com\/wp-content\/uploads\/2025\/03\/telescopic-hydraulic-cylinder-10.webp 800w, https:\/\/fmp-components.com\/wp-content\/uploads\/2025\/03\/telescopic-hydraulic-cylinder-10-480x480.webp 480w\" sizes=\"(min-width: 0px) and (max-width: 480px) 480px, (min-width: 481px) 800px, 100vw\" \/><\/p>\n<h2>Hydrauliksysteme und Funktionsprinzip<\/h2>\n<p>Der Hydraulikzylinder nutzt Fl\u00fcssigkeitsdruck, um Kraft zu erzeugen, die dann in lineare Bewegung umgewandelt wird. Wird Hydraulikfl\u00fcssigkeit in den Zylinder gepumpt, \u00fcbt sie Druck auf einen Kolben im Inneren aus. Dieser Druck versetzt den Kolben in Bewegung und erzeugt eine lineare Bewegung, die f\u00fcr eine Vielzahl mechanischer Aufgaben genutzt werden kann. Die Effizienz dieses Systems liegt in der Inkompressibilit\u00e4t der Hydraulikfl\u00fcssigkeit, die eine pr\u00e4zise Steuerung von Geschwindigkeit und Kraft erm\u00f6glicht. Dadurch k\u00f6nnen Hydraulikzylinder erhebliche Leistung erbringen und gleichzeitig gleichm\u00e4\u00dfige und kontrollierte Bewegungen ausf\u00fchren. Damit eignen sie sich ideal f\u00fcr den Antrieb verschiedener Maschinen und Ger\u00e4te.<\/p>\n<p>Die vom Zylinder erzeugte Hydraulikleistung ist f\u00fcr eine Vielzahl von Anwendungen entscheidend. Durch die Umwandlung von Fluidenergie in mechanische Arbeit erm\u00f6glichen Hydraulikzylinder Maschinen das m\u00fchelose Heben, Schieben, Ziehen oder Drehen schwerer Lasten. Diese Vielseitigkeit ist ein Hauptgrund f\u00fcr die breite Anwendung hydraulischer Systeme in verschiedenen Branchen, vom Baugewerbe bis zur Fertigung.<\/p>\n<h2>Anwendung des Hydraulikzylinders<\/h2>\n<p>Der dreistufige Hydraulikzylinder f\u00fcr kleine Muldenkipper wurde speziell f\u00fcr eine Vielzahl von Anwendungen in verschiedenen Branchen entwickelt und beweist seine Anpassungsf\u00e4higkeit und Effektivit\u00e4t. Einige wichtige Branchen sind:<\/p>\n<ul>\n<li><strong>Maschinenreparaturwerkst\u00e4tten:<\/strong> In Reparaturumgebungen spielt dieser Hydraulikzylinder eine wichtige Rolle beim Heben und Positionieren schwerer Komponenten, erleichtert Wartungsaufgaben und verbessert die Arbeitseffizienz. Seine F\u00e4higkeit, leistungsstarke Hubkr\u00e4fte bereitzustellen, ist f\u00fcr die sichere Handhabung gro\u00dfer Maschinenteile unerl\u00e4sslich.<\/li>\n<li><strong>Bauernh\u00f6fe:<\/strong> Landwirtschaftliche Betriebe profitieren erheblich vom Einsatz dieses Hydraulikzylinders, der in Muldenkippern und anderen Ger\u00e4ten zum Einsatz kommt. Er unterst\u00fctzt Aufgaben wie den Transport von Erde, Ernte und Materialien und macht landwirtschaftliche Betriebe effizienter und produktiver.<\/li>\n<li><strong>Energie und Bergbau:<\/strong> Im Energie- und Bergbausektor sind Hydraulikzylinder f\u00fcr den Betrieb von F\u00f6rder- und Materialtransportger\u00e4ten unerl\u00e4sslich. Der dreistufige Hydraulikzylinder f\u00fcr kleine Muldenkipper ist in diesen Anwendungen besonders effektiv, da er schwere Lasten bew\u00e4ltigen und auch in anspruchsvollen Umgebungen zuverl\u00e4ssig arbeiten kann.<\/li>\n<li><strong>Maschinenbau:<\/strong> In Fertigungsanlagen wird dieser Hydraulikzylinder in Flie\u00dfb\u00e4ndern und im Maschinenbetrieb eingesetzt. Seine F\u00e4higkeit, gleichm\u00e4\u00dfige und kraftvolle Bewegungen zu erm\u00f6glichen, steigert die Produktivit\u00e4t und Pr\u00e4zision und erm\u00f6glicht es Herstellern, ihre Leistung zu steigern und gleichzeitig hohe Qualit\u00e4tsstandards einzuhalten.<\/li>\n<li><strong>Maschinenfabriken:<\/strong> In Fabriken, die Maschinen herstellen, sind Hydraulikzylinder f\u00fcr verschiedene Hebe- und Transportaufgaben unverzichtbar. Der 3-stufige Hydraulikzylinder f\u00fcr kleine Muldenkipper sorgt f\u00fcr einen effizienten Betrieb der Ger\u00e4te und tr\u00e4gt so zu optimierten Produktionsprozessen und einer effektiven Materialhandhabung bei.<\/li>\n<\/ul>\n<p>Insgesamt machen die Vielseitigkeit und Zuverl\u00e4ssigkeit des dreistufigen Hydraulikzylinders f\u00fcr kleine Muldenkipper ihn zu einer unverzichtbaren Komponente in zahlreichen Branchen und steigern die Effizienz und Effektivit\u00e4t in einem breiten Anwendungsbereich.<\/p>\n<h3>FAQs<\/h3>\n<p><b>F: Sind Sie ein Handelsunternehmen oder Hersteller?<\/b><br \/>\nA: Wir sind eine Fabrik.<\/p>\n<p><b>F: Wie lange ist Ihre Lieferzeit?<\/b><br \/>\nA: Im Allgemeinen sind es 25\u201335 Tage.<\/p>\n<p><b>F: Stellen Sie Muster zur Verf\u00fcgung? Ist es kostenlos oder extra?<\/b><br \/>\nA: Ja, wir k\u00f6nnten die Probe anbieten, aber sie ist nicht kostenlos.<\/p>\n<h3>\u00dcber FMP<\/h3>\n<p class=\"break-words\">FMP ist ein f\u00fchrender italienischer Hersteller, der sich auf die Konstruktion, Entwicklung und Produktion hochwertiger Hydraulikzylinder spezialisiert hat. Mit unserer langj\u00e4hrigen Erfahrung verbinden wir italienische Handwerkskunst mit modernster Technologie, um au\u00dfergew\u00f6hnliche Hydraulikl\u00f6sungen zu liefern, die auf die vielf\u00e4ltigen Bed\u00fcrfnisse unserer weltweiten Kundschaft zugeschnitten sind. Mit Sitz in Italien, einem Zentrum der Ingenieurskunst, gilt FMP als vertrauensw\u00fcrdiger Name in der Hydraulikbranche und hat sich der Bereitstellung zuverl\u00e4ssiger, langlebiger und innovativer Produkte verschrieben, die Unternehmen weltweit unterst\u00fctzen.<\/p>\n<p class=\"break-words\">Unser Unternehmen verbindet die besten Fertigungstraditionen mit einem zukunftsorientierten Ansatz. Dank langj\u00e4hriger Erfahrung im Bereich Hydrauliksysteme hat sich FMP zu einem modernen Unternehmen entwickelt, das sich durch herausragende Leistungen in Forschung, Design und Produktion auszeichnet. Wir sind spezialisiert auf ein breites Spektrum an Hydraulikzylindern, darunter doppeltwirkende Zylinder, Automobil-Hubzylinder, Landmaschinenzylinder und ma\u00dfgeschneiderte L\u00f6sungen f\u00fcr verschiedene Industrieanwendungen. Ob f\u00fcr Bauwesen, Industrieanlagen, Landwirtschaft oder Schwermaschinen \u2013 unsere Hydraulikzylinder sind f\u00fcr h\u00e4rteste Bedingungen ausgelegt und gew\u00e4hrleisten Sicherheit, Effizienz und Langlebigkeit.<\/p>\n<p><img loading=\"lazy\" decoding=\"async\" class=\"alignnone size-full wp-image-6720\" src=\"https:\/\/fmp-components.com\/wp-content\/uploads\/2025\/03\/hydraulic-cylinder-8.webp\" alt=\"Teleskop-Hydraulikzylinder\" width=\"933\" height=\"526\" title=\"\" srcset=\"https:\/\/fmp-components.com\/wp-content\/uploads\/2025\/03\/hydraulic-cylinder-8.webp 933w, https:\/\/fmp-components.com\/wp-content\/uploads\/2025\/03\/hydraulic-cylinder-8-480x271.webp 480w\" sizes=\"(min-width: 0px) and (max-width: 480px) 480px, (min-width: 481px) 933px, 100vw\" \/><\/p>\n<p class=\"break-words\">Bei FMP sind wir stolz auf unsere hochmodernen Produktionsanlagen, die mit Pr\u00e4zisionsmaschinen und fortschrittlichen Pr\u00fcfsystemen ausgestattet sind. Unsere Fertigungsprozesse entsprechen strengen nationalen und internationalen Standards und gew\u00e4hrleisten, dass jeder Hydraulikzylinder, der unser Werk verl\u00e4sst, von h\u00f6chster Qualit\u00e4t und Zuverl\u00e4ssigkeit ist. Unser qualifiziertes technisches Team und modernste Ausr\u00fcstung erm\u00f6glichen uns eine strenge Qualit\u00e4tskontrolle in jeder Produktionsphase \u2013 von der Rohstoffauswahl bis zur Endkontrolle. Dieses Streben nach Exzellenz hat uns Zertifizierungen und Anerkennungen von Branchenbeh\u00f6rden eingebracht und unseren Ruf als zuverl\u00e4ssiger Partner weiter gefestigt.<\/p>\n<p class=\"break-words\">Unsere Mission ist einfach und doch ehrgeizig: Wir m\u00f6chten unseren Kunden Hydraulikzylinder liefern, die ihre Erwartungen in puncto Leistung, Langlebigkeit und Wert \u00fcbertreffen. Professionalit\u00e4t, Integrit\u00e4t und Kundenorientierung sind unsere Leitprinzipien. Durch Innovation und Pr\u00e4zision entwickeln wir unsere Produkte kontinuierlich weiter, um im Wettbewerb die Nase vorn zu behalten. Unser umfassendes Produktsortiment und unsere F\u00e4higkeit, ma\u00dfgeschneiderte L\u00f6sungen anzubieten, machen uns zur ersten Wahl f\u00fcr Unternehmen, die leistungsstarke Hydraulikzylinder suchen.<\/p>\n<p class=\"break-words\">FMP ist mehr als nur ein Hersteller \u2013 wir sind Ihr Partner f\u00fcr Ihren Erfolg. Wir wissen, dass unsere Kunden auf uns vertrauen, wenn es um Werkzeuge geht, die ihre Produktivit\u00e4t und Sicherheit steigern. Deshalb bieten wir nicht nur erstklassige Produkte, sondern auch hervorragenden Service. Von der ersten Beratung bis zum After-Sales-Support arbeiten wir eng mit unseren Kunden zusammen, um sicherzustellen, dass ihre Bed\u00fcrfnisse professionell und sorgf\u00e4ltig erf\u00fcllt werden. Unsere wettbewerbsf\u00e4higen Preise und unser unerm\u00fcdliches Engagement f\u00fcr Qualit\u00e4t machen FMP zur intelligenten Wahl f\u00fcr Unternehmen, die in zuverl\u00e4ssige Hydraulikl\u00f6sungen investieren m\u00f6chten.<\/p>","protected":false},"excerpt":{"rendered":"<p>3 Stage Small Dump Truck Hydraulic Cylinder for Dump Trailer This 3 Stage Small Dump Truck Hydraulic Cylinder is a versatile and efficient hydraulic system designed for use in dump trailers. The cylinder is manufactured with a robust steel body material, ensuring durability and longevity. With a max thrust of 3000 and a max pull [&hellip;]<\/p>","protected":false},"featured_media":6770,"comment_status":"closed","ping_status":"closed","template":"","meta":{"_et_pb_use_builder":"","_et_pb_old_content":"","_et_gb_content_width":""},"product_brand":[],"product_cat":[103],"product_tag":[34,105],"class_list":{"0":"post-6631","1":"product","2":"type-product","3":"status-publish","4":"has-post-thumbnail","6":"product_cat-telescopic-hydraulic-cylinders","7":"product_tag-hydraulic-cylinder","8":"product_tag-telescopic-hydraulic-cylinders","10":"first","11":"instock","12":"product-type-simple"},"_links":{"self":[{"href":"https:\/\/fmp-components.com\/de\/wp-json\/wp\/v2\/product\/6631","targetHints":{"allow":["GET"]}}],"collection":[{"href":"https:\/\/fmp-components.com\/de\/wp-json\/wp\/v2\/product"}],"about":[{"href":"https:\/\/fmp-components.com\/de\/wp-json\/wp\/v2\/types\/product"}],"replies":[{"embeddable":true,"href":"https:\/\/fmp-components.com\/de\/wp-json\/wp\/v2\/comments?post=6631"}],"wp:featuredmedia":[{"embeddable":true,"href":"https:\/\/fmp-components.com\/de\/wp-json\/wp\/v2\/media\/6770"}],"wp:attachment":[{"href":"https:\/\/fmp-components.com\/de\/wp-json\/wp\/v2\/media?parent=6631"}],"wp:term":[{"taxonomy":"product_brand","embeddable":true,"href":"https:\/\/fmp-components.com\/de\/wp-json\/wp\/v2\/product_brand?post=6631"},{"taxonomy":"product_cat","embeddable":true,"href":"https:\/\/fmp-components.com\/de\/wp-json\/wp\/v2\/product_cat?post=6631"},{"taxonomy":"product_tag","embeddable":true,"href":"https:\/\/fmp-components.com\/de\/wp-json\/wp\/v2\/product_tag?post=6631"}],"curies":[{"name":"wp","href":"https:\/\/api.w.org\/{rel}","templated":true}]}}