{"id":6628,"date":"2025-03-11T06:35:17","date_gmt":"2025-03-11T06:35:17","guid":{"rendered":"https:\/\/fmp-components.com\/product\/double-acting-telescopic-hydraulic-cylinder-for-sale"},"modified":"2025-03-12T08:29:50","modified_gmt":"2025-03-12T08:29:50","slug":"double-acting-telescopic-hydraulic-cylinder-for-sale","status":"publish","type":"product","link":"https:\/\/fmp-components.com\/de\/product\/double-acting-telescopic-hydraulic-cylinder-for-sale\/","title":{"rendered":"Doppeltwirkender Teleskop-Hydraulikzylinder zu verkaufen"},"content":{"rendered":"<h2>Kosteng\u00fcnstiger doppeltwirkender Teleskop-Hydraulikzylinder zu verkaufen<\/h2>\n<p>Dieser neue, kosteng\u00fcnstige, doppeltwirkende Teleskop-Hydraulikzylinder ist die ideale L\u00f6sung f\u00fcr vielf\u00e4ltige Anwendungen in Maschinenreparaturwerkst\u00e4tten, der Landwirtschaft, der Energie- und Bergbauindustrie, der Maschinenbauindustrie und in Maschinenbaubetrieben. Der aus robustem Stahl gefertigte Standard-Kolbenzylinder wird hydraulisch betrieben und bietet eine maximale Schubkraft von 3000 Nm und eine maximale Zugkraft von 20 Tonnen.<\/p>\n<h2>Produktspezifikationen<\/h2>\n<p>Der Hydraulikzylinder hat eine Bohrung von 2\u20136 Zoll, einen Kolbenstangendurchmesser von 1,125\u20134 Zoll, einen Hub von 4\u2013100 Zoll und einen Bolzendurchmesser von 0,5\u20132 Zoll. Die Anschl\u00fcsse sind G\/SAE\/NPT\/M. Er wiegt 31 kg und ist in elegantem Schwarz gehalten.<\/p>\n<table style=\"width: 91.8479%;\" border=\"\">\n<tbody>\n<tr>\n<td style=\"width: 43.5028%;\"><strong>Bohrungsgr\u00f6\u00dfe<\/strong><\/td>\n<td style=\"width: 441.808%;\">2-6 Zoll<\/td>\n<\/tr>\n<tr>\n<td style=\"width: 43.5028%;\"><strong>Stangengr\u00f6\u00dfe<\/strong><\/td>\n<td style=\"width: 441.808%;\">1,125-4 Zoll<\/td>\n<\/tr>\n<tr>\n<td style=\"width: 43.5028%;\"><strong>Strichgr\u00f6\u00dfe<\/strong><\/td>\n<td style=\"width: 441.808%;\">4-100 Zoll<\/td>\n<\/tr>\n<tr>\n<td style=\"width: 43.5028%;\"><strong>Pin-Gr\u00f6\u00dfe<\/strong><\/td>\n<td style=\"width: 441.808%;\">0,5-2 Zoll<\/td>\n<\/tr>\n<tr>\n<td style=\"width: 43.5028%;\"><strong>H\u00e4fen<\/strong><\/td>\n<td style=\"width: 441.808%;\">G\/SAE\/NPT\/M<\/td>\n<\/tr>\n<\/tbody>\n<\/table>\n<h2>Einzigartige Funktionen und Vorteile<\/h2>\n<p>Unser mehrstufiger Hydraulikzylinder ist nach ISO 9001:2000 zertifiziert und garantiert somit Qualit\u00e4t und Zuverl\u00e4ssigkeit. Er ist energieeffizient, leistungsstark und sicher und daher in verschiedenen Branchen ein unverzichtbarer Bestandteil.<\/p>\n<h3>Hydrauliksystem und Funktionsprinzip<\/h3>\n<p>Der Hydraulikzylinder wandelt hydraulische Energie in mechanische Bewegung um und erzeugt so Kraft aus Druck. Die Hydraulikeinheit bildet das Herzst\u00fcck und liefert die f\u00fcr das Hydrauliksystem ben\u00f6tigte Energie und Steuersignale. Ihr Zusammenspiel gew\u00e4hrleistet den breiten Einsatz der Hydrauliktechnologie in der Industrie und bietet zuverl\u00e4ssige Energie- und Steuerungsunterst\u00fctzung f\u00fcr diverse Projekte und Anlagen.<\/p>\n<p><img loading=\"lazy\" decoding=\"async\" class=\"alignnone  wp-image-6662\" src=\"https:\/\/fmp-components.com\/wp-content\/uploads\/2025\/03\/telescopic-hydraulic-cylinder-4.webp\" alt=\"Teleskop-Hydraulikzylinder\" width=\"925\" height=\"925\" title=\"\" srcset=\"https:\/\/fmp-components.com\/wp-content\/uploads\/2025\/03\/telescopic-hydraulic-cylinder-4.webp 925w, https:\/\/fmp-components.com\/wp-content\/uploads\/2025\/03\/telescopic-hydraulic-cylinder-4-480x480.webp 480w\" sizes=\"(min-width: 0px) and (max-width: 480px) 480px, (min-width: 481px) 925px, 100vw\" \/><\/p>\n<h3>Anwendungsszenarien<\/h3>\n<p>Dieser vielseitige Hydraulikzylinder kann in einer Vielzahl von Branchen eingesetzt werden, darunter Maschinenreparaturwerkst\u00e4tten, landwirtschaftliche Betriebe, die Energie- und Bergbauindustrie, der Maschinenbau und Maschinenfabriken.<\/p>\n<h2>Hydraulikzylinder und Antriebseinheiten<\/h2>\n<p>Hydraulikzylinder und Hydraulikaggregat sind unverzichtbare Komponenten des Hydrauliksystems. Ihr Zusammenspiel gew\u00e4hrleistet die breite Anwendung der Hydrauliktechnik im industriellen Bereich und bietet zuverl\u00e4ssige Energie- und Steuerungsunterst\u00fctzung f\u00fcr diverse technische und mechanische Anlagen. Hydraulikaggregate sind auch bei FMP erh\u00e4ltlich.<\/p>\n<h2>H\u00e4ufig gestellte Fragen<\/h2>\n<dl>\n<dt>F: Sind Sie ein Handelsunternehmen oder ein Hersteller?<\/dt>\n<dd>A: Wir sind ein Hersteller.<\/dd>\n<dt>F: Wie lange ist Ihre Lieferzeit?<\/dt>\n<dd>A: Im Allgemeinen sind es 25\u201335 Tage.<\/dd>\n<dt>F: Stellen Sie Muster zur Verf\u00fcgung? Ist es kostenlos oder extra?<\/dt>\n<dd>A: Ja, wir k\u00f6nnten Ihnen Muster anbieten, aber diese sind nicht kostenlos.<\/dd>\n<\/dl>\n<h3>\u00dcber FMP<\/h3>\n<p>FMP ist ein f\u00fchrender italienischer Hersteller, der f\u00fcr seine Expertise in der Konstruktion, Entwicklung und Produktion hochwertiger Hydraulikzylinder bekannt ist. Dank jahrzehntelanger Branchenerfahrung verbinden wir traditionelle italienische Handwerkskunst nahtlos mit modernster Technologie, um herausragende Hydraulikl\u00f6sungen zu liefern, die auf die vielf\u00e4ltigen Bed\u00fcrfnisse unserer weltweiten Kunden zugeschnitten sind. Mit Sitz in Italien, einem Zentrum der technischen Exzellenz, hat sich FMP als vertrauensw\u00fcrdiger Name in der Hydraulikbranche etabliert und sich der Bereitstellung zuverl\u00e4ssiger, langlebiger und innovativer Produkte verschrieben, die Unternehmen weltweit unterst\u00fctzen.<\/p>\n<p>Unser Unternehmen verbindet modernste Fertigungsverfahren mit einem zukunftsorientierten Ansatz. Dank langj\u00e4hriger Erfahrung im Bereich Hydrauliksysteme hat sich FMP zu einem modernen Unternehmen entwickelt, das sich durch herausragende Leistungen in Forschung, Design und Produktion auszeichnet. Wir bieten eine breite Palette an Hydraulikzylindern, darunter doppeltwirkende Zylinder, Hubzylinder f\u00fcr Kraftfahrzeuge, Zylinder f\u00fcr Landmaschinen sowie ma\u00dfgeschneiderte L\u00f6sungen f\u00fcr verschiedene industrielle Anwendungen. Ob f\u00fcr Bauwesen, Industrieanlagen, Landwirtschaft oder Schwermaschinen \u2013 unsere Hydraulikzylinder sind f\u00fcr den Einsatz unter anspruchsvollsten Bedingungen ausgelegt und gew\u00e4hrleisten Sicherheit, Effizienz und Langlebigkeit.<\/p>\n<p>Bei FMP sind wir stolz auf unsere hochmodernen Produktionsanlagen, die mit Pr\u00e4zisionsmaschinen und fortschrittlichen Pr\u00fcfsystemen ausgestattet sind. Unsere Fertigungsprozesse entsprechen strengen nationalen und internationalen Standards und garantieren, dass jeder produzierte Hydraulikzylinder h\u00f6chste Qualit\u00e4ts- und Zuverl\u00e4ssigkeitsstandards erf\u00fcllt. Mit einem qualifizierten technischen Team und modernster Ausr\u00fcstung gew\u00e4hrleisten wir in jeder Produktionsphase eine strenge Qualit\u00e4tskontrolle \u2013 von der Rohstoffauswahl bis zur Endkontrolle. Dieses Engagement f\u00fcr Spitzenleistungen hat uns Zertifizierungen und Anerkennung von Branchenbeh\u00f6rden eingebracht und unseren Ruf als zuverl\u00e4ssiger Partner gest\u00e4rkt.<\/p>\n<p><img loading=\"lazy\" decoding=\"async\" class=\"alignnone size-full wp-image-6720\" src=\"https:\/\/fmp-components.com\/wp-content\/uploads\/2025\/03\/hydraulic-cylinder-8.webp\" alt=\"Teleskop-Hydraulikzylinder\" width=\"933\" height=\"526\" title=\"\" srcset=\"https:\/\/fmp-components.com\/wp-content\/uploads\/2025\/03\/hydraulic-cylinder-8.webp 933w, https:\/\/fmp-components.com\/wp-content\/uploads\/2025\/03\/hydraulic-cylinder-8-480x271.webp 480w\" sizes=\"(min-width: 0px) and (max-width: 480px) 480px, (min-width: 481px) 933px, 100vw\" \/><\/p>\n<p>Unsere Mission ist klar und ambitioniert: Wir bieten unseren Kunden Hydraulikzylinder, die ihre Erwartungen in Leistung, Haltbarkeit und Wert \u00fcbertreffen. Wir halten uns an die Grundprinzipien Professionalit\u00e4t, Integrit\u00e4t und Kundenorientierung. Durch Innovation und Pr\u00e4zision verbessern wir unsere Produkte kontinuierlich, um im Wettbewerb die Nase vorn zu behalten. Unser umfangreiches Produktsortiment und unsere F\u00e4higkeit, ma\u00dfgeschneiderte L\u00f6sungen anzubieten, machen uns zur bevorzugten Wahl f\u00fcr Unternehmen, die leistungsstarke Hydraulikzylinder suchen.<\/p>\n<p>FMP ist mehr als nur ein Hersteller; wir sind Ihr engagierter Partner f\u00fcr Ihren Erfolg. Wir wissen, dass unsere Kunden auf uns vertrauen, wenn es um Werkzeuge zur Steigerung von Produktivit\u00e4t und Sicherheit geht. Deshalb legen wir nicht nur Wert auf erstklassige Produkte, sondern auch auf au\u00dfergew\u00f6hnlichen Service. Von der Erstberatung bis zum After-Sales-Support arbeiten wir eng mit unseren Kunden zusammen, um sicherzustellen, dass ihre Bed\u00fcrfnisse professionell und sorgf\u00e4ltig erf\u00fcllt werden. Unsere wettbewerbsf\u00e4higen Preise und unser unerm\u00fcdliches Engagement f\u00fcr Qualit\u00e4t machen FMP zur intelligenten Wahl f\u00fcr Unternehmen, die in zuverl\u00e4ssige Hydraulikl\u00f6sungen investieren m\u00f6chten.<\/p>","protected":false},"excerpt":{"rendered":"<p>Kosteng\u00fcnstiger, doppeltwirkender Teleskop-Hydraulikzylinder zu verkaufen. Dieser neue, kosteng\u00fcnstige, doppeltwirkende Teleskop-Hydraulikzylinder ist die ideale L\u00f6sung f\u00fcr vielf\u00e4ltige Anwendungen in Maschinenreparaturwerkst\u00e4tten, Landwirtschaftsbetrieben, der Energie- und Bergbauindustrie, der Maschinenbauindustrie und in Maschinenbaubetrieben. Der aus robustem Stahl gefertigte Standard-Kolbenzylinder wird hydraulisch betrieben und bietet maximale Leistung. [\u2026]<\/p>","protected":false},"featured_media":6764,"comment_status":"closed","ping_status":"closed","template":"","meta":{"_et_pb_use_builder":"","_et_pb_old_content":"","_et_gb_content_width":""},"product_brand":[],"product_cat":[103],"product_tag":[34,105],"class_list":{"0":"post-6628","1":"product","2":"type-product","3":"status-publish","4":"has-post-thumbnail","6":"product_cat-telescopic-hydraulic-cylinders","7":"product_tag-hydraulic-cylinder","8":"product_tag-telescopic-hydraulic-cylinders","10":"first","11":"instock","12":"product-type-simple"},"_links":{"self":[{"href":"https:\/\/fmp-components.com\/de\/wp-json\/wp\/v2\/product\/6628","targetHints":{"allow":["GET"]}}],"collection":[{"href":"https:\/\/fmp-components.com\/de\/wp-json\/wp\/v2\/product"}],"about":[{"href":"https:\/\/fmp-components.com\/de\/wp-json\/wp\/v2\/types\/product"}],"replies":[{"embeddable":true,"href":"https:\/\/fmp-components.com\/de\/wp-json\/wp\/v2\/comments?post=6628"}],"wp:featuredmedia":[{"embeddable":true,"href":"https:\/\/fmp-components.com\/de\/wp-json\/wp\/v2\/media\/6764"}],"wp:attachment":[{"href":"https:\/\/fmp-components.com\/de\/wp-json\/wp\/v2\/media?parent=6628"}],"wp:term":[{"taxonomy":"product_brand","embeddable":true,"href":"https:\/\/fmp-components.com\/de\/wp-json\/wp\/v2\/product_brand?post=6628"},{"taxonomy":"product_cat","embeddable":true,"href":"https:\/\/fmp-components.com\/de\/wp-json\/wp\/v2\/product_cat?post=6628"},{"taxonomy":"product_tag","embeddable":true,"href":"https:\/\/fmp-components.com\/de\/wp-json\/wp\/v2\/product_tag?post=6628"}],"curies":[{"name":"wp","href":"https:\/\/api.w.org\/{rel}","templated":true}]}}