{"id":6626,"date":"2025-03-11T06:33:57","date_gmt":"2025-03-11T06:33:57","guid":{"rendered":"https:\/\/fmp-components.com\/product\/3-stage-small-hydraulic-cylinder-telescopic-dump-truck-hydraulic-cylinder"},"modified":"2025-03-18T01:03:30","modified_gmt":"2025-03-18T01:03:30","slug":"3-stage-small-hydraulic-cylinder-telescopic-dump-truck-hydraulic-cylinder","status":"publish","type":"product","link":"https:\/\/fmp-components.com\/de\/product\/3-stage-small-hydraulic-cylinder-telescopic-dump-truck-hydraulic-cylinder\/","title":{"rendered":"3-stufiger kleiner Hydraulikzylinder Teleskop-Hydraulikzylinder f\u00fcr Muldenkipper"},"content":{"rendered":"<h2>3-stufiger kleiner Hydraulikzylinder Teleskop-Hydraulikzylinder f\u00fcr Muldenkipper<\/h2>\n<p>Wir pr\u00e4sentieren den dreistufigen kleinen Hydraulikzylinder f\u00fcr Teleskop-Muldenkipper, ein neues Produkt f\u00fcr 2025, das auf Effizienz und Langlebigkeit ausgelegt ist. Dieser Hydraulikzylinder ist eine wichtige Komponente in Maschinenreparaturwerkst\u00e4tten, landwirtschaftlichen Betrieben, der Energie- und Bergbauindustrie sowie in Maschinenfabriken. Mit seiner einj\u00e4hrigen Garantie und der ISO9001:2000-Zertifizierung verspricht er zuverl\u00e4ssige Leistung und Qualit\u00e4tssicherung.<\/p>\n<h3>Technische Spezifikationen<\/h3>\n<p>Der dreistufige Teleskop-Hydraulikzylinder f\u00fcr Muldenkipper verf\u00fcgt \u00fcber ein Stahlgeh\u00e4use und eine Standard-Kolbenzylinderstruktur. Er arbeitet mit Hydraulikkraft und bietet eine maximale Schubkraft von 3000 und eine maximale Zugkraft von 20 Tonnen. Nachfolgend finden Sie die detaillierten Spezifikationen:<\/p>\n<table style=\"width: 95.9759%;\">\n<tbody>\n<tr>\n<th style=\"width: 42.8571%;\">Bohrungsgr\u00f6\u00dfe<\/th>\n<th style=\"width: 388.571%;\">2-6 Zoll<\/th>\n<\/tr>\n<tr>\n<td style=\"width: 42.8571%;\">Stangengr\u00f6\u00dfe<\/td>\n<td style=\"width: 388.571%;\">1,125-4 Zoll<\/td>\n<\/tr>\n<tr>\n<td style=\"width: 42.8571%;\">Strichgr\u00f6\u00dfe<\/td>\n<td style=\"width: 388.571%;\">4-100 Zoll<\/td>\n<\/tr>\n<tr>\n<td style=\"width: 42.8571%;\">Pin-Gr\u00f6\u00dfe<\/td>\n<td style=\"width: 388.571%;\">0,5-2 Zoll<\/td>\n<\/tr>\n<tr>\n<td style=\"width: 42.8571%;\">H\u00e4fen<\/td>\n<td style=\"width: 388.571%;\">G\/SAE\/NPT\/M<\/td>\n<\/tr>\n<\/tbody>\n<\/table>\n<h3>Einzigartige Funktionen und Vorteile<\/h3>\n<p>Dieser Hydraulikzylinder ist energieeffizient, hocheffizient und sicher in der Anwendung. Seine mehrstufige Konstruktion erm\u00f6glicht gr\u00f6\u00dfere Ausfahrl\u00e4ngen und eignet sich daher ideal f\u00fcr Anwendungen, die gro\u00dfe H\u00fcbe erfordern, aber nur begrenzten Bauraum bieten. Er zeichnet sich au\u00dferdem durch seine hohe Belastbarkeit, Belastbarkeit und kompakte Bauweise aus.<\/p>\n<h2>Hydrauliksysteme und Funktionsprinzip<\/h2>\n<p>Hydraulische Systeme basieren auf dem Grundprinzip des Fl\u00fcssigkeitsdrucks. Das Herzst\u00fcck dieser Systeme ist der Hydraulikzylinder, der eine entscheidende Rolle bei der Umwandlung hydraulischer Energie in mechanische Bewegung spielt. Wird Hydraulikfl\u00fcssigkeit in den Zylinder eingeleitet, wird sie unter Druck gesetzt, wodurch der Kolben im Inneren bewegt wird. Diese Bewegung des Kolbens ist direkt mit einer daran befestigten Stange verbunden; bei Bewegung des Kolbens wird die Stange ausgefahren oder eingefahren. Diese lineare Bewegung wird f\u00fcr verschiedene Arbeiten genutzt, beispielsweise zum Heben schwerer Lasten, zum Schieben von Ger\u00e4ten oder zur Kraft\u00fcbertragung in Fertigungsprozessen.<\/p>\n<p>Die Effizienz hydraulischer Systeme beruht ma\u00dfgeblich auf dem Pascalschen Gesetz. Dieses besagt, dass Druck, der auf eine Fl\u00fcssigkeit ausge\u00fcbt wird, unvermindert in alle Richtungen \u00fcbertragen wird. Das bedeutet, dass eine relativ geringe Kraft an einem Punkt eine deutlich gr\u00f6\u00dfere Kraft an einem anderen Punkt erzeugen kann. Dies erm\u00f6glicht erhebliche mechanische Vorteile bei Aufgaben, die schweres Heben oder pr\u00e4zise Bewegungen erfordern.<\/p>\n<p><img loading=\"lazy\" decoding=\"async\" class=\"alignnone size-full wp-image-6787\" src=\"https:\/\/fmp-components.com\/wp-content\/uploads\/2025\/03\/Telescopic-Hydraulic-Cylinders-3.webp\" alt=\"Teleskop-Hydraulikzylinder\" width=\"800\" height=\"800\" title=\"\" srcset=\"https:\/\/fmp-components.com\/wp-content\/uploads\/2025\/03\/Telescopic-Hydraulic-Cylinders-3.webp 800w, https:\/\/fmp-components.com\/wp-content\/uploads\/2025\/03\/Telescopic-Hydraulic-Cylinders-3-480x480.webp 480w\" sizes=\"(min-width: 0px) and (max-width: 480px) 480px, (min-width: 481px) 800px, 100vw\" \/><\/p>\n<h2>Anwendungsszenarien<\/h2>\n<p>Die Vielseitigkeit unseres Hydraulikzylinders macht ihn zu einer unverzichtbaren Komponente in zahlreichen Branchen. Eine beliebte Anwendung ist der Einsatz in Muldenkippern, wo der Hydraulikzylinder zum Anheben der Ladefl\u00e4che eingesetzt wird und so das Entladen von Materialien wie Kies, Sand oder Bauschutt erleichtert. Dieser Mechanismus erm\u00f6glicht effiziente und effektive Entladevorg\u00e4nge, die im Bau- und Transportsektor von entscheidender Bedeutung sind.<\/p>\n<p>Au\u00dfer in Muldenkippern werden Hydraulikzylinder auch in zahlreichen anderen Maschinen und Industriezweigen eingesetzt, darunter:<\/p>\n<ul>\n<li><strong>Konstruktion<\/strong>: Hydraulikzylinder treiben Bagger, Bulldozer und Kr\u00e4ne an und erm\u00f6glichen ihnen, schwere Hebe-, Grab- und Erdbewegungsarbeiten pr\u00e4zise und kontrolliert auszuf\u00fchren.<\/li>\n<li><strong>Bergbau<\/strong>: In der Bergbauindustrie sind Hydraulikzylinder f\u00fcr den Betrieb von Ger\u00e4ten wie Bohrern und Ladern unverzichtbar, wo sie die notwendige Kraft bereitstellen, um in die Erde einzudringen und gro\u00dfe Materialmengen zu bewegen.<\/li>\n<li><strong>Landwirtschaft<\/strong>: In landwirtschaftlichen Maschinen unterst\u00fctzen Hydraulikzylinder den Betrieb von Traktoren, Pfl\u00fcgen und Erntemaschinen und erm\u00f6glichen es Landwirten, Ger\u00e4te m\u00fchelos anzuheben und einzustellen, was die Produktivit\u00e4t auf dem Bauernhof steigert.<\/li>\n<li><strong>Herstellung<\/strong>: Hydraulikzylinder kommen auch in Flie\u00dfb\u00e4ndern und Fertigungsanlagen zum Einsatz, wo sie w\u00e4hrend der Produktionsprozesse die zum Pressen, Formen und Bewegen von Komponenten erforderliche Kraft bereitstellen.<\/li>\n<\/ul>\n<p>Die Anwendungsm\u00f6glichkeiten von Hydraulikzylindern sind vielf\u00e4ltig und zeigen, wie wichtig sie f\u00fcr die Steigerung von Effizienz und Produktivit\u00e4t in vielen Bereichen sind. Ihre F\u00e4higkeit, kraftvolle und kontrollierte Bewegungen auszuf\u00fchren, macht sie f\u00fcr moderne Maschinen und Industrieabl\u00e4ufe unverzichtbar.<\/p>\n<h2>Hydraulikzylinder und Antriebseinheiten<\/h2>\n<p>Hydraulikzylinder und -aggregate sind unverzichtbare Komponenten hydraulischer Systeme. Ihr Zusammenspiel gew\u00e4hrleistet den weit verbreiteten Einsatz hydraulischer Technologie in der Industrie und bietet zuverl\u00e4ssige Antriebs- und Steuerungsunterst\u00fctzung f\u00fcr verschiedene technische und mechanische Ger\u00e4te. Der Hydraulikzylinder als Aktuator wandelt hydraulische Energie in mechanische Bewegung um und wandelt Druck in Kraft um. Das Aggregat hingegen ist das Herzst\u00fcck, das die vom Hydrauliksystem ben\u00f6tigte Energie und Steuersignale bereitstellt. Die Koordination zwischen beiden erm\u00f6glicht den reibungslosen Betrieb des Hydrauliksystems. Bei FMP bieten wir auch Aggregate zum Kauf an.<\/p>\n<h2>H\u00e4ufig gestellte Fragen<\/h2>\n<p><b>F: Sind Sie ein Handelsunternehmen oder ein Hersteller?<\/b><br \/>\nA: Wir sind ein Hersteller.<\/p>\n<p><b>F: Wie lange ist Ihre Lieferzeit?<\/b><br \/>\nA: Im Allgemeinen sind es 25\u201335 Tage.<\/p>\n<p><b>F: Stellen Sie Muster zur Verf\u00fcgung? Ist es kostenlos oder extra?<\/b><br \/>\nA: Ja, wir k\u00f6nnten die Probe anbieten, aber sie ist nicht kostenlos.<\/p>\n<h3>\u00dcber FMP<\/h3>\n<p class=\"break-words\">FMP ist ein f\u00fchrender italienischer Hersteller, der sich auf die Konstruktion, Entwicklung und Produktion hochwertiger Hydraulikzylinder spezialisiert hat. Mit unserer langj\u00e4hrigen Erfahrung verbinden wir italienische Handwerkskunst mit modernster Technologie, um au\u00dfergew\u00f6hnliche Hydraulikl\u00f6sungen zu liefern, die auf die vielf\u00e4ltigen Bed\u00fcrfnisse unserer weltweiten Kundschaft zugeschnitten sind. Mit Sitz in Italien, einem Zentrum der Ingenieurskunst, gilt FMP als vertrauensw\u00fcrdiger Name in der Hydraulikbranche und hat sich der Bereitstellung zuverl\u00e4ssiger, langlebiger und innovativer Produkte verschrieben, die Unternehmen weltweit unterst\u00fctzen.<\/p>\n<p class=\"break-words\">Unser Unternehmen verbindet die besten Fertigungstraditionen mit einem zukunftsorientierten Ansatz. Dank langj\u00e4hriger Erfahrung im Bereich Hydrauliksysteme hat sich FMP zu einem modernen Unternehmen entwickelt, das sich durch herausragende Leistungen in Forschung, Design und Produktion auszeichnet. Wir sind spezialisiert auf ein breites Spektrum an Hydraulikzylindern, darunter doppeltwirkende Zylinder, Automobil-Hubzylinder, Landmaschinenzylinder und ma\u00dfgeschneiderte L\u00f6sungen f\u00fcr verschiedene Industrieanwendungen. Ob f\u00fcr Bauwesen, Industrieanlagen, Landwirtschaft oder Schwermaschinen \u2013 unsere Hydraulikzylinder sind f\u00fcr h\u00e4rteste Bedingungen ausgelegt und gew\u00e4hrleisten Sicherheit, Effizienz und Langlebigkeit.<\/p>\n<p><img loading=\"lazy\" decoding=\"async\" class=\"alignnone size-full wp-image-6720\" src=\"https:\/\/fmp-components.com\/wp-content\/uploads\/2025\/03\/hydraulic-cylinder-8.webp\" alt=\"Teleskop-Hydraulikzylinder\" width=\"933\" height=\"526\" title=\"\" srcset=\"https:\/\/fmp-components.com\/wp-content\/uploads\/2025\/03\/hydraulic-cylinder-8.webp 933w, https:\/\/fmp-components.com\/wp-content\/uploads\/2025\/03\/hydraulic-cylinder-8-480x271.webp 480w\" sizes=\"(min-width: 0px) and (max-width: 480px) 480px, (min-width: 481px) 933px, 100vw\" \/><\/p>\n<p class=\"break-words\">Bei FMP sind wir stolz auf unsere hochmodernen Produktionsanlagen, die mit Pr\u00e4zisionsmaschinen und fortschrittlichen Pr\u00fcfsystemen ausgestattet sind. Unsere Fertigungsprozesse entsprechen strengen nationalen und internationalen Standards und gew\u00e4hrleisten, dass jeder Hydraulikzylinder, der unser Werk verl\u00e4sst, von h\u00f6chster Qualit\u00e4t und Zuverl\u00e4ssigkeit ist. Unser qualifiziertes technisches Team und modernste Ausr\u00fcstung erm\u00f6glichen uns eine strenge Qualit\u00e4tskontrolle in jeder Produktionsphase \u2013 von der Rohstoffauswahl bis zur Endkontrolle. Dieses Streben nach Exzellenz hat uns Zertifizierungen und Anerkennungen von Branchenbeh\u00f6rden eingebracht und unseren Ruf als zuverl\u00e4ssiger Partner weiter gefestigt.<\/p>\n<p class=\"break-words\">Unsere Mission ist einfach und doch ehrgeizig: Wir m\u00f6chten unseren Kunden Hydraulikzylinder liefern, die ihre Erwartungen in puncto Leistung, Langlebigkeit und Wert \u00fcbertreffen. Professionalit\u00e4t, Integrit\u00e4t und Kundenorientierung sind unsere Leitprinzipien. Durch Innovation und Pr\u00e4zision entwickeln wir unsere Produkte kontinuierlich weiter, um im Wettbewerb die Nase vorn zu behalten. Unser umfassendes Produktsortiment und unsere F\u00e4higkeit, ma\u00dfgeschneiderte L\u00f6sungen anzubieten, machen uns zur ersten Wahl f\u00fcr Unternehmen, die leistungsstarke Hydraulikzylinder suchen.<\/p>\n<p class=\"break-words\">FMP ist mehr als nur ein Hersteller \u2013 wir sind Ihr Partner f\u00fcr Ihren Erfolg. Wir wissen, dass unsere Kunden auf uns vertrauen, wenn es um Werkzeuge geht, die ihre Produktivit\u00e4t und Sicherheit steigern. Deshalb bieten wir nicht nur erstklassige Produkte, sondern auch hervorragenden Service. Von der ersten Beratung bis zum After-Sales-Support arbeiten wir eng mit unseren Kunden zusammen, um sicherzustellen, dass ihre Bed\u00fcrfnisse professionell und sorgf\u00e4ltig erf\u00fcllt werden. Unsere wettbewerbsf\u00e4higen Preise und unser unerm\u00fcdliches Engagement f\u00fcr Qualit\u00e4t machen FMP zur intelligenten Wahl f\u00fcr Unternehmen, die in zuverl\u00e4ssige Hydraulikl\u00f6sungen investieren m\u00f6chten.<\/p>","protected":false},"excerpt":{"rendered":"<p>3 Stage Small Hydraulic Cylinder Telescopic Dump Truck Hydraulic Cylinder Introducing the 3 Stage Small Hydraulic Cylinder Telescopic Dump Truck Hydraulic Cylinder, a new product for 2025, designed for efficiency and durability. This hydraulic cylinder is a crucial component in machinery repair shops, farms, energy &amp; mining industries, and machinery factories. With its 1 Year [&hellip;]<\/p>","protected":false},"featured_media":6787,"comment_status":"closed","ping_status":"closed","template":"","meta":{"_et_pb_use_builder":"","_et_pb_old_content":"","_et_gb_content_width":""},"product_brand":[],"product_cat":[103],"product_tag":[34,105],"class_list":{"0":"post-6626","1":"product","2":"type-product","3":"status-publish","4":"has-post-thumbnail","6":"product_cat-telescopic-hydraulic-cylinders","7":"product_tag-hydraulic-cylinder","8":"product_tag-telescopic-hydraulic-cylinders","10":"first","11":"instock","12":"product-type-simple"},"_links":{"self":[{"href":"https:\/\/fmp-components.com\/de\/wp-json\/wp\/v2\/product\/6626","targetHints":{"allow":["GET"]}}],"collection":[{"href":"https:\/\/fmp-components.com\/de\/wp-json\/wp\/v2\/product"}],"about":[{"href":"https:\/\/fmp-components.com\/de\/wp-json\/wp\/v2\/types\/product"}],"replies":[{"embeddable":true,"href":"https:\/\/fmp-components.com\/de\/wp-json\/wp\/v2\/comments?post=6626"}],"wp:featuredmedia":[{"embeddable":true,"href":"https:\/\/fmp-components.com\/de\/wp-json\/wp\/v2\/media\/6787"}],"wp:attachment":[{"href":"https:\/\/fmp-components.com\/de\/wp-json\/wp\/v2\/media?parent=6626"}],"wp:term":[{"taxonomy":"product_brand","embeddable":true,"href":"https:\/\/fmp-components.com\/de\/wp-json\/wp\/v2\/product_brand?post=6626"},{"taxonomy":"product_cat","embeddable":true,"href":"https:\/\/fmp-components.com\/de\/wp-json\/wp\/v2\/product_cat?post=6626"},{"taxonomy":"product_tag","embeddable":true,"href":"https:\/\/fmp-components.com\/de\/wp-json\/wp\/v2\/product_tag?post=6626"}],"curies":[{"name":"wp","href":"https:\/\/api.w.org\/{rel}","templated":true}]}}