{"id":6614,"date":"2025-03-11T06:33:57","date_gmt":"2025-03-11T06:33:57","guid":{"rendered":"https:\/\/fmp-components.com\/product\/quality-assurance-hydraulic-cylinder-double-acting-5-stage-hydraulic-telescopic-cylinder"},"modified":"2025-03-14T00:49:46","modified_gmt":"2025-03-14T00:49:46","slug":"quality-assurance-hydraulic-cylinder-double-acting-5-stage-hydraulic-telescopic-cylinder","status":"publish","type":"product","link":"https:\/\/fmp-components.com\/de\/product\/quality-assurance-hydraulic-cylinder-double-acting-5-stage-hydraulic-telescopic-cylinder\/","title":{"rendered":"Qualit\u00e4tssicherung Hydraulikzylinder Doppeltwirkend 5-stufiger hydraulischer Teleskopzylinder"},"content":{"rendered":"<h2>Qualit\u00e4tssicherung Hydraulikzylinder Doppeltwirkend 5-stufiger hydraulischer Teleskopzylinder<\/h2>\n<p>Wir stellen unseren doppeltwirkenden 5-stufigen hydraulischen Teleskopzylinder mit Qualit\u00e4tssicherung vor, ein hochmodernes Produkt f\u00fcr verschiedene Anwendungen in Branchen wie Maschinenreparaturwerkst\u00e4tten, Landwirtschaft, Energie- und Bergbau, Maschinenbau und Maschinenfabriken. Dieser Hydraulikzylinder wird nach h\u00f6chsten Qualit\u00e4tsstandards gefertigt und gew\u00e4hrleistet einen robusten und zuverl\u00e4ssigen Betrieb.<\/p>\n<h3>Produktmerkmale und Vorteile<\/h3>\n<ul>\n<li>Doppeltwirkend \u2013 erm\u00f6glicht die Kontrolle sowohl beim Ausfahren als auch beim Einfahren der Stange und sorgt so f\u00fcr zus\u00e4tzliche Sicherheit und Pr\u00e4zision im Betrieb.<\/li>\n<li>5-stufiges Teleskopdesign \u2013 bietet einen l\u00e4ngeren Arbeitshub als ein einstufiger Zylinder mit der gleichen geschlossenen L\u00e4nge.<\/li>\n<li>Geh\u00e4usematerial Stahl \u2013 gew\u00e4hrleistet Haltbarkeit und langfristige Leistung auch unter harten Arbeitsbedingungen.<\/li>\n<li>Hohe Leistung \u2013 mit einer maximalen Schubkraft von 3000 und einer maximalen Zugkraft von 20 Tonnen ist dieser Hydraulikzylinder f\u00fcr Schwerlastanwendungen geeignet.<\/li>\n<li>Qualit\u00e4tssicherung \u2013 unser Hydraulikzylinder wird mit einer 1-j\u00e4hrigen Garantie auf Kernkomponenten, bereitgestellten Testberichten und einer ISO9001:2000-Zertifizierung geliefert.<\/li>\n<\/ul>\n<h3>Technische Spezifikationen<\/h3>\n<table style=\"width: 101.022%;\" border=\"\">\n<tbody>\n<tr>\n<td style=\"width: 42.8571%;\"><i>Bohrungsgr\u00f6\u00dfe<\/i><\/td>\n<td style=\"width: 411.429%;\">2-6 Zoll<\/td>\n<\/tr>\n<tr>\n<td style=\"width: 42.8571%;\"><i>Stangengr\u00f6\u00dfe<\/i><\/td>\n<td style=\"width: 411.429%;\">1,125-4 Zoll<\/td>\n<\/tr>\n<tr>\n<td style=\"width: 42.8571%;\"><i>Strichgr\u00f6\u00dfe<\/i><\/td>\n<td style=\"width: 411.429%;\">4-100 Zoll<\/td>\n<\/tr>\n<tr>\n<td style=\"width: 42.8571%;\"><i>Pin-Gr\u00f6\u00dfe<\/i><\/td>\n<td style=\"width: 411.429%;\">0,5-2 Zoll<\/td>\n<\/tr>\n<tr>\n<td style=\"width: 42.8571%;\"><i>H\u00e4fen<\/i><\/td>\n<td style=\"width: 411.429%;\">G\/SAE\/NPT\/M<\/td>\n<\/tr>\n<\/tbody>\n<\/table>\n<h2>Anwendung von Hydraulikzylindern<\/h2>\n<p>Unsere Hydraulikzylinder werden in den unterschiedlichsten Anwendungsbereichen eingesetzt und beweisen ihre Vielseitigkeit und Effektivit\u00e4t in verschiedenen Branchen. Von Maschinenreparaturwerkst\u00e4tten \u00fcber landwirtschaftliche Felder, Energieerzeugung, Bergbau, Maschinenbau bis hin zu Industrieanlagen spielen diese Zylinder eine entscheidende Rolle bei der Durchf\u00fchrung von Aufgaben, die hohe Kraft und Pr\u00e4zision erfordern.<\/p>\n<p>Eines der Hauptmerkmale unserer Hydraulikzylinder ist ihr mehrstufiger Aufbau, der es ihnen erm\u00f6glicht, hohe Leistung bei kompakter Gr\u00f6\u00dfe zu erzeugen. Dadurch eignen sie sich ideal f\u00fcr Anwendungen, die erhebliche Kraft \u00fcber gro\u00dfe Distanzen erfordern. In Maschinenreparaturwerkst\u00e4tten werden Hydraulikzylinder beispielsweise zum Anheben schwerer Ger\u00e4te f\u00fcr Wartungs- und Reparaturarbeiten eingesetzt und gew\u00e4hrleisten dabei Sicherheit und Effizienz.<\/p>\n<p>In der Landwirtschaft unterst\u00fctzen diese Zylinder den Betrieb von Landmaschinen wie Traktoren und Erntemaschinen und erm\u00f6glichen Landwirten das einfache Anheben von Pfl\u00fcgen oder das Einstellen von Ger\u00e4ten. Der Agrarsektor profitiert stark von der leistungsstarken Hubkraft von Hydraulikzylindern, die die Produktivit\u00e4t steigert und den manuellen Arbeitsaufwand reduziert.<\/p>\n<p>In der Energie- und Bergbauindustrie sind Hydraulikzylinder f\u00fcr den Betrieb schwerer Ger\u00e4te beim Bohren, Ausheben und Materialtransport unverzichtbar. Sie liefern die n\u00f6tige Kraft, um gro\u00dfe Mengen Erde oder Materialien zu bewegen und machen so den Betrieb sicherer und effizienter. Dar\u00fcber hinaus sind Hydraulikzylinder im Maschinenbau und in Fabriken integraler Bestandteil von Flie\u00dfb\u00e4ndern, wo sie die Bewegung und Platzierung von Komponenten erleichtern und so zu optimierten Produktionsprozessen beitragen.<\/p>\n<p><img loading=\"lazy\" decoding=\"async\" class=\"alignnone size-full wp-image-6788\" src=\"https:\/\/fmp-components.com\/wp-content\/uploads\/2025\/03\/Telescopic-Hydraulic-Cylinders-4.webp\" alt=\"Teleskop-Hydraulikzylinder\" width=\"800\" height=\"800\" title=\"\" srcset=\"https:\/\/fmp-components.com\/wp-content\/uploads\/2025\/03\/Telescopic-Hydraulic-Cylinders-4.webp 800w, https:\/\/fmp-components.com\/wp-content\/uploads\/2025\/03\/Telescopic-Hydraulic-Cylinders-4-480x480.webp 480w\" sizes=\"(min-width: 0px) and (max-width: 480px) 480px, (min-width: 481px) 800px, 100vw\" \/><\/p>\n<h2>Hydraulikzylinder und Antriebseinheiten<\/h2>\n<p>Hydraulikzylinder und Antriebseinheiten sind grundlegende Komponenten jedes Hydrauliksystems. Ihr harmonisches Zusammenspiel maximiert die Effektivit\u00e4t der Hydrauliktechnologie in industriellen Anwendungen. Der Hydraulikzylinder dient als Antrieb und wandelt Hydraulikdruck in mechanische Bewegung um, w\u00e4hrend die Antriebseinheit den f\u00fcr den Zylinderbetrieb erforderlichen Hydraulikfl\u00fcssigkeitsdruck erzeugt und reguliert.<\/p>\n<p>Zusammen sorgen diese Komponenten daf\u00fcr, dass Hydrauliksysteme zuverl\u00e4ssige Leistung und pr\u00e4zise Steuerung f\u00fcr verschiedene technische und mechanische Ger\u00e4te bieten. Das Zusammenspiel von Hydraulikzylindern und Antriebseinheiten erm\u00f6glicht ein breites Anwendungsspektrum, vom Heben und Dr\u00fccken bis hin zum Klemmen und Biegen, und macht sie in der modernen Fertigung, im Bauwesen und bei der Rohstoffgewinnung unverzichtbar.<\/p>\n<p>Dar\u00fcber hinaus steigert ihre kombinierte Effizienz nicht nur die Produktivit\u00e4t, sondern sorgt auch f\u00fcr Sicherheit und Pr\u00e4zision im Betrieb. Durch die Nutzung der St\u00e4rken der Hydrauliktechnologie k\u00f6nnen Industrien h\u00f6here Leistungsniveaus erreichen, Ausfallzeiten reduzieren und die Gesamtbetriebseffizienz verbessern. Diese symbiotische Beziehung zwischen Hydraulikzylindern und Antriebseinheiten verdeutlicht die entscheidende Rolle hydraulischer Systeme bei der Weiterentwicklung industrieller F\u00e4higkeiten und Innovationen.<\/p>\n<h2>FAQs<\/h2>\n<p><b>F: Wie lange ist Ihre Lieferzeit?<\/b><br \/>\nA: Im Allgemeinen sind es 25\u201335 Tage.<\/p>\n<p><b>F: Stellen Sie Muster zur Verf\u00fcgung? Ist es kostenlos oder extra?<\/b><br \/>\nA: Ja, wir k\u00f6nnten die Probe anbieten, aber sie ist nicht kostenlos.<\/p>\n<p><b>K\u00f6nnen Sie nach Muster produzieren?<\/b><br \/>\nA: Ja, wir k\u00f6nnen anhand Ihrer Muster oder technischen Zeichnungen produzieren. Wir k\u00f6nnen die Formen und Vorrichtungen bauen.<\/p>\n<h3>\u00dcber FMP<\/h3>\n<p class=\"break-words\">FMP ist ein f\u00fchrender italienischer Hersteller, der sich auf die Konstruktion, Entwicklung und Produktion hochwertiger Hydraulikzylinder spezialisiert hat. Mit unserer langj\u00e4hrigen Erfahrung verbinden wir italienische Handwerkskunst mit modernster Technologie, um au\u00dfergew\u00f6hnliche Hydraulikl\u00f6sungen zu liefern, die auf die vielf\u00e4ltigen Bed\u00fcrfnisse unserer weltweiten Kundschaft zugeschnitten sind. Mit Sitz in Italien, einem Zentrum der Ingenieurskunst, gilt FMP als vertrauensw\u00fcrdiger Name in der Hydraulikbranche und hat sich der Bereitstellung zuverl\u00e4ssiger, langlebiger und innovativer Produkte verschrieben, die Unternehmen weltweit unterst\u00fctzen.<\/p>\n<p class=\"break-words\">Unser Unternehmen verbindet die besten Fertigungstraditionen mit einem zukunftsorientierten Ansatz. Dank langj\u00e4hriger Erfahrung im Bereich Hydrauliksysteme hat sich FMP zu einem modernen Unternehmen entwickelt, das sich durch herausragende Leistungen in Forschung, Design und Produktion auszeichnet. Wir sind spezialisiert auf ein breites Spektrum an Hydraulikzylindern, darunter doppeltwirkende Zylinder, Automobil-Hubzylinder, Landmaschinenzylinder und ma\u00dfgeschneiderte L\u00f6sungen f\u00fcr verschiedene Industrieanwendungen. Ob f\u00fcr Bauwesen, Industrieanlagen, Landwirtschaft oder Schwermaschinen \u2013 unsere Hydraulikzylinder sind f\u00fcr h\u00e4rteste Bedingungen ausgelegt und gew\u00e4hrleisten Sicherheit, Effizienz und Langlebigkeit.<\/p>\n<p><img loading=\"lazy\" decoding=\"async\" class=\"alignnone size-full wp-image-6720\" src=\"https:\/\/fmp-components.com\/wp-content\/uploads\/2025\/03\/hydraulic-cylinder-8.webp\" alt=\"Teleskop-Hydraulikzylinder\" width=\"933\" height=\"526\" title=\"\" srcset=\"https:\/\/fmp-components.com\/wp-content\/uploads\/2025\/03\/hydraulic-cylinder-8.webp 933w, https:\/\/fmp-components.com\/wp-content\/uploads\/2025\/03\/hydraulic-cylinder-8-480x271.webp 480w\" sizes=\"(min-width: 0px) and (max-width: 480px) 480px, (min-width: 481px) 933px, 100vw\" \/><\/p>\n<p class=\"break-words\">Bei FMP sind wir stolz auf unsere hochmodernen Produktionsanlagen, die mit Pr\u00e4zisionsmaschinen und fortschrittlichen Pr\u00fcfsystemen ausgestattet sind. Unsere Fertigungsprozesse entsprechen strengen nationalen und internationalen Standards und gew\u00e4hrleisten, dass jeder Hydraulikzylinder, der unser Werk verl\u00e4sst, von h\u00f6chster Qualit\u00e4t und Zuverl\u00e4ssigkeit ist. Unser qualifiziertes technisches Team und modernste Ausr\u00fcstung erm\u00f6glichen uns eine strenge Qualit\u00e4tskontrolle in jeder Produktionsphase \u2013 von der Rohstoffauswahl bis zur Endkontrolle. Dieses Streben nach Exzellenz hat uns Zertifizierungen und Anerkennungen von Branchenbeh\u00f6rden eingebracht und unseren Ruf als zuverl\u00e4ssiger Partner weiter gefestigt.<\/p>\n<p class=\"break-words\">Unsere Mission ist einfach und doch ehrgeizig: Wir m\u00f6chten unseren Kunden Hydraulikzylinder liefern, die ihre Erwartungen in puncto Leistung, Langlebigkeit und Wert \u00fcbertreffen. Professionalit\u00e4t, Integrit\u00e4t und Kundenorientierung sind unsere Leitprinzipien. Durch Innovation und Pr\u00e4zision entwickeln wir unsere Produkte kontinuierlich weiter, um im Wettbewerb die Nase vorn zu behalten. Unser umfassendes Produktsortiment und unsere F\u00e4higkeit, ma\u00dfgeschneiderte L\u00f6sungen anzubieten, machen uns zur ersten Wahl f\u00fcr Unternehmen, die leistungsstarke Hydraulikzylinder suchen.<\/p>\n<p class=\"break-words\">FMP ist mehr als nur ein Hersteller \u2013 wir sind Ihr Partner f\u00fcr Ihren Erfolg. Wir wissen, dass unsere Kunden auf uns vertrauen, wenn es um Werkzeuge geht, die ihre Produktivit\u00e4t und Sicherheit steigern. Deshalb bieten wir nicht nur erstklassige Produkte, sondern auch hervorragenden Service. Von der ersten Beratung bis zum After-Sales-Support arbeiten wir eng mit unseren Kunden zusammen, um sicherzustellen, dass ihre Bed\u00fcrfnisse professionell und sorgf\u00e4ltig erf\u00fcllt werden. Unsere wettbewerbsf\u00e4higen Preise und unser unerm\u00fcdliches Engagement f\u00fcr Qualit\u00e4t machen FMP zur intelligenten Wahl f\u00fcr Unternehmen, die in zuverl\u00e4ssige Hydraulikl\u00f6sungen investieren m\u00f6chten.<\/p>","protected":false},"excerpt":{"rendered":"<p>Quality Assurance Hydraulic Cylinder Double Acting 5 Stage Hydraulic Telescopic Cylinder Introducing our Quality Assurance hydraulic cylinder Double Acting 5 Stage Hydraulic Telescopic Cylinder, a state-of-the-art product designed for various applications in industries such as machinery repair shops, farms, energy &amp; mining, machinery manufacturing, and from machinery factories. This hydraulic cylinder is built with the [&hellip;]<\/p>","protected":false},"featured_media":6788,"comment_status":"closed","ping_status":"closed","template":"","meta":{"_et_pb_use_builder":"","_et_pb_old_content":"","_et_gb_content_width":""},"product_brand":[],"product_cat":[103],"product_tag":[34,105],"class_list":{"0":"post-6614","1":"product","2":"type-product","3":"status-publish","4":"has-post-thumbnail","6":"product_cat-telescopic-hydraulic-cylinders","7":"product_tag-hydraulic-cylinder","8":"product_tag-telescopic-hydraulic-cylinders","10":"first","11":"instock","12":"product-type-simple"},"_links":{"self":[{"href":"https:\/\/fmp-components.com\/de\/wp-json\/wp\/v2\/product\/6614","targetHints":{"allow":["GET"]}}],"collection":[{"href":"https:\/\/fmp-components.com\/de\/wp-json\/wp\/v2\/product"}],"about":[{"href":"https:\/\/fmp-components.com\/de\/wp-json\/wp\/v2\/types\/product"}],"replies":[{"embeddable":true,"href":"https:\/\/fmp-components.com\/de\/wp-json\/wp\/v2\/comments?post=6614"}],"wp:featuredmedia":[{"embeddable":true,"href":"https:\/\/fmp-components.com\/de\/wp-json\/wp\/v2\/media\/6788"}],"wp:attachment":[{"href":"https:\/\/fmp-components.com\/de\/wp-json\/wp\/v2\/media?parent=6614"}],"wp:term":[{"taxonomy":"product_brand","embeddable":true,"href":"https:\/\/fmp-components.com\/de\/wp-json\/wp\/v2\/product_brand?post=6614"},{"taxonomy":"product_cat","embeddable":true,"href":"https:\/\/fmp-components.com\/de\/wp-json\/wp\/v2\/product_cat?post=6614"},{"taxonomy":"product_tag","embeddable":true,"href":"https:\/\/fmp-components.com\/de\/wp-json\/wp\/v2\/product_tag?post=6614"}],"curies":[{"name":"wp","href":"https:\/\/api.w.org\/{rel}","templated":true}]}}