{"id":6609,"date":"2025-03-11T06:33:57","date_gmt":"2025-03-11T06:33:57","guid":{"rendered":"https:\/\/fmp-components.com\/product\/professional-double-acting-multi-stage-hydraulic-cylinder-for-press"},"modified":"2025-03-14T01:21:24","modified_gmt":"2025-03-14T01:21:24","slug":"professional-double-acting-multi-stage-hydraulic-cylinder-for-press","status":"publish","type":"product","link":"https:\/\/fmp-components.com\/de\/product\/professional-double-acting-multi-stage-hydraulic-cylinder-for-press\/","title":{"rendered":"Professioneller doppeltwirkender mehrstufiger Hydraulikzylinder f\u00fcr Pressen"},"content":{"rendered":"<h2>Professioneller doppeltwirkender mehrstufiger Hydraulikzylinder f\u00fcr die Presse<\/h2>\n<p>Der professionelle doppeltwirkende mehrstufige Hydraulikzylinder f\u00fcr Pressen ist eine robuste und zuverl\u00e4ssige Komponente in der Welt der Hydraulik. Dieser pr\u00e4zise konstruierte Zylinder eignet sich ideal f\u00fcr Pressenanwendungen in verschiedenen Branchen wie Maschinenreparaturwerkst\u00e4tten, Energie und Bergbau.<\/p>\n<h3>Produktmerkmale und Spezifikationen<\/h3>\n<p>Dieser Hydraulikzylinder zeichnet sich durch eine Reihe von Funktionen aus, die ihn in seinem Bereich hervorstechen lassen. Er bietet eine maximale Schubkraft von 3000 und eine maximale Zugkraft von 20 Tonnen. Der Zylinder besteht aus robustem Stahl und hat einen Bohrungsdurchmesser von 2\u20136 Zoll, einen Stangendurchmesser von 1,125\u20134 Zoll und einen Hub von 4\u2013100 Zoll.<\/p>\n<h3>Technische Parameter<\/h3>\n<table style=\"width: 96.4775%;\" border=\"\">\n<tbody>\n<tr>\n<th style=\"width: 43.4286%;\">Bohrungsgr\u00f6\u00dfe<\/th>\n<td style=\"width: 400.571%;\">2-6 Zoll<\/td>\n<\/tr>\n<tr>\n<th style=\"width: 43.4286%;\">Stangengr\u00f6\u00dfe<\/th>\n<td style=\"width: 400.571%;\">1,125-4 Zoll<\/td>\n<\/tr>\n<tr>\n<th style=\"width: 43.4286%;\">Strichgr\u00f6\u00dfe<\/th>\n<td style=\"width: 400.571%;\">4-100 Zoll<\/td>\n<\/tr>\n<tr>\n<th style=\"width: 43.4286%;\">Pin-Gr\u00f6\u00dfe<\/th>\n<td style=\"width: 400.571%;\">0,5-2 Zoll<\/td>\n<\/tr>\n<tr>\n<th style=\"width: 43.4286%;\">H\u00e4fen<\/th>\n<td style=\"width: 400.571%;\">G\/SAE\/NPT\/M<\/td>\n<\/tr>\n<\/tbody>\n<\/table>\n<h2>Einzigartige Vorteile<\/h2>\n<p>Dieser Hydraulikzylinder ist energieeffizient, leistungsstark und sicher. Seine doppeltwirkende Funktion sorgt f\u00fcr mehr Effizienz und Leistung. Der Hydraulikzylinder ist zudem ISO9001:2000-zertifiziert und gew\u00e4hrleistet Qualit\u00e4t und Zuverl\u00e4ssigkeit.<\/p>\n<h2>Hydraulische Systeme und Funktionsprinzipien<\/h2>\n<p>Hydraulikzylinder sind ein grundlegender Bestandteil jedes Hydrauliksystems und spielen eine entscheidende Rolle bei der Umwandlung hydraulischer Energie in mechanische Bewegung. Diese Umwandlung erfolgt durch Hydraulikfl\u00fcssigkeit, die unter Druck gesetzt und in den Zylinder geleitet wird. Beim Eindringen der Fl\u00fcssigkeit \u00fcbt sie Kraft auf den Kolben im Zylinder aus und versetzt ihn in Bewegung. Diese Bewegung wird in eine lineare Bewegung umgesetzt, die f\u00fcr eine Vielzahl industrieller Aufgaben genutzt werden kann, vom Heben schwerer Lasten bis zum pr\u00e4zisen Bedienen von Maschinen.<\/p>\n<p>Einer der vielseitigsten Hydraulikzylindertypen ist der doppeltwirkende Hydraulikzylinder. Im Gegensatz zu einfachwirkenden Zylindern, die sich nur in eine Richtung bewegen k\u00f6nnen, k\u00f6nnen doppeltwirkende Zylinder mithilfe von Hydraulikkraft in beide Richtungen ein- und ausfahren. Diese F\u00e4higkeit macht sie ideal f\u00fcr eine Vielzahl von Anwendungen, darunter Baumaschinen, Hebeb\u00fchnen und Flurf\u00f6rderzeuge. Die M\u00f6glichkeit, die Bewegung in beide Richtungen zu steuern, erm\u00f6glicht mehr Flexibilit\u00e4t und Effizienz im Betrieb und macht doppeltwirkende Zylinder in vielen Industrieumgebungen zur bevorzugten Wahl.<\/p>\n<p><img loading=\"lazy\" decoding=\"async\" class=\"alignnone size-full wp-image-6795\" src=\"https:\/\/fmp-components.com\/wp-content\/uploads\/2025\/03\/Telescopic-Hydraulic-Cylinders-11.webp\" alt=\"Teleskop-Hydraulikzylinder\" width=\"800\" height=\"800\" title=\"\" srcset=\"https:\/\/fmp-components.com\/wp-content\/uploads\/2025\/03\/Telescopic-Hydraulic-Cylinders-11.webp 800w, https:\/\/fmp-components.com\/wp-content\/uploads\/2025\/03\/Telescopic-Hydraulic-Cylinders-11-480x480.webp 480w\" sizes=\"(min-width: 0px) and (max-width: 480px) 480px, (min-width: 481px) 800px, 100vw\" \/><\/p>\n<h2>Hydraulikzylinder und Antriebseinheiten<\/h2>\n<p>Hydraulikzylinder und Antriebsaggregate sind wichtige Komponenten eines Hydrauliksystems. Sie arbeiten zusammen, um die Hydraulikleistung effektiv zu nutzen. Der Hydraulikzylinder fungiert als Aktuator und wandelt den vom Antriebsaggregat erzeugten Hydraulikdruck in mechanische Bewegung um. Das Antriebsaggregat ist f\u00fcr die Erzeugung und Regulierung des Hydraulikfl\u00fcssigkeitsdrucks verantwortlich und versorgt das System mit der notwendigen Energie.<\/p>\n<p>Diese Zusammenarbeit ist f\u00fcr die breite Anwendung der Hydrauliktechnologie in der gesamten Industrie unerl\u00e4sslich. Hydraulikzylinder und -aggregate sorgen gemeinsam f\u00fcr zuverl\u00e4ssige Leistung und pr\u00e4zise Steuerung verschiedener technischer und mechanischer Ger\u00e4te. In Fertigungsumgebungen erm\u00f6glicht diese Synergie beispielsweise den Betrieb von Pressen, F\u00f6rderb\u00e4ndern und Robotersystemen und steigert so Produktivit\u00e4t und Effizienz.<\/p>\n<p>Dar\u00fcber hinaus erm\u00f6glicht die Integration von Hydraulikzylindern in Antriebseinheiten die Umsetzung komplexer Aufgaben, die sowohl Kraft als auch Genauigkeit erfordern. Durch die Anpassung von Druck und Durchfluss der Hydraulikfl\u00fcssigkeit k\u00f6nnen Bediener Bewegungen pr\u00e4zise steuern. Dadurch eignen sich Hydrauliksysteme f\u00fcr Anwendungen vom Heben schwerer Lasten bis hin zu komplexen Montageprozessen.<\/p>\n<p>Zusammenfassend l\u00e4sst sich sagen, dass die Kombination von Hydraulikzylindern und Antriebseinheiten die Effektivit\u00e4t hydraulischer Systeme in modernen Industrieanwendungen veranschaulicht. Ihre F\u00e4higkeit, nahtlos zusammenzuarbeiten, stellt sicher, dass die Industrie die Hydrauliktechnologie nutzen kann, um die Betriebseffizienz zu verbessern, die Sicherheit zu erh\u00f6hen und die Gesamtproduktivit\u00e4t in einer Vielzahl von Anwendungen zu steigern.<\/p>\n<h2>FAQs<\/h2>\n<p>F: Sind Sie ein Handelsunternehmen oder Hersteller?<br \/>\nA: Wir sind eine Fabrik.<\/p>\n<p>F: Wie lange ist Ihre Lieferzeit?<br \/>\nA: Im Allgemeinen sind es 25\u201335 Tage.<\/p>\n<p>F: K\u00f6nnen Sie gem\u00e4\u00df den Mustern produzieren?<br \/>\nA: Ja, wir k\u00f6nnen anhand Ihrer Muster oder technischen Zeichnungen produzieren. Wir k\u00f6nnen die Formen und Vorrichtungen bauen.<\/p>\n<h3>\u00dcber FMP<\/h3>\n<p class=\"break-words\">FMP ist ein f\u00fchrender italienischer Hersteller, der sich auf die Konstruktion, Entwicklung und Produktion hochwertiger Hydraulikzylinder spezialisiert hat. Mit unserer langj\u00e4hrigen Erfahrung verbinden wir italienische Handwerkskunst mit modernster Technologie, um au\u00dfergew\u00f6hnliche Hydraulikl\u00f6sungen zu liefern, die auf die vielf\u00e4ltigen Bed\u00fcrfnisse unserer weltweiten Kundschaft zugeschnitten sind. Mit Sitz in Italien, einem Zentrum der Ingenieurskunst, gilt FMP als vertrauensw\u00fcrdiger Name in der Hydraulikbranche und hat sich der Bereitstellung zuverl\u00e4ssiger, langlebiger und innovativer Produkte verschrieben, die Unternehmen weltweit unterst\u00fctzen.<\/p>\n<p class=\"break-words\">Unser Unternehmen verbindet die besten Fertigungstraditionen mit einem zukunftsorientierten Ansatz. Dank langj\u00e4hriger Erfahrung im Bereich Hydrauliksysteme hat sich FMP zu einem modernen Unternehmen entwickelt, das sich durch herausragende Leistungen in Forschung, Design und Produktion auszeichnet. Wir sind spezialisiert auf ein breites Spektrum an Hydraulikzylindern, darunter doppeltwirkende Zylinder, Automobil-Hubzylinder, Landmaschinenzylinder und ma\u00dfgeschneiderte L\u00f6sungen f\u00fcr verschiedene Industrieanwendungen. Ob f\u00fcr Bauwesen, Industrieanlagen, Landwirtschaft oder Schwermaschinen \u2013 unsere Hydraulikzylinder sind f\u00fcr h\u00e4rteste Bedingungen ausgelegt und gew\u00e4hrleisten Sicherheit, Effizienz und Langlebigkeit.<\/p>\n<p><img loading=\"lazy\" decoding=\"async\" class=\"alignnone size-full wp-image-6720\" src=\"https:\/\/fmp-components.com\/wp-content\/uploads\/2025\/03\/hydraulic-cylinder-8.webp\" alt=\"Teleskop-Hydraulikzylinder\" width=\"933\" height=\"526\" title=\"\" srcset=\"https:\/\/fmp-components.com\/wp-content\/uploads\/2025\/03\/hydraulic-cylinder-8.webp 933w, https:\/\/fmp-components.com\/wp-content\/uploads\/2025\/03\/hydraulic-cylinder-8-480x271.webp 480w\" sizes=\"(min-width: 0px) and (max-width: 480px) 480px, (min-width: 481px) 933px, 100vw\" \/><\/p>\n<p class=\"break-words\">Bei FMP sind wir stolz auf unsere hochmodernen Produktionsanlagen, die mit Pr\u00e4zisionsmaschinen und fortschrittlichen Pr\u00fcfsystemen ausgestattet sind. Unsere Fertigungsprozesse entsprechen strengen nationalen und internationalen Standards und gew\u00e4hrleisten, dass jeder Hydraulikzylinder, der unser Werk verl\u00e4sst, von h\u00f6chster Qualit\u00e4t und Zuverl\u00e4ssigkeit ist. Unser qualifiziertes technisches Team und modernste Ausr\u00fcstung erm\u00f6glichen uns eine strenge Qualit\u00e4tskontrolle in jeder Produktionsphase \u2013 von der Rohstoffauswahl bis zur Endkontrolle. Dieses Streben nach Exzellenz hat uns Zertifizierungen und Anerkennungen von Branchenbeh\u00f6rden eingebracht und unseren Ruf als zuverl\u00e4ssiger Partner weiter gefestigt.<\/p>\n<p class=\"break-words\">Unsere Mission ist einfach und doch ehrgeizig: Wir m\u00f6chten unseren Kunden Hydraulikzylinder liefern, die ihre Erwartungen in puncto Leistung, Langlebigkeit und Wert \u00fcbertreffen. Professionalit\u00e4t, Integrit\u00e4t und Kundenorientierung sind unsere Leitprinzipien. Durch Innovation und Pr\u00e4zision entwickeln wir unsere Produkte kontinuierlich weiter, um im Wettbewerb die Nase vorn zu behalten. Unser umfassendes Produktsortiment und unsere F\u00e4higkeit, ma\u00dfgeschneiderte L\u00f6sungen anzubieten, machen uns zur ersten Wahl f\u00fcr Unternehmen, die leistungsstarke Hydraulikzylinder suchen.<\/p>\n<p class=\"break-words\">FMP ist mehr als nur ein Hersteller \u2013 wir sind Ihr Partner f\u00fcr Ihren Erfolg. Wir wissen, dass unsere Kunden auf uns vertrauen, wenn es um Werkzeuge geht, die ihre Produktivit\u00e4t und Sicherheit steigern. Deshalb bieten wir nicht nur erstklassige Produkte, sondern auch hervorragenden Service. Von der ersten Beratung bis zum After-Sales-Support arbeiten wir eng mit unseren Kunden zusammen, um sicherzustellen, dass ihre Bed\u00fcrfnisse professionell und sorgf\u00e4ltig erf\u00fcllt werden. Unsere wettbewerbsf\u00e4higen Preise und unser unerm\u00fcdliches Engagement f\u00fcr Qualit\u00e4t machen FMP zur intelligenten Wahl f\u00fcr Unternehmen, die in zuverl\u00e4ssige Hydraulikl\u00f6sungen investieren m\u00f6chten.<\/p>","protected":false},"excerpt":{"rendered":"<p>Professional Double Acting Multi Stage Hydraulic Cylinder for Press The Professional Double Acting multi stage hydraulic cylinder for press is a robust and reliable component in the world of hydraulics. Designed with precision, this cylinder is ideal for press applications in various industries such as machinery repair shops, energy, and mining. Product Features and Specifications [&hellip;]<\/p>","protected":false},"featured_media":6795,"comment_status":"closed","ping_status":"closed","template":"","meta":{"_et_pb_use_builder":"","_et_pb_old_content":"","_et_gb_content_width":""},"product_brand":[],"product_cat":[103],"product_tag":[34,105],"class_list":{"0":"post-6609","1":"product","2":"type-product","3":"status-publish","4":"has-post-thumbnail","6":"product_cat-telescopic-hydraulic-cylinders","7":"product_tag-hydraulic-cylinder","8":"product_tag-telescopic-hydraulic-cylinders","10":"first","11":"instock","12":"product-type-simple"},"_links":{"self":[{"href":"https:\/\/fmp-components.com\/de\/wp-json\/wp\/v2\/product\/6609","targetHints":{"allow":["GET"]}}],"collection":[{"href":"https:\/\/fmp-components.com\/de\/wp-json\/wp\/v2\/product"}],"about":[{"href":"https:\/\/fmp-components.com\/de\/wp-json\/wp\/v2\/types\/product"}],"replies":[{"embeddable":true,"href":"https:\/\/fmp-components.com\/de\/wp-json\/wp\/v2\/comments?post=6609"}],"wp:featuredmedia":[{"embeddable":true,"href":"https:\/\/fmp-components.com\/de\/wp-json\/wp\/v2\/media\/6795"}],"wp:attachment":[{"href":"https:\/\/fmp-components.com\/de\/wp-json\/wp\/v2\/media?parent=6609"}],"wp:term":[{"taxonomy":"product_brand","embeddable":true,"href":"https:\/\/fmp-components.com\/de\/wp-json\/wp\/v2\/product_brand?post=6609"},{"taxonomy":"product_cat","embeddable":true,"href":"https:\/\/fmp-components.com\/de\/wp-json\/wp\/v2\/product_cat?post=6609"},{"taxonomy":"product_tag","embeddable":true,"href":"https:\/\/fmp-components.com\/de\/wp-json\/wp\/v2\/product_tag?post=6609"}],"curies":[{"name":"wp","href":"https:\/\/api.w.org\/{rel}","templated":true}]}}