{"id":6604,"date":"2025-03-11T06:32:38","date_gmt":"2025-03-11T06:32:38","guid":{"rendered":"https:\/\/fmp-components.com\/product\/italy-manufacture-trailer-telescopic-hydraulic-ram-for-agriculture-from-fmp"},"modified":"2025-03-14T02:09:39","modified_gmt":"2025-03-14T02:09:39","slug":"italy-manufacture-trailer-telescopic-hydraulic-ram-for-agriculture-from-fmp","status":"publish","type":"product","link":"https:\/\/fmp-components.com\/de\/product\/italy-manufacture-trailer-telescopic-hydraulic-ram-for-agriculture-from-fmp\/","title":{"rendered":"Italien stellt Teleskop-Hydraulikzylinder f\u00fcr die Landwirtschaft von FMP her"},"content":{"rendered":"<h2>Italien stellt Teleskop-Hydraulikzylinder f\u00fcr die Landwirtschaft von FMP her<\/h2>\n<p>FMP, ein renommierter Hersteller mit Sitz in Italien, pr\u00e4sentiert stolz seinen speziell f\u00fcr landwirtschaftliche Anwendungen entwickelten hydraulischen Anh\u00e4nger-Teleskopzylinder. Das 2006 gegr\u00fcndete und von Italien aus operierende Unternehmen FMP bietet beispiellose Expertise im Bereich der Hydrauliktechnologie.<\/p>\n<h3>Produktbeschreibung und Funktionalit\u00e4t<\/h3>\n<p>Der hydraulische Teleskopzylinder f\u00fcr Anh\u00e4nger von FMP ist ein neues Produkt, das 2025 auf den Markt kam. Dieser nicht standardm\u00e4\u00dfige Kolbenzylinder wird mit Hydraulikfl\u00fcssigkeit, insbesondere \u00d6l, angetrieben und verf\u00fcgt \u00fcber ein Geh\u00e4use aus robustem Stahl. Mit einer maximalen Schubkraft von 3000 und einer maximalen Zugkraft von 600 ist er ideal f\u00fcr Schwerlasteins\u00e4tze. Der Hydraulikzylinder ist ISO9001:2000-zertifiziert, ein Beweis f\u00fcr seine hohe Qualit\u00e4t und Zuverl\u00e4ssigkeit.<\/p>\n<h3>Technische Spezifikationen<\/h3>\n<p>Der Hydraulikzylinder wiegt 12 kg und hat einen Zylinderdurchmesser von 20 bis 250 mm. Er ist als mehrstufiger Hydraulikzylinder erh\u00e4ltlich, dessen Bohrungsdurchmesser Ihren Anforderungen entsprechend angepasst werden kann. Zu den Kernkomponenten des Hydraulikzylinders geh\u00f6ren das Lager und die Stange. Auf beide Komponenten gew\u00e4hren wir eine einj\u00e4hrige Garantie.<\/p>\n<p><img loading=\"lazy\" decoding=\"async\" class=\"alignnone  wp-image-6665\" src=\"https:\/\/fmp-components.com\/wp-content\/uploads\/2025\/03\/telescopic-hydraulic-cylinder-9.webp\" alt=\"Teleskop-Hydraulikzylinder\" width=\"810\" height=\"810\" title=\"\" srcset=\"https:\/\/fmp-components.com\/wp-content\/uploads\/2025\/03\/telescopic-hydraulic-cylinder-9.webp 810w, https:\/\/fmp-components.com\/wp-content\/uploads\/2025\/03\/telescopic-hydraulic-cylinder-9-480x480.webp 480w\" sizes=\"(min-width: 0px) and (max-width: 480px) 480px, (min-width: 481px) 810px, 100vw\" \/><\/p>\n<h2>Einzigartige Funktionen und Vorteile<\/h2>\n<p>Der FMP Trailer-Teleskophydraulikzylinder bietet mehrere einzigartige Funktionen und Vorteile:<\/p>\n<ul>\n<li>Energieeffizient<\/li>\n<li>Hocheffizient<\/li>\n<li>Sichere Anwendung<\/li>\n<li>F\u00fcr den Schwerlastbetrieb konzipiert<\/li>\n<li>Einstellbare Bohrungsgr\u00f6\u00dfe<\/li>\n<li>Kommt mit einer einj\u00e4hrigen Garantie<\/li>\n<\/ul>\n<h2>Funktionsprinzip und Anwendungen<\/h2>\n<p>Der Hydraulikzylinder wandelt hydraulische Energie in mechanische Bewegung um und wandelt so Druck in Kraft um. Er ist ein unverzichtbarer Bestandteil in verschiedenen Branchen wie Produktionsanlagen, Maschinenreparaturwerkst\u00e4tten, landwirtschaftlichen Betrieben sowie Energie- und Bergbaubetrieben.<\/p>\n<h2>Hydraulikzylinder und Aggregate<\/h2>\n<p>Hydraulikzylinder und Antriebsaggregate sind untrennbare Bestandteile des Hydrauliksystems. Sie arbeiten Hand in Hand, um die breite Anwendung der Hydrauliktechnologie in verschiedenen Industriezweigen zu gew\u00e4hrleisten und bieten zuverl\u00e4ssige Antriebs- und Steuerungsunterst\u00fctzung f\u00fcr verschiedene technische und mechanische Ger\u00e4te. Bei FMP bieten wir auch Antriebsaggregate zum Verkauf an.<\/p>\n<h2>H\u00e4ufig gestellte Fragen<\/h2>\n<p><strong>F: Welche Garantie gibt es auf die Kernkomponenten?<\/strong><\/p>\n<p>A: F\u00fcr die Kernkomponenten gilt eine einj\u00e4hrige Garantie.<\/p>\n<p><strong>F: Kann die Bohrungsgr\u00f6\u00dfe angepasst werden?<\/strong><\/p>\n<p>A: Ja, die Bohrungsgr\u00f6\u00dfe kann Ihren Anforderungen entsprechend angepasst werden.<\/p>\n<p><strong>F: Welche Branchen k\u00f6nnen von diesem Hydraulikzylinder profitieren?<\/strong><\/p>\n<p>A: Der Hydraulikzylinder ist ideal f\u00fcr Produktionsanlagen, Maschinenreparaturwerkst\u00e4tten, landwirtschaftliche Betriebe sowie Energie- und Bergbaubetriebe.<\/p>\n<h3>\u00dcber FMP<\/h3>\n<p class=\"break-words\">FMP ist ein f\u00fchrender italienischer Hersteller, der sich auf die Konstruktion, Entwicklung und Produktion hochwertiger Hydraulikzylinder spezialisiert hat. Mit unserer langj\u00e4hrigen Erfahrung verbinden wir italienische Handwerkskunst mit modernster Technologie, um au\u00dfergew\u00f6hnliche Hydraulikl\u00f6sungen zu liefern, die auf die vielf\u00e4ltigen Bed\u00fcrfnisse unserer weltweiten Kundschaft zugeschnitten sind. Mit Sitz in Italien, einem Zentrum der Ingenieurskunst, gilt FMP als vertrauensw\u00fcrdiger Name in der Hydraulikbranche und hat sich der Bereitstellung zuverl\u00e4ssiger, langlebiger und innovativer Produkte verschrieben, die Unternehmen weltweit unterst\u00fctzen.<\/p>\n<p class=\"break-words\">Unser Unternehmen verbindet die besten Fertigungstraditionen mit einem zukunftsorientierten Ansatz. Dank langj\u00e4hriger Erfahrung im Bereich Hydrauliksysteme hat sich FMP zu einem modernen Unternehmen entwickelt, das sich durch herausragende Leistungen in Forschung, Design und Produktion auszeichnet. Wir sind spezialisiert auf ein breites Spektrum an Hydraulikzylindern, darunter doppeltwirkende Zylinder, Automobil-Hubzylinder, Landmaschinenzylinder und ma\u00dfgeschneiderte L\u00f6sungen f\u00fcr verschiedene Industrieanwendungen. Ob f\u00fcr Bauwesen, Industrieanlagen, Landwirtschaft oder Schwermaschinen \u2013 unsere Hydraulikzylinder sind f\u00fcr h\u00e4rteste Bedingungen ausgelegt und gew\u00e4hrleisten Sicherheit, Effizienz und Langlebigkeit.<\/p>\n<p><img loading=\"lazy\" decoding=\"async\" class=\"alignnone size-full wp-image-6720\" src=\"https:\/\/fmp-components.com\/wp-content\/uploads\/2025\/03\/hydraulic-cylinder-8.webp\" alt=\"Teleskop-Hydraulikzylinder\" width=\"933\" height=\"526\" title=\"\" srcset=\"https:\/\/fmp-components.com\/wp-content\/uploads\/2025\/03\/hydraulic-cylinder-8.webp 933w, https:\/\/fmp-components.com\/wp-content\/uploads\/2025\/03\/hydraulic-cylinder-8-480x271.webp 480w\" sizes=\"(min-width: 0px) and (max-width: 480px) 480px, (min-width: 481px) 933px, 100vw\" \/><\/p>\n<p class=\"break-words\">Bei FMP sind wir stolz auf unsere hochmodernen Produktionsanlagen, die mit Pr\u00e4zisionsmaschinen und fortschrittlichen Pr\u00fcfsystemen ausgestattet sind. Unsere Fertigungsprozesse entsprechen strengen nationalen und internationalen Standards und gew\u00e4hrleisten, dass jeder Hydraulikzylinder, der unser Werk verl\u00e4sst, von h\u00f6chster Qualit\u00e4t und Zuverl\u00e4ssigkeit ist. Unser qualifiziertes technisches Team und modernste Ausr\u00fcstung erm\u00f6glichen uns eine strenge Qualit\u00e4tskontrolle in jeder Produktionsphase \u2013 von der Rohstoffauswahl bis zur Endkontrolle. Dieses Streben nach Exzellenz hat uns Zertifizierungen und Anerkennungen von Branchenbeh\u00f6rden eingebracht und unseren Ruf als zuverl\u00e4ssiger Partner weiter gefestigt.<\/p>\n<p class=\"break-words\">Unsere Mission ist einfach und doch ehrgeizig: Wir m\u00f6chten unseren Kunden Hydraulikzylinder liefern, die ihre Erwartungen in puncto Leistung, Langlebigkeit und Wert \u00fcbertreffen. Professionalit\u00e4t, Integrit\u00e4t und Kundenorientierung sind unsere Leitprinzipien. Durch Innovation und Pr\u00e4zision entwickeln wir unsere Produkte kontinuierlich weiter, um im Wettbewerb die Nase vorn zu behalten. Unser umfassendes Produktsortiment und unsere F\u00e4higkeit, ma\u00dfgeschneiderte L\u00f6sungen anzubieten, machen uns zur ersten Wahl f\u00fcr Unternehmen, die leistungsstarke Hydraulikzylinder suchen.<\/p>\n<p class=\"break-words\">FMP ist mehr als nur ein Hersteller \u2013 wir sind Ihr Partner f\u00fcr Ihren Erfolg. Wir wissen, dass unsere Kunden auf uns vertrauen, wenn es um Werkzeuge geht, die ihre Produktivit\u00e4t und Sicherheit steigern. Deshalb bieten wir nicht nur erstklassige Produkte, sondern auch hervorragenden Service. Von der ersten Beratung bis zum After-Sales-Support arbeiten wir eng mit unseren Kunden zusammen, um sicherzustellen, dass ihre Bed\u00fcrfnisse professionell und sorgf\u00e4ltig erf\u00fcllt werden. Unsere wettbewerbsf\u00e4higen Preise und unser unerm\u00fcdliches Engagement f\u00fcr Qualit\u00e4t machen FMP zur intelligenten Wahl f\u00fcr Unternehmen, die in zuverl\u00e4ssige Hydraulikl\u00f6sungen investieren m\u00f6chten.<\/p>","protected":false},"excerpt":{"rendered":"<p>Italy Manufacture Trailer Telescopic Hydraulic Ram For Agriculture From FMP FMP, an esteemed manufacturer based in Italy, is proud to present its Trailer Telescopic Hydraulic Ram, meticulously designed for agricultural applications. Established in 2006 and operating from its base in Italy, FMP offers unparalleled expertise in the field of hydraulic technology. Product Description and Functionality [&hellip;]<\/p>","protected":false},"featured_media":6799,"comment_status":"closed","ping_status":"closed","template":"","meta":{"_et_pb_use_builder":"","_et_pb_old_content":"","_et_gb_content_width":""},"product_brand":[],"product_cat":[103],"product_tag":[34,105],"class_list":{"0":"post-6604","1":"product","2":"type-product","3":"status-publish","4":"has-post-thumbnail","6":"product_cat-telescopic-hydraulic-cylinders","7":"product_tag-hydraulic-cylinder","8":"product_tag-telescopic-hydraulic-cylinders","10":"first","11":"instock","12":"product-type-simple"},"_links":{"self":[{"href":"https:\/\/fmp-components.com\/de\/wp-json\/wp\/v2\/product\/6604","targetHints":{"allow":["GET"]}}],"collection":[{"href":"https:\/\/fmp-components.com\/de\/wp-json\/wp\/v2\/product"}],"about":[{"href":"https:\/\/fmp-components.com\/de\/wp-json\/wp\/v2\/types\/product"}],"replies":[{"embeddable":true,"href":"https:\/\/fmp-components.com\/de\/wp-json\/wp\/v2\/comments?post=6604"}],"wp:featuredmedia":[{"embeddable":true,"href":"https:\/\/fmp-components.com\/de\/wp-json\/wp\/v2\/media\/6799"}],"wp:attachment":[{"href":"https:\/\/fmp-components.com\/de\/wp-json\/wp\/v2\/media?parent=6604"}],"wp:term":[{"taxonomy":"product_brand","embeddable":true,"href":"https:\/\/fmp-components.com\/de\/wp-json\/wp\/v2\/product_brand?post=6604"},{"taxonomy":"product_cat","embeddable":true,"href":"https:\/\/fmp-components.com\/de\/wp-json\/wp\/v2\/product_cat?post=6604"},{"taxonomy":"product_tag","embeddable":true,"href":"https:\/\/fmp-components.com\/de\/wp-json\/wp\/v2\/product_tag?post=6604"}],"curies":[{"name":"wp","href":"https:\/\/api.w.org\/{rel}","templated":true}]}}