{"id":6603,"date":"2025-03-11T06:32:38","date_gmt":"2025-03-11T06:32:38","guid":{"rendered":"https:\/\/fmp-components.com\/product\/3ton-high-quality-telescopic-for-trailer-hydraulic-cylinders-from-fmp"},"modified":"2025-03-14T01:58:45","modified_gmt":"2025-03-14T01:58:45","slug":"3ton-high-quality-telescopic-for-trailer-hydraulic-cylinders-from-fmp","status":"publish","type":"product","link":"https:\/\/fmp-components.com\/de\/product\/3ton-high-quality-telescopic-for-trailer-hydraulic-cylinders-from-fmp\/","title":{"rendered":"3 Tonnen hochwertige Teleskop-Hydraulikzylinder f\u00fcr Anh\u00e4nger von FMP"},"content":{"rendered":"<h2>3 Tonnen hochwertige Teleskop-Hydraulikzylinder f\u00fcr Anh\u00e4nger von FMP<\/h2>\n<p>R\u00fcsten Sie Ihre Maschinen mit unseren hochwertigen 3-Tonnen-Teleskop-Hydraulikzylindern f\u00fcr Anh\u00e4nger auf. Dieses Hochleistungsprodukt von FMP, gegr\u00fcndet 2006, sorgt f\u00fcr Effizienz und Zuverl\u00e4ssigkeit im Betrieb Ihrer Maschinen.<\/p>\n<h3>Features und Funktionalit\u00e4t<\/h3>\n<p>Unsere Hydraulikzylinder werden mit Fl\u00fcssigkeit, typischerweise \u00d6l, angetrieben und sind mit einer Kolbenstruktur ausgestattet. Sie bieten eine maximale Schubkraft von 3000 Nm und eine maximale Zugkraft von 600 Nm. Die kundenspezifische Konstruktion unserer Zylinder gew\u00e4hrleistet die Anpassungsf\u00e4higkeit an verschiedene Maschinenkonfigurationen. Das Geh\u00e4use besteht aus robustem Stahl, der Langlebigkeit und Verschlei\u00dffestigkeit garantiert.<\/p>\n<h3>Technische Spezifikationen<\/h3>\n<p>Unsere Hydraulikzylinder werden mit einer auf Ihre spezifischen Anforderungen zugeschnittenen Bohrungsgr\u00f6\u00dfe und einem Zylinderdurchmesser von 20 bis 250 mm konstruiert. Sie sind nach ISO 9001:2000 zertifiziert, was f\u00fcr die strikte Einhaltung des Qualit\u00e4tsmanagements und die konsequente Bereitstellung von Produkten steht, die den Kunden- und gesetzlichen Anforderungen entsprechen.<\/p>\n<table style=\"width: 92.7585%;\" border=\"\">\n<tbody>\n<tr>\n<td style=\"width: 45.9016%;\">Au\u00dfenbohrungsgr\u00f6\u00dfe<\/td>\n<td style=\"width: 365.027%;\">3,75-4,5 Zoll<\/td>\n<\/tr>\n<tr>\n<td style=\"width: 45.9016%;\">Kapazit\u00e4t<\/td>\n<td style=\"width: 365.027%;\">7-12 Tonnen<\/td>\n<\/tr>\n<tr>\n<td style=\"width: 45.9016%;\">Strichst\u00e4rke<\/td>\n<td style=\"width: 365.027%;\">78-144 Zoll<\/td>\n<\/tr>\n<tr>\n<td style=\"width: 45.9016%;\">Pin-Gr\u00f6\u00dfe<\/td>\n<td style=\"width: 365.027%;\">1.015<\/td>\n<\/tr>\n<tr>\n<td style=\"width: 45.9016%;\">H\u00e4fen<\/td>\n<td style=\"width: 365.027%;\">G\/SAE\/NPT\/M<\/td>\n<\/tr>\n<\/tbody>\n<\/table>\n<h2>Einzigartige Funktionen und Vorteile<\/h2>\n<ul>\n<li>Energieeffizienz: Die Hydraulikzylinder verbrauchen weniger Strom und sind daher energieeffizient.<\/li>\n<li>Hohe Leistung: Diese Zylinder k\u00f6nnen hohe Schub- und Zugkr\u00e4fte bew\u00e4ltigen.<\/li>\n<li>Sicherheit: Diese Zylinder wurden nach strengen Sicherheitsstandards entwickelt und gew\u00e4hrleisten einen sicheren Betrieb.<\/li>\n<\/ul>\n<p><img loading=\"lazy\" decoding=\"async\" class=\"alignnone size-full wp-image-6757\" src=\"https:\/\/fmp-components.com\/wp-content\/uploads\/2025\/03\/Telescopic-Hydraulic-Cylinders-114.webp\" alt=\"Teleskop-Hydraulikzylinder\" width=\"2160\" height=\"2160\" title=\"\" srcset=\"https:\/\/fmp-components.com\/wp-content\/uploads\/2025\/03\/Telescopic-Hydraulic-Cylinders-114.webp 2160w, https:\/\/fmp-components.com\/wp-content\/uploads\/2025\/03\/Telescopic-Hydraulic-Cylinders-114-1280x1280.webp 1280w, https:\/\/fmp-components.com\/wp-content\/uploads\/2025\/03\/Telescopic-Hydraulic-Cylinders-114-980x980.webp 980w, https:\/\/fmp-components.com\/wp-content\/uploads\/2025\/03\/Telescopic-Hydraulic-Cylinders-114-480x480.webp 480w\" sizes=\"(min-width: 0px) and (max-width: 480px) 480px, (min-width: 481px) and (max-width: 980px) 980px, (min-width: 981px) and (max-width: 1280px) 1280px, (min-width: 1281px) 2160px, 100vw\" \/><\/p>\n<h2>Hydraulikzylinder und Antriebseinheiten<\/h2>\n<p>Hydraulikzylinder und Aggregate sind in Hydrauliksystemen unverzichtbar. Ihr Zusammenspiel gew\u00e4hrleistet die breite Anwendung der Hydrauliktechnologie im industriellen Bereich und bietet zuverl\u00e4ssige Antriebs- und Steuerungsunterst\u00fctzung f\u00fcr verschiedene technische und mechanische Ger\u00e4te. Der Hydraulikzylinder als Aktuator wandelt hydraulische Energie in mechanische Bewegung um und wandelt Druck in Kraft um. Das Aggregat ist das Herzst\u00fcck, das die vom Hydrauliksystem ben\u00f6tigte Energie und Steuersignale bereitstellt. Die Koordination dieser beiden Komponenten gew\u00e4hrleistet den normalen Betrieb des Hydrauliksystems. FMP bietet auch Aggregate zum Verkauf an.<\/p>\n<h3>\u00dcber FMP<\/h3>\n<p class=\"break-words\">FMP ist ein f\u00fchrender italienischer Hersteller, der sich auf die Konstruktion, Entwicklung und Produktion hochwertiger Hydraulikzylinder spezialisiert hat. Mit unserer langj\u00e4hrigen Erfahrung verbinden wir italienische Handwerkskunst mit modernster Technologie, um au\u00dfergew\u00f6hnliche Hydraulikl\u00f6sungen zu liefern, die auf die vielf\u00e4ltigen Bed\u00fcrfnisse unserer weltweiten Kundschaft zugeschnitten sind. Mit Sitz in Italien, einem Zentrum der Ingenieurskunst, gilt FMP als vertrauensw\u00fcrdiger Name in der Hydraulikbranche und hat sich der Bereitstellung zuverl\u00e4ssiger, langlebiger und innovativer Produkte verschrieben, die Unternehmen weltweit unterst\u00fctzen.<\/p>\n<p class=\"break-words\">Unser Unternehmen verbindet die besten Fertigungstraditionen mit einem zukunftsorientierten Ansatz. Dank langj\u00e4hriger Erfahrung im Bereich Hydrauliksysteme hat sich FMP zu einem modernen Unternehmen entwickelt, das sich durch herausragende Leistungen in Forschung, Design und Produktion auszeichnet. Wir sind spezialisiert auf ein breites Spektrum an Hydraulikzylindern, darunter doppeltwirkende Zylinder, Automobil-Hubzylinder, Landmaschinenzylinder und ma\u00dfgeschneiderte L\u00f6sungen f\u00fcr verschiedene Industrieanwendungen. Ob f\u00fcr Bauwesen, Industrieanlagen, Landwirtschaft oder Schwermaschinen \u2013 unsere Hydraulikzylinder sind f\u00fcr h\u00e4rteste Bedingungen ausgelegt und gew\u00e4hrleisten Sicherheit, Effizienz und Langlebigkeit.<\/p>\n<p><img loading=\"lazy\" decoding=\"async\" class=\"alignnone size-full wp-image-6720\" src=\"https:\/\/fmp-components.com\/wp-content\/uploads\/2025\/03\/hydraulic-cylinder-8.webp\" alt=\"Teleskop-Hydraulikzylinder\" width=\"933\" height=\"526\" title=\"\" srcset=\"https:\/\/fmp-components.com\/wp-content\/uploads\/2025\/03\/hydraulic-cylinder-8.webp 933w, https:\/\/fmp-components.com\/wp-content\/uploads\/2025\/03\/hydraulic-cylinder-8-480x271.webp 480w\" sizes=\"(min-width: 0px) and (max-width: 480px) 480px, (min-width: 481px) 933px, 100vw\" \/><\/p>\n<p class=\"break-words\">Bei FMP sind wir stolz auf unsere hochmodernen Produktionsanlagen, die mit Pr\u00e4zisionsmaschinen und fortschrittlichen Pr\u00fcfsystemen ausgestattet sind. Unsere Fertigungsprozesse entsprechen strengen nationalen und internationalen Standards und gew\u00e4hrleisten, dass jeder Hydraulikzylinder, der unser Werk verl\u00e4sst, von h\u00f6chster Qualit\u00e4t und Zuverl\u00e4ssigkeit ist. Unser qualifiziertes technisches Team und modernste Ausr\u00fcstung erm\u00f6glichen uns eine strenge Qualit\u00e4tskontrolle in jeder Produktionsphase \u2013 von der Rohstoffauswahl bis zur Endkontrolle. Dieses Streben nach Exzellenz hat uns Zertifizierungen und Anerkennungen von Branchenbeh\u00f6rden eingebracht und unseren Ruf als zuverl\u00e4ssiger Partner weiter gefestigt.<\/p>\n<p class=\"break-words\">Unsere Mission ist einfach und doch ehrgeizig: Wir m\u00f6chten unseren Kunden Hydraulikzylinder liefern, die ihre Erwartungen in puncto Leistung, Langlebigkeit und Wert \u00fcbertreffen. Professionalit\u00e4t, Integrit\u00e4t und Kundenorientierung sind unsere Leitprinzipien. Durch Innovation und Pr\u00e4zision entwickeln wir unsere Produkte kontinuierlich weiter, um im Wettbewerb die Nase vorn zu behalten. Unser umfassendes Produktsortiment und unsere F\u00e4higkeit, ma\u00dfgeschneiderte L\u00f6sungen anzubieten, machen uns zur ersten Wahl f\u00fcr Unternehmen, die leistungsstarke Hydraulikzylinder suchen.<\/p>\n<p class=\"break-words\">FMP ist mehr als nur ein Hersteller \u2013 wir sind Ihr Partner f\u00fcr Ihren Erfolg. Wir wissen, dass unsere Kunden auf uns vertrauen, wenn es um Werkzeuge geht, die ihre Produktivit\u00e4t und Sicherheit steigern. Deshalb bieten wir nicht nur erstklassige Produkte, sondern auch hervorragenden Service. Von der ersten Beratung bis zum After-Sales-Support arbeiten wir eng mit unseren Kunden zusammen, um sicherzustellen, dass ihre Bed\u00fcrfnisse professionell und sorgf\u00e4ltig erf\u00fcllt werden. Unsere wettbewerbsf\u00e4higen Preise und unser unerm\u00fcdliches Engagement f\u00fcr Qualit\u00e4t machen FMP zur intelligenten Wahl f\u00fcr Unternehmen, die in zuverl\u00e4ssige Hydraulikl\u00f6sungen investieren m\u00f6chten.<\/p>","protected":false},"excerpt":{"rendered":"<p>3ton High Quality Telescopic for Trailer Hydraulic Cylinders From FMP Upgrade your machinery with our 3-ton high-quality telescopic hydraulic cylinders designed for trailers. This high-performance product From FMP, established in 2006, ensures efficiency and reliability in the operations of your machinery. Features and Functionality Our hydraulic cylinders are powered by fluid, typically oil, and are [&hellip;]<\/p>","protected":false},"featured_media":6804,"comment_status":"closed","ping_status":"closed","template":"","meta":{"_et_pb_use_builder":"","_et_pb_old_content":"","_et_gb_content_width":""},"product_brand":[],"product_cat":[103],"product_tag":[34,105],"class_list":{"0":"post-6603","1":"product","2":"type-product","3":"status-publish","4":"has-post-thumbnail","6":"product_cat-telescopic-hydraulic-cylinders","7":"product_tag-hydraulic-cylinder","8":"product_tag-telescopic-hydraulic-cylinders","10":"first","11":"instock","12":"product-type-simple"},"_links":{"self":[{"href":"https:\/\/fmp-components.com\/de\/wp-json\/wp\/v2\/product\/6603","targetHints":{"allow":["GET"]}}],"collection":[{"href":"https:\/\/fmp-components.com\/de\/wp-json\/wp\/v2\/product"}],"about":[{"href":"https:\/\/fmp-components.com\/de\/wp-json\/wp\/v2\/types\/product"}],"replies":[{"embeddable":true,"href":"https:\/\/fmp-components.com\/de\/wp-json\/wp\/v2\/comments?post=6603"}],"wp:featuredmedia":[{"embeddable":true,"href":"https:\/\/fmp-components.com\/de\/wp-json\/wp\/v2\/media\/6804"}],"wp:attachment":[{"href":"https:\/\/fmp-components.com\/de\/wp-json\/wp\/v2\/media?parent=6603"}],"wp:term":[{"taxonomy":"product_brand","embeddable":true,"href":"https:\/\/fmp-components.com\/de\/wp-json\/wp\/v2\/product_brand?post=6603"},{"taxonomy":"product_cat","embeddable":true,"href":"https:\/\/fmp-components.com\/de\/wp-json\/wp\/v2\/product_cat?post=6603"},{"taxonomy":"product_tag","embeddable":true,"href":"https:\/\/fmp-components.com\/de\/wp-json\/wp\/v2\/product_tag?post=6603"}],"curies":[{"name":"wp","href":"https:\/\/api.w.org\/{rel}","templated":true}]}}