{"id":6599,"date":"2025-03-11T06:32:38","date_gmt":"2025-03-11T06:32:38","guid":{"rendered":"https:\/\/fmp-components.com\/product\/telescopic-multi-stages-tipper-truck-hydraulic-cylinder-from-fmp"},"modified":"2025-03-12T03:13:48","modified_gmt":"2025-03-12T03:13:48","slug":"telescopic-multi-stages-tipper-truck-hydraulic-cylinder-from-fmp","status":"publish","type":"product","link":"https:\/\/fmp-components.com\/de\/product\/telescopic-multi-stages-tipper-truck-hydraulic-cylinder-from-fmp\/","title":{"rendered":"Teleskopischer mehrstufiger Hydraulikzylinder f\u00fcr Kipplaster von FMP"},"content":{"rendered":"<h2>Teleskopischer mehrstufiger Hydraulikzylinder f\u00fcr Kipplaster von FMP<\/h2>\n<p>Entdecken Sie die Kraft der Hydraulik mit unserem teleskopierbaren, mehrstufigen Hydraulikzylinder f\u00fcr Kipplaster. Dieses innovative Produkt von FMP zeichnet sich durch hervorragende Leistung, Zuverl\u00e4ssigkeit und Langlebigkeit aus und ist somit eine wertvolle Erg\u00e4nzung f\u00fcr verschiedene Branchen wie Produktionsbetriebe, Maschinenreparaturwerkst\u00e4tten, Landwirtschaftsbetriebe sowie den Energie- und Bergbausektor.<\/p>\n<h2>Produktmerkmale und Spezifikationen<\/h2>\n<p>Unser teleskopierbarer, mehrstufiger Hydraulikzylinder f\u00fcr Kipplaster zeichnet sich durch zahlreiche Merkmale aus, die ihn auf dem Markt hervorheben. Hier finden Sie die detaillierten Produktspezifikationen:<\/p>\n<ul>\n<li>Zustand: Neu<\/li>\n<li>Garantie: 1 Jahr<\/li>\n<li>Anwendungsbereiche: Produktionsanlagen, Maschinenreparaturwerkst\u00e4tten, Landwirtschaft, Energie und Bergbau<\/li>\n<li>Video-Ausgangsinspektion: Vorhanden<\/li>\n<li>Maschinenpr\u00fcfbericht: Vorgelegt<\/li>\n<li>Marketingart: Neues Produkt 2021<\/li>\n<li>Garantie auf Kernkomponenten: 1 Jahr<\/li>\n<li>Kernkomponenten: Lager<\/li>\n<li>Standard oder Nichtstandard: Standard<\/li>\n<li>Aufbau: Kolben-Zylinder<\/li>\n<li>Antrieb: Hydraulisch<\/li>\n<li>Geh\u00e4usematerial: Stahl<\/li>\n<li>Maximaler Schub: 3000<\/li>\n<li>Typ: Kleine Hydraulikzylinder<\/li>\n<li>Bohrungsgr\u00f6\u00dfe: Entsprechend Ihren Anforderungen<\/li>\n<li>Maximale Zugkraft: 600<\/li>\n<li>Zertifizierung: ISO9001:2000<\/li>\n<li>Fl\u00fcssigkeit: \u00d6l<\/li>\n<li>Zylinderdurchmesser: 20\u2013250 mm<\/li>\n<li>Verpackungsdetails: Eisenkiste, Sperrholzkiste oder Karton<\/li>\n<\/ul>\n<h2>Einzigartige Funktionen und Vorteile<\/h2>\n<p>Unser teleskopierbarer, mehrstufiger Hydraulikzylinder f\u00fcr Kipplaster zeichnet sich durch einzigartige Merkmale und Vorteile wie Energieeffizienz, hohe Leistung, Sicherheit und vieles mehr aus. Er gew\u00e4hrleistet einen reibungslosen Betrieb und hilft Unternehmen, die Produktivit\u00e4t zu maximieren und Ausfallzeiten zu minimieren.<\/p>\n<h2>Hydraulische Systeme und Funktionsprinzipien<\/h2>\n<p>Unser Hydraulikzylinder arbeitet nach einfachen Prinzipien: Die Kraft des unter Druck stehenden Fluids erzeugt eine lineare Bewegung. Dieser Mechanismus gew\u00e4hrleistet eine robuste und zuverl\u00e4ssige Leistung und ist daher in vielen industriellen Anwendungen unverzichtbar.<\/p>\n<p><img loading=\"lazy\" decoding=\"async\" class=\"alignnone  wp-image-6658\" src=\"https:\/\/fmp-components.com\/wp-content\/uploads\/2025\/03\/telescopic-hydraulic-cylinder-6.webp\" alt=\"Teleskop-Hydraulikzylinder\" width=\"928\" height=\"928\" title=\"\" srcset=\"https:\/\/fmp-components.com\/wp-content\/uploads\/2025\/03\/telescopic-hydraulic-cylinder-6.webp 928w, https:\/\/fmp-components.com\/wp-content\/uploads\/2025\/03\/telescopic-hydraulic-cylinder-6-480x480.webp 480w\" sizes=\"(min-width: 0px) and (max-width: 480px) 480px, (min-width: 481px) 928px, 100vw\" \/><\/p>\n<h2>Hydraulikzylinder und Aggregate<\/h2>\n<p>Hydraulikzylinder und Hydraulikaggregate sind integrale Bestandteile eines Hydrauliksystems. Ihr Zusammenspiel gew\u00e4hrleistet die breite Anwendbarkeit der Hydrauliktechnik im Industriebereich und bietet zuverl\u00e4ssige Energie- und Steuerungsunterst\u00fctzung f\u00fcr diverse Anlagen und Maschinen. Der Hydraulikzylinder wandelt als Aktor hydraulische Energie in mechanische Bewegung um und \u00fcbersetzt Druck in Kraft. Das Hydraulikaggregat bildet das Herzst\u00fcck des Systems und liefert die ben\u00f6tigte Energie und Steuersignale. Nur durch ihr koordiniertes Zusammenspiel ist der einwandfreie Betrieb des Hydrauliksystems gew\u00e4hrleistet. Bei FMP bieten wir Ihnen auch Hydraulikaggregate zum Kauf an.<\/p>\n<h2>FAQs<\/h2>\n<p><strong>Frage 1: Wie lange betr\u00e4gt die Garantiezeit f\u00fcr den teleskopierbaren mehrstufigen Hydraulikzylinder f\u00fcr Kipplaster?<\/strong><br \/>\nA1: Die Garantiezeit f\u00fcr das Produkt betr\u00e4gt 1 Jahr.<\/p>\n<p><strong>F2: Kann der Hydraulikzylinder an unsere Anforderungen angepasst werden?<\/strong><br \/>\nA2: Ja, wir k\u00f6nnen den Hydraulikzylinder nach Ihren Vorgaben konstruieren.<\/p>\n<p><strong>Frage 3: Was sind die Kernkomponenten des Hydraulikzylinders?<\/strong><br \/>\nA3: Das Kernbauteil des Hydraulikzylinders ist das Lager.<\/p>\n<h3>\u00dcber FMP<\/h3>\n<p class=\"break-words\">FMP ist ein f\u00fchrender italienischer Hersteller, der sich auf die Konstruktion, Entwicklung und Produktion hochwertiger Hydraulikzylinder spezialisiert hat. Mit unserer langj\u00e4hrigen Erfahrung verbinden wir italienische Handwerkskunst mit modernster Technologie, um au\u00dfergew\u00f6hnliche Hydraulikl\u00f6sungen zu liefern, die auf die vielf\u00e4ltigen Bed\u00fcrfnisse unserer weltweiten Kundschaft zugeschnitten sind. Mit Sitz in Italien, einem Zentrum der Ingenieurskunst, gilt FMP als vertrauensw\u00fcrdiger Name in der Hydraulikbranche und hat sich der Bereitstellung zuverl\u00e4ssiger, langlebiger und innovativer Produkte verschrieben, die Unternehmen weltweit unterst\u00fctzen.<\/p>\n<p class=\"break-words\">Unser Unternehmen verbindet die besten Fertigungstraditionen mit einem zukunftsorientierten Ansatz. Dank langj\u00e4hriger Erfahrung im Bereich Hydrauliksysteme hat sich FMP zu einem modernen Unternehmen entwickelt, das sich durch herausragende Leistungen in Forschung, Design und Produktion auszeichnet. Wir sind spezialisiert auf ein breites Spektrum an Hydraulikzylindern, darunter doppeltwirkende Zylinder, Automobil-Hubzylinder, Landmaschinenzylinder und ma\u00dfgeschneiderte L\u00f6sungen f\u00fcr verschiedene Industrieanwendungen. Ob f\u00fcr Bauwesen, Industrieanlagen, Landwirtschaft oder Schwermaschinen \u2013 unsere Hydraulikzylinder sind f\u00fcr h\u00e4rteste Bedingungen ausgelegt und gew\u00e4hrleisten Sicherheit, Effizienz und Langlebigkeit.<\/p>\n<p><img loading=\"lazy\" decoding=\"async\" class=\"alignnone size-full wp-image-6720\" src=\"https:\/\/fmp-components.com\/wp-content\/uploads\/2025\/03\/hydraulic-cylinder-8.webp\" alt=\"Teleskop-Hydraulikzylinder\" width=\"933\" height=\"526\" title=\"\" srcset=\"https:\/\/fmp-components.com\/wp-content\/uploads\/2025\/03\/hydraulic-cylinder-8.webp 933w, https:\/\/fmp-components.com\/wp-content\/uploads\/2025\/03\/hydraulic-cylinder-8-480x271.webp 480w\" sizes=\"(min-width: 0px) and (max-width: 480px) 480px, (min-width: 481px) 933px, 100vw\" \/><\/p>\n<p class=\"break-words\">Bei FMP sind wir stolz auf unsere hochmodernen Produktionsanlagen, die mit Pr\u00e4zisionsmaschinen und fortschrittlichen Pr\u00fcfsystemen ausgestattet sind. Unsere Fertigungsprozesse entsprechen strengen nationalen und internationalen Standards und gew\u00e4hrleisten, dass jeder Hydraulikzylinder, der unser Werk verl\u00e4sst, von h\u00f6chster Qualit\u00e4t und Zuverl\u00e4ssigkeit ist. Unser qualifiziertes technisches Team und modernste Ausr\u00fcstung erm\u00f6glichen uns eine strenge Qualit\u00e4tskontrolle in jeder Produktionsphase \u2013 von der Rohstoffauswahl bis zur Endkontrolle. Dieses Streben nach Exzellenz hat uns Zertifizierungen und Anerkennungen von Branchenbeh\u00f6rden eingebracht und unseren Ruf als zuverl\u00e4ssiger Partner weiter gefestigt.<\/p>\n<p class=\"break-words\">Unsere Mission ist einfach und doch ehrgeizig: Wir m\u00f6chten unseren Kunden Hydraulikzylinder liefern, die ihre Erwartungen in puncto Leistung, Langlebigkeit und Wert \u00fcbertreffen. Professionalit\u00e4t, Integrit\u00e4t und Kundenorientierung sind unsere Leitprinzipien. Durch Innovation und Pr\u00e4zision entwickeln wir unsere Produkte kontinuierlich weiter, um im Wettbewerb die Nase vorn zu behalten. Unser umfassendes Produktsortiment und unsere F\u00e4higkeit, ma\u00dfgeschneiderte L\u00f6sungen anzubieten, machen uns zur ersten Wahl f\u00fcr Unternehmen, die leistungsstarke Hydraulikzylinder suchen.<\/p>\n<p class=\"break-words\">FMP ist mehr als nur ein Hersteller \u2013 wir sind Ihr Partner f\u00fcr Ihren Erfolg. Wir wissen, dass unsere Kunden auf uns vertrauen, wenn es um Werkzeuge geht, die ihre Produktivit\u00e4t und Sicherheit steigern. Deshalb bieten wir nicht nur erstklassige Produkte, sondern auch hervorragenden Service. Von der ersten Beratung bis zum After-Sales-Support arbeiten wir eng mit unseren Kunden zusammen, um sicherzustellen, dass ihre Bed\u00fcrfnisse professionell und sorgf\u00e4ltig erf\u00fcllt werden. Unsere wettbewerbsf\u00e4higen Preise und unser unerm\u00fcdliches Engagement f\u00fcr Qualit\u00e4t machen FMP zur intelligenten Wahl f\u00fcr Unternehmen, die in zuverl\u00e4ssige Hydraulikl\u00f6sungen investieren m\u00f6chten.<\/p>","protected":false},"excerpt":{"rendered":"<p>Telescopic Multi Stages Tipper Truck Hydraulic Cylinder From FMP Discover the power of hydraulics with our Telescopic Multi Stages Tipper Truck Hydraulic Cylinder. This innovative product From FMP is designed to offer excellent performance, reliability, and longevity, making it a valuable addition to various industries such as manufacturing plants, machinery repair shops, farms, and the [&hellip;]<\/p>","protected":false},"featured_media":6709,"comment_status":"closed","ping_status":"closed","template":"","meta":{"_et_pb_use_builder":"","_et_pb_old_content":"","_et_gb_content_width":""},"product_brand":[],"product_cat":[103],"product_tag":[34,105],"class_list":{"0":"post-6599","1":"product","2":"type-product","3":"status-publish","4":"has-post-thumbnail","6":"product_cat-telescopic-hydraulic-cylinders","7":"product_tag-hydraulic-cylinder","8":"product_tag-telescopic-hydraulic-cylinders","10":"first","11":"instock","12":"product-type-simple"},"_links":{"self":[{"href":"https:\/\/fmp-components.com\/de\/wp-json\/wp\/v2\/product\/6599","targetHints":{"allow":["GET"]}}],"collection":[{"href":"https:\/\/fmp-components.com\/de\/wp-json\/wp\/v2\/product"}],"about":[{"href":"https:\/\/fmp-components.com\/de\/wp-json\/wp\/v2\/types\/product"}],"replies":[{"embeddable":true,"href":"https:\/\/fmp-components.com\/de\/wp-json\/wp\/v2\/comments?post=6599"}],"wp:featuredmedia":[{"embeddable":true,"href":"https:\/\/fmp-components.com\/de\/wp-json\/wp\/v2\/media\/6709"}],"wp:attachment":[{"href":"https:\/\/fmp-components.com\/de\/wp-json\/wp\/v2\/media?parent=6599"}],"wp:term":[{"taxonomy":"product_brand","embeddable":true,"href":"https:\/\/fmp-components.com\/de\/wp-json\/wp\/v2\/product_brand?post=6599"},{"taxonomy":"product_cat","embeddable":true,"href":"https:\/\/fmp-components.com\/de\/wp-json\/wp\/v2\/product_cat?post=6599"},{"taxonomy":"product_tag","embeddable":true,"href":"https:\/\/fmp-components.com\/de\/wp-json\/wp\/v2\/product_tag?post=6599"}],"curies":[{"name":"wp","href":"https:\/\/api.w.org\/{rel}","templated":true}]}}