{"id":6598,"date":"2025-03-11T06:32:38","date_gmt":"2025-03-11T06:32:38","guid":{"rendered":"https:\/\/fmp-components.com\/product\/3-ton-telescopic-multi-stages-trailer-ram-for-agriculture-machinery-from-fmp"},"modified":"2025-03-12T03:06:42","modified_gmt":"2025-03-12T03:06:42","slug":"3-ton-telescopic-multi-stages-trailer-ram-for-agriculture-machinery-from-fmp","status":"publish","type":"product","link":"https:\/\/fmp-components.com\/de\/product\/3-ton-telescopic-multi-stages-trailer-ram-for-agriculture-machinery-from-fmp\/","title":{"rendered":"3 Tonnen Teleskop-Mehrstufen-Anh\u00e4ngerramme f\u00fcr Landwirtschaftsmaschinen von FMP"},"content":{"rendered":"<h2>3 Tonnen Teleskop-Mehrstufen-Anh\u00e4ngerramme f\u00fcr Landwirtschaftsmaschinen von FMP<\/h2>\n<p>Willkommen in der Welt der hochwertigen Hydraulikzylinder von FMP. Unser 3-Tonnen-Teleskop-Mehrstufen-Anh\u00e4ngerzylinder wurde speziell f\u00fcr Landmaschinen entwickelt und bietet \u00fcberlegene Leistung und Langlebigkeit. Seine kompakte Bauweise, hohe Zuverl\u00e4ssigkeit und hervorragende Effizienz machen ihn zur perfekten Wahl f\u00fcr Ihre Maschinenanforderungen.<\/p>\n<h3>Produktdetails<\/h3>\n<p>Unser Produkt verf\u00fcgt \u00fcber eine Tragkraft von 3 Tonnen und kann eine Schubkraft von 3000 und eine Zugkraft von 600 bew\u00e4ltigen. Es verf\u00fcgt \u00fcber eine standardm\u00e4\u00dfige Kolbenzylinderstruktur mit hydraulischem Antrieb. Das Geh\u00e4use besteht aus robustem Stahl. Die Bohrungsgr\u00f6\u00dfe kann an Ihre spezifischen Anforderungen angepasst werden, der Zylinderdurchmesser reicht von 20 mm bis 250 mm.<\/p>\n<p>Dieser Hydraulikzylinder ist ISO9001:2000-zertifiziert und verwendet \u00d6l als Fl\u00fcssigkeit. Er ist in einem Eisengeh\u00e4use, Sperrholzgeh\u00e4use oder Karton verpackt.<\/p>\n<p><img loading=\"lazy\" decoding=\"async\" class=\"alignnone  wp-image-6659\" src=\"https:\/\/fmp-components.com\/wp-content\/uploads\/2025\/03\/telescopic-hydraulic-cylinder-12.webp\" alt=\"Teleskop-Hydraulikzylinder\" width=\"888\" height=\"888\" title=\"\" srcset=\"https:\/\/fmp-components.com\/wp-content\/uploads\/2025\/03\/telescopic-hydraulic-cylinder-12.webp 888w, https:\/\/fmp-components.com\/wp-content\/uploads\/2025\/03\/telescopic-hydraulic-cylinder-12-480x480.webp 480w\" sizes=\"(min-width: 0px) and (max-width: 480px) 480px, (min-width: 481px) 888px, 100vw\" \/><\/p>\n<h3>Hauptmerkmale<\/h3>\n<ul>\n<li>Energieeffizienz: Unsere Hydraulikzylinder sind darauf ausgelegt, die Produktivit\u00e4t zu maximieren und gleichzeitig den Energieverbrauch zu minimieren.<\/li>\n<li>Hohe Leistung: Diese Zylinder bieten auch unter rauen Bedingungen eine hervorragende Leistung.<\/li>\n<li>Sicherheit: Dank ihrer robusten Konstruktion und den hochwertigen Komponenten gew\u00e4hrleisten diese Zylinder stets einen sicheren Betrieb.<\/li>\n<\/ul>\n<h3>Anwendungen und Funktionsprinzip<\/h3>\n<p>Unsere Hydraulikzylinder finden breite Anwendung in Produktionsanlagen, Maschinenreparaturwerkst\u00e4tten, landwirtschaftlichen Betrieben sowie in der Energie- und Bergbauindustrie. Sie arbeiten nach dem Prinzip der Umwandlung hydraulischer Energie in mechanische Bewegung und bieten so eine zuverl\u00e4ssige Antriebsquelle f\u00fcr Ihre Industriemaschinen.<\/p>\n<h2>Hydraulikzylinder und Antriebseinheiten<\/h2>\n<p>Hydraulikzylinder und -aggregate sind integrale Bestandteile jedes Hydrauliksystems. Ihr kombinierter Betrieb gew\u00e4hrleistet die breite Anwendung der Hydrauliktechnologie in der Industrie und bietet zuverl\u00e4ssige Antriebs- und Steuerungsunterst\u00fctzung f\u00fcr verschiedene technische und mechanische Ger\u00e4te. Der Hydraulikzylinder als Aktuator ist f\u00fcr die Umwandlung hydraulischer Energie in mechanische Bewegung verantwortlich und wandelt Druck in Kraft um. Das Aggregat hingegen liefert die vom Hydrauliksystem ben\u00f6tigte Energie und Steuersignale. Ihr koordinierter Betrieb gew\u00e4hrleistet den reibungslosen Betrieb des Hydrauliksystems. FMP liefert sowohl Hydraulikzylinder als auch Aggregate.<\/p>\n<h2>H\u00e4ufig gestellte Fragen<\/h2>\n<dl>\n<dt>F1: Kann die Bohrungsgr\u00f6\u00dfe des Hydraulikzylinders angepasst werden?<\/dt>\n<dd>A1: Ja, wir k\u00f6nnen die Bohrungsgr\u00f6\u00dfe entsprechend Ihren Anforderungen gestalten.<\/dd>\n<dt>F2: Wie lange ist die Garantiezeit f\u00fcr den Hydraulikzylinder?<\/dt>\n<dd>A2: Wir gew\u00e4hren auf unseren Hydraulikzylinder eine 1-j\u00e4hrige Garantie.<\/dd>\n<dt>F3: Bieten Sie Kundendienst an?<\/dt>\n<dd>A3: Ja, wir bieten Online-Support nach Ablauf der Garantie.<\/dd>\n<\/dl>\n<h3>\u00dcber FMP<\/h3>\n<p class=\"break-words\">FMP ist ein f\u00fchrender italienischer Hersteller, der sich auf die Konstruktion, Entwicklung und Produktion hochwertiger Hydraulikzylinder spezialisiert hat. Mit unserer langj\u00e4hrigen Erfahrung verbinden wir italienische Handwerkskunst mit modernster Technologie, um au\u00dfergew\u00f6hnliche Hydraulikl\u00f6sungen zu liefern, die auf die vielf\u00e4ltigen Bed\u00fcrfnisse unserer weltweiten Kundschaft zugeschnitten sind. Mit Sitz in Italien, einem Zentrum der Ingenieurskunst, gilt FMP als vertrauensw\u00fcrdiger Name in der Hydraulikbranche und hat sich der Bereitstellung zuverl\u00e4ssiger, langlebiger und innovativer Produkte verschrieben, die Unternehmen weltweit unterst\u00fctzen.<\/p>\n<p class=\"break-words\">Unser Unternehmen verbindet die besten Fertigungstraditionen mit einem zukunftsorientierten Ansatz. Dank langj\u00e4hriger Erfahrung im Bereich Hydrauliksysteme hat sich FMP zu einem modernen Unternehmen entwickelt, das sich durch herausragende Leistungen in Forschung, Design und Produktion auszeichnet. Wir sind spezialisiert auf ein breites Spektrum an Hydraulikzylindern, darunter doppeltwirkende Zylinder, Automobil-Hubzylinder, Landmaschinenzylinder und ma\u00dfgeschneiderte L\u00f6sungen f\u00fcr verschiedene Industrieanwendungen. Ob f\u00fcr Bauwesen, Industrieanlagen, Landwirtschaft oder Schwermaschinen \u2013 unsere Hydraulikzylinder sind f\u00fcr h\u00e4rteste Bedingungen ausgelegt und gew\u00e4hrleisten Sicherheit, Effizienz und Langlebigkeit.<\/p>\n<p><img loading=\"lazy\" decoding=\"async\" class=\"alignnone size-full wp-image-6720\" src=\"https:\/\/fmp-components.com\/wp-content\/uploads\/2025\/03\/hydraulic-cylinder-8.webp\" alt=\"Teleskop-Hydraulikzylinder\" width=\"933\" height=\"526\" title=\"\" srcset=\"https:\/\/fmp-components.com\/wp-content\/uploads\/2025\/03\/hydraulic-cylinder-8.webp 933w, https:\/\/fmp-components.com\/wp-content\/uploads\/2025\/03\/hydraulic-cylinder-8-480x271.webp 480w\" sizes=\"(min-width: 0px) and (max-width: 480px) 480px, (min-width: 481px) 933px, 100vw\" \/><\/p>\n<p class=\"break-words\">Bei FMP sind wir stolz auf unsere hochmodernen Produktionsanlagen, die mit Pr\u00e4zisionsmaschinen und fortschrittlichen Pr\u00fcfsystemen ausgestattet sind. Unsere Fertigungsprozesse entsprechen strengen nationalen und internationalen Standards und gew\u00e4hrleisten, dass jeder Hydraulikzylinder, der unser Werk verl\u00e4sst, von h\u00f6chster Qualit\u00e4t und Zuverl\u00e4ssigkeit ist. Unser qualifiziertes technisches Team und modernste Ausr\u00fcstung erm\u00f6glichen uns eine strenge Qualit\u00e4tskontrolle in jeder Produktionsphase \u2013 von der Rohstoffauswahl bis zur Endkontrolle. Dieses Streben nach Exzellenz hat uns Zertifizierungen und Anerkennungen von Branchenbeh\u00f6rden eingebracht und unseren Ruf als zuverl\u00e4ssiger Partner weiter gefestigt.<\/p>\n<p class=\"break-words\">Unsere Mission ist einfach und doch ehrgeizig: Wir m\u00f6chten unseren Kunden Hydraulikzylinder liefern, die ihre Erwartungen in puncto Leistung, Langlebigkeit und Wert \u00fcbertreffen. Professionalit\u00e4t, Integrit\u00e4t und Kundenorientierung sind unsere Leitprinzipien. Durch Innovation und Pr\u00e4zision entwickeln wir unsere Produkte kontinuierlich weiter, um im Wettbewerb die Nase vorn zu behalten. Unser umfassendes Produktsortiment und unsere F\u00e4higkeit, ma\u00dfgeschneiderte L\u00f6sungen anzubieten, machen uns zur ersten Wahl f\u00fcr Unternehmen, die leistungsstarke Hydraulikzylinder suchen.<\/p>\n<p class=\"break-words\">FMP ist mehr als nur ein Hersteller \u2013 wir sind Ihr Partner f\u00fcr Ihren Erfolg. Wir wissen, dass unsere Kunden auf uns vertrauen, wenn es um Werkzeuge geht, die ihre Produktivit\u00e4t und Sicherheit steigern. Deshalb bieten wir nicht nur erstklassige Produkte, sondern auch hervorragenden Service. Von der ersten Beratung bis zum After-Sales-Support arbeiten wir eng mit unseren Kunden zusammen, um sicherzustellen, dass ihre Bed\u00fcrfnisse professionell und sorgf\u00e4ltig erf\u00fcllt werden. Unsere wettbewerbsf\u00e4higen Preise und unser unerm\u00fcdliches Engagement f\u00fcr Qualit\u00e4t machen FMP zur intelligenten Wahl f\u00fcr Unternehmen, die in zuverl\u00e4ssige Hydraulikl\u00f6sungen investieren m\u00f6chten.<\/p>","protected":false},"excerpt":{"rendered":"<p>3 Ton Telescopic Multi Stages Trailer Ram For Agriculture Machinery From FMP Welcome to the world of high-quality hydraulic cylinders From FMP. Our 3 Ton Telescopic Multi Stages Trailer Ram is specifically designed for agricultural machinery, providing superior performance and durability. Its compact structure, high reliability, and excellent efficiency make it the perfect choice for [&hellip;]<\/p>","protected":false},"featured_media":6708,"comment_status":"closed","ping_status":"closed","template":"","meta":{"_et_pb_use_builder":"","_et_pb_old_content":"","_et_gb_content_width":""},"product_brand":[],"product_cat":[103],"product_tag":[34,105],"class_list":{"0":"post-6598","1":"product","2":"type-product","3":"status-publish","4":"has-post-thumbnail","6":"product_cat-telescopic-hydraulic-cylinders","7":"product_tag-hydraulic-cylinder","8":"product_tag-telescopic-hydraulic-cylinders","10":"first","11":"instock","12":"product-type-simple"},"_links":{"self":[{"href":"https:\/\/fmp-components.com\/de\/wp-json\/wp\/v2\/product\/6598","targetHints":{"allow":["GET"]}}],"collection":[{"href":"https:\/\/fmp-components.com\/de\/wp-json\/wp\/v2\/product"}],"about":[{"href":"https:\/\/fmp-components.com\/de\/wp-json\/wp\/v2\/types\/product"}],"replies":[{"embeddable":true,"href":"https:\/\/fmp-components.com\/de\/wp-json\/wp\/v2\/comments?post=6598"}],"wp:featuredmedia":[{"embeddable":true,"href":"https:\/\/fmp-components.com\/de\/wp-json\/wp\/v2\/media\/6708"}],"wp:attachment":[{"href":"https:\/\/fmp-components.com\/de\/wp-json\/wp\/v2\/media?parent=6598"}],"wp:term":[{"taxonomy":"product_brand","embeddable":true,"href":"https:\/\/fmp-components.com\/de\/wp-json\/wp\/v2\/product_brand?post=6598"},{"taxonomy":"product_cat","embeddable":true,"href":"https:\/\/fmp-components.com\/de\/wp-json\/wp\/v2\/product_cat?post=6598"},{"taxonomy":"product_tag","embeddable":true,"href":"https:\/\/fmp-components.com\/de\/wp-json\/wp\/v2\/product_tag?post=6598"}],"curies":[{"name":"wp","href":"https:\/\/api.w.org\/{rel}","templated":true}]}}