{"id":6595,"date":"2025-03-11T06:32:38","date_gmt":"2025-03-11T06:32:38","guid":{"rendered":"https:\/\/fmp-components.com\/product\/factory-serving-stainless-steel-hydraulic-cylinder-for-seeder"},"modified":"2025-03-12T02:50:08","modified_gmt":"2025-03-12T02:50:08","slug":"factory-serving-stainless-steel-hydraulic-cylinder-for-seeder","status":"publish","type":"product","link":"https:\/\/fmp-components.com\/de\/product\/factory-serving-stainless-steel-hydraulic-cylinder-for-seeder\/","title":{"rendered":"Werksseitiger Hydraulikzylinder aus Edelstahl f\u00fcr S\u00e4maschinen"},"content":{"rendered":"<h2>Werksseitiger Hydraulikzylinder aus Edelstahl f\u00fcr S\u00e4maschinen<\/h2>\n<p>FMP pr\u00e4sentiert den neuen Hydraulikzylinder aus Edelstahl f\u00fcr S\u00e4maschinen \u2013 eine bahnbrechende Innovation in der Hydrauliktechnologie. Dieser leistungsstarke Zylinder wurde f\u00fcr h\u00f6chste Anspr\u00fcche entwickelt und wird Ihre Arbeitsweise in der Landwirtschaft, in Maschinenreparaturwerkst\u00e4tten, im Energie- und Bergbausektor sowie in der Maschinenbauindustrie revolutionieren. Seine hochwertigen Funktionen und die robuste Bauweise garantieren maximale Effizienz und Langlebigkeit.<\/p>\n<h2>Technische Spezifikationen<\/h2>\n<p>Der Hydraulikzylinder ist aufwendig konstruiert und erf\u00fcllt die hohen Anforderungen verschiedener Branchen. Das Produkt hat eine einj\u00e4hrige Garantie und wiegt 38 kg. Hier die detaillierten technischen Daten:<\/p>\n<table style=\"width: 100.51%;\" border=\"\">\n<tbody>\n<tr>\n<td style=\"width: 42.9379%;\"><i>Bohrungsgr\u00f6\u00dfe<\/i><\/td>\n<td style=\"width: 476.836%;\">2-6 Zoll<\/td>\n<\/tr>\n<tr>\n<td style=\"width: 42.9379%;\"><i>Stangengr\u00f6\u00dfe<\/i><\/td>\n<td style=\"width: 476.836%;\">1,125-4 Zoll<\/td>\n<\/tr>\n<tr>\n<td style=\"width: 42.9379%;\"><i>Strichgr\u00f6\u00dfe<\/i><\/td>\n<td style=\"width: 476.836%;\">4-100 Zoll<\/td>\n<\/tr>\n<tr>\n<td style=\"width: 42.9379%;\"><i>Pin-Gr\u00f6\u00dfe<\/i><\/td>\n<td style=\"width: 476.836%;\">0,5-2 Zoll<\/td>\n<\/tr>\n<tr>\n<td style=\"width: 42.9379%;\"><i>H\u00e4fen<\/i><\/td>\n<td style=\"width: 476.836%;\">G\/SAE\/NPT\/M<\/td>\n<\/tr>\n<\/tbody>\n<\/table>\n<h2>Einzigartige Funktionen und Vorteile<\/h2>\n<ul>\n<li>Energieeffizient<\/li>\n<li>Hohe Effizienz und Leistung<\/li>\n<li>Sicher und zuverl\u00e4ssig<\/li>\n<li>Standardbauweise mit Kolbenzylinder<\/li>\n<li>Maximaler Schub: 3000 und maximale Zugkraft: 20 Tonnen<\/li>\n<li>ISO9001:2000 zertifiziert<\/li>\n<\/ul>\n<h3>Funktionsprinzip hydraulischer Systeme<\/h3>\n<p>Der Hydraulikzylinder arbeitet nach dem Grundprinzip der Druckbeaufschlagung, die eine lineare Bewegung bewirkt. Wird Hydraulikfl\u00fcssigkeit in den Zylinder eingeleitet, wird sie von einem Hydraulikaggregat unter Druck gesetzt. Dadurch entsteht eine Kraft, die auf den Kolben im Zylinder wirkt. Diese Kraft treibt den Kolben linear an und erm\u00f6glicht so eine kontrollierte Bewegung. Die einzigartige Konstruktion von Hydrauliksystemen sorgt daf\u00fcr, dass bereits geringe Fl\u00fcssigkeitsmengen eine erhebliche Kraft erzeugen k\u00f6nnen. Dadurch eignen sie sich hervorragend f\u00fcr Aufgaben, die das Heben oder Schieben schwerer Lasten erfordern. Dieses Prinzip der Fluiddynamik erm\u00f6glicht es Hydraulikzylindern, in verschiedensten Anwendungen pr\u00e4zise und zuverl\u00e4ssig zu arbeiten.<\/p>\n<p><img loading=\"lazy\" decoding=\"async\" class=\"alignnone  wp-image-6664\" src=\"https:\/\/fmp-components.com\/wp-content\/uploads\/2025\/03\/telescopic-hydraulic-cylinder-8.webp\" alt=\"Teleskop-Hydraulikzylinder\" width=\"884\" height=\"884\" title=\"\" srcset=\"https:\/\/fmp-components.com\/wp-content\/uploads\/2025\/03\/telescopic-hydraulic-cylinder-8.webp 884w, https:\/\/fmp-components.com\/wp-content\/uploads\/2025\/03\/telescopic-hydraulic-cylinder-8-480x480.webp 480w\" sizes=\"(min-width: 0px) and (max-width: 480px) 480px, (min-width: 481px) 884px, 100vw\" \/><\/p>\n<h3>Anwendungsbereiche<\/h3>\n<p>Dieser mehrstufige Hydraulikzylinder eignet sich ideal f\u00fcr eine Vielzahl von Anwendungen, insbesondere in Branchen, die hohe Hub- und Bewegungskapazit\u00e4ten erfordern. Beispielsweise ist er perfekt f\u00fcr den Einsatz in Kippanh\u00e4ngern geeignet, wo er den Kippmechanismus zum Entladen schwerer Materialien wie Kies, Sand oder Bauschutt unterst\u00fctzt. Dank seiner hohen Kapazit\u00e4t und seines langen Hubs ist er zudem ideal f\u00fcr Maschinenwerkst\u00e4tten, wo er schwere Ger\u00e4te f\u00fcr Wartungs- und Reparaturarbeiten anheben und positionieren kann. In der Landwirtschaft ist dieser Hydraulikzylinder unverzichtbar f\u00fcr den Betrieb von Ger\u00e4ten wie Traktoren und Ladern und erm\u00f6glicht Landwirten die effiziente Erledigung verschiedenster Aufgaben. Auch die Energie- und Bergbauindustrie profitiert von seinem Einsatz in Bohr- und Aushubger\u00e4ten, wo zuverl\u00e4ssige Hubkraft entscheidend ist. Insgesamt ist dieser mehrstufige Hydraulikzylinder so konzipiert, dass er die hohen Anforderungen verschiedener Branchen erf\u00fcllt und die f\u00fcr Schwerlastanwendungen erforderliche St\u00e4rke und Vielseitigkeit bietet.<\/p>\n<h2>Hydraulikzylinder und Antriebseinheiten<\/h2>\n<p>Hydraulikzylinder und Hydraulikaggregate sind integrale Bestandteile jedes Hydrauliksystems und arbeiten zusammen, um optimale Leistung und Effizienz zu gew\u00e4hrleisten. Der Hydraulikzylinder dient als Aktor und wandelt hydraulische Energie in mechanische Bewegung um. Er \u00fcbersetzt den vom Hydraulik\u00f6l erzeugten Druck in eine lineare Bewegung und erm\u00f6glicht so Aufgaben wie Heben, Schieben oder Ziehen mit gro\u00dfer Kraft.<\/p>\n<p>Andererseits bildet die Hydraulikeinheit das Herzst\u00fcck des Hydrauliksystems. Sie erzeugt den ben\u00f6tigten Hydraulikdruck, um die Fl\u00fcssigkeit durch das System zu f\u00f6rdern und einen gleichm\u00e4\u00dfigen Durchfluss zu gew\u00e4hrleisten. Die Hydraulikeinheit besteht typischerweise aus Motor, Pumpe, Beh\u00e4lter und Steuerventilen und sorgt f\u00fcr den reibungslosen und effizienten Betrieb des Hydraulikzylinders. Das Zusammenspiel dieser beiden Komponenten ist essenziell f\u00fcr den effektiven Betrieb von Hydrauliksystemen und erm\u00f6glicht es Unternehmen, die Hydrauliktechnologie f\u00fcr vielf\u00e4ltige Anwendungen zu nutzen. Durch die Bereitstellung von Hydraulikzylindern und Hydraulikeinheiten k\u00f6nnen Unternehmen vollst\u00e4ndig integrierte Systeme schaffen, die die Produktivit\u00e4t und Leistung ihrer Betriebsabl\u00e4ufe steigern.<\/p>\n<p><img loading=\"lazy\" decoding=\"async\" class=\"alignnone  wp-image-6663\" src=\"https:\/\/fmp-components.com\/wp-content\/uploads\/2025\/03\/telescopic-hydraulic-cylinder-11.webp\" alt=\"Teleskop-Hydraulikzylinder\" width=\"930\" height=\"930\" title=\"\" srcset=\"https:\/\/fmp-components.com\/wp-content\/uploads\/2025\/03\/telescopic-hydraulic-cylinder-11.webp 930w, https:\/\/fmp-components.com\/wp-content\/uploads\/2025\/03\/telescopic-hydraulic-cylinder-11-480x480.webp 480w\" sizes=\"(min-width: 0px) and (max-width: 480px) 480px, (min-width: 481px) 930px, 100vw\" \/><\/p>\n<h2>H\u00e4ufig gestellte Fragen<\/h2>\n<p>F: Sind Sie ein Handelsunternehmen oder Hersteller?<br \/>\nA: Wir sind eine Fabrik.<\/p>\n<p>F: Wie lange ist Ihre Lieferzeit?<br \/>\nA: Im Allgemeinen sind es 25\u201335 Tage.<br \/>\n<img alt=\"\" \/><br \/>\nF: Stellen Sie Muster zur Verf\u00fcgung? Ist es kostenlos oder extra?<br \/>\nA: Ja, wir k\u00f6nnten die Probe anbieten, aber sie ist nicht kostenlos.<\/p>\n<h3>\u00dcber FMP<\/h3>\n<p class=\"break-words\">FMP ist ein f\u00fchrender italienischer Hersteller, der sich auf die Konstruktion, Entwicklung und Produktion hochwertiger Hydraulikzylinder spezialisiert hat. Mit unserer langj\u00e4hrigen Erfahrung verbinden wir italienische Handwerkskunst mit modernster Technologie, um au\u00dfergew\u00f6hnliche Hydraulikl\u00f6sungen zu liefern, die auf die vielf\u00e4ltigen Bed\u00fcrfnisse unserer weltweiten Kundschaft zugeschnitten sind. Mit Sitz in Italien, einem Zentrum der Ingenieurskunst, gilt FMP als vertrauensw\u00fcrdiger Name in der Hydraulikbranche und hat sich der Bereitstellung zuverl\u00e4ssiger, langlebiger und innovativer Produkte verschrieben, die Unternehmen weltweit unterst\u00fctzen.<\/p>\n<p class=\"break-words\">Unser Unternehmen verbindet die besten Fertigungstraditionen mit einem zukunftsorientierten Ansatz. Dank langj\u00e4hriger Erfahrung im Bereich Hydrauliksysteme hat sich FMP zu einem modernen Unternehmen entwickelt, das sich durch herausragende Leistungen in Forschung, Design und Produktion auszeichnet. Wir sind spezialisiert auf ein breites Spektrum an Hydraulikzylindern, darunter doppeltwirkende Zylinder, Automobil-Hubzylinder, Landmaschinenzylinder und ma\u00dfgeschneiderte L\u00f6sungen f\u00fcr verschiedene Industrieanwendungen. Ob f\u00fcr Bauwesen, Industrieanlagen, Landwirtschaft oder Schwermaschinen \u2013 unsere Hydraulikzylinder sind f\u00fcr h\u00e4rteste Bedingungen ausgelegt und gew\u00e4hrleisten Sicherheit, Effizienz und Langlebigkeit.<\/p>\n<p><img loading=\"lazy\" decoding=\"async\" class=\"alignnone size-full wp-image-6720\" src=\"https:\/\/fmp-components.com\/wp-content\/uploads\/2025\/03\/hydraulic-cylinder-8.webp\" alt=\"Teleskop-Hydraulikzylinder\" width=\"933\" height=\"526\" title=\"\" srcset=\"https:\/\/fmp-components.com\/wp-content\/uploads\/2025\/03\/hydraulic-cylinder-8.webp 933w, https:\/\/fmp-components.com\/wp-content\/uploads\/2025\/03\/hydraulic-cylinder-8-480x271.webp 480w\" sizes=\"(min-width: 0px) and (max-width: 480px) 480px, (min-width: 481px) 933px, 100vw\" \/><\/p>\n<p class=\"break-words\">Bei FMP sind wir stolz auf unsere hochmodernen Produktionsanlagen, die mit Pr\u00e4zisionsmaschinen und fortschrittlichen Pr\u00fcfsystemen ausgestattet sind. Unsere Fertigungsprozesse entsprechen strengen nationalen und internationalen Standards und gew\u00e4hrleisten, dass jeder Hydraulikzylinder, der unser Werk verl\u00e4sst, von h\u00f6chster Qualit\u00e4t und Zuverl\u00e4ssigkeit ist. Unser qualifiziertes technisches Team und modernste Ausr\u00fcstung erm\u00f6glichen uns eine strenge Qualit\u00e4tskontrolle in jeder Produktionsphase \u2013 von der Rohstoffauswahl bis zur Endkontrolle. Dieses Streben nach Exzellenz hat uns Zertifizierungen und Anerkennungen von Branchenbeh\u00f6rden eingebracht und unseren Ruf als zuverl\u00e4ssiger Partner weiter gefestigt.<\/p>\n<p class=\"break-words\">Unsere Mission ist einfach und doch ehrgeizig: Wir m\u00f6chten unseren Kunden Hydraulikzylinder liefern, die ihre Erwartungen in puncto Leistung, Langlebigkeit und Wert \u00fcbertreffen. Professionalit\u00e4t, Integrit\u00e4t und Kundenorientierung sind unsere Leitprinzipien. Durch Innovation und Pr\u00e4zision entwickeln wir unsere Produkte kontinuierlich weiter, um im Wettbewerb die Nase vorn zu behalten. Unser umfassendes Produktsortiment und unsere F\u00e4higkeit, ma\u00dfgeschneiderte L\u00f6sungen anzubieten, machen uns zur ersten Wahl f\u00fcr Unternehmen, die leistungsstarke Hydraulikzylinder suchen.<\/p>\n<p class=\"break-words\">FMP ist mehr als nur ein Hersteller \u2013 wir sind Ihr Partner f\u00fcr Ihren Erfolg. Wir wissen, dass unsere Kunden auf uns vertrauen, wenn es um Werkzeuge geht, die ihre Produktivit\u00e4t und Sicherheit steigern. Deshalb bieten wir nicht nur erstklassige Produkte, sondern auch hervorragenden Service. Von der ersten Beratung bis zum After-Sales-Support arbeiten wir eng mit unseren Kunden zusammen, um sicherzustellen, dass ihre Bed\u00fcrfnisse professionell und sorgf\u00e4ltig erf\u00fcllt werden. Unsere wettbewerbsf\u00e4higen Preise und unser unerm\u00fcdliches Engagement f\u00fcr Qualit\u00e4t machen FMP zur intelligenten Wahl f\u00fcr Unternehmen, die in zuverl\u00e4ssige Hydraulikl\u00f6sungen investieren m\u00f6chten.<\/p>","protected":false},"excerpt":{"rendered":"<p>Factory Serving Stainless Steel Hydraulic Cylinder For Seeder FMP brings you the new stainless steel hydraulic cylinder for seeder, a breakthrough in hydraulic technology. Made for perfection, this powerhouse is set to change the way you work in farms, machinery repair shops, energy &amp; mining sectors, and machinery manufacturing. Its high-end features and robust build [&hellip;]<\/p>","protected":false},"featured_media":6705,"comment_status":"closed","ping_status":"closed","template":"","meta":{"_et_pb_use_builder":"","_et_pb_old_content":"","_et_gb_content_width":""},"product_brand":[],"product_cat":[103],"product_tag":[34,105],"class_list":{"0":"post-6595","1":"product","2":"type-product","3":"status-publish","4":"has-post-thumbnail","6":"product_cat-telescopic-hydraulic-cylinders","7":"product_tag-hydraulic-cylinder","8":"product_tag-telescopic-hydraulic-cylinders","10":"first","11":"instock","12":"product-type-simple"},"_links":{"self":[{"href":"https:\/\/fmp-components.com\/de\/wp-json\/wp\/v2\/product\/6595","targetHints":{"allow":["GET"]}}],"collection":[{"href":"https:\/\/fmp-components.com\/de\/wp-json\/wp\/v2\/product"}],"about":[{"href":"https:\/\/fmp-components.com\/de\/wp-json\/wp\/v2\/types\/product"}],"replies":[{"embeddable":true,"href":"https:\/\/fmp-components.com\/de\/wp-json\/wp\/v2\/comments?post=6595"}],"wp:featuredmedia":[{"embeddable":true,"href":"https:\/\/fmp-components.com\/de\/wp-json\/wp\/v2\/media\/6705"}],"wp:attachment":[{"href":"https:\/\/fmp-components.com\/de\/wp-json\/wp\/v2\/media?parent=6595"}],"wp:term":[{"taxonomy":"product_brand","embeddable":true,"href":"https:\/\/fmp-components.com\/de\/wp-json\/wp\/v2\/product_brand?post=6595"},{"taxonomy":"product_cat","embeddable":true,"href":"https:\/\/fmp-components.com\/de\/wp-json\/wp\/v2\/product_cat?post=6595"},{"taxonomy":"product_tag","embeddable":true,"href":"https:\/\/fmp-components.com\/de\/wp-json\/wp\/v2\/product_tag?post=6595"}],"curies":[{"name":"wp","href":"https:\/\/api.w.org\/{rel}","templated":true}]}}