{"id":6592,"date":"2025-03-11T06:32:38","date_gmt":"2025-03-11T06:32:38","guid":{"rendered":"https:\/\/fmp-components.com\/product\/professional-craftsmanship-small-hydraulic-cylinder-dump-truck-hydraulic-hoist-cylinder"},"modified":"2025-03-14T02:25:10","modified_gmt":"2025-03-14T02:25:10","slug":"professional-craftsmanship-small-hydraulic-cylinder-dump-truck-hydraulic-hoist-cylinder","status":"publish","type":"product","link":"https:\/\/fmp-components.com\/de\/product\/professional-craftsmanship-small-hydraulic-cylinder-dump-truck-hydraulic-hoist-cylinder\/","title":{"rendered":"Professionelle Handwerkskunst: Kleiner Hydraulikzylinder f\u00fcr Muldenkipper"},"content":{"rendered":"<h2>Professionelle Handwerkskunst: Kleiner Hydraulikzylinder f\u00fcr Muldenkipper<\/h2>\n<p>Wir pr\u00e4sentieren unseren professionell gefertigten, kleinen Hydraulikzylinder f\u00fcr Muldenkipper \u2013 einen neuen, standardisierten, mehrstufigen Hydraulikzylinder f\u00fcr den harten Einsatz in Branchen wie Maschinenbau, Landwirtschaft, Energiewirtschaft und Bergbau. Dieser Hydraulikzylinder ist eine unverzichtbare Komponente jedes Hydrauliksystems und liefert eine pr\u00e4zise steuerbare Kraft f\u00fcr vielf\u00e4ltige Anwendungen.<\/p>\n<h3>Produktspezifikationen<\/h3>\n<table style=\"width: 99.1886%; height: 61px;\" border=\"\">\n<tbody>\n<tr>\n<td colspan=\"\" rowspan=\"\"><i>Bohrungsgr\u00f6\u00dfe<\/i><\/td>\n<td colspan=\"\" rowspan=\"\">2-6 Zoll<\/td>\n<\/tr>\n<tr>\n<td colspan=\"\" rowspan=\"\"><i>Stangengr\u00f6\u00dfe<\/i><\/td>\n<td colspan=\"\" rowspan=\"\">1,125-4 Zoll<\/td>\n<\/tr>\n<tr>\n<td colspan=\"\" rowspan=\"\"><i>Strichgr\u00f6\u00dfe<\/i><\/td>\n<td colspan=\"\" rowspan=\"\">4-100 Zoll<\/td>\n<\/tr>\n<tr>\n<td colspan=\"\" rowspan=\"\"><i>Pin-Gr\u00f6\u00dfe<\/i><\/td>\n<td colspan=\"\" rowspan=\"\">0,5-2 Zoll<\/td>\n<\/tr>\n<tr>\n<td colspan=\"\" rowspan=\"\"><i>H\u00e4fen<\/i><\/td>\n<td colspan=\"\" rowspan=\"\">G\/SAE\/NPT\/M<\/td>\n<\/tr>\n<\/tbody>\n<\/table>\n<h2>Besondere Merkmale und Vorteile<\/h2>\n<ul>\n<li>Energieeffizienz: Unser Hydraulikzylinder arbeitet mit Hydraulikenergie, einer hocheffizienten Methode der Energie\u00fcbertragung.<\/li>\n<li>Hohe Leistungsf\u00e4higkeit: Mit einem maximalen Schub von 3000 und einer maximalen Zugkraft von 20 Tonnen ist unser Hydraulikzylinder f\u00fcr die Bew\u00e4ltigung schwerer Lasten ausgelegt.<\/li>\n<li>Qualit\u00e4t und Sicherheit: Unser Hydraulikzylinder ist nach ISO9001:2000 zertifiziert und erf\u00fcllt somit internationale Qualit\u00e4ts- und Sicherheitsstandards.<\/li>\n<\/ul>\n<p><img loading=\"lazy\" decoding=\"async\" class=\"alignnone  wp-image-6659\" src=\"https:\/\/fmp-components.com\/wp-content\/uploads\/2025\/03\/telescopic-hydraulic-cylinder-12.webp\" alt=\"Teleskop-Hydraulikzylinder\" width=\"787\" height=\"787\" title=\"\" srcset=\"https:\/\/fmp-components.com\/wp-content\/uploads\/2025\/03\/telescopic-hydraulic-cylinder-12.webp 787w, https:\/\/fmp-components.com\/wp-content\/uploads\/2025\/03\/telescopic-hydraulic-cylinder-12-480x480.webp 480w\" sizes=\"(min-width: 0px) and (max-width: 480px) 480px, (min-width: 481px) 787px, 100vw\" \/><\/p>\n<h2>Funktionsprinzip und Anwendungen<\/h2>\n<p>Hydraulikzylinder funktionieren, indem sie hydraulische Energie in mechanische Energie umwandeln und erm\u00f6glichen so ein breites Anwendungsspektrum. Sie werden h\u00e4ufig in Baumaschinen, Produktionsmaschinen und vielem mehr eingesetzt.<\/p>\n<h2>Hydraulikzylinder und Antriebseinheiten<\/h2>\n<p>Hydraulikzylinder und Hydraulikaggregate sind integrale Bestandteile eines Hydrauliksystems. Ihr Zusammenspiel gew\u00e4hrleistet die breite Anwendung der Hydrauliktechnik in der Industrie und bietet zuverl\u00e4ssige Energie- und Steuerungsunterst\u00fctzung f\u00fcr diverse technische und mechanische Anlagen. Als Aktor wandelt der Hydraulikzylinder hydraulische Energie in mechanische Bewegung um und transformiert Druck in Kraft. Das Hydraulikaggregat bildet das Herzst\u00fcck des Systems und liefert die ben\u00f6tigte Energie und Steuersignale. Das koordinierte Zusammenspiel beider Komponenten erm\u00f6glicht den einwandfreien Betrieb des Hydrauliksystems.<\/p>\n<h2>H\u00e4ufig gestellte Fragen<\/h2>\n<p><b>F: Sind Sie ein Handelsunternehmen oder ein Hersteller?<\/b><br \/>\nA: Wir sind ein Hersteller.<\/p>\n<p><b>F: Wie lange dauert die Lieferung Ihrer Hydraulikzylinder?<\/b><br \/>\nA: Im Allgemeinen betr\u00e4gt die Lieferzeit 25\u201335 Tage.<\/p>\n<p><b>F: K\u00f6nnen Sie gem\u00e4\u00df den Mustern produzieren?<\/b><br \/>\nA: Ja, wir k\u00f6nnen anhand Ihrer Muster oder technischen Zeichnungen produzieren. Wir k\u00f6nnen die Formen und Vorrichtungen bauen.<\/p>\n<h3>\u00dcber FMP<\/h3>\n<p class=\"break-words\">FMP ist ein f\u00fchrender italienischer Hersteller, der sich auf die Konstruktion, Entwicklung und Produktion hochwertiger Hydraulikzylinder spezialisiert hat. Mit unserer langj\u00e4hrigen Erfahrung verbinden wir italienische Handwerkskunst mit modernster Technologie, um au\u00dfergew\u00f6hnliche Hydraulikl\u00f6sungen zu liefern, die auf die vielf\u00e4ltigen Bed\u00fcrfnisse unserer weltweiten Kundschaft zugeschnitten sind. Mit Sitz in Italien, einem Zentrum der Ingenieurskunst, gilt FMP als vertrauensw\u00fcrdiger Name in der Hydraulikbranche und hat sich der Bereitstellung zuverl\u00e4ssiger, langlebiger und innovativer Produkte verschrieben, die Unternehmen weltweit unterst\u00fctzen.<\/p>\n<p class=\"break-words\">Unser Unternehmen verbindet die besten Fertigungstraditionen mit einem zukunftsorientierten Ansatz. Dank langj\u00e4hriger Erfahrung im Bereich Hydrauliksysteme hat sich FMP zu einem modernen Unternehmen entwickelt, das sich durch herausragende Leistungen in Forschung, Design und Produktion auszeichnet. Wir sind spezialisiert auf ein breites Spektrum an Hydraulikzylindern, darunter doppeltwirkende Zylinder, Automobil-Hubzylinder, Landmaschinenzylinder und ma\u00dfgeschneiderte L\u00f6sungen f\u00fcr verschiedene Industrieanwendungen. Ob f\u00fcr Bauwesen, Industrieanlagen, Landwirtschaft oder Schwermaschinen \u2013 unsere Hydraulikzylinder sind f\u00fcr h\u00e4rteste Bedingungen ausgelegt und gew\u00e4hrleisten Sicherheit, Effizienz und Langlebigkeit.<\/p>\n<p><img loading=\"lazy\" decoding=\"async\" class=\"alignnone size-full wp-image-6720\" src=\"https:\/\/fmp-components.com\/wp-content\/uploads\/2025\/03\/hydraulic-cylinder-8.webp\" alt=\"Teleskop-Hydraulikzylinder\" width=\"933\" height=\"526\" title=\"\" srcset=\"https:\/\/fmp-components.com\/wp-content\/uploads\/2025\/03\/hydraulic-cylinder-8.webp 933w, https:\/\/fmp-components.com\/wp-content\/uploads\/2025\/03\/hydraulic-cylinder-8-480x271.webp 480w\" sizes=\"(min-width: 0px) and (max-width: 480px) 480px, (min-width: 481px) 933px, 100vw\" \/><\/p>\n<p class=\"break-words\">Bei FMP sind wir stolz auf unsere hochmodernen Produktionsanlagen, die mit Pr\u00e4zisionsmaschinen und fortschrittlichen Pr\u00fcfsystemen ausgestattet sind. Unsere Fertigungsprozesse entsprechen strengen nationalen und internationalen Standards und gew\u00e4hrleisten, dass jeder Hydraulikzylinder, der unser Werk verl\u00e4sst, von h\u00f6chster Qualit\u00e4t und Zuverl\u00e4ssigkeit ist. Unser qualifiziertes technisches Team und modernste Ausr\u00fcstung erm\u00f6glichen uns eine strenge Qualit\u00e4tskontrolle in jeder Produktionsphase \u2013 von der Rohstoffauswahl bis zur Endkontrolle. Dieses Streben nach Exzellenz hat uns Zertifizierungen und Anerkennungen von Branchenbeh\u00f6rden eingebracht und unseren Ruf als zuverl\u00e4ssiger Partner weiter gefestigt.<\/p>\n<p class=\"break-words\">Unsere Mission ist einfach und doch ehrgeizig: Wir m\u00f6chten unseren Kunden Hydraulikzylinder liefern, die ihre Erwartungen in puncto Leistung, Langlebigkeit und Wert \u00fcbertreffen. Professionalit\u00e4t, Integrit\u00e4t und Kundenorientierung sind unsere Leitprinzipien. Durch Innovation und Pr\u00e4zision entwickeln wir unsere Produkte kontinuierlich weiter, um im Wettbewerb die Nase vorn zu behalten. Unser umfassendes Produktsortiment und unsere F\u00e4higkeit, ma\u00dfgeschneiderte L\u00f6sungen anzubieten, machen uns zur ersten Wahl f\u00fcr Unternehmen, die leistungsstarke Hydraulikzylinder suchen.<\/p>\n<p class=\"break-words\">FMP ist mehr als nur ein Hersteller \u2013 wir sind Ihr Partner f\u00fcr Ihren Erfolg. Wir wissen, dass unsere Kunden auf uns vertrauen, wenn es um Werkzeuge geht, die ihre Produktivit\u00e4t und Sicherheit steigern. Deshalb bieten wir nicht nur erstklassige Produkte, sondern auch hervorragenden Service. Von der ersten Beratung bis zum After-Sales-Support arbeiten wir eng mit unseren Kunden zusammen, um sicherzustellen, dass ihre Bed\u00fcrfnisse professionell und sorgf\u00e4ltig erf\u00fcllt werden. Unsere wettbewerbsf\u00e4higen Preise und unser unerm\u00fcdliches Engagement f\u00fcr Qualit\u00e4t machen FMP zur intelligenten Wahl f\u00fcr Unternehmen, die in zuverl\u00e4ssige Hydraulikl\u00f6sungen investieren m\u00f6chten.<\/p>","protected":false},"excerpt":{"rendered":"<p>Professional Craftsmanship Small Hydraulic Cylinder Dump Truck Hydraulic Hoist Cylinder Introducing our Professional Craftsmanship Small hydraulic cylinder Dump Truck Hydraulic Hoist Cylinder, a new, standard-sized multi-stage hydraulic cylinder designed for heavy-duty use in industries such as machinery repair and manufacturing, farming, energy, and mining. This hydraulic cylinder is a vital component in any hydraulic system, [&hellip;]<\/p>","protected":false},"featured_media":6802,"comment_status":"closed","ping_status":"closed","template":"","meta":{"_et_pb_use_builder":"","_et_pb_old_content":"","_et_gb_content_width":""},"product_brand":[],"product_cat":[103],"product_tag":[34,105],"class_list":{"0":"post-6592","1":"product","2":"type-product","3":"status-publish","4":"has-post-thumbnail","6":"product_cat-telescopic-hydraulic-cylinders","7":"product_tag-hydraulic-cylinder","8":"product_tag-telescopic-hydraulic-cylinders","10":"first","11":"instock","12":"product-type-simple"},"_links":{"self":[{"href":"https:\/\/fmp-components.com\/de\/wp-json\/wp\/v2\/product\/6592","targetHints":{"allow":["GET"]}}],"collection":[{"href":"https:\/\/fmp-components.com\/de\/wp-json\/wp\/v2\/product"}],"about":[{"href":"https:\/\/fmp-components.com\/de\/wp-json\/wp\/v2\/types\/product"}],"replies":[{"embeddable":true,"href":"https:\/\/fmp-components.com\/de\/wp-json\/wp\/v2\/comments?post=6592"}],"wp:featuredmedia":[{"embeddable":true,"href":"https:\/\/fmp-components.com\/de\/wp-json\/wp\/v2\/media\/6802"}],"wp:attachment":[{"href":"https:\/\/fmp-components.com\/de\/wp-json\/wp\/v2\/media?parent=6592"}],"wp:term":[{"taxonomy":"product_brand","embeddable":true,"href":"https:\/\/fmp-components.com\/de\/wp-json\/wp\/v2\/product_brand?post=6592"},{"taxonomy":"product_cat","embeddable":true,"href":"https:\/\/fmp-components.com\/de\/wp-json\/wp\/v2\/product_cat?post=6592"},{"taxonomy":"product_tag","embeddable":true,"href":"https:\/\/fmp-components.com\/de\/wp-json\/wp\/v2\/product_tag?post=6592"}],"curies":[{"name":"wp","href":"https:\/\/api.w.org\/{rel}","templated":true}]}}