{"id":6588,"date":"2025-03-11T06:32:38","date_gmt":"2025-03-11T06:32:38","guid":{"rendered":"https:\/\/fmp-components.com\/product\/quality-manufacturing-flatbed-tow-truck-4-stage-hydraulic-cylinder"},"modified":"2025-03-17T08:52:37","modified_gmt":"2025-03-17T08:52:37","slug":"quality-manufacturing-flatbed-tow-truck-4-stage-hydraulic-cylinder","status":"publish","type":"product","link":"https:\/\/fmp-components.com\/de\/product\/quality-manufacturing-flatbed-tow-truck-4-stage-hydraulic-cylinder\/","title":{"rendered":"Hochwertiger 4-stufiger Hydraulikzylinder f\u00fcr Pritschenwagen"},"content":{"rendered":"<h2>Hochwertiger 4-stufiger Hydraulikzylinder f\u00fcr Pritschenwagen<\/h2>\n<p>Der 4-stufige Hydraulikzylinder f\u00fcr Pritschenwagen von Quality Manufacturing ist ein Spitzenprodukt, das f\u00fcr robuste Leistung und lange Lebensdauer entwickelt wurde. Er ist in verschiedenen Branchen unverzichtbar, darunter Maschinenreparaturwerkst\u00e4tten, Landwirtschaft, Energie- und Bergbau, Maschinenbau und Maschinenbauunternehmen. Seine zentrale Rolle liegt in der Bereitstellung zuverl\u00e4ssiger und effizienter Hydraulikleistung, wodurch er zu einer entscheidenden Komponente in vielen Anwendungen wird.<\/p>\n<h3>Produktspezifikationen<\/h3>\n<table style=\"width: 97.6642%;\" border=\"\">\n<tbody>\n<tr>\n<td style=\"width: 43.1818%;\"><b>Bohrungsgr\u00f6\u00dfe<\/b><\/td>\n<td style=\"width: 307.955%;\">2-6 Zoll<\/td>\n<\/tr>\n<tr>\n<td style=\"width: 43.1818%;\"><b>Stangengr\u00f6\u00dfe<\/b><\/td>\n<td style=\"width: 307.955%;\">1,125-4 Zoll<\/td>\n<\/tr>\n<tr>\n<td style=\"width: 43.1818%;\"><b>Strichgr\u00f6\u00dfe<\/b><\/td>\n<td style=\"width: 307.955%;\">4-100 Zoll<\/td>\n<\/tr>\n<tr>\n<td style=\"width: 43.1818%;\"><b>Pin-Gr\u00f6\u00dfe<\/b><\/td>\n<td style=\"width: 307.955%;\">0,5-2 Zoll<\/td>\n<\/tr>\n<tr>\n<td style=\"width: 43.1818%;\"><b>H\u00e4fen<\/b><\/td>\n<td style=\"width: 307.955%;\">G\/SAE\/NPT\/M<\/td>\n<\/tr>\n<\/tbody>\n<\/table>\n<h3>Hauptfunktionen und Vorteile<\/h3>\n<ul>\n<li style=\"list-style-type: none;\">\n<ul>\n<li>Energieeffizienter Betrieb<\/li>\n<li>Hohe Leistung und Langlebigkeit<\/li>\n<li>Sichere und stabile Funktionalit\u00e4t<\/li>\n<li>Standardbauweise mit Kolbenzylinder<\/li>\n<\/ul>\n<\/li>\n<\/ul>\n<ul>\n<li>Hydraulische Leistung mit einem maximalen Schub von 3000<\/li>\n<li>Stahlgeh\u00e4usematerial f\u00fcr erh\u00f6hte Robustheit<\/li>\n<\/ul>\n<h2>Hydrauliksystem und Funktionsprinzipien<\/h2>\n<p>Der mehrstufige Hydraulikzylinder arbeitet nach dem Prinzip des Fl\u00fcssigkeitsdrucks. Dabei wird hydraulische Energie in mechanische Bewegung umgewandelt, also Druck in Kraft. Dieser Prozess gew\u00e4hrleistet den reibungslosen und effizienten Betrieb verschiedener Maschinen und Anlagen.<\/p>\n<h2>Anwendungen von Hydraulikzylindern<\/h2>\n<p>Die Einsatzm\u00f6glichkeiten des Hydraulikzylinders sind vielf\u00e4ltig und reichen von Maschinenreparaturwerkst\u00e4tten \u00fcber Landwirtschaft, Energie- und Bergbauindustrie bis hin zu Maschinenbau und Maschinenbau. Seine robuste Bauweise und seine beeindruckende Leistungsf\u00e4higkeit machen ihn zu einem unverzichtbaren Bestandteil dieser Betriebe.<\/p>\n<h2>Hydraulikzylinder und Aggregate<\/h2>\n<p>Hydraulikzylinder und Hydraulikaggregate sind unverzichtbare Komponenten von Hydrauliksystemen. Ihr koordiniertes Zusammenspiel gew\u00e4hrleistet den breiten Einsatz der Hydrauliktechnik in verschiedenen Industriezweigen und bietet zuverl\u00e4ssige Energie- und Steuerungsunterst\u00fctzung f\u00fcr diverse technische und mechanische Anlagen. FMP bietet nicht nur hochwertige Hydraulikzylinder, sondern liefert auch zuverl\u00e4ssige Hydraulikaggregate.<\/p>\n<h2>H\u00e4ufig gestellte Fragen<\/h2>\n<p><b>F: Sind Sie ein Handelsunternehmen oder Hersteller?<\/b><\/p>\n<p>A: Wir sind ein Werk in Italien.<\/p>\n<p><b>F: Wie lange ist Ihre Lieferzeit?<\/b><\/p>\n<p>A: Die Lieferung dauert in der Regel 25-35 Tage.<\/p>\n<p><b>F: K\u00f6nnen Sie gem\u00e4\u00df den Mustern produzieren?<\/b><\/p>\n<p>A: Ja, wir k\u00f6nnen anhand Ihrer Muster oder technischen Zeichnungen produzieren. Wir k\u00f6nnen die Formen und Vorrichtungen bauen.<\/p>\n<h3>\u00dcber FMP<\/h3>\n<p class=\"break-words\">FMP ist ein f\u00fchrender italienischer Hersteller, der sich auf die Konstruktion, Entwicklung und Produktion hochwertiger Hydraulikzylinder spezialisiert hat. Mit unserer langj\u00e4hrigen Erfahrung verbinden wir italienische Handwerkskunst mit modernster Technologie, um au\u00dfergew\u00f6hnliche Hydraulikl\u00f6sungen zu liefern, die auf die vielf\u00e4ltigen Bed\u00fcrfnisse unserer weltweiten Kundschaft zugeschnitten sind. Mit Sitz in Italien, einem Zentrum der Ingenieurskunst, gilt FMP als vertrauensw\u00fcrdiger Name in der Hydraulikbranche und hat sich der Bereitstellung zuverl\u00e4ssiger, langlebiger und innovativer Produkte verschrieben, die Unternehmen weltweit unterst\u00fctzen.<\/p>\n<p class=\"break-words\">Unser Unternehmen verbindet die besten Fertigungstraditionen mit einem zukunftsorientierten Ansatz. Dank langj\u00e4hriger Erfahrung im Bereich Hydrauliksysteme hat sich FMP zu einem modernen Unternehmen entwickelt, das sich durch herausragende Leistungen in Forschung, Design und Produktion auszeichnet. Wir sind spezialisiert auf ein breites Spektrum an Hydraulikzylindern, darunter doppeltwirkende Zylinder, Automobil-Hubzylinder, Landmaschinenzylinder und ma\u00dfgeschneiderte L\u00f6sungen f\u00fcr verschiedene Industrieanwendungen. Ob f\u00fcr Bauwesen, Industrieanlagen, Landwirtschaft oder Schwermaschinen \u2013 unsere Hydraulikzylinder sind f\u00fcr h\u00e4rteste Bedingungen ausgelegt und gew\u00e4hrleisten Sicherheit, Effizienz und Langlebigkeit.<\/p>\n<p><img loading=\"lazy\" decoding=\"async\" class=\"alignnone size-full wp-image-6720\" src=\"https:\/\/fmp-components.com\/wp-content\/uploads\/2025\/03\/hydraulic-cylinder-8.webp\" alt=\"Teleskop-Hydraulikzylinder\" width=\"933\" height=\"526\" title=\"\" srcset=\"https:\/\/fmp-components.com\/wp-content\/uploads\/2025\/03\/hydraulic-cylinder-8.webp 933w, https:\/\/fmp-components.com\/wp-content\/uploads\/2025\/03\/hydraulic-cylinder-8-480x271.webp 480w\" sizes=\"(min-width: 0px) and (max-width: 480px) 480px, (min-width: 481px) 933px, 100vw\" \/><\/p>\n<p class=\"break-words\">Bei FMP sind wir stolz auf unsere hochmodernen Produktionsanlagen, die mit Pr\u00e4zisionsmaschinen und fortschrittlichen Pr\u00fcfsystemen ausgestattet sind. Unsere Fertigungsprozesse entsprechen strengen nationalen und internationalen Standards und gew\u00e4hrleisten, dass jeder Hydraulikzylinder, der unser Werk verl\u00e4sst, von h\u00f6chster Qualit\u00e4t und Zuverl\u00e4ssigkeit ist. Unser qualifiziertes technisches Team und modernste Ausr\u00fcstung erm\u00f6glichen uns eine strenge Qualit\u00e4tskontrolle in jeder Produktionsphase \u2013 von der Rohstoffauswahl bis zur Endkontrolle. Dieses Streben nach Exzellenz hat uns Zertifizierungen und Anerkennungen von Branchenbeh\u00f6rden eingebracht und unseren Ruf als zuverl\u00e4ssiger Partner weiter gefestigt.<\/p>\n<p class=\"break-words\">Unsere Mission ist einfach und doch ehrgeizig: Wir m\u00f6chten unseren Kunden Hydraulikzylinder liefern, die ihre Erwartungen in puncto Leistung, Langlebigkeit und Wert \u00fcbertreffen. Professionalit\u00e4t, Integrit\u00e4t und Kundenorientierung sind unsere Leitprinzipien. Durch Innovation und Pr\u00e4zision entwickeln wir unsere Produkte kontinuierlich weiter, um im Wettbewerb die Nase vorn zu behalten. Unser umfassendes Produktsortiment und unsere F\u00e4higkeit, ma\u00dfgeschneiderte L\u00f6sungen anzubieten, machen uns zur ersten Wahl f\u00fcr Unternehmen, die leistungsstarke Hydraulikzylinder suchen.<\/p>\n<p class=\"break-words\">FMP ist mehr als nur ein Hersteller \u2013 wir sind Ihr Partner f\u00fcr Ihren Erfolg. Wir wissen, dass unsere Kunden auf uns vertrauen, wenn es um Werkzeuge geht, die ihre Produktivit\u00e4t und Sicherheit steigern. Deshalb bieten wir nicht nur erstklassige Produkte, sondern auch hervorragenden Service. Von der ersten Beratung bis zum After-Sales-Support arbeiten wir eng mit unseren Kunden zusammen, um sicherzustellen, dass ihre Bed\u00fcrfnisse professionell und sorgf\u00e4ltig erf\u00fcllt werden. Unsere wettbewerbsf\u00e4higen Preise und unser unerm\u00fcdliches Engagement f\u00fcr Qualit\u00e4t machen FMP zur intelligenten Wahl f\u00fcr Unternehmen, die in zuverl\u00e4ssige Hydraulikl\u00f6sungen investieren m\u00f6chten.<\/p>","protected":false},"excerpt":{"rendered":"<p>Quality Manufacturing Flatbed Tow Truck 4 Stage Hydraulic Cylinder The Quality Manufacturing Flatbed Tow Truck 4 Stage Hydraulic Cylinder is a top-of-the-line product designed for robust performance and long-lasting durability. It&#8217;s an indispensable part of various industries, including machinery repair shops, farms, energy and mining, machinery manufacturing, and machinery factories. This product&#8217;s central role lies [&hellip;]<\/p>","protected":false},"featured_media":6776,"comment_status":"closed","ping_status":"closed","template":"","meta":{"_et_pb_use_builder":"","_et_pb_old_content":"","_et_gb_content_width":""},"product_brand":[],"product_cat":[103],"product_tag":[34,105],"class_list":{"0":"post-6588","1":"product","2":"type-product","3":"status-publish","4":"has-post-thumbnail","6":"product_cat-telescopic-hydraulic-cylinders","7":"product_tag-hydraulic-cylinder","8":"product_tag-telescopic-hydraulic-cylinders","10":"first","11":"instock","12":"product-type-simple"},"_links":{"self":[{"href":"https:\/\/fmp-components.com\/de\/wp-json\/wp\/v2\/product\/6588","targetHints":{"allow":["GET"]}}],"collection":[{"href":"https:\/\/fmp-components.com\/de\/wp-json\/wp\/v2\/product"}],"about":[{"href":"https:\/\/fmp-components.com\/de\/wp-json\/wp\/v2\/types\/product"}],"replies":[{"embeddable":true,"href":"https:\/\/fmp-components.com\/de\/wp-json\/wp\/v2\/comments?post=6588"}],"wp:featuredmedia":[{"embeddable":true,"href":"https:\/\/fmp-components.com\/de\/wp-json\/wp\/v2\/media\/6776"}],"wp:attachment":[{"href":"https:\/\/fmp-components.com\/de\/wp-json\/wp\/v2\/media?parent=6588"}],"wp:term":[{"taxonomy":"product_brand","embeddable":true,"href":"https:\/\/fmp-components.com\/de\/wp-json\/wp\/v2\/product_brand?post=6588"},{"taxonomy":"product_cat","embeddable":true,"href":"https:\/\/fmp-components.com\/de\/wp-json\/wp\/v2\/product_cat?post=6588"},{"taxonomy":"product_tag","embeddable":true,"href":"https:\/\/fmp-components.com\/de\/wp-json\/wp\/v2\/product_tag?post=6588"}],"curies":[{"name":"wp","href":"https:\/\/api.w.org\/{rel}","templated":true}]}}