{"id":6584,"date":"2025-03-11T06:31:13","date_gmt":"2025-03-11T06:31:13","guid":{"rendered":"https:\/\/fmp-components.com\/product\/quality-manufacturing-flatbed-tow-truck-dump-truck-hydraulic-cylinder"},"modified":"2025-03-12T05:45:44","modified_gmt":"2025-03-12T05:45:44","slug":"quality-manufacturing-flatbed-tow-truck-dump-truck-hydraulic-cylinder","status":"publish","type":"product","link":"https:\/\/fmp-components.com\/de\/product\/quality-manufacturing-flatbed-tow-truck-dump-truck-hydraulic-cylinder\/","title":{"rendered":"Hochwertige Herstellung von Pritschen-Abschleppwagen, Muldenkipper, Hydraulikzylinder"},"content":{"rendered":"<h2>Hochwertige Herstellung von Pritschen-Abschleppwagen, Muldenkipper, Hydraulikzylinder<\/h2>\n<p>Entdecken Sie die Qualit\u00e4t unserer FMP-Hydraulikzylinder, die f\u00fcr den Einsatz in Pritschenwagen und Muldenkippern konzipiert wurden und in einer Vielzahl von Branchen weit verbreitet sind, darunter Maschinenreparaturwerkst\u00e4tten, Landwirtschaftsbetriebe, Energie- und Bergbau, Maschinenbau und Maschinenbaufabriken.<\/p>\n<h3>Produkteigenschaften<\/h3>\n<p>Unsere Hydraulikzylinder bieten zahlreiche Merkmale, die sie von der Konkurrenz abheben. Sie sind in Standardbauweise gefertigt und verwenden einen hydraulisch angetriebenen Kolbenzylinder. Das Geh\u00e4use besteht aus robustem Stahl und erm\u00f6glicht eine maximale Schubkraft von 3000 Nm und eine maximale Zugkraft von 20 Tonnen. Dieser mehrstufige Hydraulikzylinder erf\u00fcllt zudem die Zertifizierungsnorm ISO 9001:2000.<\/p>\n<h3>Technische Spezifikationen<\/h3>\n<table style=\"width: 99.5341%; height: 115px;\" border=\"\">\n<tbody>\n<tr style=\"height: 23px;\">\n<td style=\"width: 42.9379%; height: 23px;\"><i>Bohrungsgr\u00f6\u00dfe<\/i><\/td>\n<td style=\"width: 471.751%; height: 23px;\">2-6 Zoll<\/td>\n<\/tr>\n<tr style=\"height: 23px;\">\n<td style=\"width: 42.9379%; height: 23px;\"><i>Stangengr\u00f6\u00dfe<\/i><\/td>\n<td style=\"width: 471.751%; height: 23px;\">1,125-4 Zoll<\/td>\n<\/tr>\n<tr style=\"height: 23px;\">\n<td style=\"width: 42.9379%; height: 23px;\"><i>Strichgr\u00f6\u00dfe<\/i><\/td>\n<td style=\"width: 471.751%; height: 23px;\">4-100 Zoll<\/td>\n<\/tr>\n<tr style=\"height: 23px;\">\n<td style=\"width: 42.9379%; height: 23px;\"><i>Pin-Gr\u00f6\u00dfe<\/i><\/td>\n<td style=\"width: 471.751%; height: 23px;\">0,5-2 Zoll<\/td>\n<\/tr>\n<tr style=\"height: 23px;\">\n<td style=\"width: 42.9379%; height: 23px;\"><i>H\u00e4fen<\/i><\/td>\n<td style=\"width: 471.751%; height: 23px;\">G\/SAE\/NPT\/M<\/td>\n<\/tr>\n<\/tbody>\n<\/table>\n<h2>Einzigartige Vorteile<\/h2>\n<ul>\n<li>Energiesparend<\/li>\n<li>Hohe Effizienz<\/li>\n<li>Sicherheitsgarantie<\/li>\n<\/ul>\n<p><img loading=\"lazy\" decoding=\"async\" class=\"alignnone  wp-image-6658\" src=\"https:\/\/fmp-components.com\/wp-content\/uploads\/2025\/03\/telescopic-hydraulic-cylinder-6.webp\" alt=\"Teleskop-Hydraulikzylinder\" width=\"969\" height=\"969\" title=\"\" srcset=\"https:\/\/fmp-components.com\/wp-content\/uploads\/2025\/03\/telescopic-hydraulic-cylinder-6.webp 969w, https:\/\/fmp-components.com\/wp-content\/uploads\/2025\/03\/telescopic-hydraulic-cylinder-6-480x480.webp 480w\" sizes=\"(min-width: 0px) and (max-width: 480px) 480px, (min-width: 481px) 969px, 100vw\" \/><\/p>\n<h2>Hydrauliksystem und Funktionsprinzip<\/h2>\n<p>Unsere Hydraulikzylinder sind integrale Bestandteile von Hydrauliksystemen und spielen eine entscheidende Rolle bei der Umwandlung von hydraulischer Energie in mechanische Bewegung. Dabei wird der Fl\u00fcssigkeitsdruck in Kraft umgewandelt, wodurch verschiedene Maschinen wichtige Aufgaben erf\u00fcllen k\u00f6nnen. Das Funktionsprinzip beruht auf der Bewegung der Hydraulikfl\u00fcssigkeit, die in den Zylinder geleitet wird. Sobald die Fl\u00fcssigkeit den Zylinder f\u00fcllt, \u00fcbt sie Druck auf den Kolben aus und versetzt ihn in Bewegung. Diese lineare Bewegung kann dann genutzt werden, um schwere Lasten mit bemerkenswerter Pr\u00e4zision und Kontrolle anzuheben, zu schieben, zu ziehen oder zu bewegen.<\/p>\n<p>Die Effizienz von Hydrauliksystemen beruht ma\u00dfgeblich auf den Eigenschaften der Hydraulikfl\u00fcssigkeit. Diese ist inkompressibel und kann Kraft \u00fcber gro\u00dfe Entfernungen ohne nennenswerte Verluste \u00fcbertragen. Dadurch eignen sich Hydraulikzylinder besonders f\u00fcr Anwendungen, die hohe Kr\u00e4fte und Zuverl\u00e4ssigkeit erfordern, und gew\u00e4hrleisten optimale Leistung in unterschiedlichsten industriellen Umgebungen.<\/p>\n<h2>Anwendung von Hydraulikzylindern<\/h2>\n<p>Diese Hydraulikzylinder sind \u00e4u\u00dferst vielseitig und eignen sich ideal f\u00fcr den Einsatz in einer Vielzahl von Branchen. In Maschinenreparaturwerkst\u00e4tten erleichtern sie das Heben und Positionieren schwerer Ausr\u00fcstung und machen Wartungsarbeiten dadurch einfacher und effizienter. Dank ihrer robusten Bauweise bew\u00e4ltigen sie die Belastungen beim Heben schwerer Lasten und gew\u00e4hrleisten so Sicherheit und Zuverl\u00e4ssigkeit bei Reparaturarbeiten.<\/p>\n<p>In der Landwirtschaft sind Hydraulikzylinder unverzichtbar f\u00fcr den Betrieb von Traktoren und anderen Landmaschinen. Sie erm\u00f6glichen Landwirten Aufgaben wie das Heben und Neigen von Ger\u00e4ten, den Materialtransport und sogar die Bedienung von Anbauger\u00e4ten wie Pfl\u00fcgen und Eggen. Diese Leistungsf\u00e4higkeit steigert die Produktivit\u00e4t und Effizienz auf dem Bauernhof und macht Hydraulikzylinder zu einem unverzichtbaren Werkzeug der modernen Landwirtschaft.<\/p>\n<p>In der Energie- und Bergbauindustrie werden diese Zylinder in verschiedenen Anwendungen eingesetzt, darunter Bohren, Ausheben und Materialtransport. Ihre F\u00e4higkeit, erhebliche Kr\u00e4fte zu erzeugen, macht sie geeignet f\u00fcr die anspruchsvollen Aufgaben, die in diesen Branchen h\u00e4ufig anfallen, wo Zuverl\u00e4ssigkeit und Leistung von entscheidender Bedeutung sind.<\/p>\n<p>Hydraulikzylinder spielen zudem eine entscheidende Rolle im Maschinenbau und in Fabriken. Sie werden in Montagelinien, Pressen und automatisierten Systemen eingesetzt, wo sie zu optimierten Abl\u00e4ufen und einer h\u00f6heren Produktionseffizienz beitragen. Dank ihrer Anpassungsf\u00e4higkeit und Robustheit sind Hydraulikzylinder eine Schl\u00fcsselkomponente f\u00fcr den effektiven Betrieb von Maschinen in unterschiedlichsten industriellen Anwendungen.<\/p>\n<h3>F: Sind Sie ein Handelsunternehmen oder Hersteller?<\/h3>\n<p>A: Wir sind eine Fabrik.<\/p>\n<h3>F: Wie lange ist Ihre Lieferzeit?<\/h3>\n<p>A: Im Allgemeinen sind es 25\u201335 Tage.<\/p>\n<h3>F: Stellen Sie Muster zur Verf\u00fcgung? Ist es kostenlos oder extra?<\/h3>\n<p>A: Ja, wir k\u00f6nnten die Probe anbieten, aber sie ist nicht kostenlos.<\/p>\n<h3>\u00dcber FMP<\/h3>\n<p class=\"break-words\">FMP ist ein f\u00fchrender italienischer Hersteller, der sich auf die Konstruktion, Entwicklung und Produktion hochwertiger Hydraulikzylinder spezialisiert hat. Mit unserer langj\u00e4hrigen Erfahrung verbinden wir italienische Handwerkskunst mit modernster Technologie, um au\u00dfergew\u00f6hnliche Hydraulikl\u00f6sungen zu liefern, die auf die vielf\u00e4ltigen Bed\u00fcrfnisse unserer weltweiten Kundschaft zugeschnitten sind. Mit Sitz in Italien, einem Zentrum der Ingenieurskunst, gilt FMP als vertrauensw\u00fcrdiger Name in der Hydraulikbranche und hat sich der Bereitstellung zuverl\u00e4ssiger, langlebiger und innovativer Produkte verschrieben, die Unternehmen weltweit unterst\u00fctzen.<\/p>\n<p class=\"break-words\">Unser Unternehmen verbindet die besten Fertigungstraditionen mit einem zukunftsorientierten Ansatz. Dank langj\u00e4hriger Erfahrung im Bereich Hydrauliksysteme hat sich FMP zu einem modernen Unternehmen entwickelt, das sich durch herausragende Leistungen in Forschung, Design und Produktion auszeichnet. Wir sind spezialisiert auf ein breites Spektrum an Hydraulikzylindern, darunter doppeltwirkende Zylinder, Automobil-Hubzylinder, Landmaschinenzylinder und ma\u00dfgeschneiderte L\u00f6sungen f\u00fcr verschiedene Industrieanwendungen. Ob f\u00fcr Bauwesen, Industrieanlagen, Landwirtschaft oder Schwermaschinen \u2013 unsere Hydraulikzylinder sind f\u00fcr h\u00e4rteste Bedingungen ausgelegt und gew\u00e4hrleisten Sicherheit, Effizienz und Langlebigkeit.<\/p>\n<p><img loading=\"lazy\" decoding=\"async\" class=\"alignnone size-full wp-image-6720\" src=\"https:\/\/fmp-components.com\/wp-content\/uploads\/2025\/03\/hydraulic-cylinder-8.webp\" alt=\"Teleskop-Hydraulikzylinder\" width=\"933\" height=\"526\" title=\"\" srcset=\"https:\/\/fmp-components.com\/wp-content\/uploads\/2025\/03\/hydraulic-cylinder-8.webp 933w, https:\/\/fmp-components.com\/wp-content\/uploads\/2025\/03\/hydraulic-cylinder-8-480x271.webp 480w\" sizes=\"(min-width: 0px) and (max-width: 480px) 480px, (min-width: 481px) 933px, 100vw\" \/><\/p>\n<p class=\"break-words\">Bei FMP sind wir stolz auf unsere hochmodernen Produktionsanlagen, die mit Pr\u00e4zisionsmaschinen und fortschrittlichen Pr\u00fcfsystemen ausgestattet sind. Unsere Fertigungsprozesse entsprechen strengen nationalen und internationalen Standards und gew\u00e4hrleisten, dass jeder Hydraulikzylinder, der unser Werk verl\u00e4sst, von h\u00f6chster Qualit\u00e4t und Zuverl\u00e4ssigkeit ist. Unser qualifiziertes technisches Team und modernste Ausr\u00fcstung erm\u00f6glichen uns eine strenge Qualit\u00e4tskontrolle in jeder Produktionsphase \u2013 von der Rohstoffauswahl bis zur Endkontrolle. Dieses Streben nach Exzellenz hat uns Zertifizierungen und Anerkennungen von Branchenbeh\u00f6rden eingebracht und unseren Ruf als zuverl\u00e4ssiger Partner weiter gefestigt.<\/p>\n<p class=\"break-words\">Unsere Mission ist einfach und doch ehrgeizig: Wir m\u00f6chten unseren Kunden Hydraulikzylinder liefern, die ihre Erwartungen in puncto Leistung, Langlebigkeit und Wert \u00fcbertreffen. Professionalit\u00e4t, Integrit\u00e4t und Kundenorientierung sind unsere Leitprinzipien. Durch Innovation und Pr\u00e4zision entwickeln wir unsere Produkte kontinuierlich weiter, um im Wettbewerb die Nase vorn zu behalten. Unser umfassendes Produktsortiment und unsere F\u00e4higkeit, ma\u00dfgeschneiderte L\u00f6sungen anzubieten, machen uns zur ersten Wahl f\u00fcr Unternehmen, die leistungsstarke Hydraulikzylinder suchen.<\/p>\n<p class=\"break-words\">FMP ist mehr als nur ein Hersteller \u2013 wir sind Ihr Partner f\u00fcr Ihren Erfolg. Wir wissen, dass unsere Kunden auf uns vertrauen, wenn es um Werkzeuge geht, die ihre Produktivit\u00e4t und Sicherheit steigern. Deshalb bieten wir nicht nur erstklassige Produkte, sondern auch hervorragenden Service. Von der ersten Beratung bis zum After-Sales-Support arbeiten wir eng mit unseren Kunden zusammen, um sicherzustellen, dass ihre Bed\u00fcrfnisse professionell und sorgf\u00e4ltig erf\u00fcllt werden. Unsere wettbewerbsf\u00e4higen Preise und unser unerm\u00fcdliches Engagement f\u00fcr Qualit\u00e4t machen FMP zur intelligenten Wahl f\u00fcr Unternehmen, die in zuverl\u00e4ssige Hydraulikl\u00f6sungen investieren m\u00f6chten.<\/p>","protected":false},"excerpt":{"rendered":"<p>Quality Manufacturing Flatbed Tow Truck Dump Truck Hydraulic Cylinder Discover the quality of our FMP hydraulic cylinders, designed for use in flatbed tow trucks and dump trucks, and widely applied in a range of industries, including machinery repair shops, farms, energy &amp; mining, machinery manufacturing, and machinery factories. Product Features Our hydraulic cylinders offer a [&hellip;]<\/p>","protected":false},"featured_media":6727,"comment_status":"closed","ping_status":"closed","template":"","meta":{"_et_pb_use_builder":"","_et_pb_old_content":"","_et_gb_content_width":""},"product_brand":[],"product_cat":[103],"product_tag":[34,105],"class_list":{"0":"post-6584","1":"product","2":"type-product","3":"status-publish","4":"has-post-thumbnail","6":"product_cat-telescopic-hydraulic-cylinders","7":"product_tag-hydraulic-cylinder","8":"product_tag-telescopic-hydraulic-cylinders","10":"first","11":"instock","12":"product-type-simple"},"_links":{"self":[{"href":"https:\/\/fmp-components.com\/de\/wp-json\/wp\/v2\/product\/6584","targetHints":{"allow":["GET"]}}],"collection":[{"href":"https:\/\/fmp-components.com\/de\/wp-json\/wp\/v2\/product"}],"about":[{"href":"https:\/\/fmp-components.com\/de\/wp-json\/wp\/v2\/types\/product"}],"replies":[{"embeddable":true,"href":"https:\/\/fmp-components.com\/de\/wp-json\/wp\/v2\/comments?post=6584"}],"wp:featuredmedia":[{"embeddable":true,"href":"https:\/\/fmp-components.com\/de\/wp-json\/wp\/v2\/media\/6727"}],"wp:attachment":[{"href":"https:\/\/fmp-components.com\/de\/wp-json\/wp\/v2\/media?parent=6584"}],"wp:term":[{"taxonomy":"product_brand","embeddable":true,"href":"https:\/\/fmp-components.com\/de\/wp-json\/wp\/v2\/product_brand?post=6584"},{"taxonomy":"product_cat","embeddable":true,"href":"https:\/\/fmp-components.com\/de\/wp-json\/wp\/v2\/product_cat?post=6584"},{"taxonomy":"product_tag","embeddable":true,"href":"https:\/\/fmp-components.com\/de\/wp-json\/wp\/v2\/product_tag?post=6584"}],"curies":[{"name":"wp","href":"https:\/\/api.w.org\/{rel}","templated":true}]}}