{"id":6582,"date":"2025-03-11T06:31:13","date_gmt":"2025-03-11T06:31:13","guid":{"rendered":"https:\/\/fmp-components.com\/product\/professional-craftsmanship-4-stage-dump-truck-stainless-steel-hydraulic-cylinder"},"modified":"2025-03-12T05:36:17","modified_gmt":"2025-03-12T05:36:17","slug":"professional-craftsmanship-4-stage-dump-truck-stainless-steel-hydraulic-cylinder","status":"publish","type":"product","link":"https:\/\/fmp-components.com\/de\/product\/professional-craftsmanship-4-stage-dump-truck-stainless-steel-hydraulic-cylinder\/","title":{"rendered":"Professionelle Handwerkskunst 4-stufiger Hydraulikzylinder aus Edelstahl f\u00fcr Muldenkipper"},"content":{"rendered":"<h2>Professionelle Handwerkskunst 4-stufiger Hydraulikzylinder aus Edelstahl f\u00fcr Muldenkipper<\/h2>\n<p>Dies ist ein brandneuer, professionell gefertigter 4-stufiger Hydraulikzylinder aus Edelstahl f\u00fcr Muldenkipper, der f\u00fcr den Einsatz in verschiedenen Branchen wie Maschinenreparaturwerkst\u00e4tten, Landwirtschaft, Energie- und Bergbau, Maschinenbau und Maschinenfabriken entwickelt wurde. Dieser mehrstufige Hydraulikzylinder wird mit einer einj\u00e4hrigen Garantie auf seine Kernkomponenten geliefert, darunter ein Lager und der Hydraulikzylinder selbst.<\/p>\n<h3>Hauptmerkmale und Spezifikationen<\/h3>\n<p>Der Hydraulikzylinder verf\u00fcgt \u00fcber eine Standardkonstruktion, genauer gesagt einen Plungerzylinder. Seine Kraft wird hydraulisch erzeugt, das Geh\u00e4use besteht aus Stahl. Der Zylinder erreicht eine maximale Schubkraft von 3000 und eine maximale Zugkraft von 20 Tonnen. Die ISO9001:2000-Zertifizierung garantiert Qualit\u00e4t und Zuverl\u00e4ssigkeit.<\/p>\n<h3>Technische Details<\/h3>\n<table style=\"width: 99.3161%;\" border=\"\">\n<tbody>\n<tr>\n<td style=\"width: 42.9379%;\"><i>Bohrungsgr\u00f6\u00dfe<\/i><\/td>\n<td style=\"width: 470.621%;\">2-6 Zoll<\/td>\n<\/tr>\n<tr>\n<td style=\"width: 42.9379%;\"><i>Stangengr\u00f6\u00dfe<\/i><\/td>\n<td style=\"width: 470.621%;\">1,125-4 Zoll<\/td>\n<\/tr>\n<tr>\n<td style=\"width: 42.9379%;\"><i>Strichgr\u00f6\u00dfe<\/i><\/td>\n<td style=\"width: 470.621%;\">4-100 Zoll<\/td>\n<\/tr>\n<tr>\n<td style=\"width: 42.9379%;\"><i>Pin-Gr\u00f6\u00dfe<\/i><\/td>\n<td style=\"width: 470.621%;\">0,5-2 Zoll<\/td>\n<\/tr>\n<tr>\n<td style=\"width: 42.9379%;\"><i>H\u00e4fen<\/i><\/td>\n<td style=\"width: 470.621%;\">G\/SAE\/NPT\/M<\/td>\n<\/tr>\n<\/tbody>\n<\/table>\n<h2>Einzigartige Funktionen und Vorteile<\/h2>\n<ul>\n<li>Energiesparend<\/li>\n<li>Hocheffizient<\/li>\n<li>Sichere Anwendung<\/li>\n<\/ul>\n<h2>Tiefer Einblick in Hydrauliksysteme und Funktionsprinzipien<\/h2>\n<p>Der Hydraulikzylinder dient als Antriebskraft f\u00fcr Muldenkipper und verschiedene andere Maschinen. Er nutzt unter Druck stehende Fl\u00fcssigkeit zur Erzeugung linearer Kraft und Bewegung. Innerhalb eines Hydrauliksystems ist der Zylinder ein wichtiges Bauteil, da er die in der Hydraulikfl\u00fcssigkeit enthaltene Energie in mechanische Arbeit umsetzt. Wird Hydraulikfl\u00fcssigkeit in den Zylinder gepumpt, entsteht Druck, der den Kolben zur Bewegung zwingt und so die gew\u00fcnschte lineare Bewegung ausl\u00f6st. Dieses Prinzip ist nicht nur die Grundlage f\u00fcr den Betrieb von Muldenkippern, sondern verbessert auch die Funktionalit\u00e4t zahlreicher Ger\u00e4te und macht Hydraulikzylinder in vielen industriellen Anwendungen unverzichtbar.<\/p>\n<p><img loading=\"lazy\" decoding=\"async\" class=\"alignnone  wp-image-6659\" src=\"https:\/\/fmp-components.com\/wp-content\/uploads\/2025\/03\/telescopic-hydraulic-cylinder-12.webp\" alt=\"Teleskop-Hydraulikzylinder\" width=\"912\" height=\"912\" title=\"\" srcset=\"https:\/\/fmp-components.com\/wp-content\/uploads\/2025\/03\/telescopic-hydraulic-cylinder-12.webp 912w, https:\/\/fmp-components.com\/wp-content\/uploads\/2025\/03\/telescopic-hydraulic-cylinder-12-480x480.webp 480w\" sizes=\"(min-width: 0px) and (max-width: 480px) 480px, (min-width: 481px) 912px, 100vw\" \/><\/p>\n<h2>Anwendung des Hydraulikzylinders<\/h2>\n<p>Die Vielseitigkeit des Hydraulikzylinders zeigt sich in seiner breiten Verwendung in zahlreichen Branchen. In Maschinenwerkst\u00e4tten erleichtern diese Zylinder das Heben und Positionieren schwerer Ger\u00e4te und erm\u00f6glichen so effiziente Wartung und Reparaturen. In landwirtschaftlichen Betrieben werden Hydraulikzylinder in Traktoren und anderen landwirtschaftlichen Maschinen zum Heben, Kippen und Transportieren von Materialien eingesetzt, was die Produktivit\u00e4t landwirtschaftlicher Betriebe deutlich steigert.<\/p>\n<p>Im Energie- und Bergbausektor spielen Hydraulikzylinder eine zentrale Rolle bei Aufgaben wie Bohren, Aushub und Materialtransport, bei denen eine leistungsstarke und zuverl\u00e4ssige Leistung entscheidend ist. Dar\u00fcber hinaus sind sie im Maschinenbau und in Fabriken integraler Bestandteil von Flie\u00dfb\u00e4ndern und verschiedenen automatisierten Prozessen, wodurch die Produktion rationalisiert und die Betriebseffizienz gesteigert wird. Neben Muldenkippern werden Hydraulikzylinder auch in anderen Schwermaschinen eingesetzt, die zuverl\u00e4ssige lineare Kraft und Bewegung ben\u00f6tigen, was sie in vielen Industriebereichen unverzichtbar macht.<\/p>\n<h2>Hydraulikzylinder und Aggregate<\/h2>\n<p>Hydraulikzylinder und Antriebseinheiten sind wesentliche Komponenten jedes Hydrauliksystems. Sie arbeiten Hand in Hand, um optimale Leistung und Zuverl\u00e4ssigkeit zu gew\u00e4hrleisten. Der Hydraulikzylinder fungiert als Antrieb und wandelt hydraulische Energie in mechanische Bewegung um, indem er Druck in Kraft umwandelt. Diese F\u00e4higkeit macht ihn zu einem Arbeitsger\u00e4t, das die Bewegung schwerer Lasten und die Erledigung kritischer Aufgaben erm\u00f6glicht.<\/p>\n<p>Das Aggregat hingegen dient als Herzst\u00fcck des Hydrauliksystems und liefert die notwendige Energie und Steuersignale. Es umfasst typischerweise einen Motor, eine Pumpe, einen Beh\u00e4lter und Steuerventile, die alle zusammenarbeiten, um einen konstanten Druck und Durchfluss aufrechtzuerhalten. Die Koordination zwischen Hydraulikzylinder und Aggregat ist entscheidend f\u00fcr den reibungslosen Betrieb des Hydrauliksystems und stellt sicher, dass alle Komponenten harmonisch zusammenarbeiten, um zuverl\u00e4ssige Leistung und Steuerung zu gew\u00e4hrleisten.<\/p>\n<p>Bei FMP bieten wir umfassende Hydraulikl\u00f6sungen an, zu denen auch der Verkauf von Aggregaten geh\u00f6rt. So haben unsere Kunden sowohl Zugang zu Hydraulikzylindern als auch zu Aggregaten und k\u00f6nnen die Komponenten nahtlos in ihre Hydrauliksysteme integrieren. Mit diesen wesentlichen Elementen unterst\u00fctzen wir den effizienten und effektiven Betrieb verschiedener technischer und mechanischer Ger\u00e4te in unterschiedlichen industriellen Anwendungen.<\/p>\n<p><img loading=\"lazy\" decoding=\"async\" class=\"alignnone size-full wp-image-6660\" src=\"https:\/\/fmp-components.com\/wp-content\/uploads\/2025\/03\/hydraulic-cylinder-workshop-4.webp\" alt=\"Teleskop-Hydraulikzylinder\" width=\"914\" height=\"733\" title=\"\" srcset=\"https:\/\/fmp-components.com\/wp-content\/uploads\/2025\/03\/hydraulic-cylinder-workshop-4.webp 914w, https:\/\/fmp-components.com\/wp-content\/uploads\/2025\/03\/hydraulic-cylinder-workshop-4-480x385.webp 480w\" sizes=\"(min-width: 0px) and (max-width: 480px) 480px, (min-width: 481px) 914px, 100vw\" \/><\/p>\n<h2>H\u00e4ufig gestellte Fragen<\/h2>\n<p><span>F: Sind Sie ein Handelsunternehmen oder Hersteller?<\/span><br \/>\n<span>A: Wir sind eine Fabrik.<\/span><br \/>\n<span>F: Wie lange ist Ihre Lieferzeit?<\/span><br \/>\n<span>A: Im Allgemeinen sind es 25\u201335 Tage.<\/span><br \/>\n<span>F: Stellen Sie Muster zur Verf\u00fcgung? Ist es kostenlos oder extra?<\/span><br \/>\n<span>A: Ja, wir k\u00f6nnten die Probe anbieten, aber sie ist nicht kostenlos.<\/span><\/p>\n<h3>\u00dcber FMP<\/h3>\n<p class=\"break-words\">FMP ist ein f\u00fchrender italienischer Hersteller, der sich auf die Konstruktion, Entwicklung und Produktion hochwertiger Hydraulikzylinder spezialisiert hat. Mit unserer langj\u00e4hrigen Erfahrung verbinden wir italienische Handwerkskunst mit modernster Technologie, um au\u00dfergew\u00f6hnliche Hydraulikl\u00f6sungen zu liefern, die auf die vielf\u00e4ltigen Bed\u00fcrfnisse unserer weltweiten Kundschaft zugeschnitten sind. Mit Sitz in Italien, einem Zentrum der Ingenieurskunst, gilt FMP als vertrauensw\u00fcrdiger Name in der Hydraulikbranche und hat sich der Bereitstellung zuverl\u00e4ssiger, langlebiger und innovativer Produkte verschrieben, die Unternehmen weltweit unterst\u00fctzen.<\/p>\n<p class=\"break-words\">Unser Unternehmen verbindet die besten Fertigungstraditionen mit einem zukunftsorientierten Ansatz. Dank langj\u00e4hriger Erfahrung im Bereich Hydrauliksysteme hat sich FMP zu einem modernen Unternehmen entwickelt, das sich durch herausragende Leistungen in Forschung, Design und Produktion auszeichnet. Wir sind spezialisiert auf ein breites Spektrum an Hydraulikzylindern, darunter doppeltwirkende Zylinder, Automobil-Hubzylinder, Landmaschinenzylinder und ma\u00dfgeschneiderte L\u00f6sungen f\u00fcr verschiedene Industrieanwendungen. Ob f\u00fcr Bauwesen, Industrieanlagen, Landwirtschaft oder Schwermaschinen \u2013 unsere Hydraulikzylinder sind f\u00fcr h\u00e4rteste Bedingungen ausgelegt und gew\u00e4hrleisten Sicherheit, Effizienz und Langlebigkeit.<\/p>\n<p><img loading=\"lazy\" decoding=\"async\" class=\"alignnone size-full wp-image-6720\" src=\"https:\/\/fmp-components.com\/wp-content\/uploads\/2025\/03\/hydraulic-cylinder-8.webp\" alt=\"Teleskop-Hydraulikzylinder\" width=\"933\" height=\"526\" title=\"\" srcset=\"https:\/\/fmp-components.com\/wp-content\/uploads\/2025\/03\/hydraulic-cylinder-8.webp 933w, https:\/\/fmp-components.com\/wp-content\/uploads\/2025\/03\/hydraulic-cylinder-8-480x271.webp 480w\" sizes=\"(min-width: 0px) and (max-width: 480px) 480px, (min-width: 481px) 933px, 100vw\" \/><\/p>\n<p class=\"break-words\">Bei FMP sind wir stolz auf unsere hochmodernen Produktionsanlagen, die mit Pr\u00e4zisionsmaschinen und fortschrittlichen Pr\u00fcfsystemen ausgestattet sind. Unsere Fertigungsprozesse entsprechen strengen nationalen und internationalen Standards und gew\u00e4hrleisten, dass jeder Hydraulikzylinder, der unser Werk verl\u00e4sst, von h\u00f6chster Qualit\u00e4t und Zuverl\u00e4ssigkeit ist. Unser qualifiziertes technisches Team und modernste Ausr\u00fcstung erm\u00f6glichen uns eine strenge Qualit\u00e4tskontrolle in jeder Produktionsphase \u2013 von der Rohstoffauswahl bis zur Endkontrolle. Dieses Streben nach Exzellenz hat uns Zertifizierungen und Anerkennungen von Branchenbeh\u00f6rden eingebracht und unseren Ruf als zuverl\u00e4ssiger Partner weiter gefestigt.<\/p>\n<p class=\"break-words\">Unsere Mission ist einfach und doch ehrgeizig: Wir m\u00f6chten unseren Kunden Hydraulikzylinder liefern, die ihre Erwartungen in puncto Leistung, Langlebigkeit und Wert \u00fcbertreffen. Professionalit\u00e4t, Integrit\u00e4t und Kundenorientierung sind unsere Leitprinzipien. Durch Innovation und Pr\u00e4zision entwickeln wir unsere Produkte kontinuierlich weiter, um im Wettbewerb die Nase vorn zu behalten. Unser umfassendes Produktsortiment und unsere F\u00e4higkeit, ma\u00dfgeschneiderte L\u00f6sungen anzubieten, machen uns zur ersten Wahl f\u00fcr Unternehmen, die leistungsstarke Hydraulikzylinder suchen.<\/p>\n<p class=\"break-words\">FMP ist mehr als nur ein Hersteller \u2013 wir sind Ihr Partner f\u00fcr Ihren Erfolg. Wir wissen, dass unsere Kunden auf uns vertrauen, wenn es um Werkzeuge geht, die ihre Produktivit\u00e4t und Sicherheit steigern. Deshalb bieten wir nicht nur erstklassige Produkte, sondern auch hervorragenden Service. Von der ersten Beratung bis zum After-Sales-Support arbeiten wir eng mit unseren Kunden zusammen, um sicherzustellen, dass ihre Bed\u00fcrfnisse professionell und sorgf\u00e4ltig erf\u00fcllt werden. Unsere wettbewerbsf\u00e4higen Preise und unser unerm\u00fcdliches Engagement f\u00fcr Qualit\u00e4t machen FMP zur intelligenten Wahl f\u00fcr Unternehmen, die in zuverl\u00e4ssige Hydraulikl\u00f6sungen investieren m\u00f6chten.<\/p>","protected":false},"excerpt":{"rendered":"<p>Professional Craftsmanship 4 Stage Dump Truck Stainless Steel Hydraulic Cylinder This is a brand new Professional Craftsmanship 4 Stage Dump Truck Stainless Steel hydraulic cylinder, built to serve you in various industries such as machinery repair shops, farms, energy and mining, machinery manufacturing and machinery factories. This multistage hydraulic cylinder comes with a one-year warranty [&hellip;]<\/p>","protected":false},"featured_media":6725,"comment_status":"closed","ping_status":"closed","template":"","meta":{"_et_pb_use_builder":"","_et_pb_old_content":"","_et_gb_content_width":""},"product_brand":[],"product_cat":[103],"product_tag":[34,105],"class_list":{"0":"post-6582","1":"product","2":"type-product","3":"status-publish","4":"has-post-thumbnail","6":"product_cat-telescopic-hydraulic-cylinders","7":"product_tag-hydraulic-cylinder","8":"product_tag-telescopic-hydraulic-cylinders","10":"first","11":"instock","12":"product-type-simple"},"_links":{"self":[{"href":"https:\/\/fmp-components.com\/de\/wp-json\/wp\/v2\/product\/6582","targetHints":{"allow":["GET"]}}],"collection":[{"href":"https:\/\/fmp-components.com\/de\/wp-json\/wp\/v2\/product"}],"about":[{"href":"https:\/\/fmp-components.com\/de\/wp-json\/wp\/v2\/types\/product"}],"replies":[{"embeddable":true,"href":"https:\/\/fmp-components.com\/de\/wp-json\/wp\/v2\/comments?post=6582"}],"wp:featuredmedia":[{"embeddable":true,"href":"https:\/\/fmp-components.com\/de\/wp-json\/wp\/v2\/media\/6725"}],"wp:attachment":[{"href":"https:\/\/fmp-components.com\/de\/wp-json\/wp\/v2\/media?parent=6582"}],"wp:term":[{"taxonomy":"product_brand","embeddable":true,"href":"https:\/\/fmp-components.com\/de\/wp-json\/wp\/v2\/product_brand?post=6582"},{"taxonomy":"product_cat","embeddable":true,"href":"https:\/\/fmp-components.com\/de\/wp-json\/wp\/v2\/product_cat?post=6582"},{"taxonomy":"product_tag","embeddable":true,"href":"https:\/\/fmp-components.com\/de\/wp-json\/wp\/v2\/product_tag?post=6582"}],"curies":[{"name":"wp","href":"https:\/\/api.w.org\/{rel}","templated":true}]}}