{"id":6574,"date":"2025-03-11T06:31:13","date_gmt":"2025-03-11T06:31:13","guid":{"rendered":"https:\/\/fmp-components.com\/product\/factory-direct-sale-dump-truck-hoist-hydraulic-cylinder"},"modified":"2025-03-12T05:02:44","modified_gmt":"2025-03-12T05:02:44","slug":"factory-direct-sale-dump-truck-hoist-hydraulic-cylinder","status":"publish","type":"product","link":"https:\/\/fmp-components.com\/de\/product\/factory-direct-sale-dump-truck-hoist-hydraulic-cylinder\/","title":{"rendered":"Fabrik Direktverkauf Muldenkipper Hebezeug Hydraulikzylinder"},"content":{"rendered":"<h2>Fabrik Direktverkauf Muldenkipper Hebezeug Hydraulikzylinder<\/h2>\n<p>Willkommen in der Welt der Hydraulikzylinder! Wir pr\u00e4sentieren unser neues Produkt \u2013 den direkt ab Werk erh\u00e4ltlichen Hydraulikzylinder f\u00fcr Muldenkipper. Dieser Hydraulikzylinder ist ein Meisterwerk der Ingenieurskunst und zeichnet sich durch hohe Leistung, Effizienz und Langlebigkeit aus. Er ist die optimale L\u00f6sung f\u00fcr Maschinenreparaturwerkst\u00e4tten, Landwirtschaftsbetriebe, die Energie- und Bergbauindustrie sowie f\u00fcr Maschinenbauunternehmen und Fabriken.<\/p>\n<h3>Funktion und Bedeutung<\/h3>\n<p>Der Hydraulikzylinder des Muldenkippers spielt eine entscheidende Rolle f\u00fcr den Betrieb Ihrer Maschinen. Er wandelt hydraulische Energie in mechanische Energie um und erleichtert und optimiert so Ihre Arbeit.<\/p>\n<h3>Produktspezifikationen<\/h3>\n<p>Unser Hydraulikzylinder ist aus hochwertigem Stahl gefertigt und garantiert so maximale Langlebigkeit und Zuverl\u00e4ssigkeit. F\u00fcr Ihre Sicherheit erhalten Sie eine einj\u00e4hrige Garantie.<\/p>\n<table style=\"width: 96.7113%;\" border=\"\">\n<tbody>\n<tr>\n<td style=\"width: 42.9379%;\">Bohrungsgr\u00f6\u00dfe<\/td>\n<td style=\"width: 457.062%;\">2-6 Zoll<\/td>\n<\/tr>\n<tr>\n<td style=\"width: 42.9379%;\">Stangengr\u00f6\u00dfe<\/td>\n<td style=\"width: 457.062%;\">1,125-4 Zoll<\/td>\n<\/tr>\n<tr>\n<td style=\"width: 42.9379%;\">Strichgr\u00f6\u00dfe<\/td>\n<td style=\"width: 457.062%;\">4-100 Zoll<\/td>\n<\/tr>\n<tr>\n<td style=\"width: 42.9379%;\">Pin-Gr\u00f6\u00dfe<\/td>\n<td style=\"width: 457.062%;\">0,5-2 Zoll<\/td>\n<\/tr>\n<tr>\n<td style=\"width: 42.9379%;\">H\u00e4fen<\/td>\n<td style=\"width: 457.062%;\">G\/SAE\/NPT\/M<\/td>\n<\/tr>\n<\/tbody>\n<\/table>\n<h2>Hauptmerkmale und Vorteile<\/h2>\n<ul>\n<li>Energieeffizient: Unser Hydraulikzylinder bietet maximale Leistung bei minimalem Energieverbrauch.<\/li>\n<li>Langlebig: Hergestellt aus hochwertigem Stahl, h\u00e4lt es auch rauen Bedingungen stand und ist jahrelang haltbar.<\/li>\n<li>Hohe Leistungsf\u00e4higkeit: Mit einem maximalen Schub von 3000 und einer maximalen Zugkraft von 20 Tonnen gew\u00e4hrleistet es hohe Leistungsf\u00e4higkeit in verschiedenen Anwendungsbereichen.<\/li>\n<\/ul>\n<h2>Hydraulische Systeme und Funktionsprinzipien<\/h2>\n<p>Der Hydraulikzylinder des Muldenkipper-Hebezeugs ist ein wesentlicher Bestandteil eines Hydrauliksystems. Er funktioniert, indem er hydraulische Energie in mechanische Bewegung umwandelt. Dieser Prozess erzeugt eine Kraft auf die Kolbenstange, wodurch diese sich bewegen und verschiedene Aufgaben effektiv ausf\u00fchren kann.<\/p>\n<p><img loading=\"lazy\" decoding=\"async\" class=\"alignnone wp-image-6661\" src=\"https:\/\/fmp-components.com\/wp-content\/uploads\/2025\/03\/telescopic-hydraulic-cylinder-10.webp\" alt=\"Teleskop-Hydraulikzylinder\" width=\"919\" height=\"919\" title=\"\" srcset=\"https:\/\/fmp-components.com\/wp-content\/uploads\/2025\/03\/telescopic-hydraulic-cylinder-10.webp 919w, https:\/\/fmp-components.com\/wp-content\/uploads\/2025\/03\/telescopic-hydraulic-cylinder-10-480x480.webp 480w\" sizes=\"(min-width: 0px) and (max-width: 480px) 480px, (min-width: 481px) 919px, 100vw\" \/><\/p>\n<h2>Hydraulikzylinder und Aggregate<\/h2>\n<p>Hydraulikzylinder und Hydraulikaggregate sind grundlegende Elemente eines Hydrauliksystems und arbeiten nahtlos zusammen, um den breiten Einsatz der Hydrauliktechnologie in zahlreichen Branchen zu gew\u00e4hrleisten. Dieses Zusammenspiel sorgt f\u00fcr zuverl\u00e4ssige Kraft\u00fcbertragung und Steuerung verschiedener technischer und mechanischer Anlagen. Hydraulikzylinder fungieren als Aktuatoren und wandeln hydraulische Energie in mechanische Bewegung um, indem sie Druck in Kraft umwandeln. Das Hydraulikaggregat bildet das Herzst\u00fcck des Systems und liefert die notwendige Energie und Steuersignale. Dieses koordinierte Zusammenspiel ist unerl\u00e4sslich f\u00fcr den reibungslosen Betrieb des Hydrauliksystems. Wir bei FMP sind stolz darauf, sowohl Hydraulikzylinder als auch Hydraulikaggregate anzubieten und unseren Kunden so umfassende L\u00f6sungen f\u00fcr ihren Hydraulikbedarf bereitzustellen.<\/p>\n<h2>H\u00e4ufig gestellte Fragen<\/h2>\n<p>F: Wie lange ist Ihre Lieferzeit?<br \/>\nA: Im Allgemeinen sind es 25\u201335 Tage.<\/p>\n<p>F: Stellen Sie Muster zur Verf\u00fcgung?<br \/>\nA: Ja, wir k\u00f6nnten die Probe anbieten, aber sie ist nicht kostenlos.<\/p>\n<p>F: K\u00f6nnen Sie gem\u00e4\u00df den Mustern produzieren?<br \/>\nA: Ja, wir k\u00f6nnen anhand Ihrer Muster oder technischen Zeichnungen produzieren. Wir k\u00f6nnen die Formen und Vorrichtungen bauen.<\/p>\n<p><img loading=\"lazy\" decoding=\"async\" class=\"alignnone size-full wp-image-6660\" src=\"https:\/\/fmp-components.com\/wp-content\/uploads\/2025\/03\/hydraulic-cylinder-workshop-4.webp\" alt=\"Teleskop-Hydraulikzylinder\" width=\"914\" height=\"733\" title=\"\" srcset=\"https:\/\/fmp-components.com\/wp-content\/uploads\/2025\/03\/hydraulic-cylinder-workshop-4.webp 914w, https:\/\/fmp-components.com\/wp-content\/uploads\/2025\/03\/hydraulic-cylinder-workshop-4-480x385.webp 480w\" sizes=\"(min-width: 0px) and (max-width: 480px) 480px, (min-width: 481px) 914px, 100vw\" \/><\/p>\n<h3>\u00dcber FMP<\/h3>\n<p>FMP ist ein f\u00fchrender italienischer Hersteller, der sich auf die Konstruktion, Entwicklung und Produktion hochwertiger Hydraulikzylinder spezialisiert hat. Mit jahrzehntelanger Erfahrung verbinden wir italienische Handwerkskunst mit innovativer Technologie, um au\u00dfergew\u00f6hnliche Hydraulikl\u00f6sungen zu liefern, die auf die vielf\u00e4ltigen Bed\u00fcrfnisse unserer globalen Kunden zugeschnitten sind. Mit Sitz in Italien, einem Zentrum der technischen Exzellenz, ist FMP ein vertrauensw\u00fcrdiger Name in der Hydraulikbranche und hat sich der Bereitstellung zuverl\u00e4ssiger, langlebiger und innovativer Produkte verschrieben, die Unternehmen weltweit unterst\u00fctzen.<\/p>\n<p>Unser Unternehmen verbindet fortschrittliche Fertigungstraditionen mit einem zukunftsorientierten Ansatz. Dank langj\u00e4hriger Erfahrung im Bereich Hydrauliksysteme hat sich FMP zu einem modernen Unternehmen entwickelt, das in Forschung, Design und Produktion herausragend ist. Wir bieten eine breite Palette an Hydraulikzylindern, darunter doppeltwirkende Zylinder, Hubzylinder f\u00fcr Kraftfahrzeuge, Zylinder f\u00fcr Landmaschinen sowie ma\u00dfgeschneiderte L\u00f6sungen f\u00fcr verschiedene industrielle Anwendungen. Ob f\u00fcr Bauwesen, Industrieanlagen, Landwirtschaft oder Schwermaschinen \u2013 unsere Hydraulikzylinder sind f\u00fcr den Einsatz unter anspruchsvollsten Bedingungen ausgelegt und gew\u00e4hrleisten Sicherheit, Effizienz und Langlebigkeit.<\/p>\n<p>Bei FMP sind wir stolz auf unsere hochmodernen Produktionsanlagen, die mit Pr\u00e4zisionsmaschinen und fortschrittlichen Pr\u00fcfsystemen ausgestattet sind. Unsere Fertigungsprozesse entsprechen strengen nationalen und internationalen Standards und garantieren, dass jeder produzierte Hydraulikzylinder h\u00f6chste Qualit\u00e4ts- und Zuverl\u00e4ssigkeitsstandards erf\u00fcllt. Unser qualifiziertes technisches Team, unterst\u00fctzt durch modernste Ausr\u00fcstung, erm\u00f6glicht uns eine strenge Qualit\u00e4tskontrolle in jeder Produktionsphase \u2013 von der Rohstoffauswahl bis zur Endkontrolle. Dieses Engagement f\u00fcr Spitzenleistungen hat uns Zertifizierungen und Anerkennung von Branchenbeh\u00f6rden eingebracht und unseren Ruf als zuverl\u00e4ssiger Partner weiter gefestigt.<\/p>\n<p><img loading=\"lazy\" decoding=\"async\" class=\"alignnone size-full wp-image-6720\" src=\"https:\/\/fmp-components.com\/wp-content\/uploads\/2025\/03\/hydraulic-cylinder-8.webp\" alt=\"Teleskop-Hydraulikzylinder\" width=\"933\" height=\"526\" title=\"\" srcset=\"https:\/\/fmp-components.com\/wp-content\/uploads\/2025\/03\/hydraulic-cylinder-8.webp 933w, https:\/\/fmp-components.com\/wp-content\/uploads\/2025\/03\/hydraulic-cylinder-8-480x271.webp 480w\" sizes=\"(min-width: 0px) and (max-width: 480px) 480px, (min-width: 481px) 933px, 100vw\" \/><\/p>\n<p>Unsere Mission ist klar und doch ambitioniert: Hydraulikzylinder zu liefern, die die Erwartungen in Leistung, Haltbarkeit und Wert \u00fcbertreffen. Geleitet von den Prinzipien Professionalit\u00e4t, Integrit\u00e4t und Kundenorientierung f\u00f6rdern wir eine Kultur der Innovation und Pr\u00e4zision und entwickeln unsere Produkte kontinuierlich weiter, um wettbewerbsf\u00e4hig zu bleiben. Unser umfassendes Produktportfolio und unsere F\u00e4higkeit, ma\u00dfgeschneiderte L\u00f6sungen anzubieten, machen uns zur bevorzugten Wahl f\u00fcr Unternehmen, die leistungsstarke Hydraulikzylinder suchen.<\/p>\n<p>FMP ist mehr als nur ein Hersteller; wir sind Ihr Partner f\u00fcr Ihren Erfolg. Wir wissen, dass unsere Kunden auf uns vertrauen, wenn es um Werkzeuge zur Steigerung von Produktivit\u00e4t und Sicherheit geht. Deshalb liefern wir nicht nur erstklassige Produkte, sondern auch au\u00dfergew\u00f6hnlichen Service. Von der Erstberatung bis zum After-Sales-Support arbeiten wir eng mit unseren Kunden zusammen, um sicherzustellen, dass ihre Bed\u00fcrfnisse professionell und sorgf\u00e4ltig erf\u00fcllt werden. Unsere wettbewerbsf\u00e4higen Preise und unser unerm\u00fcdliches Engagement f\u00fcr Qualit\u00e4t machen FMP zur intelligenten Wahl f\u00fcr Unternehmen, die in zuverl\u00e4ssige Hydraulikl\u00f6sungen investieren m\u00f6chten.<\/p>","protected":false},"excerpt":{"rendered":"<p>Factory Direct Sale Dump Truck Hoist Hydraulic Cylinder Welcome to the world of hydraulic cylinders! Introducing our new product &#8211; the Factory Direct Sale Dump Truck Hoist Hydraulic Cylinder. A masterpiece of engineering, this hydraulic cylinder is designed for high performance, efficiency, and durability. It&#8217;s the ultimate solution for machinery repair shops, farms, energy, mining, [&hellip;]<\/p>","protected":false},"featured_media":6715,"comment_status":"closed","ping_status":"closed","template":"","meta":{"_et_pb_use_builder":"","_et_pb_old_content":"","_et_gb_content_width":""},"product_brand":[],"product_cat":[103],"product_tag":[34,105],"class_list":{"0":"post-6574","1":"product","2":"type-product","3":"status-publish","4":"has-post-thumbnail","6":"product_cat-telescopic-hydraulic-cylinders","7":"product_tag-hydraulic-cylinder","8":"product_tag-telescopic-hydraulic-cylinders","10":"first","11":"instock","12":"product-type-simple"},"_links":{"self":[{"href":"https:\/\/fmp-components.com\/de\/wp-json\/wp\/v2\/product\/6574","targetHints":{"allow":["GET"]}}],"collection":[{"href":"https:\/\/fmp-components.com\/de\/wp-json\/wp\/v2\/product"}],"about":[{"href":"https:\/\/fmp-components.com\/de\/wp-json\/wp\/v2\/types\/product"}],"replies":[{"embeddable":true,"href":"https:\/\/fmp-components.com\/de\/wp-json\/wp\/v2\/comments?post=6574"}],"wp:featuredmedia":[{"embeddable":true,"href":"https:\/\/fmp-components.com\/de\/wp-json\/wp\/v2\/media\/6715"}],"wp:attachment":[{"href":"https:\/\/fmp-components.com\/de\/wp-json\/wp\/v2\/media?parent=6574"}],"wp:term":[{"taxonomy":"product_brand","embeddable":true,"href":"https:\/\/fmp-components.com\/de\/wp-json\/wp\/v2\/product_brand?post=6574"},{"taxonomy":"product_cat","embeddable":true,"href":"https:\/\/fmp-components.com\/de\/wp-json\/wp\/v2\/product_cat?post=6574"},{"taxonomy":"product_tag","embeddable":true,"href":"https:\/\/fmp-components.com\/de\/wp-json\/wp\/v2\/product_tag?post=6574"}],"curies":[{"name":"wp","href":"https:\/\/api.w.org\/{rel}","templated":true}]}}