{"id":6570,"date":"2025-03-11T06:31:13","date_gmt":"2025-03-11T06:31:13","guid":{"rendered":"https:\/\/fmp-components.com\/product\/quality-assurance-flatbed-tow-truck-telescopic-hydraulic-cylinder"},"modified":"2025-03-12T03:20:24","modified_gmt":"2025-03-12T03:20:24","slug":"quality-assurance-flatbed-tow-truck-telescopic-hydraulic-cylinder","status":"publish","type":"product","link":"https:\/\/fmp-components.com\/de\/product\/quality-assurance-flatbed-tow-truck-telescopic-hydraulic-cylinder\/","title":{"rendered":"Qualit\u00e4tssicherung Pritschenwagen Teleskop-Hydraulikzylinder"},"content":{"rendered":"<h2>Qualit\u00e4tssicherung Pritschenwagen Teleskop-Hydraulikzylinder<\/h2>\n<p>Dieser brandneue und hochwertige Hydraulikzylinder eignet sich ideal f\u00fcr den Einsatz in Maschinenreparaturwerkst\u00e4tten, landwirtschaftlichen Betrieben, der Energie- und Bergbauindustrie sowie in der Maschinenbauindustrie und Fabriken. Er ist ein Standardprodukt mit einem Gewicht von 31 kg und einer maximalen Schubkraft von 3000 Nm. Das Geh\u00e4use besteht aus Stahl und er verf\u00fcgt \u00fcber einen mehrstufigen Hydraulikzylinder. Er ist nach ISO 9001:2000 zertifiziert.<\/p>\n<p><img loading=\"lazy\" decoding=\"async\" class=\"alignnone  wp-image-6662\" src=\"https:\/\/fmp-components.com\/wp-content\/uploads\/2025\/03\/telescopic-hydraulic-cylinder-4.webp\" alt=\"Teleskop-Hydraulikzylinder\" width=\"902\" height=\"902\" title=\"\" srcset=\"https:\/\/fmp-components.com\/wp-content\/uploads\/2025\/03\/telescopic-hydraulic-cylinder-4.webp 902w, https:\/\/fmp-components.com\/wp-content\/uploads\/2025\/03\/telescopic-hydraulic-cylinder-4-480x480.webp 480w\" sizes=\"(min-width: 0px) and (max-width: 480px) 480px, (min-width: 481px) 902px, 100vw\" \/><\/p>\n<h3>Produktmerkmale und Bedeutung<\/h3>\n<p>Unser teleskopierbarer Hydraulikzylinder f\u00fcr Tieflader-Abschleppwagen ist ein unverzichtbares Werkzeug f\u00fcr die Maschinenreparatur, die Energie- und Bergbauindustrie sowie den Maschinenbau. Er ist mit einem robusten und langlebigen Stahlgeh\u00e4use ausgestattet, das eine lange Lebensdauer und hohe Verschlei\u00dffestigkeit gew\u00e4hrleistet. Dank seiner mehrstufigen Konstruktion ist er vielseitig einsetzbar und bietet \u00fcberragende Leistung.<\/p>\n<h3>Produktspezifikationen<\/h3>\n<p>Nachfolgend finden Sie die detaillierten technischen Spezifikationen unseres Produkts:<\/p>\n<table style=\"width: 100.211%; height: 92px;\" border=\"\">\n<tbody>\n<tr>\n<td colspan=\"\" rowspan=\"\"><i>Bohrungsgr\u00f6\u00dfe<\/i><\/td>\n<td colspan=\"\" rowspan=\"\">2-6 Zoll<\/td>\n<\/tr>\n<tr>\n<td colspan=\"\" rowspan=\"\"><i>Stangengr\u00f6\u00dfe<\/i><\/td>\n<td colspan=\"\" rowspan=\"\">1,125-4 Zoll<\/td>\n<\/tr>\n<tr>\n<td colspan=\"\" rowspan=\"\"><i>Strichgr\u00f6\u00dfe<\/i><\/td>\n<td colspan=\"\" rowspan=\"\">4-100 Zoll<\/td>\n<\/tr>\n<tr>\n<td colspan=\"\" rowspan=\"\"><i>Pin-Gr\u00f6\u00dfe<\/i><\/td>\n<td colspan=\"\" rowspan=\"\">0,5-2 Zoll<\/td>\n<\/tr>\n<tr>\n<td colspan=\"\" rowspan=\"\"><i>H\u00e4fen<\/i><\/td>\n<td colspan=\"\" rowspan=\"\">G\/SAE\/NPT\/M<\/td>\n<\/tr>\n<\/tbody>\n<\/table>\n<h2>Einzigartige Funktionen und Vorteile<\/h2>\n<ul>\n<li>Energieeffizient: Der Hydraulikzylinder ist so konstruiert, dass er maximale Leistung bei minimalem Energieverbrauch bietet.<\/li>\n<li>Hohe Effizienz: Dank des mehrstufigen Designs ist ein breites Anwendungsspektrum m\u00f6glich und eine \u00fcberragende Leistung wird gew\u00e4hrleistet.<\/li>\n<li>Sicherheit: Gefertigt aus einem robusten und langlebigen Stahlgeh\u00e4use, um eine lange Lebensdauer und hohe Verschlei\u00dffestigkeit zu gew\u00e4hrleisten.<\/li>\n<\/ul>\n<h2>Hydrauliksystem und Funktionsprinzip<\/h2>\n<p>Der Hydraulikzylinder funktioniert, indem er hydraulische Energie in mechanische Bewegung umwandelt. Dies geschieht, indem Hydraulikfl\u00fcssigkeit in den Zylinder str\u00f6mt, wodurch der Kolben bewegt wird und die mechanische Bewegung entsteht.<\/p>\n<p><img loading=\"lazy\" decoding=\"async\" class=\"alignnone  wp-image-6663\" src=\"https:\/\/fmp-components.com\/wp-content\/uploads\/2025\/03\/telescopic-hydraulic-cylinder-11.webp\" alt=\"Teleskop-Hydraulikzylinder\" width=\"1009\" height=\"1009\" title=\"\" srcset=\"https:\/\/fmp-components.com\/wp-content\/uploads\/2025\/03\/telescopic-hydraulic-cylinder-11.webp 1009w, https:\/\/fmp-components.com\/wp-content\/uploads\/2025\/03\/telescopic-hydraulic-cylinder-11-480x480.webp 480w\" sizes=\"(min-width: 0px) and (max-width: 480px) 480px, (min-width: 481px) 1009px, 100vw\" \/><\/p>\n<h2>Anwendungsszenarien<\/h2>\n<p>Unser Hydraulikzylinder findet breite Anwendung in Maschinenreparaturwerkst\u00e4tten, landwirtschaftlichen Betrieben, der Energie- und Bergbauindustrie sowie im Maschinenbau. Er eignet sich ideal f\u00fcr Anwendungen, die hohe Kr\u00e4fte und schwere Lasten erfordern.<\/p>\n<h2>Hydraulikzylinder und Aggregate<\/h2>\n<p>Der Hydraulikzylinder und das Hydraulikaggregat sind zwei unverzichtbare Komponenten des Hydrauliksystems. Ihr koordiniertes Zusammenwirken gew\u00e4hrleistet die breite Anwendung der Hydrauliktechnik im industriellen Bereich und bietet zuverl\u00e4ssige Energie- und Steuerungsunterst\u00fctzung f\u00fcr diverse technische und mechanische Anlagen.<\/p>\n<h3>\u00dcber FMP<\/h3>\n<p class=\"break-words\">FMP ist ein f\u00fchrender italienischer Hersteller, der sich auf die Konstruktion, Entwicklung und Produktion hochwertiger Hydraulikzylinder spezialisiert hat. Mit unserer langj\u00e4hrigen Erfahrung verbinden wir italienische Handwerkskunst mit modernster Technologie, um au\u00dfergew\u00f6hnliche Hydraulikl\u00f6sungen zu liefern, die auf die vielf\u00e4ltigen Bed\u00fcrfnisse unserer weltweiten Kundschaft zugeschnitten sind. Mit Sitz in Italien, einem Zentrum der Ingenieurskunst, gilt FMP als vertrauensw\u00fcrdiger Name in der Hydraulikbranche und hat sich der Bereitstellung zuverl\u00e4ssiger, langlebiger und innovativer Produkte verschrieben, die Unternehmen weltweit unterst\u00fctzen.<\/p>\n<p class=\"break-words\">Unser Unternehmen verbindet die besten Fertigungstraditionen mit einem zukunftsorientierten Ansatz. Dank langj\u00e4hriger Erfahrung im Bereich Hydrauliksysteme hat sich FMP zu einem modernen Unternehmen entwickelt, das sich durch herausragende Leistungen in Forschung, Design und Produktion auszeichnet. Wir sind spezialisiert auf ein breites Spektrum an Hydraulikzylindern, darunter doppeltwirkende Zylinder, Automobil-Hubzylinder, Landmaschinenzylinder und ma\u00dfgeschneiderte L\u00f6sungen f\u00fcr verschiedene Industrieanwendungen. Ob f\u00fcr Bauwesen, Industrieanlagen, Landwirtschaft oder Schwermaschinen \u2013 unsere Hydraulikzylinder sind f\u00fcr h\u00e4rteste Bedingungen ausgelegt und gew\u00e4hrleisten Sicherheit, Effizienz und Langlebigkeit.<\/p>\n<p><img loading=\"lazy\" decoding=\"async\" class=\"alignnone size-full wp-image-6720\" src=\"https:\/\/fmp-components.com\/wp-content\/uploads\/2025\/03\/hydraulic-cylinder-8.webp\" alt=\"Teleskop-Hydraulikzylinder\" width=\"933\" height=\"526\" title=\"\" srcset=\"https:\/\/fmp-components.com\/wp-content\/uploads\/2025\/03\/hydraulic-cylinder-8.webp 933w, https:\/\/fmp-components.com\/wp-content\/uploads\/2025\/03\/hydraulic-cylinder-8-480x271.webp 480w\" sizes=\"(min-width: 0px) and (max-width: 480px) 480px, (min-width: 481px) 933px, 100vw\" \/><\/p>\n<p class=\"break-words\">Bei FMP sind wir stolz auf unsere hochmodernen Produktionsanlagen, die mit Pr\u00e4zisionsmaschinen und fortschrittlichen Pr\u00fcfsystemen ausgestattet sind. Unsere Fertigungsprozesse entsprechen strengen nationalen und internationalen Standards und gew\u00e4hrleisten, dass jeder Hydraulikzylinder, der unser Werk verl\u00e4sst, von h\u00f6chster Qualit\u00e4t und Zuverl\u00e4ssigkeit ist. Unser qualifiziertes technisches Team und modernste Ausr\u00fcstung erm\u00f6glichen uns eine strenge Qualit\u00e4tskontrolle in jeder Produktionsphase \u2013 von der Rohstoffauswahl bis zur Endkontrolle. Dieses Streben nach Exzellenz hat uns Zertifizierungen und Anerkennungen von Branchenbeh\u00f6rden eingebracht und unseren Ruf als zuverl\u00e4ssiger Partner weiter gefestigt.<\/p>\n<p class=\"break-words\">Unsere Mission ist einfach und doch ehrgeizig: Wir m\u00f6chten unseren Kunden Hydraulikzylinder liefern, die ihre Erwartungen in puncto Leistung, Langlebigkeit und Wert \u00fcbertreffen. Professionalit\u00e4t, Integrit\u00e4t und Kundenorientierung sind unsere Leitprinzipien. Durch Innovation und Pr\u00e4zision entwickeln wir unsere Produkte kontinuierlich weiter, um im Wettbewerb die Nase vorn zu behalten. Unser umfassendes Produktsortiment und unsere F\u00e4higkeit, ma\u00dfgeschneiderte L\u00f6sungen anzubieten, machen uns zur ersten Wahl f\u00fcr Unternehmen, die leistungsstarke Hydraulikzylinder suchen.<\/p>\n<p class=\"break-words\">FMP ist mehr als nur ein Hersteller \u2013 wir sind Ihr Partner f\u00fcr Ihren Erfolg. Wir wissen, dass unsere Kunden auf uns vertrauen, wenn es um Werkzeuge geht, die ihre Produktivit\u00e4t und Sicherheit steigern. Deshalb bieten wir nicht nur erstklassige Produkte, sondern auch hervorragenden Service. Von der ersten Beratung bis zum After-Sales-Support arbeiten wir eng mit unseren Kunden zusammen, um sicherzustellen, dass ihre Bed\u00fcrfnisse professionell und sorgf\u00e4ltig erf\u00fcllt werden. Unsere wettbewerbsf\u00e4higen Preise und unser unerm\u00fcdliches Engagement f\u00fcr Qualit\u00e4t machen FMP zur intelligenten Wahl f\u00fcr Unternehmen, die in zuverl\u00e4ssige Hydraulikl\u00f6sungen investieren m\u00f6chten.<\/p>","protected":false},"excerpt":{"rendered":"<p>Quality Assurance Flatbed Tow Truck Telescopic Hydraulic Cylinder This is a brand new and high quality hydraulic cylinder, perfect for use in machinery repair shops, farms, energy &amp; mining and machinery manufacturing and factory. It&#8217;s a standard product with a weight of 31 KG and a maximum thrust of 3000. The body material is steel [&hellip;]<\/p>","protected":false},"featured_media":6712,"comment_status":"closed","ping_status":"closed","template":"","meta":{"_et_pb_use_builder":"","_et_pb_old_content":"","_et_gb_content_width":""},"product_brand":[],"product_cat":[103],"product_tag":[34,105],"class_list":{"0":"post-6570","1":"product","2":"type-product","3":"status-publish","4":"has-post-thumbnail","6":"product_cat-telescopic-hydraulic-cylinders","7":"product_tag-hydraulic-cylinder","8":"product_tag-telescopic-hydraulic-cylinders","10":"first","11":"instock","12":"product-type-simple"},"_links":{"self":[{"href":"https:\/\/fmp-components.com\/de\/wp-json\/wp\/v2\/product\/6570","targetHints":{"allow":["GET"]}}],"collection":[{"href":"https:\/\/fmp-components.com\/de\/wp-json\/wp\/v2\/product"}],"about":[{"href":"https:\/\/fmp-components.com\/de\/wp-json\/wp\/v2\/types\/product"}],"replies":[{"embeddable":true,"href":"https:\/\/fmp-components.com\/de\/wp-json\/wp\/v2\/comments?post=6570"}],"wp:featuredmedia":[{"embeddable":true,"href":"https:\/\/fmp-components.com\/de\/wp-json\/wp\/v2\/media\/6712"}],"wp:attachment":[{"href":"https:\/\/fmp-components.com\/de\/wp-json\/wp\/v2\/media?parent=6570"}],"wp:term":[{"taxonomy":"product_brand","embeddable":true,"href":"https:\/\/fmp-components.com\/de\/wp-json\/wp\/v2\/product_brand?post=6570"},{"taxonomy":"product_cat","embeddable":true,"href":"https:\/\/fmp-components.com\/de\/wp-json\/wp\/v2\/product_cat?post=6570"},{"taxonomy":"product_tag","embeddable":true,"href":"https:\/\/fmp-components.com\/de\/wp-json\/wp\/v2\/product_tag?post=6570"}],"curies":[{"name":"wp","href":"https:\/\/api.w.org\/{rel}","templated":true}]}}