{"id":6565,"date":"2025-03-11T06:29:39","date_gmt":"2025-03-11T06:29:39","guid":{"rendered":"https:\/\/fmp-components.com\/product\/factory-price-mini-telescopic-double-acting-hydraulic-cylinder"},"modified":"2025-03-12T06:28:26","modified_gmt":"2025-03-12T06:28:26","slug":"factory-price-mini-telescopic-double-acting-hydraulic-cylinder","status":"publish","type":"product","link":"https:\/\/fmp-components.com\/de\/product\/factory-price-mini-telescopic-double-acting-hydraulic-cylinder\/","title":{"rendered":"Fabrikpreis Mini Teleskop Doppeltwirkender Hydraulikzylinder"},"content":{"rendered":"<h2>Fabrikpreis Mini Teleskop Doppeltwirkender Hydraulikzylinder<\/h2>\n<p>Unser Mini-Teleskop-Doppelwirkungs-Hydraulikzylinder zum Fabrikpreis ist eine hochwertige und vielseitige Komponente, die sich ideal f\u00fcr den Einsatz in verschiedenen Branchen eignet. Ob in Maschinenreparaturwerkst\u00e4tten, der Landwirtschaft, der Energie- und Bergbauindustrie oder im Maschinenbau \u2013 dieser Hydraulikzylinder ist auf Effizienz und Langlebigkeit ausgelegt. Sein Stahlgeh\u00e4use, die Standardkonstruktion und die hohe Hydraulikleistung machen ihn zu einer zuverl\u00e4ssigen Wahl f\u00fcr jede Maschinenanlage.<\/p>\n<h3>Produktspezifikationen<\/h3>\n<p>Unser Hydraulikzylinder ist nicht nur robust, sondern auch anpassungsf\u00e4hig. Mit einem Bohrungsdurchmesser von 2\u20136 Zoll, einem Kolbenstangendurchmesser von 1,125\u20134 Zoll und einem Hub von 4\u2013100 Zoll l\u00e4sst er sich problemlos in verschiedenste Maschinenkonfigurationen integrieren. Er bietet zudem eine maximale Schubkraft von 3000 Nm und eine maximale Zugkraft von 20 Tonnen und ist somit eine leistungsstarke Erg\u00e4nzung f\u00fcr jede Maschine.<\/p>\n<table style=\"width: 94.502%;\" border=\"\">\n<tbody>\n<tr>\n<th style=\"width: 43.5028%;\">Bohrungsgr\u00f6\u00dfe<\/th>\n<td style=\"width: 455.932%;\">2-6 Zoll<\/td>\n<\/tr>\n<tr>\n<th style=\"width: 43.5028%;\">Stangengr\u00f6\u00dfe<\/th>\n<td style=\"width: 455.932%;\">1,125-4 Zoll<\/td>\n<\/tr>\n<tr>\n<th style=\"width: 43.5028%;\">Strichgr\u00f6\u00dfe<\/th>\n<td style=\"width: 455.932%;\">4-100 Zoll<\/td>\n<\/tr>\n<tr>\n<th style=\"width: 43.5028%;\">Pin-Gr\u00f6\u00dfe<\/th>\n<td style=\"width: 455.932%;\">0,5-2 Zoll<\/td>\n<\/tr>\n<tr>\n<th style=\"width: 43.5028%;\">H\u00e4fen<\/th>\n<td style=\"width: 455.932%;\">G\/SAE\/NPT\/M<\/td>\n<\/tr>\n<\/tbody>\n<\/table>\n<h2>Produktmerkmale und Vorteile<\/h2>\n<p>Unser Hydraulikzylinder wurde mit Blick auf Effizienz, Sicherheit und Energieeinsparung entwickelt. Seine mehrstufige Struktur erm\u00f6glicht einen effizienten Betrieb, w\u00e4hrend die ISO 9001:2000-Zertifizierung seine Sicherheit und Qualit\u00e4t belegt. Mit einer maximalen Zugkraft von 20 Tonnen und einem maximalen Schub von 3000 Nm ist er eine leistungsstarke und gleichzeitig energieeffiziente Erg\u00e4nzung f\u00fcr Ihre Maschinen.<\/p>\n<h2>Hydrauliksysteme und Funktionsprinzip<\/h2>\n<p>Hydraulikzylinder, wie unsere, funktionieren, indem sie die Energie von unter Druck stehender Hydraulikfl\u00fcssigkeit in eine Kraft umwandeln, die Maschinen bewegen kann. Dies geschieht mithilfe eines Kolbens, der sich in einem Zylinderrohr befindet. Wenn die Hydraulikfl\u00fcssigkeit in den Zylinder gepresst wird, dr\u00fcckt sie den Kolben, der wiederum die Kolbenstange bewegt und so die Bewegung erzeugt.<\/p>\n<p><img loading=\"lazy\" decoding=\"async\" class=\"alignnone  wp-image-6664\" src=\"https:\/\/fmp-components.com\/wp-content\/uploads\/2025\/03\/telescopic-hydraulic-cylinder-8.webp\" alt=\"Teleskop-Hydraulikzylinder\" width=\"902\" height=\"902\" title=\"\" srcset=\"https:\/\/fmp-components.com\/wp-content\/uploads\/2025\/03\/telescopic-hydraulic-cylinder-8.webp 902w, https:\/\/fmp-components.com\/wp-content\/uploads\/2025\/03\/telescopic-hydraulic-cylinder-8-480x480.webp 480w\" sizes=\"(min-width: 0px) and (max-width: 480px) 480px, (min-width: 481px) 902px, 100vw\" \/><\/p>\n<h2>Produktanwendung<\/h2>\n<p>Dieser Hydraulikzylinder findet in einer Vielzahl von Branchen Anwendung, darunter Maschinenreparaturwerkst\u00e4tten, Landwirtschaft, Energie- und Bergbau, Maschinenbau und viele andere. Seine vielseitige Konstruktion macht ihn zu einem unverzichtbaren Bestandteil vieler verschiedener Maschinentypen.<\/p>\n<h2>Hydraulikzylinder und Aggregate<\/h2>\n<p>Hydraulikzylinder und Hydraulikaggregate sind integraler Bestandteil jedes Hydrauliksystems. Sie arbeiten zusammen, um die breite Anwendung der Hydrauliktechnik in der Industrie zu gew\u00e4hrleisten und eine zuverl\u00e4ssige Energie- und Steuerungsunterst\u00fctzung f\u00fcr diverse technische und mechanische Anlagen bereitzustellen. Der Hydraulikzylinder wandelt als Aktor hydraulische Energie in mechanische Bewegung um und transformiert Druck in Kraft. Das Hydraulikaggregat hingegen bildet das Herzst\u00fcck des Systems und liefert die ben\u00f6tigte Energie und Steuersignale. Ihr koordiniertes Zusammenspiel gew\u00e4hrleistet den reibungslosen Betrieb des Hydrauliksystems. Neben Hydraulikzylindern bietet FMP auch Hydraulikaggregate zum Verkauf an.<\/p>\n<h2>FAQs<\/h2>\n<p><b>F: Sind Sie ein Handelsunternehmen oder ein Hersteller?<\/b><br \/>\nA: Wir sind eine Fabrik.<\/p>\n<p><b>F: Wie lange ist Ihre Lieferzeit?<\/b><br \/>\nA: Im Allgemeinen sind es 25\u201335 Tage.<\/p>\n<p><b>F: K\u00f6nnen Sie gem\u00e4\u00df den Mustern produzieren?<\/b><br \/>\nA: Ja, wir k\u00f6nnen anhand Ihrer Muster oder technischen Zeichnungen produzieren. Wir k\u00f6nnen die Formen und Vorrichtungen bauen.<\/p>\n<h3>\u00dcber FMP<\/h3>\n<p>FMP ist ein f\u00fchrender italienischer Hersteller, der f\u00fcr die Konstruktion, Entwicklung und Produktion hochwertiger Hydraulikzylinder bekannt ist. Dank jahrzehntelanger Erfahrung verbinden wir traditionelle italienische Handwerkskunst mit modernster Technologie, um herausragende Hydraulikl\u00f6sungen zu liefern, die auf die vielf\u00e4ltigen Bed\u00fcrfnisse unserer weltweiten Kundschaft zugeschnitten sind. Mit Sitz in Italien, einem Zentrum f\u00fcr Ingenieurskunst, hat sich FMP als vertrauensw\u00fcrdiger Name in der Hydraulikbranche etabliert und bietet zuverl\u00e4ssige, langlebige und innovative Produkte, die Unternehmen weltweit unterst\u00fctzen.<\/p>\n<p>Wir verbinden das Beste aus fortschrittlicher Fertigungstradition mit einem zukunftsorientierten Ansatz. Dank unserer umfassenden Erfahrung mit Hydrauliksystemen hat sich FMP zu einem modernen Unternehmen entwickelt, das sich durch herausragende Leistungen in Forschung, Design und Produktion auszeichnet. Unsere Spezialisierung umfasst eine breite Palette an Hydraulikzylindern, darunter doppeltwirkende Zylinder, Automobil-Hubzylinder, Landmaschinenzylinder und kundenspezifische L\u00f6sungen f\u00fcr verschiedene industrielle Anwendungen. Unsere Hydraulikzylinder sind f\u00fcr den Einsatz unter anspruchsvollsten Bedingungen konzipiert und gew\u00e4hrleisten Sicherheit, Effizienz und Langlebigkeit in Branchen wie Bauwesen, Industrieanlagen, Landwirtschaft und Schwermaschinenbau.<\/p>\n<p>Bei FMP sind wir stolz auf unsere hochmodernen Produktionsanlagen, die mit Pr\u00e4zisionsmaschinen und fortschrittlichen Pr\u00fcfsystemen ausgestattet sind. Unsere Fertigungsprozesse entsprechen strengen nationalen und internationalen Standards und garantieren, dass jeder Hydraulikzylinder, der unser Werk verl\u00e4sst, h\u00f6chste Qualit\u00e4ts- und Zuverl\u00e4ssigkeitsstandards erf\u00fcllt. Unser qualifiziertes technisches Team und modernste Ausr\u00fcstung erm\u00f6glichen uns eine strenge Qualit\u00e4tskontrolle in jeder Produktionsphase \u2013 von der Rohstoffauswahl bis zur Endkontrolle. Dieses Engagement f\u00fcr Spitzenleistungen hat uns Zertifizierungen und Auszeichnungen von Branchenbeh\u00f6rden eingebracht und unseren Ruf als zuverl\u00e4ssiger Partner gest\u00e4rkt.<\/p>\n<p><img loading=\"lazy\" decoding=\"async\" class=\"alignnone size-full wp-image-6720\" src=\"https:\/\/fmp-components.com\/wp-content\/uploads\/2025\/03\/hydraulic-cylinder-8.webp\" alt=\"Teleskop-Hydraulikzylinder\" width=\"933\" height=\"526\" title=\"\" srcset=\"https:\/\/fmp-components.com\/wp-content\/uploads\/2025\/03\/hydraulic-cylinder-8.webp 933w, https:\/\/fmp-components.com\/wp-content\/uploads\/2025\/03\/hydraulic-cylinder-8-480x271.webp 480w\" sizes=\"(min-width: 0px) and (max-width: 480px) 480px, (min-width: 481px) 933px, 100vw\" \/><\/p>\n<p>Unsere Mission ist einfach und ambitioniert zugleich: Hydraulikzylinder zu liefern, die die Erwartungen in Leistung, Haltbarkeit und Wert \u00fcbertreffen. Geleitet von den Prinzipien Professionalit\u00e4t, Integrit\u00e4t und Kundenorientierung f\u00f6rdern wir eine Kultur der Innovation und Pr\u00e4zision und entwickeln unsere Produkte kontinuierlich weiter, um im Wettbewerb die Nase vorn zu behalten. Mit einem umfassenden Produktsortiment und ma\u00dfgeschneiderten L\u00f6sungen sind wir die erste Wahl f\u00fcr Unternehmen, die leistungsstarke Hydraulikzylinder suchen.<\/p>\n<p>FMP ist mehr als nur ein Hersteller; wir sind Ihr Partner f\u00fcr Ihren Erfolg. Wir wissen, dass unsere Kunden sich auf uns verlassen, wenn es um Werkzeuge geht, die ihre Produktivit\u00e4t und Sicherheit steigern. Deshalb bieten wir nicht nur erstklassige Produkte, sondern auch hervorragenden Service. Von der Erstberatung bis zum After-Sales-Support arbeiten wir eng mit unseren Kunden zusammen, um sicherzustellen, dass ihre Bed\u00fcrfnisse professionell und sorgf\u00e4ltig erf\u00fcllt werden. Unsere wettbewerbsf\u00e4higen Preise und unser unerm\u00fcdliches Engagement f\u00fcr Qualit\u00e4t machen FMP zur intelligenten Wahl f\u00fcr Unternehmen, die in zuverl\u00e4ssige Hydraulikl\u00f6sungen investieren m\u00f6chten.<\/p>","protected":false},"excerpt":{"rendered":"<p>Mini-Teleskop-Doppelwirkungs-Hydraulikzylinder zum Fabrikpreis. Unser Mini-Teleskop-Doppelwirkungs-Hydraulikzylinder zum Fabrikpreis ist eine hochwertige, vielseitige Komponente, die sich ideal f\u00fcr den Einsatz in verschiedenen Branchen eignet. Ob f\u00fcr Maschinenreparaturwerkst\u00e4tten, Landwirtschaft, Energie- und Bergbau oder Maschinenbau \u2013 dieser Hydraulikzylinder ist auf Effizienz und Langlebigkeit ausgelegt. Sein Stahlgeh\u00e4use, [\u2026]<\/p>","protected":false},"featured_media":6743,"comment_status":"closed","ping_status":"closed","template":"","meta":{"_et_pb_use_builder":"","_et_pb_old_content":"","_et_gb_content_width":""},"product_brand":[],"product_cat":[103],"product_tag":[34,105],"class_list":{"0":"post-6565","1":"product","2":"type-product","3":"status-publish","4":"has-post-thumbnail","6":"product_cat-telescopic-hydraulic-cylinders","7":"product_tag-hydraulic-cylinder","8":"product_tag-telescopic-hydraulic-cylinders","10":"first","11":"instock","12":"product-type-simple"},"_links":{"self":[{"href":"https:\/\/fmp-components.com\/de\/wp-json\/wp\/v2\/product\/6565","targetHints":{"allow":["GET"]}}],"collection":[{"href":"https:\/\/fmp-components.com\/de\/wp-json\/wp\/v2\/product"}],"about":[{"href":"https:\/\/fmp-components.com\/de\/wp-json\/wp\/v2\/types\/product"}],"replies":[{"embeddable":true,"href":"https:\/\/fmp-components.com\/de\/wp-json\/wp\/v2\/comments?post=6565"}],"wp:featuredmedia":[{"embeddable":true,"href":"https:\/\/fmp-components.com\/de\/wp-json\/wp\/v2\/media\/6743"}],"wp:attachment":[{"href":"https:\/\/fmp-components.com\/de\/wp-json\/wp\/v2\/media?parent=6565"}],"wp:term":[{"taxonomy":"product_brand","embeddable":true,"href":"https:\/\/fmp-components.com\/de\/wp-json\/wp\/v2\/product_brand?post=6565"},{"taxonomy":"product_cat","embeddable":true,"href":"https:\/\/fmp-components.com\/de\/wp-json\/wp\/v2\/product_cat?post=6565"},{"taxonomy":"product_tag","embeddable":true,"href":"https:\/\/fmp-components.com\/de\/wp-json\/wp\/v2\/product_tag?post=6565"}],"curies":[{"name":"wp","href":"https:\/\/api.w.org\/{rel}","templated":true}]}}