{"id":6561,"date":"2025-03-11T06:29:39","date_gmt":"2025-03-11T06:29:39","guid":{"rendered":"https:\/\/fmp-components.com\/product\/hot-sale-3-stage-trailer-hydraulic-telescopic-cylinder"},"modified":"2025-03-18T01:05:50","modified_gmt":"2025-03-18T01:05:50","slug":"hot-sale-3-stage-trailer-hydraulic-telescopic-cylinder","status":"publish","type":"product","link":"https:\/\/fmp-components.com\/de\/product\/hot-sale-3-stage-trailer-hydraulic-telescopic-cylinder\/","title":{"rendered":"Hei\u00dfer Verkauf 3-stufiger hydraulischer Teleskopzylinder f\u00fcr Anh\u00e4nger"},"content":{"rendered":"<h2>Hei\u00dfer Verkauf 3-stufiger hydraulischer Teleskopzylinder f\u00fcr Anh\u00e4nger<\/h2>\n<p>Wir pr\u00e4sentieren unseren Bestseller: einen dreistufigen hydraulischen Teleskopzylinder f\u00fcr Anh\u00e4nger. Dieser Kolbenzylinder in Standardstahlbauweise wird hydraulisch betrieben. Als Neuheit f\u00fcr 2025 ist er f\u00fcr den robusten und effizienten Einsatz in verschiedenen Branchen wie Maschinenreparaturwerkst\u00e4tten, Landwirtschaft, Energie- und Bergbau, Maschinenbau und Maschinenbaufabriken konzipiert.<\/p>\n<h2>Produktspezifikationen und Details<\/h2>\n<table style=\"width: 93.3339%;\" border=\"\">\n<tbody>\n<tr>\n<th style=\"width: 43.5028%;\">Bohrungsgr\u00f6\u00dfe<\/th>\n<td style=\"width: 449.718%;\">2-6 Zoll<\/td>\n<\/tr>\n<tr>\n<th style=\"width: 43.5028%;\">Stangengr\u00f6\u00dfe<\/th>\n<td style=\"width: 449.718%;\">1,125-4 Zoll<\/td>\n<\/tr>\n<tr>\n<th style=\"width: 43.5028%;\">Strichgr\u00f6\u00dfe<\/th>\n<td style=\"width: 449.718%;\">4-100 Zoll<\/td>\n<\/tr>\n<tr>\n<th style=\"width: 43.5028%;\">Pin-Gr\u00f6\u00dfe<\/th>\n<td style=\"width: 449.718%;\">0,5-2 Zoll<\/td>\n<\/tr>\n<tr>\n<th style=\"width: 43.5028%;\">H\u00e4fen<\/th>\n<td style=\"width: 449.718%;\">G\/SAE\/NPT\/M<\/td>\n<\/tr>\n<\/tbody>\n<\/table>\n<h2>Hauptmerkmale und Vorteile<\/h2>\n<ul>\n<li>Energieeffizient und leistungsstark<\/li>\n<li>Sicherer und zuverl\u00e4ssiger Betrieb<\/li>\n<li>Robustes und langlebiges Stahlgeh\u00e4use<\/li>\n<li>1 Jahr Garantie auf Kernkomponenten<\/li>\n<li>Maximale Schubkraft von 3000 und maximale Zugkraft von 20 Tonnen<\/li>\n<li>ISO 9001:2000 Zertifizierung<\/li>\n<\/ul>\n<p><img loading=\"lazy\" decoding=\"async\" class=\"alignnone wp-image-6662\" src=\"https:\/\/fmp-components.com\/wp-content\/uploads\/2025\/03\/telescopic-hydraulic-cylinder-4.webp\" alt=\"Teleskop-Hydraulikzylinder\" width=\"894\" height=\"894\" title=\"\" srcset=\"https:\/\/fmp-components.com\/wp-content\/uploads\/2025\/03\/telescopic-hydraulic-cylinder-4.webp 894w, https:\/\/fmp-components.com\/wp-content\/uploads\/2025\/03\/telescopic-hydraulic-cylinder-4-480x480.webp 480w\" sizes=\"(min-width: 0px) and (max-width: 480px) 480px, (min-width: 481px) 894px, 100vw\" \/><\/p>\n<h2>Hydrauliksystem und Funktionsprinzip<\/h2>\n<p>Der hydraulische Teleskopzylinder wandelt hydraulische Energie in mechanische Bewegung um und \u00fcbertr\u00e4gt so Druck in Kraft. Dieser Prozess ist grundlegend f\u00fcr die Funktion von Hydrauliksystemen, in denen der Zylinder als entscheidende Komponente eine Vielzahl von Maschinen und Anlagen in industriellen Anwendungen antreibt und steuert. Wird Hydraulikfl\u00fcssigkeit in den Zylinder gepumpt, erzeugt sie Druck, der die inneren Zylinderabschnitte ausdehnt und so eine erhebliche lineare Bewegung erm\u00f6glicht. Dank dieser einzigartigen Konstruktion erreicht der Teleskopzylinder beeindruckende Auszugsl\u00e4ngen und beh\u00e4lt gleichzeitig im eingefahrenen Zustand seine kompakten Abmessungen bei.<\/p>\n<p>Die F\u00e4higkeit, mit hoher Pr\u00e4zision erhebliche Kr\u00e4fte zu erzeugen, macht hydraulische Teleskopzylinder in vielen Anwendungsbereichen unverzichtbar. Durch die Steuerung von Durchfluss und Druck der Hydraulikfl\u00fcssigkeit erzielen Anwender gleichm\u00e4\u00dfige und kontrollierte Bewegungen. Dies macht sie ideal f\u00fcr Aufgaben, die sowohl Kraft als auch Genauigkeit erfordern. Dank dieser Vielseitigkeit passen sich hydraulische Teleskopzylinder an unterschiedlichste Betriebsanforderungen an und steigern die Effizienz und Effektivit\u00e4t der von ihnen angetriebenen Ger\u00e4te.<\/p>\n<h2>Anwendungen<\/h2>\n<p>Unser hydraulischer Teleskopzylinder findet in verschiedenen Branchen breite Anwendung, darunter Maschinenreparaturwerkst\u00e4tten, Landwirtschaft, Energie- und Bergbau, Maschinenbau und Maschinenbauunternehmen. In Maschinenreparaturwerkst\u00e4tten sind diese Zylinder unverzichtbar zum Anheben schwerer Ger\u00e4te und zur Erleichterung von Wartungsarbeiten, sodass Techniker effizient und sicher arbeiten k\u00f6nnen.<\/p>\n<p>In der Landwirtschaft werden hydraulische Teleskopzylinder in Traktoren und anderen Landmaschinen eingesetzt, um Aufgaben wie Heben, Neigen und Abladen von Materialien zu \u00fcbernehmen. Diese Funktion steigert die Produktivit\u00e4t in der Landwirtschaft erheblich und erm\u00f6glicht es Landwirten, ihre Aufgaben einfacher und effizienter zu erledigen.<\/p>\n<p>In der Energie- und Bergbaubranche spielt unser hydraulischer Teleskopzylinder eine entscheidende Rolle bei Anwendungen wie Bohren, Ausheben und Materialtransport. Seine robuste Bauweise und die F\u00e4higkeit, hohe Kr\u00e4fte zu erzeugen, machen ihn ideal f\u00fcr die anspruchsvollen Umgebungen dieser Branchen, in denen Zuverl\u00e4ssigkeit und Leistung h\u00f6chste Priorit\u00e4t haben.<\/p>\n<p>Dar\u00fcber hinaus sind hydraulische Teleskopzylinder in der Maschinenbauindustrie und in Fabriken unverzichtbare Bestandteile von Montagelinien und automatisierten Systemen. Sie erm\u00f6glichen eine pr\u00e4zise Steuerung von Bewegungen und tragen so zu optimierten Produktionsprozessen und einer insgesamt h\u00f6heren betrieblichen Effizienz bei. Ob zum Heben schwerer Lasten, zur Steuerung von Maschinen oder zum Betrieb komplexer Hydrauliksysteme \u2013 unsere hydraulischen Teleskopzylinder bieten un\u00fcbertroffene Leistung und Zuverl\u00e4ssigkeit und sind daher die erste Wahl f\u00fcr Fachleute verschiedenster Branchen.<\/p>\n<p><img loading=\"lazy\" decoding=\"async\" class=\"alignnone wp-image-6663\" src=\"https:\/\/fmp-components.com\/wp-content\/uploads\/2025\/03\/telescopic-hydraulic-cylinder-11.webp\" alt=\"Teleskop-Hydraulikzylinder\" width=\"955\" height=\"955\" title=\"\" srcset=\"https:\/\/fmp-components.com\/wp-content\/uploads\/2025\/03\/telescopic-hydraulic-cylinder-11.webp 955w, https:\/\/fmp-components.com\/wp-content\/uploads\/2025\/03\/telescopic-hydraulic-cylinder-11-480x480.webp 480w\" sizes=\"(min-width: 0px) and (max-width: 480px) 480px, (min-width: 481px) 955px, 100vw\" \/><\/p>\n<h2>Hydraulikzylinder und Antriebseinheiten<\/h2>\n<p>Hydraulikzylinder und Hydraulikaggregate sind unverzichtbare Komponenten von Hydrauliksystemen. Sie gew\u00e4hrleisten gemeinsam den breiten Einsatz der Hydrauliktechnik in der Industrie und liefern zuverl\u00e4ssige Energie und Steuerung f\u00fcr diverse technische und mechanische Anlagen. Wir von FMP bieten Ihnen auch Hydraulikaggregate zum Kauf an.<\/p>\n<h2>FAQs<\/h2>\n<h3>F: Sind Sie ein Handelsunternehmen oder ein Hersteller?<\/h3>\n<p>A: Wir sind eine Fabrik.<\/p>\n<h3>F: Wie lange ist Ihre Lieferzeit?<\/h3>\n<p>A: Im Allgemeinen sind es 25\u201335 Tage.<\/p>\n<h3>F: K\u00f6nnen Sie gem\u00e4\u00df den Mustern produzieren?<\/h3>\n<p>A: Ja, wir k\u00f6nnen anhand Ihrer Muster oder technischen Zeichnungen produzieren. Wir k\u00f6nnen die Formen und Vorrichtungen bauen.<\/p>\n<h3>\u00dcber FMP<\/h3>\n<p class=\"break-words\">FMP ist ein f\u00fchrender italienischer Hersteller, der sich auf die Konstruktion, Entwicklung und Produktion hochwertiger Hydraulikzylinder spezialisiert hat. Mit unserer langj\u00e4hrigen Erfahrung verbinden wir italienische Handwerkskunst mit modernster Technologie, um au\u00dfergew\u00f6hnliche Hydraulikl\u00f6sungen zu liefern, die auf die vielf\u00e4ltigen Bed\u00fcrfnisse unserer weltweiten Kundschaft zugeschnitten sind. Mit Sitz in Italien, einem Zentrum der Ingenieurskunst, gilt FMP als vertrauensw\u00fcrdiger Name in der Hydraulikbranche und hat sich der Bereitstellung zuverl\u00e4ssiger, langlebiger und innovativer Produkte verschrieben, die Unternehmen weltweit unterst\u00fctzen.<\/p>\n<p class=\"break-words\">Unser Unternehmen verbindet die besten Fertigungstraditionen mit einem zukunftsorientierten Ansatz. Dank langj\u00e4hriger Erfahrung im Bereich Hydrauliksysteme hat sich FMP zu einem modernen Unternehmen entwickelt, das sich durch herausragende Leistungen in Forschung, Design und Produktion auszeichnet. Wir sind spezialisiert auf ein breites Spektrum an Hydraulikzylindern, darunter doppeltwirkende Zylinder, Automobil-Hubzylinder, Landmaschinenzylinder und ma\u00dfgeschneiderte L\u00f6sungen f\u00fcr verschiedene Industrieanwendungen. Ob f\u00fcr Bauwesen, Industrieanlagen, Landwirtschaft oder Schwermaschinen \u2013 unsere Hydraulikzylinder sind f\u00fcr h\u00e4rteste Bedingungen ausgelegt und gew\u00e4hrleisten Sicherheit, Effizienz und Langlebigkeit.<\/p>\n<p><img loading=\"lazy\" decoding=\"async\" class=\"alignnone size-full wp-image-6720\" src=\"https:\/\/fmp-components.com\/wp-content\/uploads\/2025\/03\/hydraulic-cylinder-8.webp\" alt=\"Teleskop-Hydraulikzylinder\" width=\"933\" height=\"526\" title=\"\" srcset=\"https:\/\/fmp-components.com\/wp-content\/uploads\/2025\/03\/hydraulic-cylinder-8.webp 933w, https:\/\/fmp-components.com\/wp-content\/uploads\/2025\/03\/hydraulic-cylinder-8-480x271.webp 480w\" sizes=\"(min-width: 0px) and (max-width: 480px) 480px, (min-width: 481px) 933px, 100vw\" \/><\/p>\n<p class=\"break-words\">Bei FMP sind wir stolz auf unsere hochmodernen Produktionsanlagen, die mit Pr\u00e4zisionsmaschinen und fortschrittlichen Pr\u00fcfsystemen ausgestattet sind. Unsere Fertigungsprozesse entsprechen strengen nationalen und internationalen Standards und gew\u00e4hrleisten, dass jeder Hydraulikzylinder, der unser Werk verl\u00e4sst, von h\u00f6chster Qualit\u00e4t und Zuverl\u00e4ssigkeit ist. Unser qualifiziertes technisches Team und modernste Ausr\u00fcstung erm\u00f6glichen uns eine strenge Qualit\u00e4tskontrolle in jeder Produktionsphase \u2013 von der Rohstoffauswahl bis zur Endkontrolle. Dieses Streben nach Exzellenz hat uns Zertifizierungen und Anerkennungen von Branchenbeh\u00f6rden eingebracht und unseren Ruf als zuverl\u00e4ssiger Partner weiter gefestigt.<\/p>\n<p class=\"break-words\">Unsere Mission ist einfach und doch ehrgeizig: Wir m\u00f6chten unseren Kunden Hydraulikzylinder liefern, die ihre Erwartungen in puncto Leistung, Langlebigkeit und Wert \u00fcbertreffen. Professionalit\u00e4t, Integrit\u00e4t und Kundenorientierung sind unsere Leitprinzipien. Durch Innovation und Pr\u00e4zision entwickeln wir unsere Produkte kontinuierlich weiter, um im Wettbewerb die Nase vorn zu behalten. Unser umfassendes Produktsortiment und unsere F\u00e4higkeit, ma\u00dfgeschneiderte L\u00f6sungen anzubieten, machen uns zur ersten Wahl f\u00fcr Unternehmen, die leistungsstarke Hydraulikzylinder suchen.<\/p>\n<p class=\"break-words\">FMP ist mehr als nur ein Hersteller \u2013 wir sind Ihr Partner f\u00fcr Ihren Erfolg. Wir wissen, dass unsere Kunden auf uns vertrauen, wenn es um Werkzeuge geht, die ihre Produktivit\u00e4t und Sicherheit steigern. Deshalb bieten wir nicht nur erstklassige Produkte, sondern auch hervorragenden Service. Von der ersten Beratung bis zum After-Sales-Support arbeiten wir eng mit unseren Kunden zusammen, um sicherzustellen, dass ihre Bed\u00fcrfnisse professionell und sorgf\u00e4ltig erf\u00fcllt werden. Unsere wettbewerbsf\u00e4higen Preise und unser unerm\u00fcdliches Engagement f\u00fcr Qualit\u00e4t machen FMP zur intelligenten Wahl f\u00fcr Unternehmen, die in zuverl\u00e4ssige Hydraulikl\u00f6sungen investieren m\u00f6chten.<\/p>","protected":false},"excerpt":{"rendered":"<p>Hot Sale 3 Stage Trailer Hydraulic Telescopic Cylinder Introducing our Hot Sale 3 Stage Trailer Hydraulic Telescopic Cylinder, a standard steel structure plunger cylinder that operates under hydraulic power. This multistage hydraulic cylinder is a new product for 2025 that is designed to provide robust and efficient operation across various industries such as Machinery Repair [&hellip;]<\/p>","protected":false},"featured_media":6736,"comment_status":"closed","ping_status":"closed","template":"","meta":{"_et_pb_use_builder":"","_et_pb_old_content":"","_et_gb_content_width":""},"product_brand":[],"product_cat":[103],"product_tag":[34,105],"class_list":{"0":"post-6561","1":"product","2":"type-product","3":"status-publish","4":"has-post-thumbnail","6":"product_cat-telescopic-hydraulic-cylinders","7":"product_tag-hydraulic-cylinder","8":"product_tag-telescopic-hydraulic-cylinders","10":"first","11":"instock","12":"product-type-simple"},"_links":{"self":[{"href":"https:\/\/fmp-components.com\/de\/wp-json\/wp\/v2\/product\/6561","targetHints":{"allow":["GET"]}}],"collection":[{"href":"https:\/\/fmp-components.com\/de\/wp-json\/wp\/v2\/product"}],"about":[{"href":"https:\/\/fmp-components.com\/de\/wp-json\/wp\/v2\/types\/product"}],"replies":[{"embeddable":true,"href":"https:\/\/fmp-components.com\/de\/wp-json\/wp\/v2\/comments?post=6561"}],"wp:featuredmedia":[{"embeddable":true,"href":"https:\/\/fmp-components.com\/de\/wp-json\/wp\/v2\/media\/6736"}],"wp:attachment":[{"href":"https:\/\/fmp-components.com\/de\/wp-json\/wp\/v2\/media?parent=6561"}],"wp:term":[{"taxonomy":"product_brand","embeddable":true,"href":"https:\/\/fmp-components.com\/de\/wp-json\/wp\/v2\/product_brand?post=6561"},{"taxonomy":"product_cat","embeddable":true,"href":"https:\/\/fmp-components.com\/de\/wp-json\/wp\/v2\/product_cat?post=6561"},{"taxonomy":"product_tag","embeddable":true,"href":"https:\/\/fmp-components.com\/de\/wp-json\/wp\/v2\/product_tag?post=6561"}],"curies":[{"name":"wp","href":"https:\/\/api.w.org\/{rel}","templated":true}]}}