{"id":6554,"date":"2025-03-11T06:29:39","date_gmt":"2025-03-11T06:29:39","guid":{"rendered":"https:\/\/fmp-components.com\/product\/chinese-factory-double-acting-telescopic-hydraulic-cylinder-for-dump-trailer"},"modified":"2025-03-12T05:58:10","modified_gmt":"2025-03-12T05:58:10","slug":"italian-factory-double-acting-telescopic-hydraulic-cylinder-for-dump-trailer","status":"publish","type":"product","link":"https:\/\/fmp-components.com\/de\/product\/italian-factory-double-acting-telescopic-hydraulic-cylinder-for-dump-trailer\/","title":{"rendered":"Italienische Fabrik Doppeltwirkender Teleskop-Hydraulikzylinder f\u00fcr Kippanh\u00e4nger"},"content":{"rendered":"<h2>Italienische Fabrik Doppeltwirkender Teleskop-Hydraulikzylinder f\u00fcr Kippanh\u00e4nger<\/h2>\n<p>Der doppeltwirkende Teleskop-Hydraulikzylinder ist ein hochmodernes Produkt, das f\u00fcr vielf\u00e4ltige Anwendungen in Branchen wie Maschinenreparaturwerkst\u00e4tten, Landwirtschaft, Energie- und Bergbau, Maschinenbau und Maschinenbaufabriken entwickelt wurde. Seine robuste und langlebige Konstruktion gew\u00e4hrleistet herausragende Leistung unter allen Arbeitsbedingungen und macht ihn zu einem unverzichtbaren Werkzeug in zahlreichen Branchen.<\/p>\n<h3>Hauptmerkmale und Spezifikationen<\/h3>\n<p>Der Hydraulikzylinder ist mit einer Standard-Kolbenkonstruktion ausgestattet und wird hydraulisch angetrieben. Er besteht aus hochwertigem Stahl, was seine Langlebigkeit und dauerhafte Leistungsf\u00e4higkeit gew\u00e4hrleistet. Zu seinen Kernkomponenten geh\u00f6ren Lager und Hydraulikzylinder, auf die eine einj\u00e4hrige Garantie gew\u00e4hrt wird.<\/p>\n<table style=\"width: 96.2767%;\" border=\"\">\n<tbody>\n<tr>\n<td style=\"width: 42.9379%;\"><i>Bohrungsgr\u00f6\u00dfe<\/i><\/td>\n<td style=\"width: 454.802%;\">2-6 Zoll<\/td>\n<\/tr>\n<tr>\n<td style=\"width: 42.9379%;\"><i>Stangengr\u00f6\u00dfe<\/i><\/td>\n<td style=\"width: 454.802%;\">1,125-4 Zoll<\/td>\n<\/tr>\n<tr>\n<td style=\"width: 42.9379%;\"><i>Strichgr\u00f6\u00dfe<\/i><\/td>\n<td style=\"width: 454.802%;\">4-100 Zoll<\/td>\n<\/tr>\n<tr>\n<td style=\"width: 42.9379%;\"><i>Pin-Gr\u00f6\u00dfe<\/i><\/td>\n<td style=\"width: 454.802%;\">0,5-2 Zoll<\/td>\n<\/tr>\n<tr>\n<td style=\"width: 42.9379%;\"><i>H\u00e4fen<\/i><\/td>\n<td style=\"width: 454.802%;\">G\/SAE\/NPT\/M<\/td>\n<\/tr>\n<\/tbody>\n<\/table>\n<h3>Einzigartige Vorteile<\/h3>\n<ul>\n<li>Energieeffizient<\/li>\n<li>Hocheffizient<\/li>\n<li>Sicher im Betrieb<\/li>\n<\/ul>\n<h2>Hydrauliksysteme und Funktionsprinzip<\/h2>\n<p>Hydraulikzylinder arbeiten nach dem Prinzip, dass unter Druck stehende Fl\u00fcssigkeit eine mechanische Wirkung erzeugt. Insbesondere der doppeltwirkende Teleskop-Hydraulikzylinder liefert die Kraft, die zum Schieben und Ziehen von Lasten ben\u00f6tigt wird, und ist somit eine vielseitige Option f\u00fcr schwere Maschinen und industrielle Anwendungen.<\/p>\n<p><img loading=\"lazy\" decoding=\"async\" class=\"alignnone  wp-image-6662\" src=\"https:\/\/fmp-components.com\/wp-content\/uploads\/2025\/03\/telescopic-hydraulic-cylinder-4.webp\" alt=\"Teleskop-Hydraulikzylinder\" width=\"915\" height=\"915\" title=\"\" srcset=\"https:\/\/fmp-components.com\/wp-content\/uploads\/2025\/03\/telescopic-hydraulic-cylinder-4.webp 915w, https:\/\/fmp-components.com\/wp-content\/uploads\/2025\/03\/telescopic-hydraulic-cylinder-4-480x480.webp 480w\" sizes=\"(min-width: 0px) and (max-width: 480px) 480px, (min-width: 481px) 915px, 100vw\" \/><\/p>\n<h2>Hydraulikzylinder und Antriebseinheiten<\/h2>\n<p>Hydraulikzylinder und Hydraulikaggregate sind unverzichtbare Komponenten eines Hydrauliksystems. Ihr koordiniertes Zusammenspiel gew\u00e4hrleistet den breiten Einsatz der Hydrauliktechnik in der Industrie und bietet zuverl\u00e4ssige Energie- und Steuerungsunterst\u00fctzung f\u00fcr diverse technische und mechanische Anlagen. FMP bietet Ihnen au\u00dferdem Hydraulikaggregate zum Kauf an und stellt Ihnen damit eine Komplettl\u00f6sung f\u00fcr Ihre Hydrauliksystemanforderungen zur Verf\u00fcgung.<\/p>\n<h2>H\u00e4ufig gestellte Fragen<\/h2>\n<h3>F: Sind Sie ein Handelsunternehmen oder Hersteller?<\/h3>\n<p>A: Wir sind ein Hersteller.<\/p>\n<h3>F: Wie lange ist Ihre Lieferzeit?<\/h3>\n<p>A: Im Allgemeinen dauert es 25\u201335 Tage.<\/p>\n<h3>F: Stellen Sie Muster zur Verf\u00fcgung? Ist es kostenlos oder extra?<\/h3>\n<p>A: Ja, wir stellen Muster zur Verf\u00fcgung, aber diese sind nicht kostenlos.<\/p>\n<h3>\u00dcber FMP<\/h3>\n<p class=\"break-words\">FMP ist ein f\u00fchrender italienischer Hersteller, der sich auf die Konstruktion, Entwicklung und Produktion hochwertiger Hydraulikzylinder spezialisiert hat. Mit unserer langj\u00e4hrigen Erfahrung verbinden wir italienische Handwerkskunst mit modernster Technologie, um au\u00dfergew\u00f6hnliche Hydraulikl\u00f6sungen zu liefern, die auf die vielf\u00e4ltigen Bed\u00fcrfnisse unserer weltweiten Kundschaft zugeschnitten sind. Mit Sitz in Italien, einem Zentrum der Ingenieurskunst, gilt FMP als vertrauensw\u00fcrdiger Name in der Hydraulikbranche und hat sich der Bereitstellung zuverl\u00e4ssiger, langlebiger und innovativer Produkte verschrieben, die Unternehmen weltweit unterst\u00fctzen.<\/p>\n<p class=\"break-words\">Unser Unternehmen verbindet die besten Fertigungstraditionen mit einem zukunftsorientierten Ansatz. Dank langj\u00e4hriger Erfahrung im Bereich Hydrauliksysteme hat sich FMP zu einem modernen Unternehmen entwickelt, das sich durch herausragende Leistungen in Forschung, Design und Produktion auszeichnet. Wir sind spezialisiert auf ein breites Spektrum an Hydraulikzylindern, darunter doppeltwirkende Zylinder, Automobil-Hubzylinder, Landmaschinenzylinder und ma\u00dfgeschneiderte L\u00f6sungen f\u00fcr verschiedene Industrieanwendungen. Ob f\u00fcr Bauwesen, Industrieanlagen, Landwirtschaft oder Schwermaschinen \u2013 unsere Hydraulikzylinder sind f\u00fcr h\u00e4rteste Bedingungen ausgelegt und gew\u00e4hrleisten Sicherheit, Effizienz und Langlebigkeit.<\/p>\n<p><img loading=\"lazy\" decoding=\"async\" class=\"alignnone size-full wp-image-6720\" src=\"https:\/\/fmp-components.com\/wp-content\/uploads\/2025\/03\/hydraulic-cylinder-8.webp\" alt=\"Teleskop-Hydraulikzylinder\" width=\"933\" height=\"526\" title=\"\" srcset=\"https:\/\/fmp-components.com\/wp-content\/uploads\/2025\/03\/hydraulic-cylinder-8.webp 933w, https:\/\/fmp-components.com\/wp-content\/uploads\/2025\/03\/hydraulic-cylinder-8-480x271.webp 480w\" sizes=\"(min-width: 0px) and (max-width: 480px) 480px, (min-width: 481px) 933px, 100vw\" \/><\/p>\n<p class=\"break-words\">Bei FMP sind wir stolz auf unsere hochmodernen Produktionsanlagen, die mit Pr\u00e4zisionsmaschinen und fortschrittlichen Pr\u00fcfsystemen ausgestattet sind. Unsere Fertigungsprozesse entsprechen strengen nationalen und internationalen Standards und gew\u00e4hrleisten, dass jeder Hydraulikzylinder, der unser Werk verl\u00e4sst, von h\u00f6chster Qualit\u00e4t und Zuverl\u00e4ssigkeit ist. Unser qualifiziertes technisches Team und modernste Ausr\u00fcstung erm\u00f6glichen uns eine strenge Qualit\u00e4tskontrolle in jeder Produktionsphase \u2013 von der Rohstoffauswahl bis zur Endkontrolle. Dieses Streben nach Exzellenz hat uns Zertifizierungen und Anerkennungen von Branchenbeh\u00f6rden eingebracht und unseren Ruf als zuverl\u00e4ssiger Partner weiter gefestigt.<\/p>\n<p class=\"break-words\">Unsere Mission ist einfach und doch ehrgeizig: Wir m\u00f6chten unseren Kunden Hydraulikzylinder liefern, die ihre Erwartungen in puncto Leistung, Langlebigkeit und Wert \u00fcbertreffen. Professionalit\u00e4t, Integrit\u00e4t und Kundenorientierung sind unsere Leitprinzipien. Durch Innovation und Pr\u00e4zision entwickeln wir unsere Produkte kontinuierlich weiter, um im Wettbewerb die Nase vorn zu behalten. Unser umfassendes Produktsortiment und unsere F\u00e4higkeit, ma\u00dfgeschneiderte L\u00f6sungen anzubieten, machen uns zur ersten Wahl f\u00fcr Unternehmen, die leistungsstarke Hydraulikzylinder suchen.<\/p>\n<p class=\"break-words\">FMP ist mehr als nur ein Hersteller \u2013 wir sind Ihr Partner f\u00fcr Ihren Erfolg. Wir wissen, dass unsere Kunden auf uns vertrauen, wenn es um Werkzeuge geht, die ihre Produktivit\u00e4t und Sicherheit steigern. Deshalb bieten wir nicht nur erstklassige Produkte, sondern auch hervorragenden Service. Von der ersten Beratung bis zum After-Sales-Support arbeiten wir eng mit unseren Kunden zusammen, um sicherzustellen, dass ihre Bed\u00fcrfnisse professionell und sorgf\u00e4ltig erf\u00fcllt werden. Unsere wettbewerbsf\u00e4higen Preise und unser unerm\u00fcdliches Engagement f\u00fcr Qualit\u00e4t machen FMP zur intelligenten Wahl f\u00fcr Unternehmen, die in zuverl\u00e4ssige Hydraulikl\u00f6sungen investieren m\u00f6chten.<\/p>","protected":false},"excerpt":{"rendered":"<p>Italian Factory Double Acting Telescopic Hydraulic Cylinder for Dump Trailer The double acting telescopic hydraulic cylinder is a state-of-the-art product, designed for a variety of applications in industries such as machinery repair shops, farms, energy &amp; mining, machinery manufacturing, and machinery factories. Its robust and durable design ensures outstanding performance in any working conditions, making [&hellip;]<\/p>","protected":false},"featured_media":6730,"comment_status":"closed","ping_status":"closed","template":"","meta":{"_et_pb_use_builder":"","_et_pb_old_content":"","_et_gb_content_width":""},"product_brand":[],"product_cat":[103],"product_tag":[34,105],"class_list":{"0":"post-6554","1":"product","2":"type-product","3":"status-publish","4":"has-post-thumbnail","6":"product_cat-telescopic-hydraulic-cylinders","7":"product_tag-hydraulic-cylinder","8":"product_tag-telescopic-hydraulic-cylinders","10":"first","11":"instock","12":"product-type-simple"},"_links":{"self":[{"href":"https:\/\/fmp-components.com\/de\/wp-json\/wp\/v2\/product\/6554","targetHints":{"allow":["GET"]}}],"collection":[{"href":"https:\/\/fmp-components.com\/de\/wp-json\/wp\/v2\/product"}],"about":[{"href":"https:\/\/fmp-components.com\/de\/wp-json\/wp\/v2\/types\/product"}],"replies":[{"embeddable":true,"href":"https:\/\/fmp-components.com\/de\/wp-json\/wp\/v2\/comments?post=6554"}],"wp:featuredmedia":[{"embeddable":true,"href":"https:\/\/fmp-components.com\/de\/wp-json\/wp\/v2\/media\/6730"}],"wp:attachment":[{"href":"https:\/\/fmp-components.com\/de\/wp-json\/wp\/v2\/media?parent=6554"}],"wp:term":[{"taxonomy":"product_brand","embeddable":true,"href":"https:\/\/fmp-components.com\/de\/wp-json\/wp\/v2\/product_brand?post=6554"},{"taxonomy":"product_cat","embeddable":true,"href":"https:\/\/fmp-components.com\/de\/wp-json\/wp\/v2\/product_cat?post=6554"},{"taxonomy":"product_tag","embeddable":true,"href":"https:\/\/fmp-components.com\/de\/wp-json\/wp\/v2\/product_tag?post=6554"}],"curies":[{"name":"wp","href":"https:\/\/api.w.org\/{rel}","templated":true}]}}