{"id":6552,"date":"2025-03-11T06:29:39","date_gmt":"2025-03-11T06:29:39","guid":{"rendered":"https:\/\/fmp-components.com\/product\/hot-sale-5-stage-tow-truck-hydraulic-cylinder-for-sale"},"modified":"2025-03-12T06:39:18","modified_gmt":"2025-03-12T06:39:18","slug":"hot-sale-5-stage-tow-truck-hydraulic-cylinder-for-sale","status":"publish","type":"product","link":"https:\/\/fmp-components.com\/de\/product\/hot-sale-5-stage-tow-truck-hydraulic-cylinder-for-sale\/","title":{"rendered":"Hei\u00dfer Verkauf 5-stufiger Abschleppwagen-Hydraulikzylinder zum Verkauf"},"content":{"rendered":"<h2>Hei\u00dfer Verkauf 5-stufiger Abschleppwagen-Hydraulikzylinder zum Verkauf<\/h2>\n<p>Dieser 5-stufige Hydraulikzylinder f\u00fcr Abschleppwagen ist eine hocheffiziente, energiesparende und sichere Wahl f\u00fcr Ihre Maschinenanforderungen. Dank zuverl\u00e4ssiger Leistungs- und Steuerungsunterst\u00fctzung ist er die perfekte L\u00f6sung f\u00fcr Branchen wie Maschinenreparaturwerkst\u00e4tten, Landwirtschaft, Energie- und Bergbau, Maschinenbau und Maschinenbauunternehmen.<\/p>\n<h3>Produktspezifikationen<\/h3>\n<table style=\"width: 100.555%;\" border=\"\">\n<tbody>\n<tr>\n<td style=\"width: 43.5028%;\"><strong>Bohrungsgr\u00f6\u00dfe<\/strong><\/td>\n<td style=\"width: 488.136%;\">2-6 Zoll<\/td>\n<\/tr>\n<tr>\n<td style=\"width: 43.5028%;\"><strong>Stangengr\u00f6\u00dfe<\/strong><\/td>\n<td style=\"width: 488.136%;\">1,125-4 Zoll<\/td>\n<\/tr>\n<tr>\n<td style=\"width: 43.5028%;\"><strong>Strichgr\u00f6\u00dfe<\/strong><\/td>\n<td style=\"width: 488.136%;\">4-100 Zoll<\/td>\n<\/tr>\n<tr>\n<td style=\"width: 43.5028%;\"><strong>Pin-Gr\u00f6\u00dfe<\/strong><\/td>\n<td style=\"width: 488.136%;\">0,5-2 Zoll<\/td>\n<\/tr>\n<tr>\n<td style=\"width: 43.5028%;\"><strong>H\u00e4fen<\/strong><\/td>\n<td style=\"width: 488.136%;\">G\/SAE\/NPT\/M<\/td>\n<\/tr>\n<\/tbody>\n<\/table>\n<h2>Einzigartige Funktionen und Vorteile<\/h2>\n<ul>\n<li>Energiesparend<\/li>\n<li>Hocheffizient<\/li>\n<li>Sicher und zuverl\u00e4ssig<\/li>\n<\/ul>\n<h2>Hydrauliksystem und Funktionsprinzip<\/h2>\n<p>Hydraulikzylinder und Hydraulikaggregat sind integrale Bestandteile eines Hydrauliksystems. Ihr Zusammenspiel gew\u00e4hrleistet die breite Anwendung der Hydrauliktechnik im Industriebereich und bietet zuverl\u00e4ssige Energie- und Steuerungsunterst\u00fctzung f\u00fcr diverse technische und mechanische Anlagen. Der Hydraulikzylinder wandelt als Aktor hydraulische Energie in mechanische Bewegung um und transformiert Druck in Kraft. Das Hydraulikaggregat bildet das Herzst\u00fcck des Systems und liefert die ben\u00f6tigte Energie und Steuersignale. Ihr koordiniertes Zusammenspiel erm\u00f6glicht den einwandfreien Betrieb des Hydrauliksystems.<\/p>\n<p><img loading=\"lazy\" decoding=\"async\" class=\"alignnone  wp-image-6663\" src=\"https:\/\/fmp-components.com\/wp-content\/uploads\/2025\/03\/telescopic-hydraulic-cylinder-11.webp\" alt=\"Teleskop-Hydraulikzylinder\" width=\"906\" height=\"906\" title=\"\" srcset=\"https:\/\/fmp-components.com\/wp-content\/uploads\/2025\/03\/telescopic-hydraulic-cylinder-11.webp 906w, https:\/\/fmp-components.com\/wp-content\/uploads\/2025\/03\/telescopic-hydraulic-cylinder-11-480x480.webp 480w\" sizes=\"(min-width: 0px) and (max-width: 480px) 480px, (min-width: 481px) 906px, 100vw\" \/><\/p>\n<h2>Anwendungsszenarien<\/h2>\n<p>Unsere Hydraulikzylinder finden breite Anwendung in Maschinenreparaturwerkst\u00e4tten, landwirtschaftlichen Betrieben, im Energie- und Bergbausektor, im Maschinenbau und in Maschinenfabriken.<\/p>\n<h2>H\u00e4ufig gestellte Fragen<\/h2>\n<p><strong>F: In welchen Branchen werden Ihre Hydraulikzylinder haupts\u00e4chlich eingesetzt?<\/strong><br \/>\nA: Unsere Hydraulikzylinder werden in gro\u00dfem Umfang in Maschinenreparaturwerkst\u00e4tten, landwirtschaftlichen Betrieben, im Energie- und Bergbausektor, in der Maschinenbauindustrie und in Maschinenfabriken eingesetzt.<\/p>\n<p><strong>F: K\u00f6nnen Sie die Hydraulikzylinder an unsere Bed\u00fcrfnisse anpassen?<\/strong><br \/>\nA: Ja, wir k\u00f6nnen unsere Produkte nach Ihren Zeichnungen oder Mustern anpassen.<\/p>\n<p><strong>F: Wie lange dauert die Lieferung Ihres <b>Hydraulikzylinder<\/b>S?<\/strong><br \/>\nA: Die allgemeine Lieferzeit betr\u00e4gt 25\u201335 Tage.<\/p>\n<h3>\u00dcber FMP<\/h3>\n<p>FMP ist ein f\u00fchrender italienischer Hersteller, der sich auf die Konstruktion, Entwicklung und Produktion hochwertiger Hydraulikzylinder spezialisiert hat. Dank jahrzehntelanger Erfahrung verbinden wir traditionelle italienische Handwerkskunst mit modernster Technologie und bieten so au\u00dfergew\u00f6hnliche Hydraulikl\u00f6sungen, die den vielf\u00e4ltigen Anforderungen unserer weltweiten Kunden gerecht werden. Mit Sitz in Italien, einem Zentrum der technischen Exzellenz, hat sich FMP als vertrauensw\u00fcrdiger Name in der Hydraulikbranche etabliert und liefert zuverl\u00e4ssige, langlebige und innovative Produkte, die Unternehmen weltweit unterst\u00fctzen.<\/p>\n<p>Unser Unternehmen verbindet fortschrittliche Fertigungstraditionen mit einem zukunftsorientierten Ansatz. Dank langj\u00e4hriger Erfahrung im Bereich Hydrauliksysteme hat sich FMP zu einem modernen Unternehmen entwickelt, das in Forschung, Design und Produktion herausragend ist. Wir bieten eine breite Palette an Hydraulikzylindern, darunter doppeltwirkende Zylinder, Hubzylinder f\u00fcr Kraftfahrzeuge, Zylinder f\u00fcr Landmaschinen sowie ma\u00dfgeschneiderte L\u00f6sungen f\u00fcr vielf\u00e4ltige Industrieanwendungen. Ob f\u00fcr Bauwesen, Industrieanlagen, Landwirtschaft oder Schwermaschinen \u2013 unsere Hydraulikzylinder sind f\u00fcr den Einsatz unter anspruchsvollsten Bedingungen ausgelegt und gew\u00e4hrleisten Sicherheit, Effizienz und Langlebigkeit.<\/p>\n<p><img loading=\"lazy\" decoding=\"async\" class=\"alignnone size-full wp-image-6720\" src=\"https:\/\/fmp-components.com\/wp-content\/uploads\/2025\/03\/hydraulic-cylinder-8.webp\" alt=\"Teleskop-Hydraulikzylinder\" width=\"933\" height=\"526\" title=\"\" srcset=\"https:\/\/fmp-components.com\/wp-content\/uploads\/2025\/03\/hydraulic-cylinder-8.webp 933w, https:\/\/fmp-components.com\/wp-content\/uploads\/2025\/03\/hydraulic-cylinder-8-480x271.webp 480w\" sizes=\"(min-width: 0px) and (max-width: 480px) 480px, (min-width: 481px) 933px, 100vw\" \/><\/p>\n<p>Wir bei FMP sind stolz auf unsere hochmodernen Produktionsanlagen, die mit Pr\u00e4zisionsmaschinen und fortschrittlichen Pr\u00fcfsystemen ausgestattet sind. Unsere Fertigungsprozesse entsprechen strengen nationalen und internationalen Standards und garantieren, dass jeder produzierte Hydraulikzylinder h\u00f6chste Qualit\u00e4ts- und Zuverl\u00e4ssigkeitsstandards erf\u00fcllt. Unser qualifiziertes technisches Team und modernste Ausr\u00fcstung erm\u00f6glichen uns eine strenge Qualit\u00e4tskontrolle in jeder Produktionsphase \u2013 von der Rohstoffauswahl bis zur Endkontrolle. Dieses Engagement f\u00fcr Spitzenleistungen hat uns Zertifizierungen und Anerkennung von Branchenbeh\u00f6rden eingebracht und unseren Ruf als zuverl\u00e4ssiger Partner gefestigt.<\/p>\n<p>Unsere Mission ist einfach und ambitioniert zugleich: Wir bieten unseren Kunden Hydraulikzylinder, die ihre Erwartungen in Leistung, Haltbarkeit und Wert \u00fcbertreffen. Wir arbeiten nach den Grunds\u00e4tzen von Professionalit\u00e4t, Integrit\u00e4t und Kundenorientierung. Durch Innovation und Pr\u00e4zision entwickeln wir unsere Produkte kontinuierlich weiter, um im Wettbewerb die Nase vorn zu behalten. Unser umfangreiches Produktsortiment und unsere F\u00e4higkeit, ma\u00dfgeschneiderte L\u00f6sungen anzubieten, machen uns zur bevorzugten Wahl f\u00fcr Unternehmen, die leistungsstarke Hydraulikzylinder suchen.<\/p>\n<p>FMP ist mehr als nur ein Hersteller; wir sind Ihr Partner f\u00fcr Ihren Erfolg. Wir wissen, dass unsere Kunden sich auf uns verlassen, wenn es um Werkzeuge geht, die ihre Produktivit\u00e4t und Sicherheit steigern. Deshalb bieten wir nicht nur erstklassige Produkte, sondern auch hervorragenden Service. Von der Erstberatung bis zum After-Sales-Support arbeiten wir eng mit unseren Kunden zusammen, um sicherzustellen, dass ihre Bed\u00fcrfnisse professionell und sorgf\u00e4ltig erf\u00fcllt werden. Unsere wettbewerbsf\u00e4higen Preise und unser unerm\u00fcdliches Engagement f\u00fcr Qualit\u00e4t machen FMP zur intelligenten Wahl f\u00fcr Unternehmen, die in zuverl\u00e4ssige Hydraulikl\u00f6sungen investieren m\u00f6chten.<\/p>","protected":false},"excerpt":{"rendered":"<p>Hot Sale 5 Stage Tow Truck Hydraulic Cylinder for Sale This 5-stage tow truck hydraulic cylinder is a highly efficient, energy-saving and safe choice for your machinery needs. Designed with reliable power and control support, it is the perfect solution for industries such as machinery repair shops, farms, energy &amp; mining, machinery manufacturing, and machinery [&hellip;]<\/p>","protected":false},"featured_media":6747,"comment_status":"closed","ping_status":"closed","template":"","meta":{"_et_pb_use_builder":"","_et_pb_old_content":"","_et_gb_content_width":""},"product_brand":[],"product_cat":[103],"product_tag":[34,105],"class_list":{"0":"post-6552","1":"product","2":"type-product","3":"status-publish","4":"has-post-thumbnail","6":"product_cat-telescopic-hydraulic-cylinders","7":"product_tag-hydraulic-cylinder","8":"product_tag-telescopic-hydraulic-cylinders","10":"first","11":"instock","12":"product-type-simple"},"_links":{"self":[{"href":"https:\/\/fmp-components.com\/de\/wp-json\/wp\/v2\/product\/6552","targetHints":{"allow":["GET"]}}],"collection":[{"href":"https:\/\/fmp-components.com\/de\/wp-json\/wp\/v2\/product"}],"about":[{"href":"https:\/\/fmp-components.com\/de\/wp-json\/wp\/v2\/types\/product"}],"replies":[{"embeddable":true,"href":"https:\/\/fmp-components.com\/de\/wp-json\/wp\/v2\/comments?post=6552"}],"wp:featuredmedia":[{"embeddable":true,"href":"https:\/\/fmp-components.com\/de\/wp-json\/wp\/v2\/media\/6747"}],"wp:attachment":[{"href":"https:\/\/fmp-components.com\/de\/wp-json\/wp\/v2\/media?parent=6552"}],"wp:term":[{"taxonomy":"product_brand","embeddable":true,"href":"https:\/\/fmp-components.com\/de\/wp-json\/wp\/v2\/product_brand?post=6552"},{"taxonomy":"product_cat","embeddable":true,"href":"https:\/\/fmp-components.com\/de\/wp-json\/wp\/v2\/product_cat?post=6552"},{"taxonomy":"product_tag","embeddable":true,"href":"https:\/\/fmp-components.com\/de\/wp-json\/wp\/v2\/product_tag?post=6552"}],"curies":[{"name":"wp","href":"https:\/\/api.w.org\/{rel}","templated":true}]}}