{"id":6550,"date":"2025-03-11T06:29:39","date_gmt":"2025-03-11T06:29:39","guid":{"rendered":"https:\/\/fmp-components.com\/product\/quality-manufacturing-4-stage-dump-trailer-hydraulic-cylinder"},"modified":"2025-03-18T01:58:46","modified_gmt":"2025-03-18T01:58:46","slug":"quality-manufacturing-4-stage-dump-trailer-hydraulic-cylinder","status":"publish","type":"product","link":"https:\/\/fmp-components.com\/de\/product\/quality-manufacturing-4-stage-dump-trailer-hydraulic-cylinder\/","title":{"rendered":"Qualit\u00e4tsfertigung 4-stufiger Hydraulikzylinder f\u00fcr Kippanh\u00e4nger"},"content":{"rendered":"<h2>Qualit\u00e4tsfertigung 4-stufiger Hydraulikzylinder f\u00fcr Kippanh\u00e4nger<\/h2>\n<p>Der 4-stufige Hydraulikzylinder von Quality Manufacturing f\u00fcr Kippanh\u00e4nger ist ein leistungsstarker, mehrstufiger Hydraulikzylinder f\u00fcr anspruchsvolle Anwendungen. Er eignet sich ideal f\u00fcr den Einsatz in Maschinenreparaturwerkst\u00e4tten, landwirtschaftlichen Betrieben, der Energie- und Bergbauindustrie, der Maschinenbauindustrie und Fabriken.<\/p>\n<h3>Funktion und Bedeutung<\/h3>\n<p>Dieser Hydraulikzylinder spielt eine entscheidende Rolle bei der Umwandlung von Hydraulikleistung in lineare mechanische Kraft und Bewegung. Er liefert die notwendige Kraft zum Heben, Schieben oder Ziehen schwerer Lasten und ist somit ein unverzichtbarer Bestandteil verschiedener Maschinen und Anlagen.<\/p>\n<h3>Produktspezifikationen<\/h3>\n<table style=\"width: 97.1561%;\" border=\"\">\n<tbody>\n<tr>\n<th style=\"width: 43.5028%;\">Bohrungsgr\u00f6\u00dfe<\/th>\n<td style=\"width: 470.056%;\">2-6 Zoll<\/td>\n<\/tr>\n<tr>\n<th style=\"width: 43.5028%;\">Stangengr\u00f6\u00dfe<\/th>\n<td style=\"width: 470.056%;\">1,125-4 Zoll<\/td>\n<\/tr>\n<tr>\n<th style=\"width: 43.5028%;\">Strichgr\u00f6\u00dfe<\/th>\n<td style=\"width: 470.056%;\">4-100 Zoll<\/td>\n<\/tr>\n<tr>\n<th style=\"width: 43.5028%;\">Pin-Gr\u00f6\u00dfe<\/th>\n<td style=\"width: 470.056%;\">0,5-2 Zoll<\/td>\n<\/tr>\n<tr>\n<th style=\"width: 43.5028%;\">H\u00e4fen<\/th>\n<td style=\"width: 470.056%;\">G\/SAE\/NPT\/M<\/td>\n<\/tr>\n<\/tbody>\n<\/table>\n<h3>Hauptmerkmale und Vorteile<\/h3>\n<ul>\n<li>Energieeffizient: Entwickelt f\u00fcr einen Betrieb mit minimalem Energieverbrauch.<\/li>\n<li>Hocheffizient: Bietet maximale Schub- und Zugkraft f\u00fcr \u00fcberragende Leistung.<\/li>\n<li>Sicher: Hergestellt nach ISO9001:2000-Zertifizierung, um Sicherheit und Zuverl\u00e4ssigkeit zu gew\u00e4hrleisten.<\/li>\n<\/ul>\n<h2>Das Hydrauliksystem und sein Funktionsprinzip verstehen<\/h2>\n<p>Der Hydraulikzylinder arbeitet nach dem Prinzip des Pascalschen Gesetzes. Er nutzt unter Druck stehende Hydraulikfl\u00fcssigkeit, um eine lineare Bewegung und Kraft zu erzeugen. Diese Kraft kann zum Antrieb mechanischer Ger\u00e4te und zur Verrichtung von Arbeit eingesetzt werden.<\/p>\n<p><img loading=\"lazy\" decoding=\"async\" class=\"alignnone wp-image-6663\" src=\"https:\/\/fmp-components.com\/wp-content\/uploads\/2025\/03\/telescopic-hydraulic-cylinder-11.webp\" alt=\"Teleskop-Hydraulikzylinder\" width=\"932\" height=\"932\" title=\"\" srcset=\"https:\/\/fmp-components.com\/wp-content\/uploads\/2025\/03\/telescopic-hydraulic-cylinder-11.webp 932w, https:\/\/fmp-components.com\/wp-content\/uploads\/2025\/03\/telescopic-hydraulic-cylinder-11-480x480.webp 480w\" sizes=\"(min-width: 0px) and (max-width: 480px) 480px, (min-width: 481px) 932px, 100vw\" \/><\/p>\n<h2>Anwendungsszenarien<\/h2>\n<p>Unser Hydraulikzylinder findet Anwendung in Kippanh\u00e4ngern, Baumaschinen, Landmaschinen und verschiedenen anderen Schwerlastger\u00e4ten.<\/p>\n<h2>Hydraulikzylinder und Antriebseinheiten<\/h2>\n<p>Hydraulikzylinder und Hydraulikaggregat sind unverzichtbare Bestandteile eines Hydrauliksystems. Ihr Zusammenspiel gew\u00e4hrleistet die breite Anwendung der Hydrauliktechnik in der Industrie und bietet zuverl\u00e4ssige Energie- und Steuerungsunterst\u00fctzung f\u00fcr diverse technische und mechanische Anlagen. Der Hydraulikzylinder wandelt als Aktor hydraulische Energie in mechanische Bewegung um und transformiert Druck in Kraft. Das Hydraulikaggregat bildet das Herzst\u00fcck des Systems und liefert die ben\u00f6tigte Energie und Steuersignale. Das reibungslose Zusammenspiel beider Komponenten erm\u00f6glicht den einwandfreien Betrieb des Hydrauliksystems.<\/p>\n<h2>FAQs<\/h2>\n<h3>F: Sind Sie ein Handelsunternehmen oder Hersteller?<\/h3>\n<p>A: Wir sind eine Fabrik.<\/p>\n<h3>F: Wie lange ist Ihre Lieferzeit?<\/h3>\n<p>A: Im Allgemeinen sind es 25\u201335 Tage.<\/p>\n<h3>F: Stellen Sie Muster zur Verf\u00fcgung? Ist es kostenlos oder extra?<\/h3>\n<p>A: Ja, wir k\u00f6nnten die Probe anbieten, aber sie ist nicht kostenlos.<\/p>\n<h3>\u00dcber FMP<\/h3>\n<p>FMP ist ein f\u00fchrender italienischer Hersteller, der f\u00fcr die Konstruktion, Entwicklung und Produktion hochwertiger Hydraulikzylinder bekannt ist. Dank jahrzehntelanger Erfahrung verbinden wir traditionelle italienische Handwerkskunst mit modernster Technologie, um herausragende Hydraulikl\u00f6sungen zu liefern, die auf die vielf\u00e4ltigen Bed\u00fcrfnisse unserer weltweiten Kundschaft zugeschnitten sind. Mit Sitz in Italien, einem Zentrum f\u00fcr Ingenieurskunst, hat sich FMP als vertrauensw\u00fcrdiger Name in der Hydraulikbranche etabliert und bietet zuverl\u00e4ssige, langlebige und innovative Produkte, die Unternehmen weltweit unterst\u00fctzen.<\/p>\n<p>Wir verbinden das Beste aus fortschrittlicher Fertigungstradition mit einem zukunftsorientierten Ansatz. Dank unserer umfassenden Erfahrung mit Hydrauliksystemen hat sich FMP zu einem modernen Unternehmen entwickelt, das sich durch herausragende Leistungen in Forschung, Design und Produktion auszeichnet. Unsere Spezialisierung umfasst eine breite Palette an Hydraulikzylindern, darunter doppeltwirkende Zylinder, Automobil-Hubzylinder, Landmaschinenzylinder und kundenspezifische L\u00f6sungen f\u00fcr verschiedene industrielle Anwendungen. Unsere Hydraulikzylinder sind f\u00fcr den Einsatz unter anspruchsvollsten Bedingungen konzipiert und gew\u00e4hrleisten Sicherheit, Effizienz und Langlebigkeit in Branchen wie Bauwesen, Industrieanlagen, Landwirtschaft und Schwermaschinenbau.<\/p>\n<p>Bei FMP sind wir stolz auf unsere hochmodernen Produktionsanlagen, die mit Pr\u00e4zisionsmaschinen und fortschrittlichen Pr\u00fcfsystemen ausgestattet sind. Unsere Fertigungsprozesse entsprechen strengen nationalen und internationalen Standards und garantieren, dass jeder Hydraulikzylinder, der unser Werk verl\u00e4sst, h\u00f6chste Qualit\u00e4ts- und Zuverl\u00e4ssigkeitsstandards erf\u00fcllt. Unser qualifiziertes technisches Team und modernste Ausr\u00fcstung erm\u00f6glichen uns eine strenge Qualit\u00e4tskontrolle in jeder Produktionsphase \u2013 von der Rohstoffauswahl bis zur Endkontrolle. Dieses Engagement f\u00fcr Spitzenleistungen hat uns Zertifizierungen und Auszeichnungen von Branchenbeh\u00f6rden eingebracht und unseren Ruf als zuverl\u00e4ssiger Partner gest\u00e4rkt.<\/p>\n<p><img loading=\"lazy\" decoding=\"async\" class=\"alignnone size-full wp-image-6720\" src=\"https:\/\/fmp-components.com\/wp-content\/uploads\/2025\/03\/hydraulic-cylinder-8.webp\" alt=\"Teleskop-Hydraulikzylinder\" width=\"933\" height=\"526\" title=\"\" srcset=\"https:\/\/fmp-components.com\/wp-content\/uploads\/2025\/03\/hydraulic-cylinder-8.webp 933w, https:\/\/fmp-components.com\/wp-content\/uploads\/2025\/03\/hydraulic-cylinder-8-480x271.webp 480w\" sizes=\"(min-width: 0px) and (max-width: 480px) 480px, (min-width: 481px) 933px, 100vw\" \/><\/p>\n<p>Unsere Mission ist einfach und ambitioniert zugleich: Hydraulikzylinder zu liefern, die die Erwartungen in Leistung, Haltbarkeit und Wert \u00fcbertreffen. Geleitet von den Prinzipien Professionalit\u00e4t, Integrit\u00e4t und Kundenorientierung f\u00f6rdern wir eine Kultur der Innovation und Pr\u00e4zision und entwickeln unsere Produkte kontinuierlich weiter, um im Wettbewerb die Nase vorn zu behalten. Mit einem umfassenden Produktsortiment und ma\u00dfgeschneiderten L\u00f6sungen sind wir die erste Wahl f\u00fcr Unternehmen, die leistungsstarke Hydraulikzylinder suchen.<\/p>\n<p>FMP ist mehr als nur ein Hersteller; wir sind Ihr Partner f\u00fcr Ihren Erfolg. Wir wissen, dass unsere Kunden sich auf uns verlassen, wenn es um Werkzeuge geht, die ihre Produktivit\u00e4t und Sicherheit steigern. Deshalb bieten wir nicht nur erstklassige Produkte, sondern auch hervorragenden Service. Von der Erstberatung bis zum After-Sales-Support arbeiten wir eng mit unseren Kunden zusammen, um sicherzustellen, dass ihre Bed\u00fcrfnisse professionell und sorgf\u00e4ltig erf\u00fcllt werden. Unsere wettbewerbsf\u00e4higen Preise und unser unerm\u00fcdliches Engagement f\u00fcr Qualit\u00e4t machen FMP zur intelligenten Wahl f\u00fcr Unternehmen, die in zuverl\u00e4ssige Hydraulikl\u00f6sungen investieren m\u00f6chten.<\/p>","protected":false},"excerpt":{"rendered":"<p>Quality Manufacturing 4 Stage Dump Trailer Hydraulic Cylinder The Quality Manufacturing 4 Stage Dump Trailer Hydraulic Cylinder is a high-performance, multi-stage hydraulic cylinder designed for heavy-duty applications. It is ideal for use in machinery repair shops, farms, energy and mining industries, machinery manufacturing, and factories. Function and Importance This hydraulic cylinder plays a crucial role [&hellip;]<\/p>","protected":false},"featured_media":6744,"comment_status":"closed","ping_status":"closed","template":"","meta":{"_et_pb_use_builder":"","_et_pb_old_content":"","_et_gb_content_width":""},"product_brand":[],"product_cat":[103],"product_tag":[34,105],"class_list":{"0":"post-6550","1":"product","2":"type-product","3":"status-publish","4":"has-post-thumbnail","6":"product_cat-telescopic-hydraulic-cylinders","7":"product_tag-hydraulic-cylinder","8":"product_tag-telescopic-hydraulic-cylinders","10":"first","11":"instock","12":"product-type-simple"},"_links":{"self":[{"href":"https:\/\/fmp-components.com\/de\/wp-json\/wp\/v2\/product\/6550","targetHints":{"allow":["GET"]}}],"collection":[{"href":"https:\/\/fmp-components.com\/de\/wp-json\/wp\/v2\/product"}],"about":[{"href":"https:\/\/fmp-components.com\/de\/wp-json\/wp\/v2\/types\/product"}],"replies":[{"embeddable":true,"href":"https:\/\/fmp-components.com\/de\/wp-json\/wp\/v2\/comments?post=6550"}],"wp:featuredmedia":[{"embeddable":true,"href":"https:\/\/fmp-components.com\/de\/wp-json\/wp\/v2\/media\/6744"}],"wp:attachment":[{"href":"https:\/\/fmp-components.com\/de\/wp-json\/wp\/v2\/media?parent=6550"}],"wp:term":[{"taxonomy":"product_brand","embeddable":true,"href":"https:\/\/fmp-components.com\/de\/wp-json\/wp\/v2\/product_brand?post=6550"},{"taxonomy":"product_cat","embeddable":true,"href":"https:\/\/fmp-components.com\/de\/wp-json\/wp\/v2\/product_cat?post=6550"},{"taxonomy":"product_tag","embeddable":true,"href":"https:\/\/fmp-components.com\/de\/wp-json\/wp\/v2\/product_tag?post=6550"}],"curies":[{"name":"wp","href":"https:\/\/api.w.org\/{rel}","templated":true}]}}