{"id":6549,"date":"2025-03-11T06:29:39","date_gmt":"2025-03-11T06:29:39","guid":{"rendered":"https:\/\/fmp-components.com\/product\/factory-direct-sale-4-stage-flatbed-tow-truck-hydraulic-cylinder"},"modified":"2025-03-18T01:05:40","modified_gmt":"2025-03-18T01:05:40","slug":"factory-direct-sale-4-stage-flatbed-tow-truck-hydraulic-cylinder","status":"publish","type":"product","link":"https:\/\/fmp-components.com\/de\/product\/factory-direct-sale-4-stage-flatbed-tow-truck-hydraulic-cylinder\/","title":{"rendered":"Fabrik Direktverkauf 4 B\u00fchne Pritsche Abschleppwagen Hydraulikzylinder"},"content":{"rendered":"<h2>Fabrik Direktverkauf 4 B\u00fchne Pritsche Abschleppwagen Hydraulikzylinder<\/h2>\n<p>Wir pr\u00e4sentieren den 4-stufigen Hydraulikzylinder f\u00fcr Tieflader-Abschleppwagen, unser neuestes Produkt f\u00fcr 2025. Dieser mehrstufige Hydraulikzylinder ist eine unverzichtbare Komponente f\u00fcr Maschinenreparaturwerkst\u00e4tten, Landwirtschaftsbetriebe, die Energie- und Bergbauindustrie, den Maschinenbau und Maschinenbauunternehmen. Er ist aus robustem Stahl gefertigt und h\u00e4lt daher starker Beanspruchung und rauen Bedingungen stand.<\/p>\n<h3>Hauptfunktionen und Vorteile<\/h3>\n<ul>\n<li>Standardisierte Kolbenzylinderstruktur f\u00fcr optimale Leistung<\/li>\n<li>Hydraulische Leistung f\u00fcr effizienten Betrieb<\/li>\n<li>Maximale Schubkraft von 3000 und maximale Zugkraft von 20 Tonnen<\/li>\n<li>ISO9001:2000-zertifiziert f\u00fcr Qualit\u00e4tssicherung<\/li>\n<li>Schwarze Lackierung f\u00fcr einen professionellen Look<\/li>\n<\/ul>\n<h3>Technische Spezifikationen<\/h3>\n<table style=\"width: 99.9673%;\" border=\"\">\n<tbody>\n<tr>\n<td style=\"width: 42.9379%;\"><i>Bohrungsgr\u00f6\u00dfe<\/i><\/td>\n<td style=\"width: 474.011%;\">2-6 Zoll<\/td>\n<\/tr>\n<tr>\n<td style=\"width: 42.9379%;\"><i>Stangengr\u00f6\u00dfe<\/i><\/td>\n<td style=\"width: 474.011%;\">1,125-4 Zoll<\/td>\n<\/tr>\n<tr>\n<td style=\"width: 42.9379%;\"><i>Strichgr\u00f6\u00dfe<\/i><\/td>\n<td style=\"width: 474.011%;\">4-100 Zoll<\/td>\n<\/tr>\n<tr>\n<td style=\"width: 42.9379%;\"><i>Pin-Gr\u00f6\u00dfe<\/i><\/td>\n<td style=\"width: 474.011%;\">0,5-2 Zoll<\/td>\n<\/tr>\n<tr>\n<td style=\"width: 42.9379%;\"><i>H\u00e4fen<\/i><\/td>\n<td style=\"width: 474.011%;\">G\/SAE\/NPT\/M<\/td>\n<\/tr>\n<\/tbody>\n<\/table>\n<h2>Fortschrittliche Hydrauliksysteme<\/h2>\n<p>Unser 4-stufiger Hydraulikzylinder f\u00fcr Tieflader-Abschleppwagen arbeitet mit fortschrittlichen Hydrauliksystemen, die f\u00fcr ihre Leistung, Pr\u00e4zision und Effizienz bekannt sind. Die Hydraulik nutzt die Kraft inkompressibler Fl\u00fcssigkeiten, um Kraft und Bewegung zu erzeugen und bietet so in einer Vielzahl von Anwendungen \u00fcberlegene Kontrolle und Sicherheit.<\/p>\n<p><img loading=\"lazy\" decoding=\"async\" class=\"alignnone wp-image-6665\" src=\"https:\/\/fmp-components.com\/wp-content\/uploads\/2025\/03\/telescopic-hydraulic-cylinder-9.webp\" alt=\"Teleskop-Hydraulikzylinder\" width=\"981\" height=\"981\" title=\"\" srcset=\"https:\/\/fmp-components.com\/wp-content\/uploads\/2025\/03\/telescopic-hydraulic-cylinder-9.webp 981w, https:\/\/fmp-components.com\/wp-content\/uploads\/2025\/03\/telescopic-hydraulic-cylinder-9-480x480.webp 480w\" sizes=\"(min-width: 0px) and (max-width: 480px) 480px, (min-width: 481px) 981px, 100vw\" \/><\/p>\n<h2>Anwendungen von Hydraulikzylindern<\/h2>\n<p>Dieser Hydraulikzylinder ist vielseitig einsetzbar und kann in verschiedenen Branchen wie dem Bauwesen, der Fertigung und der Landwirtschaft f\u00fcr Aufgaben verwendet werden, die eine kraftvolle und pr\u00e4zise Bewegung erfordern.<\/p>\n<h2>Hydraulikzylinder und Antriebseinheiten<\/h2>\n<p>Unsere Hydraulikzylinder und -aggregate sind integrale Bestandteile von Hydrauliksystemen. Sie arbeiten zusammen, um die breite Anwendung der Hydrauliktechnik im industriellen Bereich zu gew\u00e4hrleisten und eine zuverl\u00e4ssige Energie- und Steuerungsunterst\u00fctzung f\u00fcr verschiedene technische und mechanische Anlagen bereitzustellen.<\/p>\n<h2>H\u00e4ufig gestellte Fragen<\/h2>\n<dl>\n<dt>F: Wie lange ist die Lieferzeit?<\/dt>\n<dd>A: Die Lieferzeit betr\u00e4gt in der Regel 25-35 Tage.<\/dd>\n<dt>F: Stellen Sie Muster zur Verf\u00fcgung?<\/dt>\n<dd>A: Ja, wir stellen Muster zur Verf\u00fcgung, diese sind jedoch nicht kostenlos.<\/dd>\n<dt>F: K\u00f6nnen Sie gem\u00e4\u00df den Mustern produzieren?<\/dt>\n<dd>A: Ja, wir k\u00f6nnen nach Ihren Mustern oder technischen Zeichnungen fertigen.<\/dd>\n<\/dl>\n<h3>\u00dcber FMP<\/h3>\n<p>FMP ist ein f\u00fchrender italienischer Hersteller, der f\u00fcr die Konstruktion, Entwicklung und Produktion hochwertiger Hydraulikzylinder bekannt ist. Dank jahrzehntelanger Erfahrung verbinden wir traditionelle italienische Handwerkskunst mit modernster Technologie, um herausragende Hydraulikl\u00f6sungen zu liefern, die auf die vielf\u00e4ltigen Bed\u00fcrfnisse unserer weltweiten Kundschaft zugeschnitten sind. Mit Sitz in Italien, einem Zentrum f\u00fcr Ingenieurskunst, hat sich FMP als vertrauensw\u00fcrdiger Name in der Hydraulikbranche etabliert und bietet zuverl\u00e4ssige, langlebige und innovative Produkte, die Unternehmen weltweit unterst\u00fctzen.<\/p>\n<p>Wir verbinden das Beste aus fortschrittlicher Fertigungstradition mit einem zukunftsorientierten Ansatz. Dank unserer umfassenden Erfahrung mit Hydrauliksystemen hat sich FMP zu einem modernen Unternehmen entwickelt, das sich durch herausragende Leistungen in Forschung, Design und Produktion auszeichnet. Unsere Spezialisierung umfasst eine breite Palette an Hydraulikzylindern, darunter doppeltwirkende Zylinder, Automobil-Hubzylinder, Landmaschinenzylinder und kundenspezifische L\u00f6sungen f\u00fcr verschiedene industrielle Anwendungen. Unsere Hydraulikzylinder sind f\u00fcr den Einsatz unter anspruchsvollsten Bedingungen konzipiert und gew\u00e4hrleisten Sicherheit, Effizienz und Langlebigkeit in Branchen wie Bauwesen, Industrieanlagen, Landwirtschaft und Schwermaschinenbau.<\/p>\n<p>Bei FMP sind wir stolz auf unsere hochmodernen Produktionsanlagen, die mit Pr\u00e4zisionsmaschinen und fortschrittlichen Pr\u00fcfsystemen ausgestattet sind. Unsere Fertigungsprozesse entsprechen strengen nationalen und internationalen Standards und garantieren, dass jeder Hydraulikzylinder, der unser Werk verl\u00e4sst, h\u00f6chste Qualit\u00e4ts- und Zuverl\u00e4ssigkeitsstandards erf\u00fcllt. Unser qualifiziertes technisches Team und modernste Ausr\u00fcstung erm\u00f6glichen uns eine strenge Qualit\u00e4tskontrolle in jeder Produktionsphase \u2013 von der Rohstoffauswahl bis zur Endkontrolle. Dieses Engagement f\u00fcr Spitzenleistungen hat uns Zertifizierungen und Auszeichnungen von Branchenbeh\u00f6rden eingebracht und unseren Ruf als zuverl\u00e4ssiger Partner gest\u00e4rkt.<\/p>\n<p><img loading=\"lazy\" decoding=\"async\" class=\"alignnone size-full wp-image-6720\" src=\"https:\/\/fmp-components.com\/wp-content\/uploads\/2025\/03\/hydraulic-cylinder-8.webp\" alt=\"Teleskop-Hydraulikzylinder\" width=\"933\" height=\"526\" title=\"\" srcset=\"https:\/\/fmp-components.com\/wp-content\/uploads\/2025\/03\/hydraulic-cylinder-8.webp 933w, https:\/\/fmp-components.com\/wp-content\/uploads\/2025\/03\/hydraulic-cylinder-8-480x271.webp 480w\" sizes=\"(min-width: 0px) and (max-width: 480px) 480px, (min-width: 481px) 933px, 100vw\" \/><\/p>\n<p>Unsere Mission ist einfach und ambitioniert zugleich: Hydraulikzylinder zu liefern, die die Erwartungen in Leistung, Haltbarkeit und Wert \u00fcbertreffen. Geleitet von den Prinzipien Professionalit\u00e4t, Integrit\u00e4t und Kundenorientierung f\u00f6rdern wir eine Kultur der Innovation und Pr\u00e4zision und entwickeln unsere Produkte kontinuierlich weiter, um im Wettbewerb die Nase vorn zu behalten. Mit einem umfassenden Produktsortiment und ma\u00dfgeschneiderten L\u00f6sungen sind wir die erste Wahl f\u00fcr Unternehmen, die leistungsstarke Hydraulikzylinder suchen.<\/p>\n<p>FMP ist mehr als nur ein Hersteller; wir sind Ihr Partner f\u00fcr Ihren Erfolg. Wir wissen, dass unsere Kunden sich auf uns verlassen, wenn es um Werkzeuge geht, die ihre Produktivit\u00e4t und Sicherheit steigern. Deshalb bieten wir nicht nur erstklassige Produkte, sondern auch hervorragenden Service. Von der Erstberatung bis zum After-Sales-Support arbeiten wir eng mit unseren Kunden zusammen, um sicherzustellen, dass ihre Bed\u00fcrfnisse professionell und sorgf\u00e4ltig erf\u00fcllt werden. Unsere wettbewerbsf\u00e4higen Preise und unser unerm\u00fcdliches Engagement f\u00fcr Qualit\u00e4t machen FMP zur intelligenten Wahl f\u00fcr Unternehmen, die in zuverl\u00e4ssige Hydraulikl\u00f6sungen investieren m\u00f6chten.<\/p>","protected":false},"excerpt":{"rendered":"<p>Factory Direct Sale 4 Stage Flatbed Tow Truck Hydraulic Cylinder Introducing the 4 Stage Flatbed Tow Truck hydraulic cylinder, our newest product for 2025. This multistage hydraulic cylinder is an essential component for machinery repair shops, farms, energy &amp; mining, machinery manufacturing, and machinery factories. It&#8217;s made of durable steel, ensuring it can withstand heavy [&hellip;]<\/p>","protected":false},"featured_media":6742,"comment_status":"closed","ping_status":"closed","template":"","meta":{"_et_pb_use_builder":"","_et_pb_old_content":"","_et_gb_content_width":""},"product_brand":[],"product_cat":[103],"product_tag":[34,105],"class_list":{"0":"post-6549","1":"product","2":"type-product","3":"status-publish","4":"has-post-thumbnail","6":"product_cat-telescopic-hydraulic-cylinders","7":"product_tag-hydraulic-cylinder","8":"product_tag-telescopic-hydraulic-cylinders","10":"first","11":"instock","12":"product-type-simple"},"_links":{"self":[{"href":"https:\/\/fmp-components.com\/de\/wp-json\/wp\/v2\/product\/6549","targetHints":{"allow":["GET"]}}],"collection":[{"href":"https:\/\/fmp-components.com\/de\/wp-json\/wp\/v2\/product"}],"about":[{"href":"https:\/\/fmp-components.com\/de\/wp-json\/wp\/v2\/types\/product"}],"replies":[{"embeddable":true,"href":"https:\/\/fmp-components.com\/de\/wp-json\/wp\/v2\/comments?post=6549"}],"wp:featuredmedia":[{"embeddable":true,"href":"https:\/\/fmp-components.com\/de\/wp-json\/wp\/v2\/media\/6742"}],"wp:attachment":[{"href":"https:\/\/fmp-components.com\/de\/wp-json\/wp\/v2\/media?parent=6549"}],"wp:term":[{"taxonomy":"product_brand","embeddable":true,"href":"https:\/\/fmp-components.com\/de\/wp-json\/wp\/v2\/product_brand?post=6549"},{"taxonomy":"product_cat","embeddable":true,"href":"https:\/\/fmp-components.com\/de\/wp-json\/wp\/v2\/product_cat?post=6549"},{"taxonomy":"product_tag","embeddable":true,"href":"https:\/\/fmp-components.com\/de\/wp-json\/wp\/v2\/product_tag?post=6549"}],"curies":[{"name":"wp","href":"https:\/\/api.w.org\/{rel}","templated":true}]}}