{"id":6548,"date":"2025-03-11T06:29:39","date_gmt":"2025-03-11T06:29:39","guid":{"rendered":"https:\/\/fmp-components.com\/product\/manufacturer-supplier-20-ton-hydraulic-telescopic-cylinder-for-sale"},"modified":"2025-03-12T06:24:11","modified_gmt":"2025-03-12T06:24:11","slug":"manufacturer-supplier-20-ton-hydraulic-telescopic-cylinder-for-sale","status":"publish","type":"product","link":"https:\/\/fmp-components.com\/de\/product\/manufacturer-supplier-20-ton-hydraulic-telescopic-cylinder-for-sale\/","title":{"rendered":"Hersteller Lieferant 20 Tonnen Hydraulischer Teleskopzylinder zu verkaufen"},"content":{"rendered":"<h2>Hersteller Lieferant 20 Tonnen Hydraulischer Teleskopzylinder zu verkaufen<\/h2>\n<p>Erleben Sie die Kraft und Effizienz unseres 20-Tonnen-Hydraulik-Teleskopzylinders \u2013 ein Spitzenprodukt von FMP. Dieser mehrstufige Hydraulikzylinder ist neu und nach h\u00f6chsten Standards gefertigt und garantiert zuverl\u00e4ssige und robuste Leistung f\u00fcr alle Ihre anspruchsvollen Aufgaben.<\/p>\n<p><img loading=\"lazy\" decoding=\"async\" class=\"alignnone  wp-image-6661\" src=\"https:\/\/fmp-components.com\/wp-content\/uploads\/2025\/03\/telescopic-hydraulic-cylinder-10.webp\" alt=\"Teleskop-Hydraulikzylinder\" width=\"888\" height=\"888\" title=\"\" srcset=\"https:\/\/fmp-components.com\/wp-content\/uploads\/2025\/03\/telescopic-hydraulic-cylinder-10.webp 888w, https:\/\/fmp-components.com\/wp-content\/uploads\/2025\/03\/telescopic-hydraulic-cylinder-10-480x480.webp 480w\" sizes=\"(min-width: 0px) and (max-width: 480px) 480px, (min-width: 481px) 888px, 100vw\" \/><\/p>\n<h3>Features und Funktionalit\u00e4t<\/h3>\n<p>Der hydraulische Teleskopzylinder zeichnet sich durch eine maximale Schubkraft von 3000 Nm und eine maximale Zugkraft von 20 Tonnen aus. Er ist aus robustem Stahl gefertigt und wird hydraulisch betrieben. Der Zylinder eignet sich f\u00fcr verschiedene Branchen, darunter Maschinenreparaturwerkst\u00e4tten, Landwirtschaft, Energie- und Bergbau, Maschinenbau und Maschinenbauunternehmen.<\/p>\n<h3>Produktspezifikationen<\/h3>\n<table style=\"width: 100.077%;\" border=\"\">\n<tbody>\n<tr>\n<td style=\"width: 42.9379%;\"><i>Bohrungsgr\u00f6\u00dfe<\/i><\/td>\n<td style=\"width: 474.576%;\">2-6 Zoll<\/td>\n<\/tr>\n<tr>\n<td style=\"width: 42.9379%;\"><i>Stangengr\u00f6\u00dfe<\/i><\/td>\n<td style=\"width: 474.576%;\">1,125-4 Zoll<\/td>\n<\/tr>\n<tr>\n<td style=\"width: 42.9379%;\"><i>Strichgr\u00f6\u00dfe<\/i><\/td>\n<td style=\"width: 474.576%;\">4-100 Zoll<\/td>\n<\/tr>\n<tr>\n<td style=\"width: 42.9379%;\"><i>Pin-Gr\u00f6\u00dfe<\/i><\/td>\n<td style=\"width: 474.576%;\">0,5-2 Zoll<\/td>\n<\/tr>\n<tr>\n<td style=\"width: 42.9379%;\"><i>H\u00e4fen<\/i><\/td>\n<td style=\"width: 474.576%;\">G\/SAE\/NPT\/M<\/td>\n<\/tr>\n<\/tbody>\n<\/table>\n<h3>Hauptvorteile<\/h3>\n<ul>\n<li>Energieeffizient: Der Hydraulikzylinder arbeitet effizient und gew\u00e4hrleistet so maximale Produktivit\u00e4t bei minimalem Energieverbrauch.<\/li>\n<li>Hohe Leistungsf\u00e4higkeit: Mit einem maximalen Schub von 3000 und einer Zugkraft von 20 Tonnen ist dieser Zylinder f\u00fcr anspruchsvolle Aufgaben konzipiert.<\/li>\n<li>Sicherheit: Bei der Konstruktion des Hydraulikzylinders stand die Sicherheit im Vordergrund. Er ist aus robusten Materialien gefertigt, die hohem Druck standhalten.<\/li>\n<\/ul>\n<h2>Hydrauliksystem und Funktionsprinzip<\/h2>\n<p>Der hydraulische Teleskopzylinder wandelt hydraulische Energie effizient in mechanische Bewegung um. Der Prozess beginnt mit der Druckerzeugung der Hydraulikfl\u00fcssigkeit durch eine Pumpe, wodurch eine erhebliche Kraft entsteht. Diese Druckfl\u00fcssigkeit wird dann in den Teleskopzylinder geleitet, wo sie auf den oder die Kolben im Inneren wirkt. Beim Eintritt der Hydraulikfl\u00fcssigkeit in den Zylinder entsteht Druck, der die inneren Zylinderabschnitte ausdehnt und so eine betr\u00e4chtliche lineare Bewegung erm\u00f6glicht. Dank dieser einzigartigen Konstruktion erreicht der Hydraulikzylinder beeindruckende Ausfahrl\u00e4ngen bei gleichzeitig kompakten Abmessungen im eingefahrenen Zustand.<\/p>\n<p>Die F\u00e4higkeit, hydraulische Energie in mechanische Bewegung umzuwandeln, macht Teleskopzylinder in verschiedensten Anwendungen unverzichtbar. Die durch die Druckfl\u00fcssigkeit erzeugte Kraft l\u00e4sst sich pr\u00e4zise steuern, sodass Bediener sanfte und exakte Bewegungen ausf\u00fchren k\u00f6nnen. Diese Eigenschaft ist entscheidend in Bereichen, in denen exakte Positionierung und kraftvolles Heben erforderlich sind, und macht hydraulische Teleskopzylinder zu einer wichtigen Komponente moderner Maschinen und Anlagen.<\/p>\n<h3>Anwendung des Hydraulikzylinders<\/h3>\n<p>Der Hydraulikzylinder findet in zahlreichen Branchen breite Anwendung, darunter Maschinenbau und -reparatur, Landwirtschaft, Energiewirtschaft und Bergbau. Im Maschinenbau und in der -reparatur erm\u00f6glicht er das Heben und Positionieren schwerer Ausr\u00fcstung, optimiert Wartungsarbeiten und steigert die betriebliche Effizienz. Seine robuste Bauweise gew\u00e4hrleistet, dass er den anspruchsvollen Bedingungen in diesen Umgebungen standh\u00e4lt.<\/p>\n<p>In der Landwirtschaft sind Hydraulikzylinder unverzichtbar f\u00fcr den Betrieb verschiedenster Maschinen, wie Traktoren und Lader. Sie erm\u00f6glichen Hebe-, Kipp- und Kippvorg\u00e4nge und steigern so die Produktivit\u00e4t und Effizienz in der Landwirtschaft erheblich. Die pr\u00e4zise Ausf\u00fchrung dieser Aufgaben ist entscheidend f\u00fcr die Optimierung landwirtschaftlicher Betriebsabl\u00e4ufe und die termingerechte Fertigstellung der Arbeiten.<\/p>\n<p>In der Energie- und Bergbauindustrie spielen Hydraulikzylinder eine entscheidende Rolle bei Anwendungen wie Bohren, Ausheben und Materialtransport. Ihre F\u00e4higkeit, erhebliche Kr\u00e4fte zu erzeugen, macht sie ideal f\u00fcr die hohen Anforderungen dieser Branchen, in denen Zuverl\u00e4ssigkeit und Leistung von gr\u00f6\u00dfter Bedeutung sind. Ob beim Heben schwerer Lasten oder bei der Steuerung von Maschinen \u2013 Hydraulikzylinder bieten die Kraft und Pr\u00e4zision, die f\u00fcr die Bew\u00e4ltigung der industriellen Herausforderungen erforderlich sind.<\/p>\n<h2>Hydraulikzylinder und Antriebseinheiten<\/h2>\n<p>Hydraulikzylinder und Hydraulikaggregate sind integrale Bestandteile von Hydrauliksystemen und arbeiten zusammen, um den effektiven Einsatz der Hydrauliktechnologie in industriellen Umgebungen zu gew\u00e4hrleisten. Der Hydraulikzylinder dient als Aktor und wandelt hydraulische Energie in mechanische Bewegung um, w\u00e4hrend das Hydraulikaggregat als Energiequelle fungiert und den f\u00fcr den Betrieb des Systems erforderlichen Druck und Volumenstrom erzeugt.<\/p>\n<p>Diese kollaborative Funktion ist unerl\u00e4sslich f\u00fcr die zuverl\u00e4ssige Energie- und Steuerungsunterst\u00fctzung verschiedener technischer und mechanischer Anlagen. Die Hydraulikeinheit besteht typischerweise aus einer Hydraulikpumpe, einem Motor, einem Beh\u00e4lter und Steuerventilen, die zusammenarbeiten, um optimalen Druck und Durchfluss zu gew\u00e4hrleisten. Indem sie sicherstellt, dass die Hydraulikzylinder die jeweils ben\u00f6tigte Menge an Druckfl\u00fcssigkeit erhalten, verbessert die Hydraulikeinheit die Gesamtleistung und Effizienz des Hydrauliksystems.<\/p>\n<p>Wir bei FMP wissen um die Bedeutung dieser Synergie und bieten Ihnen ein umfassendes Sortiment an Hydraulikaggregaten. Unsere L\u00f6sungen sind darauf ausgelegt, all Ihre Anforderungen an Hydrauliksysteme zu erf\u00fcllen und Ihnen optimale Leistung in Ihren Anwendungen zu erm\u00f6glichen. Dank unseres Engagements f\u00fcr Qualit\u00e4t und Zuverl\u00e4ssigkeit stellen wir sicher, dass unsere Hydraulikzylinder und Hydraulikaggregate nahtlos zusammenarbeiten und Ihnen die Leistung und Effizienz bieten, die Sie f\u00fcr Ihren Betrieb ben\u00f6tigen.<\/p>\n<p><img loading=\"lazy\" decoding=\"async\" class=\"alignnone  wp-image-6662\" src=\"https:\/\/fmp-components.com\/wp-content\/uploads\/2025\/03\/telescopic-hydraulic-cylinder-4.webp\" alt=\"Teleskop-Hydraulikzylinder\" width=\"999\" height=\"999\" title=\"\" srcset=\"https:\/\/fmp-components.com\/wp-content\/uploads\/2025\/03\/telescopic-hydraulic-cylinder-4.webp 999w, https:\/\/fmp-components.com\/wp-content\/uploads\/2025\/03\/telescopic-hydraulic-cylinder-4-480x480.webp 480w\" sizes=\"(min-width: 0px) and (max-width: 480px) 480px, (min-width: 481px) 999px, 100vw\" \/><\/p>\n<h2>H\u00e4ufig gestellte Fragen<\/h2>\n<p><span>F: Sind Sie ein Handelsunternehmen oder Hersteller?<\/span><br \/>\n<span>A: Wir sind ein Hersteller.<\/span><br \/>\n<span>F: Wie lange ist Ihre Lieferzeit?<\/span><br \/>\n<span>A: Im Allgemeinen sind es 25\u201335 Tage.<\/span><br \/>\n<span>F: Stellen Sie Muster zur Verf\u00fcgung? Ist es kostenlos oder extra?<\/span><br \/>\n<span>A: Ja, wir k\u00f6nnten die Probe anbieten, aber sie ist nicht kostenlos.<\/span>&#8221;<\/p>\n<h3>\u00dcber FMP<\/h3>\n<p>FMP ist ein f\u00fchrender italienischer Hersteller, der f\u00fcr die Konstruktion, Entwicklung und Produktion hochwertiger Hydraulikzylinder bekannt ist. Dank jahrzehntelanger Erfahrung verbinden wir traditionelle italienische Handwerkskunst mit modernster Technologie, um herausragende Hydraulikl\u00f6sungen zu liefern, die auf die vielf\u00e4ltigen Bed\u00fcrfnisse unserer weltweiten Kundschaft zugeschnitten sind. Mit Sitz in Italien, einem Zentrum f\u00fcr Ingenieurskunst, hat sich FMP als vertrauensw\u00fcrdiger Name in der Hydraulikbranche etabliert und bietet zuverl\u00e4ssige, langlebige und innovative Produkte, die Unternehmen weltweit unterst\u00fctzen.<\/p>\n<p>Wir verbinden das Beste aus fortschrittlicher Fertigungstradition mit einem zukunftsorientierten Ansatz. Dank unserer umfassenden Erfahrung mit Hydrauliksystemen hat sich FMP zu einem modernen Unternehmen entwickelt, das sich durch herausragende Leistungen in Forschung, Design und Produktion auszeichnet. Unsere Spezialisierung umfasst eine breite Palette an Hydraulikzylindern, darunter doppeltwirkende Zylinder, Automobil-Hubzylinder, Landmaschinenzylinder und kundenspezifische L\u00f6sungen f\u00fcr verschiedene industrielle Anwendungen. Unsere Hydraulikzylinder sind f\u00fcr den Einsatz unter anspruchsvollsten Bedingungen konzipiert und gew\u00e4hrleisten Sicherheit, Effizienz und Langlebigkeit in Branchen wie Bauwesen, Industrieanlagen, Landwirtschaft und Schwermaschinenbau.<\/p>\n<p>Bei FMP sind wir stolz auf unsere hochmodernen Produktionsanlagen, die mit Pr\u00e4zisionsmaschinen und fortschrittlichen Pr\u00fcfsystemen ausgestattet sind. Unsere Fertigungsprozesse entsprechen strengen nationalen und internationalen Standards und garantieren, dass jeder Hydraulikzylinder, der unser Werk verl\u00e4sst, h\u00f6chste Qualit\u00e4ts- und Zuverl\u00e4ssigkeitsstandards erf\u00fcllt. Unser qualifiziertes technisches Team und modernste Ausr\u00fcstung erm\u00f6glichen uns eine strenge Qualit\u00e4tskontrolle in jeder Produktionsphase \u2013 von der Rohstoffauswahl bis zur Endkontrolle. Dieses Engagement f\u00fcr Spitzenleistungen hat uns Zertifizierungen und Auszeichnungen von Branchenbeh\u00f6rden eingebracht und unseren Ruf als zuverl\u00e4ssiger Partner gest\u00e4rkt.<\/p>\n<p><img loading=\"lazy\" decoding=\"async\" class=\"alignnone size-full wp-image-6720\" src=\"https:\/\/fmp-components.com\/wp-content\/uploads\/2025\/03\/hydraulic-cylinder-8.webp\" alt=\"Teleskop-Hydraulikzylinder\" width=\"933\" height=\"526\" title=\"\" srcset=\"https:\/\/fmp-components.com\/wp-content\/uploads\/2025\/03\/hydraulic-cylinder-8.webp 933w, https:\/\/fmp-components.com\/wp-content\/uploads\/2025\/03\/hydraulic-cylinder-8-480x271.webp 480w\" sizes=\"(min-width: 0px) and (max-width: 480px) 480px, (min-width: 481px) 933px, 100vw\" \/><\/p>\n<p>Unsere Mission ist einfach und ambitioniert zugleich: Hydraulikzylinder zu liefern, die die Erwartungen in Leistung, Haltbarkeit und Wert \u00fcbertreffen. Geleitet von den Prinzipien Professionalit\u00e4t, Integrit\u00e4t und Kundenorientierung f\u00f6rdern wir eine Kultur der Innovation und Pr\u00e4zision und entwickeln unsere Produkte kontinuierlich weiter, um im Wettbewerb die Nase vorn zu behalten. Mit einem umfassenden Produktsortiment und ma\u00dfgeschneiderten L\u00f6sungen sind wir die erste Wahl f\u00fcr Unternehmen, die leistungsstarke Hydraulikzylinder suchen.<\/p>\n<p>FMP ist mehr als nur ein Hersteller; wir sind Ihr Partner f\u00fcr Ihren Erfolg. Wir wissen, dass unsere Kunden sich auf uns verlassen, wenn es um Werkzeuge geht, die ihre Produktivit\u00e4t und Sicherheit steigern. Deshalb bieten wir nicht nur erstklassige Produkte, sondern auch hervorragenden Service. Von der Erstberatung bis zum After-Sales-Support arbeiten wir eng mit unseren Kunden zusammen, um sicherzustellen, dass ihre Bed\u00fcrfnisse professionell und sorgf\u00e4ltig erf\u00fcllt werden. Unsere wettbewerbsf\u00e4higen Preise und unser unerm\u00fcdliches Engagement f\u00fcr Qualit\u00e4t machen FMP zur intelligenten Wahl f\u00fcr Unternehmen, die in zuverl\u00e4ssige Hydraulikl\u00f6sungen investieren m\u00f6chten.<\/p>","protected":false},"excerpt":{"rendered":"<p>Manufacturer Supplier 20 Ton Hydraulic Telescopic Cylinder for Sale Experience the power and efficiency of our 20 Ton Hydraulic Telescopic Cylinder, a top-notch product From FMP. This multistage hydraulic cylinder is new and built to standard, ensuring reliable and robust performance for all your heavy-duty needs. Features and Functionality The hydraulic telescopic cylinder boasts of [&hellip;]<\/p>","protected":false},"featured_media":6740,"comment_status":"closed","ping_status":"closed","template":"","meta":{"_et_pb_use_builder":"","_et_pb_old_content":"","_et_gb_content_width":""},"product_brand":[],"product_cat":[103],"product_tag":[34,105],"class_list":{"0":"post-6548","1":"product","2":"type-product","3":"status-publish","4":"has-post-thumbnail","6":"product_cat-telescopic-hydraulic-cylinders","7":"product_tag-hydraulic-cylinder","8":"product_tag-telescopic-hydraulic-cylinders","10":"first","11":"instock","12":"product-type-simple"},"_links":{"self":[{"href":"https:\/\/fmp-components.com\/de\/wp-json\/wp\/v2\/product\/6548","targetHints":{"allow":["GET"]}}],"collection":[{"href":"https:\/\/fmp-components.com\/de\/wp-json\/wp\/v2\/product"}],"about":[{"href":"https:\/\/fmp-components.com\/de\/wp-json\/wp\/v2\/types\/product"}],"replies":[{"embeddable":true,"href":"https:\/\/fmp-components.com\/de\/wp-json\/wp\/v2\/comments?post=6548"}],"wp:featuredmedia":[{"embeddable":true,"href":"https:\/\/fmp-components.com\/de\/wp-json\/wp\/v2\/media\/6740"}],"wp:attachment":[{"href":"https:\/\/fmp-components.com\/de\/wp-json\/wp\/v2\/media?parent=6548"}],"wp:term":[{"taxonomy":"product_brand","embeddable":true,"href":"https:\/\/fmp-components.com\/de\/wp-json\/wp\/v2\/product_brand?post=6548"},{"taxonomy":"product_cat","embeddable":true,"href":"https:\/\/fmp-components.com\/de\/wp-json\/wp\/v2\/product_cat?post=6548"},{"taxonomy":"product_tag","embeddable":true,"href":"https:\/\/fmp-components.com\/de\/wp-json\/wp\/v2\/product_tag?post=6548"}],"curies":[{"name":"wp","href":"https:\/\/api.w.org\/{rel}","templated":true}]}}