{"id":6536,"date":"2025-03-11T06:28:19","date_gmt":"2025-03-11T06:28:19","guid":{"rendered":"https:\/\/fmp-components.com\/product\/telescopic-hydraulic-cylinder-20-ton-hydraulic-cylinders-for-dump-truck"},"modified":"2025-03-14T02:58:01","modified_gmt":"2025-03-14T02:58:01","slug":"telescopic-hydraulic-cylinder-20-ton-hydraulic-cylinders-for-dump-truck","status":"publish","type":"product","link":"https:\/\/fmp-components.com\/de\/product\/telescopic-hydraulic-cylinder-20-ton-hydraulic-cylinders-for-dump-truck\/","title":{"rendered":"Teleskop-Hydraulikzylinder 20 Tonnen Hydraulikzylinder f\u00fcr Muldenkipper"},"content":{"rendered":"<h2>Teleskop-Hydraulikzylinder 20 Tonnen Hydraulikzylinder f\u00fcr Muldenkipper<\/h2>\n<p>Unser hochwertiger Teleskop-Hydraulikzylinder ist eine leistungsstarke Komponente mit hoher Kapazit\u00e4t, die sich ideal f\u00fcr anspruchsvolle Anwendungen wie Muldenkipper eignet. Mit einer maximalen Zugkraft von 20 Tonnen und einem beeindruckenden maximalen Schub von 3000 Nm bietet er \u00fcberragende Leistung und au\u00dfergew\u00f6hnliche Zuverl\u00e4ssigkeit.<\/p>\n<h3>Features und Funktionalit\u00e4t<\/h3>\n<p>Dieser Hydraulikzylinder verf\u00fcgt \u00fcber eine standardm\u00e4\u00dfige Kolbenzylinderkonstruktion und wird hydraulisch angetrieben. Das Geh\u00e4use besteht aus robustem Stahl und gew\u00e4hrleistet so Langlebigkeit. Der Bohrungsdurchmesser reicht von 2 bis 6 Zoll, der Kolbenstangendurchmesser von 1,125 bis 4 Zoll und der Hub von 4 bis 100 Zoll. Der Kolbenbolzendurchmesser variiert von 0,5 bis 2 Zoll. Der Zylinder ist mit Anschl\u00fcssen in den Gr\u00f6\u00dfen G, SAE, NPT und M ausgestattet.<\/p>\n<h3>Produktspezifikationen<\/h3>\n<table style=\"width: 95.3977%;\" border=\"\">\n<tbody>\n<tr>\n<th style=\"width: 34.1463%;\">Produktname<\/th>\n<td style=\"width: 232.404%;\">Teleskop-Hydraulikzylinder<\/td>\n<\/tr>\n<tr>\n<th style=\"width: 34.1463%;\">Zertifizierung<\/th>\n<td style=\"width: 232.404%;\">ISO9001:2000<\/td>\n<\/tr>\n<tr>\n<th style=\"width: 34.1463%;\">Bohrungsgr\u00f6\u00dfe<\/th>\n<td style=\"width: 232.404%;\">2-6 Zoll<\/td>\n<\/tr>\n<tr>\n<th style=\"width: 34.1463%;\">Stangengr\u00f6\u00dfe<\/th>\n<td style=\"width: 232.404%;\">1,125-4 Zoll<\/td>\n<\/tr>\n<tr>\n<th style=\"width: 34.1463%;\">Strichgr\u00f6\u00dfe<\/th>\n<td style=\"width: 232.404%;\">4-100 Zoll<\/td>\n<\/tr>\n<tr>\n<th style=\"width: 34.1463%;\">Pin-Gr\u00f6\u00dfe<\/th>\n<td style=\"width: 232.404%;\">0,5-2 Zoll<\/td>\n<\/tr>\n<tr>\n<th style=\"width: 34.1463%;\">H\u00e4fen<\/th>\n<td style=\"width: 232.404%;\">G\/SAE\/NPT\/M<\/td>\n<\/tr>\n<\/tbody>\n<\/table>\n<h2>Einzigartige Vorteile<\/h2>\n<ul>\n<li>Energieeffizient: Optimiert die Nutzung der Hydraulikleistung f\u00fcr maximale Effizienz<\/li>\n<li>Hocheffizient: Bietet hohe Leistung bei geringerem Energieverbrauch<\/li>\n<li>Sicherheit: Gew\u00e4hrleistet einen sicheren Betrieb auch unter anspruchsvollen Anwendungen.<\/li>\n<\/ul>\n<h3>Hydrauliksystem und Funktionsprinzip<\/h3>\n<p>Das Hydrauliksystem dieses Zylinders arbeitet nach dem Prinzip des Fl\u00fcssigkeitsdrucks. Die Hydraulikfl\u00fcssigkeit wird unter Druck gesetzt und durch das System geleitet, um Kraft oder Bewegung zu erzeugen. Diese Kraft treibt dann den Hydraulikzylinder an und wandelt so hydraulische Energie in mechanische Energie um.<\/p>\n<p><img loading=\"lazy\" decoding=\"async\" class=\"alignnone wp-image-6662\" src=\"https:\/\/fmp-components.com\/wp-content\/uploads\/2025\/03\/telescopic-hydraulic-cylinder-4.webp\" alt=\"Teleskop-Hydraulikzylinder\" width=\"792\" height=\"792\" title=\"\" srcset=\"https:\/\/fmp-components.com\/wp-content\/uploads\/2025\/03\/telescopic-hydraulic-cylinder-4.webp 792w, https:\/\/fmp-components.com\/wp-content\/uploads\/2025\/03\/telescopic-hydraulic-cylinder-4-480x480.webp 480w\" sizes=\"(min-width: 0px) and (max-width: 480px) 480px, (min-width: 481px) 792px, 100vw\" \/><\/p>\n<h2>Anwendungsszenario<\/h2>\n<p>Dieser Hydraulikzylinder wird haupts\u00e4chlich in Muldenkippern eingesetzt, findet aber auch in verschiedenen anderen Branchen Anwendung, beispielsweise in Maschinenreparaturwerkst\u00e4tten, landwirtschaftlichen Betrieben, im Energie- und Bergbausektor, im Maschinenbau und in Maschinenfabriken.<\/p>\n<h2>Hydraulikzylinder und Antriebseinheiten<\/h2>\n<p>Das Zusammenspiel von Hydraulikzylindern und Hydraulikaggregaten ist f\u00fcr den Betrieb hydraulischer Systeme unerl\u00e4sslich. Hydraulikzylinder wandeln als Aktuatoren hydraulische Energie in mechanische Bewegung um. Hydraulikaggregate liefern die notwendige Energie und Steuersignale. Gemeinsam gew\u00e4hrleisten sie den reibungslosen Betrieb hydraulischer Systeme.<\/p>\n<h2>H\u00e4ufig gestellte Fragen<\/h2>\n<p>F: Sind Sie ein Handelsunternehmen oder ein Hersteller?<br \/>\nA: Wir sind ein Hersteller.<br \/>\nF: Wie lange ist Ihre Lieferzeit?<br \/>\nA: Im Allgemeinen betr\u00e4gt unsere Lieferzeit 25-35 Tage.<br \/>\nF: Stellen Sie Muster zur Verf\u00fcgung? Ist es kostenlos oder extra?<br \/>\nA: Ja, wir stellen Muster zur Verf\u00fcgung, aber diese sind nicht kostenlos.<\/p>\n<h3>\u00dcber FMP<\/h3>\n<p class=\"break-words\">FMP ist ein f\u00fchrender italienischer Hersteller, der sich auf die Konstruktion, Entwicklung und Produktion hochwertiger Hydraulikzylinder spezialisiert hat. Mit unserer langj\u00e4hrigen Erfahrung verbinden wir italienische Handwerkskunst mit modernster Technologie, um au\u00dfergew\u00f6hnliche Hydraulikl\u00f6sungen zu liefern, die auf die vielf\u00e4ltigen Bed\u00fcrfnisse unserer weltweiten Kundschaft zugeschnitten sind. Mit Sitz in Italien, einem Zentrum der Ingenieurskunst, gilt FMP als vertrauensw\u00fcrdiger Name in der Hydraulikbranche und hat sich der Bereitstellung zuverl\u00e4ssiger, langlebiger und innovativer Produkte verschrieben, die Unternehmen weltweit unterst\u00fctzen.<\/p>\n<p class=\"break-words\">Unser Unternehmen verbindet die besten Fertigungstraditionen mit einem zukunftsorientierten Ansatz. Dank langj\u00e4hriger Erfahrung im Bereich Hydrauliksysteme hat sich FMP zu einem modernen Unternehmen entwickelt, das sich durch herausragende Leistungen in Forschung, Design und Produktion auszeichnet. Wir sind spezialisiert auf ein breites Spektrum an Hydraulikzylindern, darunter doppeltwirkende Zylinder, Automobil-Hubzylinder, Landmaschinenzylinder und ma\u00dfgeschneiderte L\u00f6sungen f\u00fcr verschiedene Industrieanwendungen. Ob f\u00fcr Bauwesen, Industrieanlagen, Landwirtschaft oder Schwermaschinen \u2013 unsere Hydraulikzylinder sind f\u00fcr h\u00e4rteste Bedingungen ausgelegt und gew\u00e4hrleisten Sicherheit, Effizienz und Langlebigkeit.<\/p>\n<p><img loading=\"lazy\" decoding=\"async\" class=\"alignnone size-full wp-image-6720\" src=\"https:\/\/fmp-components.com\/wp-content\/uploads\/2025\/03\/hydraulic-cylinder-8.webp\" alt=\"Teleskop-Hydraulikzylinder\" width=\"933\" height=\"526\" title=\"\" srcset=\"https:\/\/fmp-components.com\/wp-content\/uploads\/2025\/03\/hydraulic-cylinder-8.webp 933w, https:\/\/fmp-components.com\/wp-content\/uploads\/2025\/03\/hydraulic-cylinder-8-480x271.webp 480w\" sizes=\"(min-width: 0px) and (max-width: 480px) 480px, (min-width: 481px) 933px, 100vw\" \/><\/p>\n<p class=\"break-words\">Bei FMP sind wir stolz auf unsere hochmodernen Produktionsanlagen, die mit Pr\u00e4zisionsmaschinen und fortschrittlichen Pr\u00fcfsystemen ausgestattet sind. Unsere Fertigungsprozesse entsprechen strengen nationalen und internationalen Standards und gew\u00e4hrleisten, dass jeder Hydraulikzylinder, der unser Werk verl\u00e4sst, von h\u00f6chster Qualit\u00e4t und Zuverl\u00e4ssigkeit ist. Unser qualifiziertes technisches Team und modernste Ausr\u00fcstung erm\u00f6glichen uns eine strenge Qualit\u00e4tskontrolle in jeder Produktionsphase \u2013 von der Rohstoffauswahl bis zur Endkontrolle. Dieses Streben nach Exzellenz hat uns Zertifizierungen und Anerkennungen von Branchenbeh\u00f6rden eingebracht und unseren Ruf als zuverl\u00e4ssiger Partner weiter gefestigt.<\/p>\n<p class=\"break-words\">Unsere Mission ist einfach und doch ehrgeizig: Wir m\u00f6chten unseren Kunden Hydraulikzylinder liefern, die ihre Erwartungen in puncto Leistung, Langlebigkeit und Wert \u00fcbertreffen. Professionalit\u00e4t, Integrit\u00e4t und Kundenorientierung sind unsere Leitprinzipien. Durch Innovation und Pr\u00e4zision entwickeln wir unsere Produkte kontinuierlich weiter, um im Wettbewerb die Nase vorn zu behalten. Unser umfassendes Produktsortiment und unsere F\u00e4higkeit, ma\u00dfgeschneiderte L\u00f6sungen anzubieten, machen uns zur ersten Wahl f\u00fcr Unternehmen, die leistungsstarke Hydraulikzylinder suchen.<\/p>\n<p class=\"break-words\">FMP ist mehr als nur ein Hersteller \u2013 wir sind Ihr Partner f\u00fcr Ihren Erfolg. Wir wissen, dass unsere Kunden auf uns vertrauen, wenn es um Werkzeuge geht, die ihre Produktivit\u00e4t und Sicherheit steigern. Deshalb bieten wir nicht nur erstklassige Produkte, sondern auch hervorragenden Service. Von der ersten Beratung bis zum After-Sales-Support arbeiten wir eng mit unseren Kunden zusammen, um sicherzustellen, dass ihre Bed\u00fcrfnisse professionell und sorgf\u00e4ltig erf\u00fcllt werden. Unsere wettbewerbsf\u00e4higen Preise und unser unerm\u00fcdliches Engagement f\u00fcr Qualit\u00e4t machen FMP zur intelligenten Wahl f\u00fcr Unternehmen, die in zuverl\u00e4ssige Hydraulikl\u00f6sungen investieren m\u00f6chten.<\/p>","protected":false},"excerpt":{"rendered":"<p>Telescopic Hydraulic Cylinder 20 Ton Hydraulic Cylinders For Dump Truck Our premium Telescopic hydraulic cylinder is a powerful, high-capacity hydraulic system component that is ideal for heavy-duty applications such as dump trucks. With a maximum pull of 20 tons and an impressive max thrust of 3000, it offers superior performance and exceptional reliability. Features and [&hellip;]<\/p>","protected":false},"featured_media":6801,"comment_status":"closed","ping_status":"closed","template":"","meta":{"_et_pb_use_builder":"","_et_pb_old_content":"","_et_gb_content_width":""},"product_brand":[],"product_cat":[103],"product_tag":[34,105],"class_list":{"0":"post-6536","1":"product","2":"type-product","3":"status-publish","4":"has-post-thumbnail","6":"product_cat-telescopic-hydraulic-cylinders","7":"product_tag-hydraulic-cylinder","8":"product_tag-telescopic-hydraulic-cylinders","10":"first","11":"instock","12":"product-type-simple"},"_links":{"self":[{"href":"https:\/\/fmp-components.com\/de\/wp-json\/wp\/v2\/product\/6536","targetHints":{"allow":["GET"]}}],"collection":[{"href":"https:\/\/fmp-components.com\/de\/wp-json\/wp\/v2\/product"}],"about":[{"href":"https:\/\/fmp-components.com\/de\/wp-json\/wp\/v2\/types\/product"}],"replies":[{"embeddable":true,"href":"https:\/\/fmp-components.com\/de\/wp-json\/wp\/v2\/comments?post=6536"}],"wp:featuredmedia":[{"embeddable":true,"href":"https:\/\/fmp-components.com\/de\/wp-json\/wp\/v2\/media\/6801"}],"wp:attachment":[{"href":"https:\/\/fmp-components.com\/de\/wp-json\/wp\/v2\/media?parent=6536"}],"wp:term":[{"taxonomy":"product_brand","embeddable":true,"href":"https:\/\/fmp-components.com\/de\/wp-json\/wp\/v2\/product_brand?post=6536"},{"taxonomy":"product_cat","embeddable":true,"href":"https:\/\/fmp-components.com\/de\/wp-json\/wp\/v2\/product_cat?post=6536"},{"taxonomy":"product_tag","embeddable":true,"href":"https:\/\/fmp-components.com\/de\/wp-json\/wp\/v2\/product_tag?post=6536"}],"curies":[{"name":"wp","href":"https:\/\/api.w.org\/{rel}","templated":true}]}}