{"id":6535,"date":"2025-03-11T06:28:19","date_gmt":"2025-03-11T06:28:19","guid":{"rendered":"https:\/\/fmp-components.com\/product\/factory-direct-sale-multi-stage-hydraulic-cylinder-telescopic-hydraulic-cylinder-for-dump-truck"},"modified":"2025-03-14T03:00:05","modified_gmt":"2025-03-14T03:00:05","slug":"factory-direct-sale-multi-stage-hydraulic-cylinder-telescopic-hydraulic-cylinder-for-dump-truck","status":"publish","type":"product","link":"https:\/\/fmp-components.com\/de\/product\/factory-direct-sale-multi-stage-hydraulic-cylinder-telescopic-hydraulic-cylinder-for-dump-truck\/","title":{"rendered":"Fabrik Direkt Verkauf Multi B\u00fchne Hydraulische Zylinder Teleskop Hydraulische Zylinder F\u00fcr Dump Lkw"},"content":{"rendered":"<h2>Fabrik Direkt Verkauf Multi B\u00fchne Hydraulische Zylinder Teleskop Hydraulische Zylinder F\u00fcr Dump Lkw<\/h2>\n<p>Unser direkt vom Hersteller erh\u00e4ltlicher, mehrstufiger Teleskop-Hydraulikzylinder ist ein neues Standardprodukt, ideal f\u00fcr diverse Branchen wie Maschinenreparaturwerkst\u00e4tten, Landwirtschaft, Energie- und Bergbau, Maschinenbau und Maschinenbauunternehmen. Dieser aus robustem Stahl gefertigte Hydraulikzylinder bietet eine beeindruckende maximale Schubkraft von 3000 Nm und eine maximale Zugkraft von 20 Tonnen. Er wurde f\u00fcr maximale Effizienz und Langlebigkeit entwickelt und ist die ideale Erg\u00e4nzung f\u00fcr Ihren Muldenkipper.<\/p>\n<h3>Produktspezifikationen<\/h3>\n<p>Unser Produkt bietet eine einj\u00e4hrige Garantie auf die Kernkomponenten, einschlie\u00dflich Lager und Hydraulikzylinder. Es wird in einer robusten Eisenkiste, Sperrholzkiste oder einem Karton geliefert und sorgf\u00e4ltig verpackt, um eine einwandfreie Lieferung zu gew\u00e4hrleisten.<\/p>\n<table style=\"width: 99.4654%; height: 161px;\" border=\"\">\n<tbody>\n<tr style=\"height: 23px;\">\n<td style=\"height: 23px; width: 41.704%;\"><i>Produktname<\/i><\/td>\n<td style=\"height: 23px; width: 310.762%;\">Teleskopzylinder<\/td>\n<\/tr>\n<tr style=\"height: 23px;\">\n<td style=\"height: 23px; width: 41.704%;\"><i>Zertifizierung<\/i><\/td>\n<td style=\"height: 23px; width: 310.762%;\">ISO9001:2000<\/td>\n<\/tr>\n<tr style=\"height: 23px;\">\n<td style=\"height: 23px; width: 41.704%;\"><i>Bohrungsgr\u00f6\u00dfe<\/i><\/td>\n<td style=\"height: 23px; width: 310.762%;\">2-6 Zoll<\/td>\n<\/tr>\n<tr style=\"height: 23px;\">\n<td style=\"height: 23px; width: 41.704%;\"><i>Stangengr\u00f6\u00dfe<\/i><\/td>\n<td style=\"height: 23px; width: 310.762%;\">1,125-4 Zoll<\/td>\n<\/tr>\n<tr style=\"height: 23px;\">\n<td style=\"height: 23px; width: 41.704%;\"><i>Strichgr\u00f6\u00dfe<\/i><\/td>\n<td style=\"height: 23px; width: 310.762%;\">4-100 Zoll<\/td>\n<\/tr>\n<tr style=\"height: 23px;\">\n<td style=\"height: 23px; width: 41.704%;\"><i>Pin-Gr\u00f6\u00dfe<\/i><\/td>\n<td style=\"height: 23px; width: 310.762%;\">0,5-2 Zoll<\/td>\n<\/tr>\n<tr style=\"height: 23px;\">\n<td style=\"height: 23px; width: 41.704%;\"><i>H\u00e4fen<\/i><\/td>\n<td style=\"height: 23px; width: 310.762%;\">G\/SAE\/NPT\/M<\/td>\n<\/tr>\n<\/tbody>\n<\/table>\n<h3>Hauptmerkmale<\/h3>\n<ul>\n<li>Energieeffizient<\/li>\n<li>Hochwirksam<\/li>\n<li>Sicher und zuverl\u00e4ssig<\/li>\n<\/ul>\n<h2>Hydrauliksystem und Funktionsprinzip<\/h2>\n<p>Unser Hydraulikzylinder arbeitet nach dem Prinzip der Umwandlung von Hydraulikdruck in Kraft. Dieses Produkt ist so konzipiert, dass es optimal mit Ihrem Hydrauliksystem zusammenarbeitet und die f\u00fcr eine optimale Leistung notwendige Kraft und Kontrolle bietet.<\/p>\n<p><img loading=\"lazy\" decoding=\"async\" class=\"alignnone  wp-image-6659\" src=\"https:\/\/fmp-components.com\/wp-content\/uploads\/2025\/03\/telescopic-hydraulic-cylinder-12.webp\" alt=\"Teleskop-Hydraulikzylinder\" width=\"795\" height=\"795\" title=\"\" srcset=\"https:\/\/fmp-components.com\/wp-content\/uploads\/2025\/03\/telescopic-hydraulic-cylinder-12.webp 795w, https:\/\/fmp-components.com\/wp-content\/uploads\/2025\/03\/telescopic-hydraulic-cylinder-12-480x480.webp 480w\" sizes=\"(min-width: 0px) and (max-width: 480px) 480px, (min-width: 481px) 795px, 100vw\" \/><\/p>\n<h2>Anwendungen<\/h2>\n<p>Dieser Hydraulikzylinder ist vielseitig einsetzbar und kann in einer Vielzahl von Anwendungen verwendet werden, unter anderem in Muldenkippern, wo er sich durch seine Hebe- und Kippleistung auszeichnet, die diese Fahrzeuge ben\u00f6tigen.<\/p>\n<h2>Hydraulikzylinder und Antriebseinheiten<\/h2>\n<p>Hydraulikzylinder und Hydraulikaggregate sind unverzichtbare Bestandteile jedes Hydrauliksystems. Sie arbeiten zusammen und gew\u00e4hrleisten so den breiten Einsatz der Hydrauliktechnologie in verschiedenen Industriezweigen. Sie bieten zuverl\u00e4ssige Energieversorgung und Steuerung f\u00fcr diverse Maschinen und Anlagen. FMP bietet Ihnen au\u00dferdem Hydraulikaggregate zum Kauf an, damit Sie alles Notwendige f\u00fcr Ihr Hydrauliksystem haben.<\/p>\n<h2>FAQs<\/h2>\n<p><b>F: Sind Sie ein Handelsunternehmen oder ein Hersteller?<\/b><br \/>\nA: Wir sind ein Hersteller.<\/p>\n<p><b>F: Wie lange dauert die Lieferung?<\/b><br \/>\nA: Im Allgemeinen betr\u00e4gt unsere Lieferzeit 25-35 Tage.<\/p>\n<p><b>F: Stellen Sie Muster zur Verf\u00fcgung?<\/b><br \/>\nA: Ja, wir stellen Muster zur Verf\u00fcgung, diese sind jedoch nicht kostenlos.<\/p>\n<h3>\u00dcber FMP<\/h3>\n<p class=\"break-words\">FMP ist ein f\u00fchrender italienischer Hersteller, der sich auf die Konstruktion, Entwicklung und Produktion hochwertiger Hydraulikzylinder spezialisiert hat. Mit unserer langj\u00e4hrigen Erfahrung verbinden wir italienische Handwerkskunst mit modernster Technologie, um au\u00dfergew\u00f6hnliche Hydraulikl\u00f6sungen zu liefern, die auf die vielf\u00e4ltigen Bed\u00fcrfnisse unserer weltweiten Kundschaft zugeschnitten sind. Mit Sitz in Italien, einem Zentrum der Ingenieurskunst, gilt FMP als vertrauensw\u00fcrdiger Name in der Hydraulikbranche und hat sich der Bereitstellung zuverl\u00e4ssiger, langlebiger und innovativer Produkte verschrieben, die Unternehmen weltweit unterst\u00fctzen.<\/p>\n<p class=\"break-words\">Unser Unternehmen verbindet die besten Fertigungstraditionen mit einem zukunftsorientierten Ansatz. Dank langj\u00e4hriger Erfahrung im Bereich Hydrauliksysteme hat sich FMP zu einem modernen Unternehmen entwickelt, das sich durch herausragende Leistungen in Forschung, Design und Produktion auszeichnet. Wir sind spezialisiert auf ein breites Spektrum an Hydraulikzylindern, darunter doppeltwirkende Zylinder, Automobil-Hubzylinder, Landmaschinenzylinder und ma\u00dfgeschneiderte L\u00f6sungen f\u00fcr verschiedene Industrieanwendungen. Ob f\u00fcr Bauwesen, Industrieanlagen, Landwirtschaft oder Schwermaschinen \u2013 unsere Hydraulikzylinder sind f\u00fcr h\u00e4rteste Bedingungen ausgelegt und gew\u00e4hrleisten Sicherheit, Effizienz und Langlebigkeit.<\/p>\n<p><img loading=\"lazy\" decoding=\"async\" class=\"alignnone size-full wp-image-6720\" src=\"https:\/\/fmp-components.com\/wp-content\/uploads\/2025\/03\/hydraulic-cylinder-8.webp\" alt=\"Teleskop-Hydraulikzylinder\" width=\"933\" height=\"526\" title=\"\" srcset=\"https:\/\/fmp-components.com\/wp-content\/uploads\/2025\/03\/hydraulic-cylinder-8.webp 933w, https:\/\/fmp-components.com\/wp-content\/uploads\/2025\/03\/hydraulic-cylinder-8-480x271.webp 480w\" sizes=\"(min-width: 0px) and (max-width: 480px) 480px, (min-width: 481px) 933px, 100vw\" \/><\/p>\n<p class=\"break-words\">Bei FMP sind wir stolz auf unsere hochmodernen Produktionsanlagen, die mit Pr\u00e4zisionsmaschinen und fortschrittlichen Pr\u00fcfsystemen ausgestattet sind. Unsere Fertigungsprozesse entsprechen strengen nationalen und internationalen Standards und gew\u00e4hrleisten, dass jeder Hydraulikzylinder, der unser Werk verl\u00e4sst, von h\u00f6chster Qualit\u00e4t und Zuverl\u00e4ssigkeit ist. Unser qualifiziertes technisches Team und modernste Ausr\u00fcstung erm\u00f6glichen uns eine strenge Qualit\u00e4tskontrolle in jeder Produktionsphase \u2013 von der Rohstoffauswahl bis zur Endkontrolle. Dieses Streben nach Exzellenz hat uns Zertifizierungen und Anerkennungen von Branchenbeh\u00f6rden eingebracht und unseren Ruf als zuverl\u00e4ssiger Partner weiter gefestigt.<\/p>\n<p class=\"break-words\">Unsere Mission ist einfach und doch ehrgeizig: Wir m\u00f6chten unseren Kunden Hydraulikzylinder liefern, die ihre Erwartungen in puncto Leistung, Langlebigkeit und Wert \u00fcbertreffen. Professionalit\u00e4t, Integrit\u00e4t und Kundenorientierung sind unsere Leitprinzipien. Durch Innovation und Pr\u00e4zision entwickeln wir unsere Produkte kontinuierlich weiter, um im Wettbewerb die Nase vorn zu behalten. Unser umfassendes Produktsortiment und unsere F\u00e4higkeit, ma\u00dfgeschneiderte L\u00f6sungen anzubieten, machen uns zur ersten Wahl f\u00fcr Unternehmen, die leistungsstarke Hydraulikzylinder suchen.<\/p>\n<p class=\"break-words\">FMP ist mehr als nur ein Hersteller \u2013 wir sind Ihr Partner f\u00fcr Ihren Erfolg. Wir wissen, dass unsere Kunden auf uns vertrauen, wenn es um Werkzeuge geht, die ihre Produktivit\u00e4t und Sicherheit steigern. Deshalb bieten wir nicht nur erstklassige Produkte, sondern auch hervorragenden Service. Von der ersten Beratung bis zum After-Sales-Support arbeiten wir eng mit unseren Kunden zusammen, um sicherzustellen, dass ihre Bed\u00fcrfnisse professionell und sorgf\u00e4ltig erf\u00fcllt werden. Unsere wettbewerbsf\u00e4higen Preise und unser unerm\u00fcdliches Engagement f\u00fcr Qualit\u00e4t machen FMP zur intelligenten Wahl f\u00fcr Unternehmen, die in zuverl\u00e4ssige Hydraulikl\u00f6sungen investieren m\u00f6chten.<\/p>","protected":false},"excerpt":{"rendered":"<p>Mehrstufiger Teleskop-Hydraulikzylinder direkt vom Hersteller \u2013 ideal f\u00fcr Muldenkipper. Unser mehrstufiger Teleskop-Hydraulikzylinder aus dem Direktvertrieb ist ein neues Standardprodukt, perfekt geeignet f\u00fcr verschiedene Branchen wie Maschinenreparaturwerkst\u00e4tten, Landwirtschaft, Energie- und Bergbau, Maschinenbau und Maschinenbaufabriken. Dieser Hydraulikzylinder besteht aus [\u2026]<\/p>","protected":false},"featured_media":6801,"comment_status":"closed","ping_status":"closed","template":"","meta":{"_et_pb_use_builder":"","_et_pb_old_content":"","_et_gb_content_width":""},"product_brand":[],"product_cat":[103],"product_tag":[34,105],"class_list":{"0":"post-6535","1":"product","2":"type-product","3":"status-publish","4":"has-post-thumbnail","6":"product_cat-telescopic-hydraulic-cylinders","7":"product_tag-hydraulic-cylinder","8":"product_tag-telescopic-hydraulic-cylinders","10":"first","11":"instock","12":"product-type-simple"},"_links":{"self":[{"href":"https:\/\/fmp-components.com\/de\/wp-json\/wp\/v2\/product\/6535","targetHints":{"allow":["GET"]}}],"collection":[{"href":"https:\/\/fmp-components.com\/de\/wp-json\/wp\/v2\/product"}],"about":[{"href":"https:\/\/fmp-components.com\/de\/wp-json\/wp\/v2\/types\/product"}],"replies":[{"embeddable":true,"href":"https:\/\/fmp-components.com\/de\/wp-json\/wp\/v2\/comments?post=6535"}],"wp:featuredmedia":[{"embeddable":true,"href":"https:\/\/fmp-components.com\/de\/wp-json\/wp\/v2\/media\/6801"}],"wp:attachment":[{"href":"https:\/\/fmp-components.com\/de\/wp-json\/wp\/v2\/media?parent=6535"}],"wp:term":[{"taxonomy":"product_brand","embeddable":true,"href":"https:\/\/fmp-components.com\/de\/wp-json\/wp\/v2\/product_brand?post=6535"},{"taxonomy":"product_cat","embeddable":true,"href":"https:\/\/fmp-components.com\/de\/wp-json\/wp\/v2\/product_cat?post=6535"},{"taxonomy":"product_tag","embeddable":true,"href":"https:\/\/fmp-components.com\/de\/wp-json\/wp\/v2\/product_tag?post=6535"}],"curies":[{"name":"wp","href":"https:\/\/api.w.org\/{rel}","templated":true}]}}