{"id":6534,"date":"2025-03-11T06:28:19","date_gmt":"2025-03-11T06:28:19","guid":{"rendered":"https:\/\/fmp-components.com\/product\/professional-craftsmanship-20-ton-dump-truck-4-stage-hydraulic-cylinder"},"modified":"2025-03-14T03:02:11","modified_gmt":"2025-03-14T03:02:11","slug":"professional-craftsmanship-20-ton-dump-truck-4-stage-hydraulic-cylinder","status":"publish","type":"product","link":"https:\/\/fmp-components.com\/de\/product\/professional-craftsmanship-20-ton-dump-truck-4-stage-hydraulic-cylinder\/","title":{"rendered":"Professionelle Handwerkskunst 20 Tonnen Muldenkipper 4-stufiger Hydraulikzylinder"},"content":{"rendered":"<h2>Professionelle Handwerkskunst 20 Tonnen Muldenkipper 4-stufiger Hydraulikzylinder<\/h2>\n<p>Der 4-stufige Hydraulikzylinder f\u00fcr 20-Tonnen-Muldenkipper von FMP ist ein Beweis f\u00fcr professionelle Handwerkskunst. Dieses Produkt, das haupts\u00e4chlich in Maschinenreparaturwerkst\u00e4tten, landwirtschaftlichen Betrieben, im Energie- und Bergbau, im Maschinenbau und in Fabriken eingesetzt wird, ist aus hochwertigem Stahl gefertigt und mit Hydrauliktechnologie angetrieben. Der mehrstufige Hydraulikzylinder hat eine maximale Zugkraft von 20 Tonnen und ist nach ISO 9001:2000 zertifiziert.<\/p>\n<h3>Wichtige Merkmale und Funktionen<\/h3>\n<ul>\n<li><strong>Standardstruktur:<\/strong> Dieser Hydraulikzylinder ist mit einer standardm\u00e4\u00dfigen Kolbenzylinderstruktur ausgestattet und l\u00e4sst sich nahtlos in verschiedene Maschinen und Ger\u00e4te integrieren.<\/li>\n<li><strong>Hohe Leistung:<\/strong> Mit einem maximalen Schub von 3000 und einer maximalen Zugkraft von 20 Tonnen garantiert es eine au\u00dfergew\u00f6hnliche Leistung.<\/li>\n<li><strong>Robustes Material:<\/strong> Der Zylinderk\u00f6rper ist aus hochwertigem Stahl gefertigt, was Haltbarkeit und lange Lebensdauer gew\u00e4hrleistet.<\/li>\n<\/ul>\n<h3>Technische Spezifikationen<\/h3>\n<table style=\"width: 95.5718%;\" border=\"\">\n<tbody>\n<tr>\n<td style=\"width: 41.704%;\">Produktname<\/td>\n<td style=\"width: 296.861%;\">Teleskopzylinder<\/td>\n<\/tr>\n<tr>\n<td style=\"width: 41.704%;\">Zertifizierung<\/td>\n<td style=\"width: 296.861%;\">ISO9001:2000<\/td>\n<\/tr>\n<tr>\n<td style=\"width: 41.704%;\">Bohrungsgr\u00f6\u00dfe<\/td>\n<td style=\"width: 296.861%;\">2-6 Zoll<\/td>\n<\/tr>\n<tr>\n<td style=\"width: 41.704%;\">Stangengr\u00f6\u00dfe<\/td>\n<td style=\"width: 296.861%;\">1,125-4 Zoll<\/td>\n<\/tr>\n<tr>\n<td style=\"width: 41.704%;\">Strichgr\u00f6\u00dfe<\/td>\n<td style=\"width: 296.861%;\">4-100 Zoll<\/td>\n<\/tr>\n<tr>\n<td style=\"width: 41.704%;\">Pin-Gr\u00f6\u00dfe<\/td>\n<td style=\"width: 296.861%;\">0,5-2 Zoll<\/td>\n<\/tr>\n<tr>\n<td style=\"width: 41.704%;\">H\u00e4fen<\/td>\n<td style=\"width: 296.861%;\">G\/SAE\/NPT\/M<\/td>\n<\/tr>\n<\/tbody>\n<\/table>\n<h2>Einzigartige Vorteile<\/h2>\n<p>Der 4-stufige Hydraulikzylinder f\u00fcr 20-Tonnen-Muldenkipper von FMP zeichnet sich durch seine Energieeffizienz, hohe Leistung und Sicherheitsmerkmale aus. Er eignet sich f\u00fcr ein breites Anwendungsspektrum, darunter Maschinenreparaturwerkst\u00e4tten, landwirtschaftliche Betriebe, Energie- und Bergbau, Maschinenbau und Fabriken.<\/p>\n<p><img loading=\"lazy\" decoding=\"async\" class=\"alignnone  wp-image-6661\" src=\"https:\/\/fmp-components.com\/wp-content\/uploads\/2025\/03\/telescopic-hydraulic-cylinder-10.webp\" alt=\"Teleskop-Hydraulikzylinder\" width=\"808\" height=\"808\" title=\"\" srcset=\"https:\/\/fmp-components.com\/wp-content\/uploads\/2025\/03\/telescopic-hydraulic-cylinder-10.webp 808w, https:\/\/fmp-components.com\/wp-content\/uploads\/2025\/03\/telescopic-hydraulic-cylinder-10-480x480.webp 480w\" sizes=\"(min-width: 0px) and (max-width: 480px) 480px, (min-width: 481px) 808px, 100vw\" \/><\/p>\n<h2>Hydrauliksystem und Funktionsprinzip<\/h2>\n<p>Der Hydraulikzylinder ist integraler Bestandteil des Hydrauliksystems. Er wandelt hydraulische Energie in mechanische Bewegung und Druck in Kraft um. Das Aggregat hingegen dient als Herzst\u00fcck des Systems und liefert die notwendige Energie und Steuersignale.<\/p>\n<h2>Anwendungsszenarien<\/h2>\n<p>Die Hydraulikzylinder von FMP werden aufgrund ihrer hohen Zuverl\u00e4ssigkeit und \u00fcberlegenen Leistung in verschiedenen Industriebereichen eingesetzt. Sie sind ein wesentlicher Bestandteil des Betriebs von Muldenkippern, Erdbewegungsmaschinen, landwirtschaftlichen Ger\u00e4ten und vielem mehr.<\/p>\n<h2>Hydraulikzylinder und Antriebseinheiten<\/h2>\n<p>Hydraulikzylinder und -aggregate sind ein unverzichtbarer Bestandteil hydraulischer Systeme. Ihr koordinierter Betrieb gew\u00e4hrleistet die breite Anwendung der Hydrauliktechnologie im industriellen Bereich und bietet zuverl\u00e4ssige Antriebs- und Steuerungsunterst\u00fctzung f\u00fcr verschiedene technische und mechanische Ger\u00e4te. FMP bietet auch Aggregate zum Verkauf an.<\/p>\n<h2>FAQs<\/h2>\n<dl>\n<dt>F: Sind Sie ein Handelsunternehmen oder Hersteller?<\/dt>\n<dd>A: Wir sind eine Fabrik.<\/dd>\n<dt>F: Wie lange ist Ihre Lieferzeit?<\/dt>\n<dd>A: Im Allgemeinen sind es 25\u201335 Tage.<\/dd>\n<dt>F: Stellen Sie Muster zur Verf\u00fcgung? Ist es kostenlos oder extra?<\/dt>\n<dd>A: Ja, wir k\u00f6nnten die Probe anbieten, aber sie ist nicht kostenlos.<\/dd>\n<\/dl>\n<h3>\u00dcber FMP<\/h3>\n<p class=\"break-words\">FMP ist ein f\u00fchrender italienischer Hersteller, der sich auf die Konstruktion, Entwicklung und Produktion hochwertiger Hydraulikzylinder spezialisiert hat. Mit unserer langj\u00e4hrigen Erfahrung verbinden wir italienische Handwerkskunst mit modernster Technologie, um au\u00dfergew\u00f6hnliche Hydraulikl\u00f6sungen zu liefern, die auf die vielf\u00e4ltigen Bed\u00fcrfnisse unserer weltweiten Kundschaft zugeschnitten sind. Mit Sitz in Italien, einem Zentrum der Ingenieurskunst, gilt FMP als vertrauensw\u00fcrdiger Name in der Hydraulikbranche und hat sich der Bereitstellung zuverl\u00e4ssiger, langlebiger und innovativer Produkte verschrieben, die Unternehmen weltweit unterst\u00fctzen.<\/p>\n<p class=\"break-words\">Unser Unternehmen verbindet die besten Fertigungstraditionen mit einem zukunftsorientierten Ansatz. Dank langj\u00e4hriger Erfahrung im Bereich Hydrauliksysteme hat sich FMP zu einem modernen Unternehmen entwickelt, das sich durch herausragende Leistungen in Forschung, Design und Produktion auszeichnet. Wir sind spezialisiert auf ein breites Spektrum an Hydraulikzylindern, darunter doppeltwirkende Zylinder, Automobil-Hubzylinder, Landmaschinenzylinder und ma\u00dfgeschneiderte L\u00f6sungen f\u00fcr verschiedene Industrieanwendungen. Ob f\u00fcr Bauwesen, Industrieanlagen, Landwirtschaft oder Schwermaschinen \u2013 unsere Hydraulikzylinder sind f\u00fcr h\u00e4rteste Bedingungen ausgelegt und gew\u00e4hrleisten Sicherheit, Effizienz und Langlebigkeit.<\/p>\n<p><img loading=\"lazy\" decoding=\"async\" class=\"alignnone size-full wp-image-6720\" src=\"https:\/\/fmp-components.com\/wp-content\/uploads\/2025\/03\/hydraulic-cylinder-8.webp\" alt=\"Teleskop-Hydraulikzylinder\" width=\"933\" height=\"526\" title=\"\" srcset=\"https:\/\/fmp-components.com\/wp-content\/uploads\/2025\/03\/hydraulic-cylinder-8.webp 933w, https:\/\/fmp-components.com\/wp-content\/uploads\/2025\/03\/hydraulic-cylinder-8-480x271.webp 480w\" sizes=\"(min-width: 0px) and (max-width: 480px) 480px, (min-width: 481px) 933px, 100vw\" \/><\/p>\n<p class=\"break-words\">Bei FMP sind wir stolz auf unsere hochmodernen Produktionsanlagen, die mit Pr\u00e4zisionsmaschinen und fortschrittlichen Pr\u00fcfsystemen ausgestattet sind. Unsere Fertigungsprozesse entsprechen strengen nationalen und internationalen Standards und gew\u00e4hrleisten, dass jeder Hydraulikzylinder, der unser Werk verl\u00e4sst, von h\u00f6chster Qualit\u00e4t und Zuverl\u00e4ssigkeit ist. Unser qualifiziertes technisches Team und modernste Ausr\u00fcstung erm\u00f6glichen uns eine strenge Qualit\u00e4tskontrolle in jeder Produktionsphase \u2013 von der Rohstoffauswahl bis zur Endkontrolle. Dieses Streben nach Exzellenz hat uns Zertifizierungen und Anerkennungen von Branchenbeh\u00f6rden eingebracht und unseren Ruf als zuverl\u00e4ssiger Partner weiter gefestigt.<\/p>\n<p class=\"break-words\">Unsere Mission ist einfach und doch ehrgeizig: Wir m\u00f6chten unseren Kunden Hydraulikzylinder liefern, die ihre Erwartungen in puncto Leistung, Langlebigkeit und Wert \u00fcbertreffen. Professionalit\u00e4t, Integrit\u00e4t und Kundenorientierung sind unsere Leitprinzipien. Durch Innovation und Pr\u00e4zision entwickeln wir unsere Produkte kontinuierlich weiter, um im Wettbewerb die Nase vorn zu behalten. Unser umfassendes Produktsortiment und unsere F\u00e4higkeit, ma\u00dfgeschneiderte L\u00f6sungen anzubieten, machen uns zur ersten Wahl f\u00fcr Unternehmen, die leistungsstarke Hydraulikzylinder suchen.<\/p>\n<p class=\"break-words\">FMP ist mehr als nur ein Hersteller \u2013 wir sind Ihr Partner f\u00fcr Ihren Erfolg. Wir wissen, dass unsere Kunden auf uns vertrauen, wenn es um Werkzeuge geht, die ihre Produktivit\u00e4t und Sicherheit steigern. Deshalb bieten wir nicht nur erstklassige Produkte, sondern auch hervorragenden Service. Von der ersten Beratung bis zum After-Sales-Support arbeiten wir eng mit unseren Kunden zusammen, um sicherzustellen, dass ihre Bed\u00fcrfnisse professionell und sorgf\u00e4ltig erf\u00fcllt werden. Unsere wettbewerbsf\u00e4higen Preise und unser unerm\u00fcdliches Engagement f\u00fcr Qualit\u00e4t machen FMP zur intelligenten Wahl f\u00fcr Unternehmen, die in zuverl\u00e4ssige Hydraulikl\u00f6sungen investieren m\u00f6chten.<\/p>","protected":false},"excerpt":{"rendered":"<p>Professional Craftsmanship 20 Ton Dump Truck 4 Stage Hydraulic Cylinder FMP&#8217;s 20 Ton Dump Truck 4 Stage hydraulic cylinder is a testament to professional craftsmanship. This product, mainly used in machinery repair shops, farms, energy &amp; mining, machinery manufacturing, and factories, is designed with high-grade steel and powered by hydraulic technology. The multistage hydraulic cylinder [&hellip;]<\/p>","protected":false},"featured_media":6795,"comment_status":"closed","ping_status":"closed","template":"","meta":{"_et_pb_use_builder":"","_et_pb_old_content":"","_et_gb_content_width":""},"product_brand":[],"product_cat":[103],"product_tag":[34,105],"class_list":{"0":"post-6534","1":"product","2":"type-product","3":"status-publish","4":"has-post-thumbnail","6":"product_cat-telescopic-hydraulic-cylinders","7":"product_tag-hydraulic-cylinder","8":"product_tag-telescopic-hydraulic-cylinders","10":"first","11":"instock","12":"product-type-simple"},"_links":{"self":[{"href":"https:\/\/fmp-components.com\/de\/wp-json\/wp\/v2\/product\/6534","targetHints":{"allow":["GET"]}}],"collection":[{"href":"https:\/\/fmp-components.com\/de\/wp-json\/wp\/v2\/product"}],"about":[{"href":"https:\/\/fmp-components.com\/de\/wp-json\/wp\/v2\/types\/product"}],"replies":[{"embeddable":true,"href":"https:\/\/fmp-components.com\/de\/wp-json\/wp\/v2\/comments?post=6534"}],"wp:featuredmedia":[{"embeddable":true,"href":"https:\/\/fmp-components.com\/de\/wp-json\/wp\/v2\/media\/6795"}],"wp:attachment":[{"href":"https:\/\/fmp-components.com\/de\/wp-json\/wp\/v2\/media?parent=6534"}],"wp:term":[{"taxonomy":"product_brand","embeddable":true,"href":"https:\/\/fmp-components.com\/de\/wp-json\/wp\/v2\/product_brand?post=6534"},{"taxonomy":"product_cat","embeddable":true,"href":"https:\/\/fmp-components.com\/de\/wp-json\/wp\/v2\/product_cat?post=6534"},{"taxonomy":"product_tag","embeddable":true,"href":"https:\/\/fmp-components.com\/de\/wp-json\/wp\/v2\/product_tag?post=6534"}],"curies":[{"name":"wp","href":"https:\/\/api.w.org\/{rel}","templated":true}]}}